{"id":29755,"date":"2022-01-19T15:36:25","date_gmt":"2022-01-19T14:36:25","guid":{"rendered":"https:\/\/www.redacteur.com\/blog\/?page_id=29755"},"modified":"2022-01-19T15:36:25","modified_gmt":"2022-01-19T14:36:25","slug":"cluster-thematique","status":"publish","type":"page","link":"https:\/\/www.redacteur.com\/blog\/definition\/cluster-thematique\/","title":{"rendered":"Cluster th\u00e9matique"},"content":{"rendered":"<p>Rassurez-vous, on ne va pas vous parler de pand\u00e9mie&nbsp;! Non, non, c\u2019est bien de SEO dont il s\u2019agit&nbsp;!<\/p>\n<p>Vous savez d\u00e9j\u00e0 \u00e0 quel point le <a href=\"https:\/\/www.redacteur.com\/blog\/definition\/seo\/\">SEO<\/a> est important pour votre visibilit\u00e9 sur Internet. Vous ma\u00eetrisez d\u00e9j\u00e0 les m\u00e9thodes de r\u00e9f\u00e9rencement types cocon s\u00e9mantique ou siloing. Mais, connaissez-vous le <strong>cluster th\u00e9matique<\/strong>\u00a0?<\/p>\n<p>Si ce n\u2019est pas le cas, nous vous invitons tr\u00e8s vite \u00e0 d\u00e9couvrir tous ses avantages pour votre strat\u00e9gie SEO\u00a0!<\/p>\n<p>&nbsp;<\/p>\n<h2>Qu\u2019est-ce qu\u2019un cluster th\u00e9matique&nbsp;? D\u00e9finition<\/h2>\n<p>Il est loin le temps o\u00f9 il suffisait de parsemer ses contenus de mots-cl\u00e9s pour \u00eatre r\u00e9f\u00e9renc\u00e9. Aujourd\u2019hui, <strong>Google veut de la qualit\u00e9<\/strong> et surtout que vos <strong>contenus soient structur\u00e9s<\/strong> et apportent une <strong>exp\u00e9rience utilisateurs optimale<\/strong>. D\u2019ailleurs, si vous ne r\u00e9pondez pas efficacement aux <strong>requ\u00eates des internautes<\/strong>, vous serez sanctionn\u00e9 par une belle chute de votre classement dans les moteurs de recherche&nbsp;!<\/p>\n<p>D\u2019o\u00f9 l\u2019int\u00e9r\u00eat de mettre en place une <strong>strat\u00e9gie d\u2019optimisation<\/strong> bas\u00e9e sur le <strong>cluster th\u00e9matique<\/strong> ou \u00ab\u00a0<strong><em>cluster topic<\/em><\/strong><em>\u00a0<\/em>\u00bb en anglais.<\/p>\n<p>En effet, le cluster th\u00e9matique repose sur deux grands principes\u00a0:<\/p>\n<ul>\n<li>R\u00e9pondre aux <a href=\"https:\/\/www.redacteur.com\/blog\/recherche-vocale-et-seo\/\"><strong>requ\u00eates vocales<\/strong><\/a><\/li>\n<li>Cr\u00e9er du contenu de qualit\u00e9 r\u00e9pondant \u00e0 une <a href=\"https:\/\/www.redacteur.com\/blog\/seo-comment-utiliser-les-intentions-de-recherche-pour-votre-entreprise%e2%80%89\/\"><strong>intention de recherche<\/strong><\/a>. La pertinence du sujet devient ainsi prioritaire sur les mots-cl\u00e9s<\/li>\n<\/ul>\n<p><img decoding=\"async\" class=\"aligncenter size-full wp-image-25489\" src=\"https:\/\/www.redacteur.com\/blog\/wp-content\/uploads\/2021\/03\/conception-web-ligne_53876-95309-1.jpg\" alt=\"\" width=\"626\" height=\"417\" srcset=\"https:\/\/www.redacteur.com\/blog\/wp-content\/uploads\/sites\/6\/2021\/03\/conception-web-ligne_53876-95309-1.jpg 626w, https:\/\/www.redacteur.com\/blog\/wp-content\/uploads\/sites\/6\/2021\/03\/conception-web-ligne_53876-95309-1-300x200.jpg 300w, https:\/\/www.redacteur.com\/blog\/wp-content\/uploads\/sites\/6\/2021\/03\/conception-web-ligne_53876-95309-1-60x40.jpg 60w, https:\/\/www.redacteur.com\/blog\/wp-content\/uploads\/sites\/6\/2021\/03\/conception-web-ligne_53876-95309-1-370x246.jpg 370w, https:\/\/www.redacteur.com\/blog\/wp-content\/uploads\/sites\/6\/2021\/03\/conception-web-ligne_53876-95309-1-270x180.jpg 270w, https:\/\/www.redacteur.com\/blog\/wp-content\/uploads\/sites\/6\/2021\/03\/conception-web-ligne_53876-95309-1-570x380.jpg 570w\" sizes=\"(max-width: 626px) 100vw, 626px\" \/><\/p>\n<p>Cette strat\u00e9gie va permettre aux r\u00e9dacteurs web d\u2019<strong>optimiser la cr\u00e9ation de contenu<\/strong>.<\/p>\n<p>Au lieu d\u2019avoir X articles de blog sur un m\u00eame sujet, qui finissent immanquablement par se faire concurrence, lasser le lecteur et donner la naus\u00e9e aux bots, vous allez <strong>classer vos contenus r\u00e9dactionnels autour d\u2019un th\u00e8me central<\/strong>.<\/p>\n<p>Vous allez aussi vite vous apercevoir que vous avez r\u00e9dig\u00e9 beaucoup d\u2019articles inutiles. Votre blog sera alors <strong>mieux structur\u00e9<\/strong> et il sera surtout plus en ad\u00e9quation avec les <strong>attentes des internautes<\/strong>.<\/p>\n<p>&nbsp;<\/p>\n<h2>Comment cr\u00e9er un cluster th\u00e9matique&nbsp;?<\/h2>\n<p>Le <strong><em>cluster topics<\/em><\/strong> va repenser l\u2019organisation de votre <strong>blog par th\u00e8mes <\/strong>et non plus par sujets.<\/p>\n<ul>\n<li>Commencez par <strong>identifier plusieurs th\u00e9matiques<\/strong> r\u00e9pondant aux <strong>requ\u00eates des internautes<\/strong>. Associez chaque th\u00e8me \u00e0 une page unique, appel\u00e9 <a href=\"https:\/\/www.redacteur.com\/blog\/pillar-page-topic-cluster-seo\/\"><strong>page pilier<\/strong><\/a><\/li>\n<li>Ensuite, cherchez des <strong>sujets d\u2019articles pour chaque th\u00e8me<\/strong><\/li>\n<li><strong>Maillez<\/strong> tous vos articles associ\u00e9s \u00e0 leur page pilier<\/li>\n<\/ul>\n<p>&nbsp;<\/p>\n<h3>Trouver le bon th\u00e8me<\/h3>\n<p>Commencez par <strong>s\u00e9lectionner les bons mots-cl\u00e9s<\/strong>. Leur volume de recherche mensuelle doit \u00eatre important. Vous pouvez utiliser des outils de planification comme Google Keyword Planner. Restez concentr\u00e9 sur les mots-cl\u00e9s de moyenne tra\u00eene, les mots-cl\u00e9s de longue tra\u00eene \u00e9tant destin\u00e9s \u00e0 vos clusters.<\/p>\n<p>Identifiez vos <strong>pages les plus performants<\/strong> (avec Google Analytics par exemple) et transformez-les en pages piliers.<\/p>\n<blockquote><p>Le \u00ab bon \u00bb th\u00e8me pour votre page pilier doit r\u00e9pondre \u00e0 deux questions&nbsp;: peut-il r\u00e9pondre \u00e0 plusieurs requ\u00eates sur un sujet donn\u00e9 tout en restant pertinent&nbsp;? Pourrez-vous r\u00e9diger entre 20 et 30 articles sur le sujet&nbsp;?<\/p><\/blockquote>\n<p>&nbsp;<\/p>\n<h3>La construction de votre page pilier<\/h3>\n<p>Consid\u00e9rez-l\u00e0 comme le <strong>socle de votre strat\u00e9gie \u00e9ditoriale<\/strong>\u00a0! Votre page pilier va centraliser toutes les informations li\u00e9es \u00e0 votre th\u00e8me.<\/p>\n<p>S\u00e9lectionnez les <strong>articles de blog<\/strong> qui ont le plus de <strong>conversion<\/strong>, ils deviendront votre <strong>cluster<\/strong>.<\/p>\n<p>D\u00e9terminez et r\u00e9digez chaque <strong>section de votre page pilier.<\/strong> Puisqu&#8217;elle regroupe les informations sur votre sujet, son contenu sera donc cons\u00e9quent (au-del\u00e0 de 2000 mots) et se divise en sections de 250 mots environ. Selon le nombre d\u2019articles associ\u00e9s, elle peut \u00eatre tr\u00e8s longue et atteindre les 8 000 mots.<\/p>\n<p>Chaque section est une <strong>synth\u00e8se de vos articles<\/strong> et <strong>incluant un lien<\/strong> vers chaque article associ\u00e9. Pr\u00e9voyez un <strong>sommaire<\/strong> \u00e0 votre page centrale avec des ancres pour chaque section\u00a0!<\/p>\n<p>&nbsp;<\/p>\n<h3>Le contenu de votre cluster<\/h3>\n<p>Vos <strong>articles associ\u00e9s<\/strong> doivent quant \u00e0 eux contenir \u00e9galement un <strong>lien hypertexte<\/strong> vers leur page pilier. Ainsi, les moteurs de recherche comprennent imm\u00e9diatement que vos articles font partie d\u2019un m\u00eame ensemble.<\/p>\n<p>L\u2019autre avantage est que les internautes vont pouvoir \u00e9tayer leurs connaissances sur le th\u00e8me de votre cluster.<\/p>\n<p><strong><a href=\"https:\/\/www.redacteur.com\/\">Faites appel \u00e0 des r\u00e9dacteurs web professionnels<\/a> pour r\u00e9diger des articles associ\u00e9s optimis\u00e9s pour le SEO&nbsp;!<\/strong><\/p>\n<p>&nbsp;<\/p>\n<h3>Adaptez votre SEO \u00e0 son cluster<\/h3>\n<p>N\u2019oubliez pas que votre <strong>marketing de contenu<\/strong> n\u2019est plus ax\u00e9 sur un mot-cl\u00e9, mais sur un th\u00e8me. Votre contenu doit bien \u00e9videmment \u00eatre ax\u00e9 SEO, mais ici chaque <strong>mot-cl\u00e9 de longue tra\u00eene<\/strong> est en <strong>lien avec son th\u00e8me<\/strong>. Votre recherche de mots-cl\u00e9s va donc \u00eatre diff\u00e9rente et surtout bien plus pertinente\u00a0!<\/p>\n<p>Voici une infographie \u00e9dit\u00e9e par <a href=\"https:\/\/blog.hubspot.fr\/marketing\/page-pilier-strategie-seo\" target=\"_blank\" rel=\"noopener\">HubSpot<\/a> qui illustre parfaitement l\u2019agencement d\u2019un cluster th\u00e9matique\u00a0:<\/p>\n<p><img decoding=\"async\" class=\"aligncenter size-full wp-image-25485\" src=\"https:\/\/www.redacteur.com\/blog\/wp-content\/uploads\/2021\/03\/hubspot.jpg\" alt=\"\" width=\"700\" height=\"442\" srcset=\"https:\/\/www.redacteur.com\/blog\/wp-content\/uploads\/sites\/6\/2021\/03\/hubspot.jpg 700w, https:\/\/www.redacteur.com\/blog\/wp-content\/uploads\/sites\/6\/2021\/03\/hubspot-300x189.jpg 300w, https:\/\/www.redacteur.com\/blog\/wp-content\/uploads\/sites\/6\/2021\/03\/hubspot-60x38.jpg 60w, https:\/\/www.redacteur.com\/blog\/wp-content\/uploads\/sites\/6\/2021\/03\/hubspot-370x234.jpg 370w, https:\/\/www.redacteur.com\/blog\/wp-content\/uploads\/sites\/6\/2021\/03\/hubspot-270x170.jpg 270w, https:\/\/www.redacteur.com\/blog\/wp-content\/uploads\/sites\/6\/2021\/03\/hubspot-570x360.jpg 570w\" sizes=\"(max-width: 700px) 100vw, 700px\" \/><\/p>\n<p>&nbsp;<\/p>\n<h2>Conclusion<\/h2>\n<p>Vous voici pr\u00eat \u00e0 optimiser votre site web pour les moteurs de recherche, tout en augmentant votre <strong>exp\u00e9rience utilisateur<\/strong>\u00a0! Toutefois, la cr\u00e9ation de contenus de qualit\u00e9 demande du temps et de l\u2019expertise.<\/p>\n<p>Pensez \u00e0 <strong>externaliser sa r\u00e9daction<\/strong> avec l\u2019aide d\u2019un <a href=\"https:\/\/www.redacteur.com\/?source=logo-blog\">r\u00e9dacteur web exp\u00e9riment\u00e9 en SEO<\/a> sur Redacteur.com&nbsp;!<\/p>\n","protected":false},"excerpt":{"rendered":"<p>Rassurez-vous, on ne va pas vous parler de pand\u00e9mie&nbsp;! Non, non, c\u2019est bien de SEO dont il s\u2019agit&nbsp;! Vous savez d\u00e9j\u00e0 \u00e0 quel point le SEO est important pour votre visibilit\u00e9 sur Internet. Vous ma\u00eetrisez d\u00e9j\u00e0 les m\u00e9thodes de r\u00e9f\u00e9rencement types cocon s\u00e9mantique ou siloing. Mais, connaissez-vous le cluster th\u00e9matique\u00a0? Si ce n\u2019est pas le [&hellip;]<\/p>\n","protected":false},"author":1,"featured_media":0,"parent":29730,"menu_order":0,"comment_status":"closed","ping_status":"closed","template":"","meta":{"_acf_changed":false,"inline_featured_image":false,"footnotes":""},"class_list":["post-29755","page","type-page","status-publish","hentry"],"acf":[],"yoast_head":"<!-- This site is optimized with the Yoast SEO plugin v25.9 - https:\/\/yoast.com\/wordpress\/plugins\/seo\/ -->\n<title>Qu\u2019est-ce qu\u2019un cluster th\u00e9matique ? D\u00e9finition - Redacteur.com<\/title>\n<meta name=\"description\" content=\"Rassurez-vous, on ne va pas vous parler de pand\u00e9mie ! Non, non, c\u2019est bien de SEO dont il s\u2019agit ! Vous savez d\u00e9j\u00e0 \u00e0 quel point le SEO est important pour\" \/>\n<meta name=\"robots\" content=\"index, follow, max-snippet:-1, max-image-preview:large, max-video-preview:-1\" \/>\n<link rel=\"canonical\" href=\"https:\/\/www.redacteur.com\/blog\/definition\/cluster-thematique\/\" \/>\n<meta property=\"og:locale\" content=\"fr_FR\" \/>\n<meta property=\"og:type\" content=\"article\" \/>\n<meta property=\"og:title\" content=\"Qu\u2019est-ce qu\u2019un cluster th\u00e9matique ? D\u00e9finition - Redacteur.com\" \/>\n<meta property=\"og:description\" content=\"Rassurez-vous, on ne va pas vous parler de pand\u00e9mie ! Non, non, c\u2019est bien de SEO dont il s\u2019agit ! Vous savez d\u00e9j\u00e0 \u00e0 quel point le SEO est important pour\" \/>\n<meta property=\"og:url\" content=\"https:\/\/www.redacteur.com\/blog\/definition\/cluster-thematique\/\" \/>\n<meta property=\"og:site_name\" content=\"Redacteur.com\" \/>\n<meta property=\"article:publisher\" content=\"https:\/\/www.facebook.com\/redacteurcom\" \/>\n<meta property=\"og:image\" content=\"https:\/\/www.redacteur.com\/blog\/wp-content\/uploads\/2021\/03\/conception-web-ligne_53876-95309-1.jpg\" \/>\n<meta name=\"twitter:card\" content=\"summary_large_image\" \/>\n<meta name=\"twitter:site\" content=\"@Redacteurcom\" \/>\n<meta name=\"twitter:label1\" content=\"Dur\u00e9e de lecture estim\u00e9e\" \/>\n\t<meta name=\"twitter:data1\" content=\"5 minutes\" \/>\n<script type=\"application\/ld+json\" class=\"yoast-schema-graph\">{\"@context\":\"https:\/\/schema.org\",\"@graph\":[{\"@type\":\"WebPage\",\"@id\":\"https:\/\/www.redacteur.com\/blog\/definition\/cluster-thematique\/\",\"url\":\"https:\/\/www.redacteur.com\/blog\/definition\/cluster-thematique\/\",\"name\":\"Qu\u2019est-ce qu\u2019un cluster th\u00e9matique ? D\u00e9finition - Redacteur.com\",\"isPartOf\":{\"@id\":\"https:\/\/www.redacteur.com\/blog\/#website\"},\"primaryImageOfPage\":{\"@id\":\"https:\/\/www.redacteur.com\/blog\/definition\/cluster-thematique\/#primaryimage\"},\"image\":{\"@id\":\"https:\/\/www.redacteur.com\/blog\/definition\/cluster-thematique\/#primaryimage\"},\"thumbnailUrl\":\"https:\/\/www.redacteur.com\/blog\/wp-content\/uploads\/2021\/03\/conception-web-ligne_53876-95309-1.jpg\",\"datePublished\":\"2022-01-19T14:36:25+00:00\",\"description\":\"Rassurez-vous, on ne va pas vous parler de pand\u00e9mie ! Non, non, c\u2019est bien de SEO dont il s\u2019agit ! Vous savez d\u00e9j\u00e0 \u00e0 quel point le SEO est important pour\",\"breadcrumb\":{\"@id\":\"https:\/\/www.redacteur.com\/blog\/definition\/cluster-thematique\/#breadcrumb\"},\"inLanguage\":\"fr-FR\",\"potentialAction\":[{\"@type\":\"ReadAction\",\"target\":[\"https:\/\/www.redacteur.com\/blog\/definition\/cluster-thematique\/\"]}]},{\"@type\":\"ImageObject\",\"inLanguage\":\"fr-FR\",\"@id\":\"https:\/\/www.redacteur.com\/blog\/definition\/cluster-thematique\/#primaryimage\",\"url\":\"https:\/\/www.redacteur.com\/blog\/wp-content\/uploads\/sites\/6\/2021\/03\/conception-web-ligne_53876-95309-1.jpg\",\"contentUrl\":\"https:\/\/www.redacteur.com\/blog\/wp-content\/uploads\/sites\/6\/2021\/03\/conception-web-ligne_53876-95309-1.jpg\",\"width\":626,\"height\":417},{\"@type\":\"BreadcrumbList\",\"@id\":\"https:\/\/www.redacteur.com\/blog\/definition\/cluster-thematique\/#breadcrumb\",\"itemListElement\":[{\"@type\":\"ListItem\",\"position\":1,\"name\":\"Blog\",\"item\":\"https:\/\/www.redacteur.com\/blog\/\"},{\"@type\":\"ListItem\",\"position\":2,\"name\":\"Lexique SEO\",\"item\":\"https:\/\/www.redacteur.com\/blog\/definition\/\"},{\"@type\":\"ListItem\",\"position\":3,\"name\":\"Cluster th\u00e9matique\"}]},{\"@type\":\"WebSite\",\"@id\":\"https:\/\/www.redacteur.com\/blog\/#website\",\"url\":\"https:\/\/www.redacteur.com\/blog\/\",\"name\":\"Redacteur.com\",\"description\":\"redacteur\",\"publisher\":{\"@id\":\"https:\/\/www.redacteur.com\/blog\/#organization\"},\"potentialAction\":[{\"@type\":\"SearchAction\",\"target\":{\"@type\":\"EntryPoint\",\"urlTemplate\":\"https:\/\/www.redacteur.com\/blog\/?s={search_term_string}\"},\"query-input\":{\"@type\":\"PropertyValueSpecification\",\"valueRequired\":true,\"valueName\":\"search_term_string\"}}],\"inLanguage\":\"fr-FR\"},{\"@type\":\"Organization\",\"@id\":\"https:\/\/www.redacteur.com\/blog\/#organization\",\"name\":\"Redacteur.com\",\"url\":\"https:\/\/www.redacteur.com\/blog\/\",\"logo\":{\"@type\":\"ImageObject\",\"inLanguage\":\"fr-FR\",\"@id\":\"https:\/\/www.redacteur.com\/blog\/#\/schema\/logo\/image\/\",\"url\":\"https:\/\/www.redacteur.com\/blog\/wp-content\/uploads\/sites\/6\/2022\/10\/logo-redacteur-blog.svg\",\"contentUrl\":\"https:\/\/www.redacteur.com\/blog\/wp-content\/uploads\/sites\/6\/2022\/10\/logo-redacteur-blog.svg\",\"width\":1,\"height\":1,\"caption\":\"Redacteur.com\"},\"image\":{\"@id\":\"https:\/\/www.redacteur.com\/blog\/#\/schema\/logo\/image\/\"},\"sameAs\":[\"https:\/\/www.facebook.com\/redacteurcom\",\"https:\/\/x.com\/Redacteurcom\",\"https:\/\/www.linkedin.com\/company\/redacteur-com\",\"https:\/\/www.youtube.com\/channel\/UCgj9ySM9xy3gdL8qBafl9Uw\/\"]}]}<\/script>\n<!-- \/ Yoast SEO plugin. -->","yoast_head_json":{"title":"Qu\u2019est-ce qu\u2019un cluster th\u00e9matique ? D\u00e9finition - Redacteur.com","description":"Rassurez-vous, on ne va pas vous parler de pand\u00e9mie ! Non, non, c\u2019est bien de SEO dont il s\u2019agit ! Vous savez d\u00e9j\u00e0 \u00e0 quel point le SEO est important pour","robots":{"index":"index","follow":"follow","max-snippet":"max-snippet:-1","max-image-preview":"max-image-preview:large","max-video-preview":"max-video-preview:-1"},"canonical":"https:\/\/www.redacteur.com\/blog\/definition\/cluster-thematique\/","og_locale":"fr_FR","og_type":"article","og_title":"Qu\u2019est-ce qu\u2019un cluster th\u00e9matique ? D\u00e9finition - Redacteur.com","og_description":"Rassurez-vous, on ne va pas vous parler de pand\u00e9mie ! Non, non, c\u2019est bien de SEO dont il s\u2019agit ! Vous savez d\u00e9j\u00e0 \u00e0 quel point le SEO est important pour","og_url":"https:\/\/www.redacteur.com\/blog\/definition\/cluster-thematique\/","og_site_name":"Redacteur.com","article_publisher":"https:\/\/www.facebook.com\/redacteurcom","og_image":[{"url":"https:\/\/www.redacteur.com\/blog\/wp-content\/uploads\/2021\/03\/conception-web-ligne_53876-95309-1.jpg","type":"","width":"","height":""}],"twitter_card":"summary_large_image","twitter_site":"@Redacteurcom","twitter_misc":{"Dur\u00e9e de lecture estim\u00e9e":"5 minutes"},"schema":{"@context":"https:\/\/schema.org","@graph":[{"@type":"WebPage","@id":"https:\/\/www.redacteur.com\/blog\/definition\/cluster-thematique\/","url":"https:\/\/www.redacteur.com\/blog\/definition\/cluster-thematique\/","name":"Qu\u2019est-ce qu\u2019un cluster th\u00e9matique ? D\u00e9finition - Redacteur.com","isPartOf":{"@id":"https:\/\/www.redacteur.com\/blog\/#website"},"primaryImageOfPage":{"@id":"https:\/\/www.redacteur.com\/blog\/definition\/cluster-thematique\/#primaryimage"},"image":{"@id":"https:\/\/www.redacteur.com\/blog\/definition\/cluster-thematique\/#primaryimage"},"thumbnailUrl":"https:\/\/www.redacteur.com\/blog\/wp-content\/uploads\/2021\/03\/conception-web-ligne_53876-95309-1.jpg","datePublished":"2022-01-19T14:36:25+00:00","description":"Rassurez-vous, on ne va pas vous parler de pand\u00e9mie ! Non, non, c\u2019est bien de SEO dont il s\u2019agit ! Vous savez d\u00e9j\u00e0 \u00e0 quel point le SEO est important pour","breadcrumb":{"@id":"https:\/\/www.redacteur.com\/blog\/definition\/cluster-thematique\/#breadcrumb"},"inLanguage":"fr-FR","potentialAction":[{"@type":"ReadAction","target":["https:\/\/www.redacteur.com\/blog\/definition\/cluster-thematique\/"]}]},{"@type":"ImageObject","inLanguage":"fr-FR","@id":"https:\/\/www.redacteur.com\/blog\/definition\/cluster-thematique\/#primaryimage","url":"https:\/\/www.redacteur.com\/blog\/wp-content\/uploads\/sites\/6\/2021\/03\/conception-web-ligne_53876-95309-1.jpg","contentUrl":"https:\/\/www.redacteur.com\/blog\/wp-content\/uploads\/sites\/6\/2021\/03\/conception-web-ligne_53876-95309-1.jpg","width":626,"height":417},{"@type":"BreadcrumbList","@id":"https:\/\/www.redacteur.com\/blog\/definition\/cluster-thematique\/#breadcrumb","itemListElement":[{"@type":"ListItem","position":1,"name":"Blog","item":"https:\/\/www.redacteur.com\/blog\/"},{"@type":"ListItem","position":2,"name":"Lexique SEO","item":"https:\/\/www.redacteur.com\/blog\/definition\/"},{"@type":"ListItem","position":3,"name":"Cluster th\u00e9matique"}]},{"@type":"WebSite","@id":"https:\/\/www.redacteur.com\/blog\/#website","url":"https:\/\/www.redacteur.com\/blog\/","name":"Redacteur.com","description":"redacteur","publisher":{"@id":"https:\/\/www.redacteur.com\/blog\/#organization"},"potentialAction":[{"@type":"SearchAction","target":{"@type":"EntryPoint","urlTemplate":"https:\/\/www.redacteur.com\/blog\/?s={search_term_string}"},"query-input":{"@type":"PropertyValueSpecification","valueRequired":true,"valueName":"search_term_string"}}],"inLanguage":"fr-FR"},{"@type":"Organization","@id":"https:\/\/www.redacteur.com\/blog\/#organization","name":"Redacteur.com","url":"https:\/\/www.redacteur.com\/blog\/","logo":{"@type":"ImageObject","inLanguage":"fr-FR","@id":"https:\/\/www.redacteur.com\/blog\/#\/schema\/logo\/image\/","url":"https:\/\/www.redacteur.com\/blog\/wp-content\/uploads\/sites\/6\/2022\/10\/logo-redacteur-blog.svg","contentUrl":"https:\/\/www.redacteur.com\/blog\/wp-content\/uploads\/sites\/6\/2022\/10\/logo-redacteur-blog.svg","width":1,"height":1,"caption":"Redacteur.com"},"image":{"@id":"https:\/\/www.redacteur.com\/blog\/#\/schema\/logo\/image\/"},"sameAs":["https:\/\/www.facebook.com\/redacteurcom","https:\/\/x.com\/Redacteurcom","https:\/\/www.linkedin.com\/company\/redacteur-com","https:\/\/www.youtube.com\/channel\/UCgj9ySM9xy3gdL8qBafl9Uw\/"]}]}},"_links":{"self":[{"href":"https:\/\/www.redacteur.com\/blog\/wp-json\/wp\/v2\/pages\/29755","targetHints":{"allow":["GET"]}}],"collection":[{"href":"https:\/\/www.redacteur.com\/blog\/wp-json\/wp\/v2\/pages"}],"about":[{"href":"https:\/\/www.redacteur.com\/blog\/wp-json\/wp\/v2\/types\/page"}],"author":[{"embeddable":true,"href":"https:\/\/www.redacteur.com\/blog\/wp-json\/wp\/v2\/users\/1"}],"replies":[{"embeddable":true,"href":"https:\/\/www.redacteur.com\/blog\/wp-json\/wp\/v2\/comments?post=29755"}],"version-history":[{"count":0,"href":"https:\/\/www.redacteur.com\/blog\/wp-json\/wp\/v2\/pages\/29755\/revisions"}],"up":[{"embeddable":true,"href":"https:\/\/www.redacteur.com\/blog\/wp-json\/wp\/v2\/pages\/29730"}],"wp:attachment":[{"href":"https:\/\/www.redacteur.com\/blog\/wp-json\/wp\/v2\/media?parent=29755"}],"curies":[{"name":"wp","href":"https:\/\/api.w.org\/{rel}","templated":true}]}}