{"id":29860,"date":"2022-01-26T16:15:37","date_gmt":"2022-01-26T15:15:37","guid":{"rendered":"https:\/\/www.redacteur.com\/blog\/?page_id=29860"},"modified":"2022-01-26T16:15:37","modified_gmt":"2022-01-26T15:15:37","slug":"audit-seo","status":"publish","type":"page","link":"https:\/\/www.redacteur.com\/blog\/definition\/audit-seo\/","title":{"rendered":"Audit SEO"},"content":{"rendered":"<p>Le SEO est aujourd\u2019hui sur toutes les l\u00e8vres des professionnels qui souhaitent entrer dans les bonnes gr\u00e2ces des moteurs de recherche. Cette pratique qui rassemble un ensemble de techniques visant \u00e0 am\u00e9liorer sa position dans les r\u00e9sultats de recherche permet d\u2019obtenir d\u2019excellents r\u00e9sultats lorsqu\u2019elle est bien ma\u00eetris\u00e9e.<\/p>\n<p>\u00c0 tel point que nombre d\u2019entreprises ne prospectent plus, tant elles sont visibles en ligne. Cependant, comment <strong>savoir o\u00f9 en est le r\u00e9f\u00e9rencement d\u2019un site web<\/strong>&nbsp;? C\u2019est tout l\u2019int\u00e9r\u00eat de l\u2019<strong>audit SEO<\/strong>.<\/p>\n<p>&nbsp;<\/p>\n<h2>Qu\u2019est-ce qu\u2019un audit SEO&nbsp;?<\/h2>\n<p>On appelle <strong>Audit SEO<\/strong>, le <strong>diagnostic du <a href=\"https:\/\/www.redacteur.com\/blog\/definition\/referencement-naturel\/\">r\u00e9f\u00e9rencement naturel<\/a> d\u2019un site<\/strong> afin d\u2019en \u00e9valuer le niveau de performance.<\/p>\n<p>Cet audit permet d\u2019<strong>identifier les pistes de progr\u00e8s et les forces techniques d\u2019un site<\/strong>. L\u2019objectif de l\u2019<strong>audit SEO<\/strong> est de mettre en lumi\u00e8re les <strong>\u00e9l\u00e9ments \u00e0 optimiser<\/strong> pour <strong>am\u00e9liorer la visibilit\u00e9 d\u2019un site<\/strong> sur les moteurs de recherche.<\/p>\n<p>Plusieurs facteurs peuvent influencer la performance de votre site web. Certains sont tr\u00e8s visibles, comme votre contenu ou l\u2019exp\u00e9rience utilisateur, et d\u2019autres comme votre code ou l\u2019indexation de vos pages, le sont moins.<\/p>\n<p><strong>L\u2019audit technique SEO<\/strong> vous permet d\u2019identifier tous ces \u00e9l\u00e9ments et de les ajuster lorsqu\u2019ils ne respectent pas les crit\u00e8res de performance, de qualit\u00e9 ou de fiabilit\u00e9 exig\u00e9s par les moteurs de recherche.<\/p>\n<p>En r\u00e9sum\u00e9, l\u2019<strong>audit SEO vous permet d\u2019identifier les forces actuelles de votre site web et surtout, ses axes d\u2019am\u00e9lioration<\/strong>. Cet \u00e9tat des lieux est \u00e9galement primordial afin d\u2019organiser votre <strong>strat\u00e9gie SEO<\/strong> autour des actions prioritaires et \u00e0 fort potentiel.<\/p>\n<p><img decoding=\"async\" class=\"size-full wp-image-29866 aligncenter\" src=\"https:\/\/www.redacteur.com\/blog\/wp-content\/uploads\/2022\/01\/Flat-color-Modern-Isometric-Illustration-design-Seo.jpg\" alt=\"Audit SEO\" width=\"700\" height=\"700\" srcset=\"https:\/\/www.redacteur.com\/blog\/wp-content\/uploads\/sites\/6\/2022\/01\/Flat-color-Modern-Isometric-Illustration-design-Seo.jpg 700w, https:\/\/www.redacteur.com\/blog\/wp-content\/uploads\/sites\/6\/2022\/01\/Flat-color-Modern-Isometric-Illustration-design-Seo-300x300.jpg 300w, https:\/\/www.redacteur.com\/blog\/wp-content\/uploads\/sites\/6\/2022\/01\/Flat-color-Modern-Isometric-Illustration-design-Seo-150x150.jpg 150w, https:\/\/www.redacteur.com\/blog\/wp-content\/uploads\/sites\/6\/2022\/01\/Flat-color-Modern-Isometric-Illustration-design-Seo-60x60.jpg 60w, https:\/\/www.redacteur.com\/blog\/wp-content\/uploads\/sites\/6\/2022\/01\/Flat-color-Modern-Isometric-Illustration-design-Seo-370x370.jpg 370w, https:\/\/www.redacteur.com\/blog\/wp-content\/uploads\/sites\/6\/2022\/01\/Flat-color-Modern-Isometric-Illustration-design-Seo-270x270.jpg 270w, https:\/\/www.redacteur.com\/blog\/wp-content\/uploads\/sites\/6\/2022\/01\/Flat-color-Modern-Isometric-Illustration-design-Seo-570x570.jpg 570w\" sizes=\"(max-width: 700px) 100vw, 700px\" \/><\/p>\n<p>&nbsp;<\/p>\n<h2>Pourquoi r\u00e9aliser un audit SEO&nbsp;?<\/h2>\n<p>L&#8217;<strong>audit SEO<\/strong> joue un r\u00f4le strat\u00e9gique dans le processus de r\u00e9f\u00e9rencement naturel d\u2019un site internet.<\/p>\n<p>Il permet de <strong>faire un diagnostic complet de votre site<\/strong> \u00e0 travers une analyse technique et qualitative. Il permet \u00e9galement d&#8217;identifier les approches pour am\u00e9liorer le positionnement du site.<\/p>\n<p>En r\u00e9alisant un <strong>audit SEO<\/strong>, vous pouvez avoir un<strong> aper\u00e7u global de votre site et de son niveau d\u2019optimisation<\/strong>, aussi bien par page que par mot cl\u00e9 ce qui vous permet de vous positionner par rapport \u00e0 vos concurrents.<\/p>\n<p>Un <strong>audit SEO<\/strong> est \u00e9galement une base solide et concr\u00e8te sur laquelle vous pouvez<strong> baser vos d\u00e9cisions strat\u00e9giques<\/strong> pour la communication digitale future de votre entreprise.<\/p>\n<p>Le suivi du r\u00e9f\u00e9rencement d\u2019un site est essentiel pour \u00eatre bien positionn\u00e9 dans les r\u00e9sultats des <a href=\"https:\/\/www.redacteur.com\/blog\/seo-moteurs-recherche-alternatifs\/\"><strong>moteurs de recherche<\/strong><\/a>. L\u2019audit du site est donc primordial pour am\u00e9liorer le classement, tout en r\u00e9solvant des probl\u00e8mes importants et de simples petits d\u00e9tails.<\/p>\n<p>Globalement un audit vous apporte les avantages suivants&nbsp;:<\/p>\n<ul>\n<li>Une meilleure <strong>indexation<\/strong> du site par les moteurs de recherche,<\/li>\n<li>Un meilleur <strong>positionnement<\/strong> sur les r\u00e9sultats de recherche,<\/li>\n<li>Plus de trafic et une <strong>meilleure exp\u00e9rience<\/strong> pour vos visiteurs,<\/li>\n<li>Un meilleur acheminement de vos <strong>leads<\/strong> vers la prochaine \u00e9tape de votre tunnel de conversion,<\/li>\n<li>Et bien plus encore\u2026<\/li>\n<\/ul>\n<p>&nbsp;<\/p>\n<h2>Quelques \u00e9l\u00e9ments \u00e0 \u00e9tudier lors d&#8217;un audit SEO<\/h2>\n<p>L\u2019audit SEO ne consiste pas forc\u00e9ment \u00e0 d\u00e9tecter des probl\u00e8mes complexes \u00e0 r\u00e9soudre et qui vous prendront du temps. Certains \u00e9l\u00e9ments de l&#8217;audit sont plus simples \u00e0 traiter et peuvent apporter un b\u00e9n\u00e9fice rapide&nbsp;:<\/p>\n<ul>\n<li>Liens internes cass\u00e9s,<\/li>\n<li><a href=\"https:\/\/www.redacteur.com\/blog\/guide-pour-creer-redirection-301\/\">Probl\u00e8mes de redirections<\/a>,<\/li>\n<li><a href=\"https:\/\/www.redacteur.com\/blog\/definition\/duplicate-content\/\">Contenu dupliqu\u00e9<\/a>,<\/li>\n<li>Pages pauvres en contenus qui ne performent pas,<\/li>\n<li>Pages orphelines\u2026<\/li>\n<\/ul>\n<p>Ces \u00e9l\u00e9ments tr\u00e8s faciles \u00e0 r\u00e9gler permettent d\u2019<strong>optimiser de mani\u00e8re rapide et efficace le r\u00e9f\u00e9rencement de votre site web<\/strong> \u00e0 moindre co\u00fbt. L\u2019audit peut donc \u00eatre per\u00e7u comme un bilan global de la sant\u00e9 de votre site internet.<\/p>\n<p>&nbsp;<\/p>\n<h2>Faire un audit SEO&nbsp;: nos conseils<\/h2>\n<p>Pour r\u00e9aliser votre <strong>audit SEO<\/strong>, vous pouvez faire appel \u00e0 une agence sp\u00e9cialis\u00e9e qui vous fournira un compte rendu professionnel et d\u00e9taill\u00e9 de la situation. Celle-ci pourra \u00e9galement vous apporter des solutions et des axes d\u2019am\u00e9lioration \u00e0 mettre en place.<\/p>\n<p>Vous pouvez \u00e9galement choisir de le r\u00e9aliser seul, mais les outils \u00e0 votre disposition seront bien moins performants que les logiciels professionnels dont les licences d\u00e9passent sans probl\u00e8me les milliers d\u2019euros. Si vous souhaitez vous d\u00e9marquer, il est donc vivement conseill\u00e9 de se faire accompagner. De plus, cela vous permet de vous concentrer sur votre c\u0153ur de m\u00e9tier et de gagner du temps.<\/p>\n<p>Pour optimiser l\u2019impact de vos actions, pensez \u00e9galement \u00e0<strong> chiffrer les axes d\u2019am\u00e9lioration<\/strong> en co\u00fbt, en temps et regardez ce que cela peut vous apporter. Vous pourrez ainsi prioriser les actions \u00e0 mettre en place imm\u00e9diatement et <strong>am\u00e9liorer votre r\u00e9f\u00e9rencement<\/strong> plus efficacement.<\/p>\n<p>&nbsp;<\/p>\n<h2>Audit s\u00e9mantique et cr\u00e9ation de contenu SEO<\/h2>\n<p>L&#8217;audit s\u00e9mantique est un audit SEO qui permet de se concentrer sur les mots cl\u00e9s. L&#8217;objectif est de faire l&#8217;\u00e9tat des lieux des mots cl\u00e9s sur lesquels vous \u00eates visibles sur Google ainsi que de lister les mots cl\u00e9s pertinents pour votre site sur lesquels vous devriez vous positionner.<\/p>\n<p>Redacteur.com propose 3 packs cl\u00e9s en main pour r\u00e9aliser un audit s\u00e9mantique de votre site et produire des contenus SEO pour vous permettre de gagner en visibilit\u00e9 sur Google.<\/p>\n<p>Les packs contiennent entre autre&nbsp;:<\/p>\n<ul>\n<li>un <strong>audit s\u00e9mantique<\/strong> pour d\u00e9tecter les meilleures opportunit\u00e9s SEO<\/li>\n<li>l&#8217;<strong>\u00e9laboration des sujets<\/strong> de contenus \u00e0 r\u00e9diger<\/li>\n<li>la <strong>r\u00e9daction des contenus<\/strong> par des r\u00e9dacteurs professionnels<\/li>\n<\/ul>\n<p>En fonction du pack choisi, vous recevez \u00e0 l&#8217;issu de l&#8217;audit <strong>15 \u00e0 60 textes de 800 mots<\/strong> et <strong>jusqu&#8217;\u00e0 3 pages piliers de 2 500 mots<\/strong>.<\/p>\n<p>Le pack le plus ambitieux propose \u00e9galement la mise en place d&#8217;un <a href=\"https:\/\/www.redacteur.com\/blog\/definition\/maillage-interne\/\">maillage interne<\/a>, pour mat\u00e9rialiser les <a href=\"https:\/\/www.redacteur.com\/blog\/definition\/cluster-thematique\/\">clusters SEO<\/a> et lier les contenus entre eux.<\/p>\n<p>Tous les contenus livr\u00e9s sont format\u00e9s avec les <a href=\"https:\/\/www.redacteur.com\/blog\/definition\/balise-html\/\">balises HTML<\/a> pour vous permettre une int\u00e9gration rapide dans votre CMS et sont optimis\u00e9s SEO.<\/p>\n<p>Vous pouvez demander plus d&#8217;information \u00e0 notre \u00e9quipe pour savoir quel <a href=\"https:\/\/www.redacteur.com\/packs-strategie-contenu-seo\/?source=redacteur&amp;medium=blog&amp;campaign=launch-packs-seo&amp;content=29860\">pack &#8220;Strat\u00e9gie de contenu SEO&#8221;<\/a> correspond le plus \u00e0 votre ligne \u00e9ditoriale.<\/p>\n<p>&nbsp;<\/p>\n<p><strong>Lectures compl\u00e9mentaires&nbsp;:<\/strong><\/p>\n<ul>\n<li><a href=\"https:\/\/www.redacteur.com\/blog\/audit-seo-site-internet\/\">Pourquoi r\u00e9aliser un audit SEO de votre site internet&nbsp;?<\/a><\/li>\n<li><a href=\"https:\/\/www.redacteur.com\/blog\/guide-ultime-realiser-audit-seo\/\">R\u00e9aliser un audit SEO complet&nbsp;: la checklist en 16 points<\/a><\/li>\n<li><a href=\"https:\/\/www.redacteur.com\/blog\/outils-audit-seo-gratuits\/\">14 outils d\u2019audit SEO gratuits<\/a><\/li>\n<li><a href=\"https:\/\/www.redacteur.com\/blog\/crawler-audit-seo\/\">4 crawlers \u00e0 utiliser dans votre audit SEO<\/a><\/li>\n<li><a href=\"https:\/\/www.redacteur.com\/blog\/audit-seo-design-site-internet\/\">Audit SEO&nbsp;: 3 points \u00e0 v\u00e9rifier sur le design de votre site<\/a><\/li>\n<li><a href=\"https:\/\/www.redacteur.com\/blog\/audit-seo-mobile\/\">7 points \u00e0 surveiller dans votre audit SEO sur mobile<\/a><\/li>\n<\/ul>\n","protected":false},"excerpt":{"rendered":"<p>Le SEO est aujourd\u2019hui sur toutes les l\u00e8vres des professionnels qui souhaitent entrer dans les bonnes gr\u00e2ces des moteurs de recherche. Cette pratique qui rassemble un ensemble de techniques visant \u00e0 am\u00e9liorer sa position dans les r\u00e9sultats de recherche permet d\u2019obtenir d\u2019excellents r\u00e9sultats lorsqu\u2019elle est bien ma\u00eetris\u00e9e. \u00c0 tel point que nombre d\u2019entreprises ne prospectent [&hellip;]<\/p>\n","protected":false},"author":1,"featured_media":0,"parent":29730,"menu_order":0,"comment_status":"closed","ping_status":"closed","template":"","meta":{"_acf_changed":false,"inline_featured_image":false,"footnotes":""},"class_list":["post-29860","page","type-page","status-publish","hentry"],"acf":[],"yoast_head":"<!-- This site is optimized with the Yoast SEO plugin v25.9 - https:\/\/yoast.com\/wordpress\/plugins\/seo\/ -->\n<title>Qu&#039;est-ce qu&#039;un audit SEO ? D\u00e9finition - Redacteur.com<\/title>\n<meta name=\"description\" content=\"Le SEO est aujourd\u2019hui sur toutes les l\u00e8vres des professionnels qui souhaitent entrer dans les bonnes gr\u00e2ces des moteurs de recherche. Cette pratique qui\" \/>\n<meta name=\"robots\" content=\"index, follow, max-snippet:-1, max-image-preview:large, max-video-preview:-1\" \/>\n<link rel=\"canonical\" href=\"https:\/\/www.redacteur.com\/blog\/definition\/audit-seo\/\" \/>\n<meta property=\"og:locale\" content=\"fr_FR\" \/>\n<meta property=\"og:type\" content=\"article\" \/>\n<meta property=\"og:title\" content=\"Qu&#039;est-ce qu&#039;un audit SEO ? D\u00e9finition - Redacteur.com\" \/>\n<meta property=\"og:description\" content=\"Le SEO est aujourd\u2019hui sur toutes les l\u00e8vres des professionnels qui souhaitent entrer dans les bonnes gr\u00e2ces des moteurs de recherche. Cette pratique qui\" \/>\n<meta property=\"og:url\" content=\"https:\/\/www.redacteur.com\/blog\/definition\/audit-seo\/\" \/>\n<meta property=\"og:site_name\" content=\"Redacteur.com\" \/>\n<meta property=\"article:publisher\" content=\"https:\/\/www.facebook.com\/redacteurcom\" \/>\n<meta property=\"og:image\" content=\"https:\/\/www.redacteur.com\/blog\/wp-content\/uploads\/2022\/01\/Flat-color-Modern-Isometric-Illustration-design-Seo.jpg\" \/>\n<meta name=\"twitter:card\" content=\"summary_large_image\" \/>\n<meta name=\"twitter:site\" content=\"@Redacteurcom\" \/>\n<meta name=\"twitter:label1\" content=\"Dur\u00e9e de lecture estim\u00e9e\" \/>\n\t<meta name=\"twitter:data1\" content=\"5 minutes\" \/>\n<script type=\"application\/ld+json\" class=\"yoast-schema-graph\">{\"@context\":\"https:\/\/schema.org\",\"@graph\":[{\"@type\":\"WebPage\",\"@id\":\"https:\/\/www.redacteur.com\/blog\/definition\/audit-seo\/\",\"url\":\"https:\/\/www.redacteur.com\/blog\/definition\/audit-seo\/\",\"name\":\"Qu'est-ce qu'un audit SEO ? D\u00e9finition - Redacteur.com\",\"isPartOf\":{\"@id\":\"https:\/\/www.redacteur.com\/blog\/#website\"},\"primaryImageOfPage\":{\"@id\":\"https:\/\/www.redacteur.com\/blog\/definition\/audit-seo\/#primaryimage\"},\"image\":{\"@id\":\"https:\/\/www.redacteur.com\/blog\/definition\/audit-seo\/#primaryimage\"},\"thumbnailUrl\":\"https:\/\/www.redacteur.com\/blog\/wp-content\/uploads\/2022\/01\/Flat-color-Modern-Isometric-Illustration-design-Seo.jpg\",\"datePublished\":\"2022-01-26T15:15:37+00:00\",\"description\":\"Le SEO est aujourd\u2019hui sur toutes les l\u00e8vres des professionnels qui souhaitent entrer dans les bonnes gr\u00e2ces des moteurs de recherche. Cette pratique qui\",\"breadcrumb\":{\"@id\":\"https:\/\/www.redacteur.com\/blog\/definition\/audit-seo\/#breadcrumb\"},\"inLanguage\":\"fr-FR\",\"potentialAction\":[{\"@type\":\"ReadAction\",\"target\":[\"https:\/\/www.redacteur.com\/blog\/definition\/audit-seo\/\"]}]},{\"@type\":\"ImageObject\",\"inLanguage\":\"fr-FR\",\"@id\":\"https:\/\/www.redacteur.com\/blog\/definition\/audit-seo\/#primaryimage\",\"url\":\"https:\/\/www.redacteur.com\/blog\/wp-content\/uploads\/sites\/6\/2022\/01\/Flat-color-Modern-Isometric-Illustration-design-Seo.jpg\",\"contentUrl\":\"https:\/\/www.redacteur.com\/blog\/wp-content\/uploads\/sites\/6\/2022\/01\/Flat-color-Modern-Isometric-Illustration-design-Seo.jpg\",\"width\":700,\"height\":700,\"caption\":\"Audit SEO\"},{\"@type\":\"BreadcrumbList\",\"@id\":\"https:\/\/www.redacteur.com\/blog\/definition\/audit-seo\/#breadcrumb\",\"itemListElement\":[{\"@type\":\"ListItem\",\"position\":1,\"name\":\"Blog\",\"item\":\"https:\/\/www.redacteur.com\/blog\/\"},{\"@type\":\"ListItem\",\"position\":2,\"name\":\"Lexique SEO\",\"item\":\"https:\/\/www.redacteur.com\/blog\/definition\/\"},{\"@type\":\"ListItem\",\"position\":3,\"name\":\"Audit SEO\"}]},{\"@type\":\"WebSite\",\"@id\":\"https:\/\/www.redacteur.com\/blog\/#website\",\"url\":\"https:\/\/www.redacteur.com\/blog\/\",\"name\":\"Redacteur.com\",\"description\":\"redacteur\",\"publisher\":{\"@id\":\"https:\/\/www.redacteur.com\/blog\/#organization\"},\"potentialAction\":[{\"@type\":\"SearchAction\",\"target\":{\"@type\":\"EntryPoint\",\"urlTemplate\":\"https:\/\/www.redacteur.com\/blog\/?s={search_term_string}\"},\"query-input\":{\"@type\":\"PropertyValueSpecification\",\"valueRequired\":true,\"valueName\":\"search_term_string\"}}],\"inLanguage\":\"fr-FR\"},{\"@type\":\"Organization\",\"@id\":\"https:\/\/www.redacteur.com\/blog\/#organization\",\"name\":\"Redacteur.com\",\"url\":\"https:\/\/www.redacteur.com\/blog\/\",\"logo\":{\"@type\":\"ImageObject\",\"inLanguage\":\"fr-FR\",\"@id\":\"https:\/\/www.redacteur.com\/blog\/#\/schema\/logo\/image\/\",\"url\":\"https:\/\/www.redacteur.com\/blog\/wp-content\/uploads\/sites\/6\/2022\/10\/logo-redacteur-blog.svg\",\"contentUrl\":\"https:\/\/www.redacteur.com\/blog\/wp-content\/uploads\/sites\/6\/2022\/10\/logo-redacteur-blog.svg\",\"width\":1,\"height\":1,\"caption\":\"Redacteur.com\"},\"image\":{\"@id\":\"https:\/\/www.redacteur.com\/blog\/#\/schema\/logo\/image\/\"},\"sameAs\":[\"https:\/\/www.facebook.com\/redacteurcom\",\"https:\/\/x.com\/Redacteurcom\",\"https:\/\/www.linkedin.com\/company\/redacteur-com\",\"https:\/\/www.youtube.com\/channel\/UCgj9ySM9xy3gdL8qBafl9Uw\/\"]}]}<\/script>\n<!-- \/ Yoast SEO plugin. -->","yoast_head_json":{"title":"Qu'est-ce qu'un audit SEO ? D\u00e9finition - Redacteur.com","description":"Le SEO est aujourd\u2019hui sur toutes les l\u00e8vres des professionnels qui souhaitent entrer dans les bonnes gr\u00e2ces des moteurs de recherche. Cette pratique qui","robots":{"index":"index","follow":"follow","max-snippet":"max-snippet:-1","max-image-preview":"max-image-preview:large","max-video-preview":"max-video-preview:-1"},"canonical":"https:\/\/www.redacteur.com\/blog\/definition\/audit-seo\/","og_locale":"fr_FR","og_type":"article","og_title":"Qu'est-ce qu'un audit SEO ? D\u00e9finition - Redacteur.com","og_description":"Le SEO est aujourd\u2019hui sur toutes les l\u00e8vres des professionnels qui souhaitent entrer dans les bonnes gr\u00e2ces des moteurs de recherche. Cette pratique qui","og_url":"https:\/\/www.redacteur.com\/blog\/definition\/audit-seo\/","og_site_name":"Redacteur.com","article_publisher":"https:\/\/www.facebook.com\/redacteurcom","og_image":[{"url":"https:\/\/www.redacteur.com\/blog\/wp-content\/uploads\/2022\/01\/Flat-color-Modern-Isometric-Illustration-design-Seo.jpg","type":"","width":"","height":""}],"twitter_card":"summary_large_image","twitter_site":"@Redacteurcom","twitter_misc":{"Dur\u00e9e de lecture estim\u00e9e":"5 minutes"},"schema":{"@context":"https:\/\/schema.org","@graph":[{"@type":"WebPage","@id":"https:\/\/www.redacteur.com\/blog\/definition\/audit-seo\/","url":"https:\/\/www.redacteur.com\/blog\/definition\/audit-seo\/","name":"Qu'est-ce qu'un audit SEO ? D\u00e9finition - Redacteur.com","isPartOf":{"@id":"https:\/\/www.redacteur.com\/blog\/#website"},"primaryImageOfPage":{"@id":"https:\/\/www.redacteur.com\/blog\/definition\/audit-seo\/#primaryimage"},"image":{"@id":"https:\/\/www.redacteur.com\/blog\/definition\/audit-seo\/#primaryimage"},"thumbnailUrl":"https:\/\/www.redacteur.com\/blog\/wp-content\/uploads\/2022\/01\/Flat-color-Modern-Isometric-Illustration-design-Seo.jpg","datePublished":"2022-01-26T15:15:37+00:00","description":"Le SEO est aujourd\u2019hui sur toutes les l\u00e8vres des professionnels qui souhaitent entrer dans les bonnes gr\u00e2ces des moteurs de recherche. Cette pratique qui","breadcrumb":{"@id":"https:\/\/www.redacteur.com\/blog\/definition\/audit-seo\/#breadcrumb"},"inLanguage":"fr-FR","potentialAction":[{"@type":"ReadAction","target":["https:\/\/www.redacteur.com\/blog\/definition\/audit-seo\/"]}]},{"@type":"ImageObject","inLanguage":"fr-FR","@id":"https:\/\/www.redacteur.com\/blog\/definition\/audit-seo\/#primaryimage","url":"https:\/\/www.redacteur.com\/blog\/wp-content\/uploads\/sites\/6\/2022\/01\/Flat-color-Modern-Isometric-Illustration-design-Seo.jpg","contentUrl":"https:\/\/www.redacteur.com\/blog\/wp-content\/uploads\/sites\/6\/2022\/01\/Flat-color-Modern-Isometric-Illustration-design-Seo.jpg","width":700,"height":700,"caption":"Audit SEO"},{"@type":"BreadcrumbList","@id":"https:\/\/www.redacteur.com\/blog\/definition\/audit-seo\/#breadcrumb","itemListElement":[{"@type":"ListItem","position":1,"name":"Blog","item":"https:\/\/www.redacteur.com\/blog\/"},{"@type":"ListItem","position":2,"name":"Lexique SEO","item":"https:\/\/www.redacteur.com\/blog\/definition\/"},{"@type":"ListItem","position":3,"name":"Audit SEO"}]},{"@type":"WebSite","@id":"https:\/\/www.redacteur.com\/blog\/#website","url":"https:\/\/www.redacteur.com\/blog\/","name":"Redacteur.com","description":"redacteur","publisher":{"@id":"https:\/\/www.redacteur.com\/blog\/#organization"},"potentialAction":[{"@type":"SearchAction","target":{"@type":"EntryPoint","urlTemplate":"https:\/\/www.redacteur.com\/blog\/?s={search_term_string}"},"query-input":{"@type":"PropertyValueSpecification","valueRequired":true,"valueName":"search_term_string"}}],"inLanguage":"fr-FR"},{"@type":"Organization","@id":"https:\/\/www.redacteur.com\/blog\/#organization","name":"Redacteur.com","url":"https:\/\/www.redacteur.com\/blog\/","logo":{"@type":"ImageObject","inLanguage":"fr-FR","@id":"https:\/\/www.redacteur.com\/blog\/#\/schema\/logo\/image\/","url":"https:\/\/www.redacteur.com\/blog\/wp-content\/uploads\/sites\/6\/2022\/10\/logo-redacteur-blog.svg","contentUrl":"https:\/\/www.redacteur.com\/blog\/wp-content\/uploads\/sites\/6\/2022\/10\/logo-redacteur-blog.svg","width":1,"height":1,"caption":"Redacteur.com"},"image":{"@id":"https:\/\/www.redacteur.com\/blog\/#\/schema\/logo\/image\/"},"sameAs":["https:\/\/www.facebook.com\/redacteurcom","https:\/\/x.com\/Redacteurcom","https:\/\/www.linkedin.com\/company\/redacteur-com","https:\/\/www.youtube.com\/channel\/UCgj9ySM9xy3gdL8qBafl9Uw\/"]}]}},"_links":{"self":[{"href":"https:\/\/www.redacteur.com\/blog\/wp-json\/wp\/v2\/pages\/29860","targetHints":{"allow":["GET"]}}],"collection":[{"href":"https:\/\/www.redacteur.com\/blog\/wp-json\/wp\/v2\/pages"}],"about":[{"href":"https:\/\/www.redacteur.com\/blog\/wp-json\/wp\/v2\/types\/page"}],"author":[{"embeddable":true,"href":"https:\/\/www.redacteur.com\/blog\/wp-json\/wp\/v2\/users\/1"}],"replies":[{"embeddable":true,"href":"https:\/\/www.redacteur.com\/blog\/wp-json\/wp\/v2\/comments?post=29860"}],"version-history":[{"count":0,"href":"https:\/\/www.redacteur.com\/blog\/wp-json\/wp\/v2\/pages\/29860\/revisions"}],"up":[{"embeddable":true,"href":"https:\/\/www.redacteur.com\/blog\/wp-json\/wp\/v2\/pages\/29730"}],"wp:attachment":[{"href":"https:\/\/www.redacteur.com\/blog\/wp-json\/wp\/v2\/media?parent=29860"}],"curies":[{"name":"wp","href":"https:\/\/api.w.org\/{rel}","templated":true}]}}