{"id":29870,"date":"2022-01-26T16:44:59","date_gmt":"2022-01-26T15:44:59","guid":{"rendered":"https:\/\/www.redacteur.com\/blog\/?page_id=29870"},"modified":"2022-01-26T16:44:59","modified_gmt":"2022-01-26T15:44:59","slug":"budget-crawl","status":"publish","type":"page","link":"https:\/\/www.redacteur.com\/blog\/definition\/budget-crawl\/","title":{"rendered":"Budget Crawl"},"content":{"rendered":"<p>Vous avez certainement d\u00e9j\u00e0 entendu parler de lui en SEO. Bien qu\u2019il joue un r\u00f4le secondaire, le <strong>Budget Crawl<\/strong> peut faire la diff\u00e9rence dans une strat\u00e9gie de r\u00e9f\u00e9rencement agressive. Mais qu\u2019est-ce que le Budget Crawl et \u00e0 quoi sert-il&nbsp;? Voyons tout d\u2019abord sa d\u00e9finition, avant de comprendre son int\u00e9r\u00eat et sa mise en place.<\/p>\n<p>&nbsp;<\/p>\n<h2>Budget Crawl&nbsp;: D\u00e9finition<\/h2>\n<p>Le Budget (de) Crawl, ou <strong>Budget d\u2019exploration<\/strong> (Crawl Budget en anglais), repr\u00e9sente <strong>le nombre maximum de pages de votre site que les robots du moteur de recherche vont visiter<\/strong>.<\/p>\n<p>Ce nombre de pages maximum <strong>varie en fonction de l\u2019optimisation de certains facteurs<\/strong>. En effet, la <strong>vitesse de r\u00e9ponse du serveur<\/strong>, la <strong>profondeur de la page<\/strong>, la <strong>fr\u00e9quence des mises \u00e0 jour<\/strong> o\u00f9 la <strong>qualit\u00e9 du contenu<\/strong> de votre site influencera le nombre de pages maximales que Google (par exemple) peut ou veut explorer. Plus ces crit\u00e8res sont optimis\u00e9s, plus le nombre de pages crawl\u00e9es augmentera.<\/p>\n<p>Ce nombre limit\u00e9 est choisi pour \u00e9conomiser des ressources et ne pas ralentir chaque site internet.<\/p>\n<p>Mais comment ces crit\u00e8res sont-ils \u00e9valu\u00e9s&nbsp;? Ces mesures sont prises par un robot ou \u00ab bot \u00bb qui a pour mission d\u2019effectuer plusieurs connexions simultan\u00e9es sur votre site pour \u00e9valuer les crit\u00e8res cit\u00e9s au-dessus. Ainsi, chaque site internet est r\u00e9guli\u00e8rement \u00e9valu\u00e9.<\/p>\n<p><img decoding=\"async\" class=\" wp-image-29871 aligncenter\" src=\"https:\/\/www.redacteur.com\/blog\/wp-content\/uploads\/2022\/01\/Laptop-SEO-crawl.jpg\" alt=\"Budget Crawl SEO\" width=\"318\" height=\"318\" srcset=\"https:\/\/www.redacteur.com\/blog\/wp-content\/uploads\/sites\/6\/2022\/01\/Laptop-SEO-crawl.jpg 700w, https:\/\/www.redacteur.com\/blog\/wp-content\/uploads\/sites\/6\/2022\/01\/Laptop-SEO-crawl-300x300.jpg 300w, https:\/\/www.redacteur.com\/blog\/wp-content\/uploads\/sites\/6\/2022\/01\/Laptop-SEO-crawl-150x150.jpg 150w, https:\/\/www.redacteur.com\/blog\/wp-content\/uploads\/sites\/6\/2022\/01\/Laptop-SEO-crawl-60x60.jpg 60w, https:\/\/www.redacteur.com\/blog\/wp-content\/uploads\/sites\/6\/2022\/01\/Laptop-SEO-crawl-370x370.jpg 370w, https:\/\/www.redacteur.com\/blog\/wp-content\/uploads\/sites\/6\/2022\/01\/Laptop-SEO-crawl-270x270.jpg 270w, https:\/\/www.redacteur.com\/blog\/wp-content\/uploads\/sites\/6\/2022\/01\/Laptop-SEO-crawl-570x570.jpg 570w\" sizes=\"(max-width: 318px) 100vw, 318px\" \/><\/p>\n<p>&nbsp;<\/p>\n<h2>Pourquoi optimiser le Budget de Crawl&nbsp;?<\/h2>\n<p><strong>Ce Budget d\u2019exploration<\/strong> peut para\u00eetre quelque peu inutile \u00e0 premi\u00e8re vue. Et c\u2019est l\u00e0 que le <a href=\"https:\/\/www.redacteur.com\/blog\/definition\/seo\/\"><strong>SEO<\/strong><\/a> fait son apparition. En effet, le Budget Crawl en lui-m\u00eame n\u2019est qu\u2019un nombre, mais en r\u00e9alit\u00e9, il permet de savoir tout d\u2019abord si son site est bien optimis\u00e9.<\/p>\n<p>Puisque le nombre de pages maximum d\u00e9pend de l\u2019<strong>optimisation g\u00e9n\u00e9rale du site<\/strong>, plus le nombre de pages max augmente, <a href=\"https:\/\/www.redacteur.com\/blog\/optimisation-crawls-google\/\">plus votre site est optimis\u00e9 selon Google<\/a>. \u00c0 l\u2019inverse, plus les pages diminuent, moins votre site est optimis\u00e9 selon Google.<\/p>\n<p>Lorsque votre site est bien optimis\u00e9, le <strong>Budget Crawl augmente<\/strong>, ce qui influence les robots pour am\u00e9liorer le r\u00e9f\u00e9rencement de ce dernier, et l\u2019aide \u00e0 <strong>aller dans les meilleurs r\u00e9sultats<\/strong> naturellement. En effet, les pages \u00e9tant index\u00e9es plus rapidement, les robots du moteur de recherche y ont plus facilement acc\u00e8s et pourront le classer plus haut.<\/p>\n<p>Mais, comme la <a href=\"https:\/\/www.redacteur.com\/blog\/definition\/balise-canonical\/\">balise canonical<\/a>, l\u2019int\u00e9r\u00eat d\u2019avoir un haut Budget Crawl n\u2019est pas tant d\u2019optimiser le <strong>r\u00e9f\u00e9rencement SEO<\/strong>, mais surtout de faire en sorte que ce dernier ne soit pas en baisse.<\/p>\n<p>Pour r\u00e9sumer, un <strong>Budget de Crawl<\/strong> \u00e9lev\u00e9 permet&nbsp;:<\/p>\n<ul>\n<li>D\u2019avoir une id\u00e9e de l\u2019optimisation g\u00e9n\u00e9rale de votre site<\/li>\n<li>Que votre site et toutes ses pages soient mieux index\u00e9(e)s par le moteur de recherche<\/li>\n<li>D&#8217;\u00e9viter une chute du r\u00e9f\u00e9rencement de votre site<\/li>\n<\/ul>\n<p><img decoding=\"async\" class=\" wp-image-29872 aligncenter\" src=\"https:\/\/www.redacteur.com\/blog\/wp-content\/uploads\/2022\/01\/Mac-crawl.jpg\" alt=\"Mac Budget Crawl\" width=\"352\" height=\"352\" srcset=\"https:\/\/www.redacteur.com\/blog\/wp-content\/uploads\/sites\/6\/2022\/01\/Mac-crawl.jpg 700w, https:\/\/www.redacteur.com\/blog\/wp-content\/uploads\/sites\/6\/2022\/01\/Mac-crawl-300x300.jpg 300w, https:\/\/www.redacteur.com\/blog\/wp-content\/uploads\/sites\/6\/2022\/01\/Mac-crawl-150x150.jpg 150w, https:\/\/www.redacteur.com\/blog\/wp-content\/uploads\/sites\/6\/2022\/01\/Mac-crawl-60x60.jpg 60w, https:\/\/www.redacteur.com\/blog\/wp-content\/uploads\/sites\/6\/2022\/01\/Mac-crawl-370x370.jpg 370w, https:\/\/www.redacteur.com\/blog\/wp-content\/uploads\/sites\/6\/2022\/01\/Mac-crawl-270x270.jpg 270w, https:\/\/www.redacteur.com\/blog\/wp-content\/uploads\/sites\/6\/2022\/01\/Mac-crawl-570x570.jpg 570w\" sizes=\"(max-width: 352px) 100vw, 352px\" \/><\/p>\n<p>&nbsp;<\/p>\n<h2>Comment bien utiliser le Budget Crawl pour le SEO&nbsp;?<\/h2>\n<p>Pour utiliser au mieux le <strong>Budget Crawl en SEO<\/strong>, la premi\u00e8re chose importante sera d\u2019optimiser son site internet. Pour cela, plusieurs solutions sont possibles&nbsp;:<\/p>\n<ul>\n<li>Trouver un bon h\u00e9bergeur, un serveur d\u00e9di\u00e9 \u00e0 votre site \u00e9tant la solution la plus efficace, bien qu\u2019\u00e9tant \u00e0 un prix \u00e9lev\u00e9. Cela am\u00e9liorera la vitesse du site.<\/li>\n<li>Travailler le <a href=\"https:\/\/www.redacteur.com\/blog\/definition\/maillage-interne\/\">maillage interne<\/a> du site, afin de d\u00e9velopper la profondeur de vos pages. De plus, cela am\u00e9liore la facilit\u00e9 de navigation dans le site.<\/li>\n<li>Mettre \u00e0 jour r\u00e9guli\u00e8rement le site, car cette m\u00e9thode permet de faire revenir r\u00e9guli\u00e8rement le robot pour indexer les nouvelles pages.<\/li>\n<li>Am\u00e9liorer continuellement le contenu, pour le rendre plus qualitatif et attrayant et en supprimant les pages d&#8217;erreur ou inutiles, faire du tri entre ce qu\u2019il est judicieux de garder et ce qui ne l\u2019est pas.<\/li>\n<\/ul>\n<p>Une fois le site internet optimis\u00e9, le <strong>Budget Crawl<\/strong> s\u2019am\u00e9liorera, et pourra \u00eatre utilis\u00e9 pour am\u00e9liorer le <strong>SEO<\/strong>.<\/p>\n<p>La raison principale d\u2019optimiser le Budget Crawl en SEO est pour que votre site et ses pages soient rapidement index\u00e9(e)s.<\/p>\n<blockquote><p>Pour conna\u00eetre son <strong>Budget Crawl<\/strong>, il suffit de se rendre sur Google Search Console, pour conna\u00eetre toutes les informations concernant l\u2019optimisation de votre site.<\/p><\/blockquote>\n","protected":false},"excerpt":{"rendered":"<p>Vous avez certainement d\u00e9j\u00e0 entendu parler de lui en SEO. Bien qu\u2019il joue un r\u00f4le secondaire, le Budget Crawl peut faire la diff\u00e9rence dans une strat\u00e9gie de r\u00e9f\u00e9rencement agressive. Mais qu\u2019est-ce que le Budget Crawl et \u00e0 quoi sert-il&nbsp;? Voyons tout d\u2019abord sa d\u00e9finition, avant de comprendre son int\u00e9r\u00eat et sa mise en place. &nbsp; [&hellip;]<\/p>\n","protected":false},"author":1,"featured_media":0,"parent":29730,"menu_order":0,"comment_status":"closed","ping_status":"closed","template":"","meta":{"_acf_changed":false,"inline_featured_image":false,"footnotes":""},"class_list":["post-29870","page","type-page","status-publish","hentry"],"acf":[],"yoast_head":"<!-- This site is optimized with the Yoast SEO plugin v25.9 - https:\/\/yoast.com\/wordpress\/plugins\/seo\/ -->\n<title>Qu&#039;est-ce que le Budget Crawl ? D\u00e9finition - Redacteur.com<\/title>\n<meta name=\"description\" content=\"Vous avez certainement d\u00e9j\u00e0 entendu parler de lui en SEO. Bien qu\u2019il joue un r\u00f4le secondaire, le Budget Crawl peut faire la diff\u00e9rence dans une strat\u00e9gie\" \/>\n<meta name=\"robots\" content=\"index, follow, max-snippet:-1, max-image-preview:large, max-video-preview:-1\" \/>\n<link rel=\"canonical\" href=\"https:\/\/www.redacteur.com\/blog\/definition\/budget-crawl\/\" \/>\n<meta property=\"og:locale\" content=\"fr_FR\" \/>\n<meta property=\"og:type\" content=\"article\" \/>\n<meta property=\"og:title\" content=\"Qu&#039;est-ce que le Budget Crawl ? D\u00e9finition - Redacteur.com\" \/>\n<meta property=\"og:description\" content=\"Vous avez certainement d\u00e9j\u00e0 entendu parler de lui en SEO. Bien qu\u2019il joue un r\u00f4le secondaire, le Budget Crawl peut faire la diff\u00e9rence dans une strat\u00e9gie\" \/>\n<meta property=\"og:url\" content=\"https:\/\/www.redacteur.com\/blog\/definition\/budget-crawl\/\" \/>\n<meta property=\"og:site_name\" content=\"Redacteur.com\" \/>\n<meta property=\"article:publisher\" content=\"https:\/\/www.facebook.com\/redacteurcom\" \/>\n<meta property=\"og:image\" content=\"https:\/\/www.redacteur.com\/blog\/wp-content\/uploads\/2022\/01\/Laptop-SEO-crawl.jpg\" \/>\n<meta name=\"twitter:card\" content=\"summary_large_image\" \/>\n<meta name=\"twitter:site\" content=\"@Redacteurcom\" \/>\n<meta name=\"twitter:label1\" content=\"Dur\u00e9e de lecture estim\u00e9e\" \/>\n\t<meta name=\"twitter:data1\" content=\"4 minutes\" \/>\n<script type=\"application\/ld+json\" class=\"yoast-schema-graph\">{\"@context\":\"https:\/\/schema.org\",\"@graph\":[{\"@type\":\"WebPage\",\"@id\":\"https:\/\/www.redacteur.com\/blog\/definition\/budget-crawl\/\",\"url\":\"https:\/\/www.redacteur.com\/blog\/definition\/budget-crawl\/\",\"name\":\"Qu'est-ce que le Budget Crawl ? D\u00e9finition - Redacteur.com\",\"isPartOf\":{\"@id\":\"https:\/\/www.redacteur.com\/blog\/#website\"},\"primaryImageOfPage\":{\"@id\":\"https:\/\/www.redacteur.com\/blog\/definition\/budget-crawl\/#primaryimage\"},\"image\":{\"@id\":\"https:\/\/www.redacteur.com\/blog\/definition\/budget-crawl\/#primaryimage\"},\"thumbnailUrl\":\"https:\/\/www.redacteur.com\/blog\/wp-content\/uploads\/2022\/01\/Laptop-SEO-crawl.jpg\",\"datePublished\":\"2022-01-26T15:44:59+00:00\",\"description\":\"Vous avez certainement d\u00e9j\u00e0 entendu parler de lui en SEO. Bien qu\u2019il joue un r\u00f4le secondaire, le Budget Crawl peut faire la diff\u00e9rence dans une strat\u00e9gie\",\"breadcrumb\":{\"@id\":\"https:\/\/www.redacteur.com\/blog\/definition\/budget-crawl\/#breadcrumb\"},\"inLanguage\":\"fr-FR\",\"potentialAction\":[{\"@type\":\"ReadAction\",\"target\":[\"https:\/\/www.redacteur.com\/blog\/definition\/budget-crawl\/\"]}]},{\"@type\":\"ImageObject\",\"inLanguage\":\"fr-FR\",\"@id\":\"https:\/\/www.redacteur.com\/blog\/definition\/budget-crawl\/#primaryimage\",\"url\":\"https:\/\/www.redacteur.com\/blog\/wp-content\/uploads\/sites\/6\/2022\/01\/Laptop-SEO-crawl.jpg\",\"contentUrl\":\"https:\/\/www.redacteur.com\/blog\/wp-content\/uploads\/sites\/6\/2022\/01\/Laptop-SEO-crawl.jpg\",\"width\":700,\"height\":700,\"caption\":\"Budget Crawl SEO\"},{\"@type\":\"BreadcrumbList\",\"@id\":\"https:\/\/www.redacteur.com\/blog\/definition\/budget-crawl\/#breadcrumb\",\"itemListElement\":[{\"@type\":\"ListItem\",\"position\":1,\"name\":\"Blog\",\"item\":\"https:\/\/www.redacteur.com\/blog\/\"},{\"@type\":\"ListItem\",\"position\":2,\"name\":\"Lexique SEO\",\"item\":\"https:\/\/www.redacteur.com\/blog\/definition\/\"},{\"@type\":\"ListItem\",\"position\":3,\"name\":\"Budget Crawl\"}]},{\"@type\":\"WebSite\",\"@id\":\"https:\/\/www.redacteur.com\/blog\/#website\",\"url\":\"https:\/\/www.redacteur.com\/blog\/\",\"name\":\"Redacteur.com\",\"description\":\"redacteur\",\"publisher\":{\"@id\":\"https:\/\/www.redacteur.com\/blog\/#organization\"},\"potentialAction\":[{\"@type\":\"SearchAction\",\"target\":{\"@type\":\"EntryPoint\",\"urlTemplate\":\"https:\/\/www.redacteur.com\/blog\/?s={search_term_string}\"},\"query-input\":{\"@type\":\"PropertyValueSpecification\",\"valueRequired\":true,\"valueName\":\"search_term_string\"}}],\"inLanguage\":\"fr-FR\"},{\"@type\":\"Organization\",\"@id\":\"https:\/\/www.redacteur.com\/blog\/#organization\",\"name\":\"Redacteur.com\",\"url\":\"https:\/\/www.redacteur.com\/blog\/\",\"logo\":{\"@type\":\"ImageObject\",\"inLanguage\":\"fr-FR\",\"@id\":\"https:\/\/www.redacteur.com\/blog\/#\/schema\/logo\/image\/\",\"url\":\"https:\/\/www.redacteur.com\/blog\/wp-content\/uploads\/sites\/6\/2022\/10\/logo-redacteur-blog.svg\",\"contentUrl\":\"https:\/\/www.redacteur.com\/blog\/wp-content\/uploads\/sites\/6\/2022\/10\/logo-redacteur-blog.svg\",\"width\":1,\"height\":1,\"caption\":\"Redacteur.com\"},\"image\":{\"@id\":\"https:\/\/www.redacteur.com\/blog\/#\/schema\/logo\/image\/\"},\"sameAs\":[\"https:\/\/www.facebook.com\/redacteurcom\",\"https:\/\/x.com\/Redacteurcom\",\"https:\/\/www.linkedin.com\/company\/redacteur-com\",\"https:\/\/www.youtube.com\/channel\/UCgj9ySM9xy3gdL8qBafl9Uw\/\"]}]}<\/script>\n<!-- \/ Yoast SEO plugin. -->","yoast_head_json":{"title":"Qu'est-ce que le Budget Crawl ? D\u00e9finition - Redacteur.com","description":"Vous avez certainement d\u00e9j\u00e0 entendu parler de lui en SEO. Bien qu\u2019il joue un r\u00f4le secondaire, le Budget Crawl peut faire la diff\u00e9rence dans une strat\u00e9gie","robots":{"index":"index","follow":"follow","max-snippet":"max-snippet:-1","max-image-preview":"max-image-preview:large","max-video-preview":"max-video-preview:-1"},"canonical":"https:\/\/www.redacteur.com\/blog\/definition\/budget-crawl\/","og_locale":"fr_FR","og_type":"article","og_title":"Qu'est-ce que le Budget Crawl ? D\u00e9finition - Redacteur.com","og_description":"Vous avez certainement d\u00e9j\u00e0 entendu parler de lui en SEO. Bien qu\u2019il joue un r\u00f4le secondaire, le Budget Crawl peut faire la diff\u00e9rence dans une strat\u00e9gie","og_url":"https:\/\/www.redacteur.com\/blog\/definition\/budget-crawl\/","og_site_name":"Redacteur.com","article_publisher":"https:\/\/www.facebook.com\/redacteurcom","og_image":[{"url":"https:\/\/www.redacteur.com\/blog\/wp-content\/uploads\/2022\/01\/Laptop-SEO-crawl.jpg","type":"","width":"","height":""}],"twitter_card":"summary_large_image","twitter_site":"@Redacteurcom","twitter_misc":{"Dur\u00e9e de lecture estim\u00e9e":"4 minutes"},"schema":{"@context":"https:\/\/schema.org","@graph":[{"@type":"WebPage","@id":"https:\/\/www.redacteur.com\/blog\/definition\/budget-crawl\/","url":"https:\/\/www.redacteur.com\/blog\/definition\/budget-crawl\/","name":"Qu'est-ce que le Budget Crawl ? D\u00e9finition - Redacteur.com","isPartOf":{"@id":"https:\/\/www.redacteur.com\/blog\/#website"},"primaryImageOfPage":{"@id":"https:\/\/www.redacteur.com\/blog\/definition\/budget-crawl\/#primaryimage"},"image":{"@id":"https:\/\/www.redacteur.com\/blog\/definition\/budget-crawl\/#primaryimage"},"thumbnailUrl":"https:\/\/www.redacteur.com\/blog\/wp-content\/uploads\/2022\/01\/Laptop-SEO-crawl.jpg","datePublished":"2022-01-26T15:44:59+00:00","description":"Vous avez certainement d\u00e9j\u00e0 entendu parler de lui en SEO. Bien qu\u2019il joue un r\u00f4le secondaire, le Budget Crawl peut faire la diff\u00e9rence dans une strat\u00e9gie","breadcrumb":{"@id":"https:\/\/www.redacteur.com\/blog\/definition\/budget-crawl\/#breadcrumb"},"inLanguage":"fr-FR","potentialAction":[{"@type":"ReadAction","target":["https:\/\/www.redacteur.com\/blog\/definition\/budget-crawl\/"]}]},{"@type":"ImageObject","inLanguage":"fr-FR","@id":"https:\/\/www.redacteur.com\/blog\/definition\/budget-crawl\/#primaryimage","url":"https:\/\/www.redacteur.com\/blog\/wp-content\/uploads\/sites\/6\/2022\/01\/Laptop-SEO-crawl.jpg","contentUrl":"https:\/\/www.redacteur.com\/blog\/wp-content\/uploads\/sites\/6\/2022\/01\/Laptop-SEO-crawl.jpg","width":700,"height":700,"caption":"Budget Crawl SEO"},{"@type":"BreadcrumbList","@id":"https:\/\/www.redacteur.com\/blog\/definition\/budget-crawl\/#breadcrumb","itemListElement":[{"@type":"ListItem","position":1,"name":"Blog","item":"https:\/\/www.redacteur.com\/blog\/"},{"@type":"ListItem","position":2,"name":"Lexique SEO","item":"https:\/\/www.redacteur.com\/blog\/definition\/"},{"@type":"ListItem","position":3,"name":"Budget Crawl"}]},{"@type":"WebSite","@id":"https:\/\/www.redacteur.com\/blog\/#website","url":"https:\/\/www.redacteur.com\/blog\/","name":"Redacteur.com","description":"redacteur","publisher":{"@id":"https:\/\/www.redacteur.com\/blog\/#organization"},"potentialAction":[{"@type":"SearchAction","target":{"@type":"EntryPoint","urlTemplate":"https:\/\/www.redacteur.com\/blog\/?s={search_term_string}"},"query-input":{"@type":"PropertyValueSpecification","valueRequired":true,"valueName":"search_term_string"}}],"inLanguage":"fr-FR"},{"@type":"Organization","@id":"https:\/\/www.redacteur.com\/blog\/#organization","name":"Redacteur.com","url":"https:\/\/www.redacteur.com\/blog\/","logo":{"@type":"ImageObject","inLanguage":"fr-FR","@id":"https:\/\/www.redacteur.com\/blog\/#\/schema\/logo\/image\/","url":"https:\/\/www.redacteur.com\/blog\/wp-content\/uploads\/sites\/6\/2022\/10\/logo-redacteur-blog.svg","contentUrl":"https:\/\/www.redacteur.com\/blog\/wp-content\/uploads\/sites\/6\/2022\/10\/logo-redacteur-blog.svg","width":1,"height":1,"caption":"Redacteur.com"},"image":{"@id":"https:\/\/www.redacteur.com\/blog\/#\/schema\/logo\/image\/"},"sameAs":["https:\/\/www.facebook.com\/redacteurcom","https:\/\/x.com\/Redacteurcom","https:\/\/www.linkedin.com\/company\/redacteur-com","https:\/\/www.youtube.com\/channel\/UCgj9ySM9xy3gdL8qBafl9Uw\/"]}]}},"_links":{"self":[{"href":"https:\/\/www.redacteur.com\/blog\/wp-json\/wp\/v2\/pages\/29870","targetHints":{"allow":["GET"]}}],"collection":[{"href":"https:\/\/www.redacteur.com\/blog\/wp-json\/wp\/v2\/pages"}],"about":[{"href":"https:\/\/www.redacteur.com\/blog\/wp-json\/wp\/v2\/types\/page"}],"author":[{"embeddable":true,"href":"https:\/\/www.redacteur.com\/blog\/wp-json\/wp\/v2\/users\/1"}],"replies":[{"embeddable":true,"href":"https:\/\/www.redacteur.com\/blog\/wp-json\/wp\/v2\/comments?post=29870"}],"version-history":[{"count":0,"href":"https:\/\/www.redacteur.com\/blog\/wp-json\/wp\/v2\/pages\/29870\/revisions"}],"up":[{"embeddable":true,"href":"https:\/\/www.redacteur.com\/blog\/wp-json\/wp\/v2\/pages\/29730"}],"wp:attachment":[{"href":"https:\/\/www.redacteur.com\/blog\/wp-json\/wp\/v2\/media?parent=29870"}],"curies":[{"name":"wp","href":"https:\/\/api.w.org\/{rel}","templated":true}]}}