{"id":29877,"date":"2022-01-26T17:11:17","date_gmt":"2022-01-26T16:11:17","guid":{"rendered":"https:\/\/www.redacteur.com\/blog\/?page_id=29877"},"modified":"2022-01-26T17:11:17","modified_gmt":"2022-01-26T16:11:17","slug":"donnees-structurees","status":"publish","type":"page","link":"https:\/\/www.redacteur.com\/blog\/definition\/donnees-structurees\/","title":{"rendered":"Donn\u00e9es structur\u00e9es"},"content":{"rendered":"<p>Pour am\u00e9liorer votre r\u00e9f\u00e9rencement, vous pouvez utiliser les <strong>donn\u00e9es structur\u00e9es<\/strong>. Ces derni\u00e8res permettent de rendre vos r\u00e9sultats de recherche plus attrayants.<\/p>\n<p>Pour les moteurs de recherche, <strong>les donn\u00e9es structur\u00e9es sont un format normalis\u00e9 qui permet de fournir de nombreuses informations sur une page tout en classant son contenu<\/strong>.<\/p>\n<p>Il est ainsi possible de cr\u00e9er des <strong>r\u00e9sultats de recherche enrichis<\/strong> en y ajoutant de l&#8217;interactivit\u00e9 comme une petite application qui va apporter une composante visuelle suppl\u00e9mentaire.<\/p>\n<p>D\u00e9couvrez dans cet article tout ce que vous avez besoin de savoir sur les <strong>donn\u00e9es structur\u00e9es<\/strong>, de la d\u00e9finition aux r\u00e9els enjeux.<\/p>\n<p>&nbsp;<\/p>\n<h2>Les donn\u00e9es structur\u00e9es, c\u2019est quoi&nbsp;?<\/h2>\n<p>Concr\u00e8tement, les <strong>donn\u00e9es structur\u00e9es<\/strong> se trouvent sous la forme d\u2019un <strong><a href=\"https:\/\/www.redacteur.com\/blog\/definition\/balise-html\/\">balisage<\/a><\/strong> qui est normalis\u00e9 afin de donner des informations sur la page web. Ces balises permettent aux moteurs de recherche comme Google ou encore Bing de <strong>mieux cerner le sujet de la page<\/strong> et d\u2019<strong>am\u00e9liorer son r\u00e9f\u00e9rencement<\/strong> par la m\u00eame occasion.<\/p>\n<p>Si un site utilise les donn\u00e9es structur\u00e9es, alors les moteurs de recherche peuvent offrir une <strong>exp\u00e9rience utilisateur am\u00e9lior\u00e9e<\/strong>. Ils y sont donc tr\u00e8s favorables.<\/p>\n<p>Cependant, la pr\u00e9sence de donn\u00e9es structur\u00e9es dans votre <strong>page web<\/strong> ne vous garantit pas que celle-ci sera pr\u00e9sent\u00e9e sous la forme d\u2019un <a href=\"https:\/\/www.redacteur.com\/blog\/definition\/rich-snippets\/\"><strong>extrait riche (rich snippet en anglais)<\/strong><\/a>. Cela reste cependant possible et vous permet de gagner des points aupr\u00e8s de ces derniers.<\/p>\n<figure id=\"attachment_30024\" aria-describedby=\"caption-attachment-30024\" style=\"width: 770px\" class=\"wp-caption alignnone\"><a href=\"https:\/\/www.redacteur.com\/blog\/wp-content\/uploads\/2022\/02\/screenshot2178.jpg\"><img decoding=\"async\" class=\"size-large wp-image-30024\" src=\"https:\/\/www.redacteur.com\/blog\/wp-content\/uploads\/2022\/02\/screenshot2178-1024x798.jpg\" alt=\"\" width=\"770\" height=\"600\" srcset=\"https:\/\/www.redacteur.com\/blog\/wp-content\/uploads\/sites\/6\/2022\/02\/screenshot2178-1024x798.jpg 1024w, https:\/\/www.redacteur.com\/blog\/wp-content\/uploads\/sites\/6\/2022\/02\/screenshot2178-300x234.jpg 300w, https:\/\/www.redacteur.com\/blog\/wp-content\/uploads\/sites\/6\/2022\/02\/screenshot2178-768x598.jpg 768w, https:\/\/www.redacteur.com\/blog\/wp-content\/uploads\/sites\/6\/2022\/02\/screenshot2178-60x47.jpg 60w, https:\/\/www.redacteur.com\/blog\/wp-content\/uploads\/sites\/6\/2022\/02\/screenshot2178-370x288.jpg 370w, https:\/\/www.redacteur.com\/blog\/wp-content\/uploads\/sites\/6\/2022\/02\/screenshot2178-270x210.jpg 270w, https:\/\/www.redacteur.com\/blog\/wp-content\/uploads\/sites\/6\/2022\/02\/screenshot2178-385x300.jpg 385w, https:\/\/www.redacteur.com\/blog\/wp-content\/uploads\/sites\/6\/2022\/02\/screenshot2178-570x444.jpg 570w, https:\/\/www.redacteur.com\/blog\/wp-content\/uploads\/sites\/6\/2022\/02\/screenshot2178-740x577.jpg 740w, https:\/\/www.redacteur.com\/blog\/wp-content\/uploads\/sites\/6\/2022\/02\/screenshot2178.jpg 1354w\" sizes=\"(max-width: 770px) 100vw, 770px\" \/><\/a><figcaption id=\"caption-attachment-30024\" class=\"wp-caption-text\">affichage de pages de recettes avec des donn\u00e9es structur\u00e9es<\/figcaption><\/figure>\n<p><a href=\"https:\/\/www.redacteur.com\/blog\/wp-content\/uploads\/2022\/02\/screenshot2179.jpg\"><img decoding=\"async\" class=\"alignnone size-large wp-image-30025\" src=\"https:\/\/www.redacteur.com\/blog\/wp-content\/uploads\/2022\/02\/screenshot2179-1024x781.jpg\" alt=\"Donn\u00e9es structur\u00e9es pour une page recette\" width=\"770\" height=\"587\" srcset=\"https:\/\/www.redacteur.com\/blog\/wp-content\/uploads\/sites\/6\/2022\/02\/screenshot2179-1024x781.jpg 1024w, https:\/\/www.redacteur.com\/blog\/wp-content\/uploads\/sites\/6\/2022\/02\/screenshot2179-300x229.jpg 300w, https:\/\/www.redacteur.com\/blog\/wp-content\/uploads\/sites\/6\/2022\/02\/screenshot2179-768x585.jpg 768w, https:\/\/www.redacteur.com\/blog\/wp-content\/uploads\/sites\/6\/2022\/02\/screenshot2179-60x46.jpg 60w, https:\/\/www.redacteur.com\/blog\/wp-content\/uploads\/sites\/6\/2022\/02\/screenshot2179-370x282.jpg 370w, https:\/\/www.redacteur.com\/blog\/wp-content\/uploads\/sites\/6\/2022\/02\/screenshot2179-270x206.jpg 270w, https:\/\/www.redacteur.com\/blog\/wp-content\/uploads\/sites\/6\/2022\/02\/screenshot2179-570x435.jpg 570w, https:\/\/www.redacteur.com\/blog\/wp-content\/uploads\/sites\/6\/2022\/02\/screenshot2179-740x564.jpg 740w, https:\/\/www.redacteur.com\/blog\/wp-content\/uploads\/sites\/6\/2022\/02\/screenshot2179-80x60.jpg 80w, https:\/\/www.redacteur.com\/blog\/wp-content\/uploads\/sites\/6\/2022\/02\/screenshot2179.jpg 1376w\" sizes=\"(max-width: 770px) 100vw, 770px\" \/><\/a><\/p>\n<p>&nbsp;<\/p>\n<h2>Quels sont les int\u00e9r\u00eats des donn\u00e9es structur\u00e9es pour le SEO&nbsp;?<\/h2>\n<p>En tant que propri\u00e9taire de <strong>site web<\/strong>, il existe beaucoup de param\u00e8tres et de recherches que vous ne pouvez pas contr\u00f4ler. Il n\u2019est par exemple pas possible de d\u00e9cider ce qui est important pour le moteur de recherche puisque ce sont eux qui le d\u00e9finissent. Une simple erreur peut entra\u00eener une chute du r\u00e9f\u00e9rencement et nuire \u00e0 notre visibilit\u00e9.<\/p>\n<p>Les <strong>donn\u00e9es structur\u00e9es<\/strong> sont l\u2019occasion pour les propri\u00e9taires de site web de cr\u00e9er une <strong>organisation de l\u2019ensemble des informations du site<\/strong>.<\/p>\n<p>De cette organisation se fera sentir une <a href=\"https:\/\/www.redacteur.com\/blog\/definition\/kpi\/\">am\u00e9lioration des taux de CTR<\/a> et plus d\u2019engagements pour les recherches organiques. Des donn\u00e9es auxquelles les moteurs de recherche sont particuli\u00e8rement sensibles.<\/p>\n<p>Autre avantage, <strong>le contenu de ces donn\u00e9es est enti\u00e8rement personnalisable<\/strong>. C\u2019est donc une occasion pour le propri\u00e9taire de site de <strong>d\u00e9finir comment son site va \u00eatre affich\u00e9 dans les r\u00e9sultats des moteurs de recherche<\/strong> afin de capter l\u2019attention.<\/p>\n<p>De plus, nombre de concurrents ne sont pas encore \u00e0 jour sur les donn\u00e9es structur\u00e9es et l\u2019instauration de ces balises dans vos pages vous permet de <strong>vous d\u00e9marquer<\/strong> et d\u2019avoir <strong>un avantage net<\/strong> sur les autres en mati\u00e8re de r\u00e9f\u00e9rencement.<\/p>\n<p><img decoding=\"async\" class=\" wp-image-29878 aligncenter\" src=\"https:\/\/www.redacteur.com\/blog\/wp-content\/uploads\/2022\/01\/donnees-structurees.jpg\" alt=\"Donn\u00e9es structur\u00e9es\" width=\"339\" height=\"339\" srcset=\"https:\/\/www.redacteur.com\/blog\/wp-content\/uploads\/sites\/6\/2022\/01\/donnees-structurees.jpg 700w, https:\/\/www.redacteur.com\/blog\/wp-content\/uploads\/sites\/6\/2022\/01\/donnees-structurees-300x300.jpg 300w, https:\/\/www.redacteur.com\/blog\/wp-content\/uploads\/sites\/6\/2022\/01\/donnees-structurees-150x150.jpg 150w, https:\/\/www.redacteur.com\/blog\/wp-content\/uploads\/sites\/6\/2022\/01\/donnees-structurees-60x60.jpg 60w, https:\/\/www.redacteur.com\/blog\/wp-content\/uploads\/sites\/6\/2022\/01\/donnees-structurees-370x370.jpg 370w, https:\/\/www.redacteur.com\/blog\/wp-content\/uploads\/sites\/6\/2022\/01\/donnees-structurees-270x270.jpg 270w, https:\/\/www.redacteur.com\/blog\/wp-content\/uploads\/sites\/6\/2022\/01\/donnees-structurees-570x570.jpg 570w\" sizes=\"(max-width: 339px) 100vw, 339px\" \/><\/p>\n<p>&nbsp;<\/p>\n<h2>Donn\u00e9es structur\u00e9es&nbsp;: quelques conseils<\/h2>\n<p>Si vous \u00eates int\u00e9ress\u00e9 par l\u2019id\u00e9e d\u2019int\u00e9grer les <strong>donn\u00e9es structur\u00e9es<\/strong> selon la d\u00e9finition dans votre site web, vous devez commencer par faire le point sur ce qui a le plus de chances de fonctionner pour votre site.<\/p>\n<p>Par exemple, si ce qui fonctionne le mieux sur votre site est concentr\u00e9 sur vos articles, mettez-les en avant gr\u00e2ce aux donn\u00e9es structur\u00e9es. Si vous souhaitez en apprendre plus, il existe un <a href=\"https:\/\/developers.google.com\/search\/docs\/advanced\/structured-data\/sd-policies?hl=fr\" target=\"_blank\" rel=\"noopener\">guide d\u2019assistance Google<\/a> qui contient tout ce que vous devez savoir sur les donn\u00e9es structur\u00e9es en termes de d\u00e9finition et de mise en place.<\/p>\n<p>La <strong>mise en place des donn\u00e9es structur\u00e9es <\/strong>demande cependant un minimum de comp\u00e9tences et une expertise pouss\u00e9e. C\u2019est pourquoi vous pouvez vous faire accompagner pour la mise en place de la technique sur votre site web afin de vous assurer que le fonctionnement sera bel et bien optimal.<\/p>\n<p>Il est \u00e9galement possible de<a href=\"https:\/\/search.google.com\/test\/rich-results?hl=fr\" target=\"_blank\" rel=\"noopener\"> tester vos donn\u00e9es structur\u00e9es<\/a> une fois que celles-ci sont en place afin de v\u00e9rifier que tout a bien \u00e9t\u00e9 fait.<\/p>\n<p>Vous pouvez surveiller vos donn\u00e9es structur\u00e9es \u00e0 travers la <strong>Search Console<\/strong> qui peut vous fournir toutes les informations dont vous avez besoin.<\/p>\n<blockquote><p><strong>\u00c0 lire aussi&nbsp;:<\/strong> <a href=\"https:\/\/www.redacteur.com\/blog\/seo-boost-donnees-structurees\/\">Boostez votre SEO gr\u00e2ce aux donn\u00e9es structur\u00e9es<\/a><\/p><\/blockquote>\n","protected":false},"excerpt":{"rendered":"<p>Pour am\u00e9liorer votre r\u00e9f\u00e9rencement, vous pouvez utiliser les donn\u00e9es structur\u00e9es. Ces derni\u00e8res permettent de rendre vos r\u00e9sultats de recherche plus attrayants. Pour les moteurs de recherche, les donn\u00e9es structur\u00e9es sont un format normalis\u00e9 qui permet de fournir de nombreuses informations sur une page tout en classant son contenu. Il est ainsi possible de cr\u00e9er des [&hellip;]<\/p>\n","protected":false},"author":1,"featured_media":0,"parent":29730,"menu_order":0,"comment_status":"closed","ping_status":"closed","template":"","meta":{"_acf_changed":false,"inline_featured_image":false,"footnotes":""},"class_list":["post-29877","page","type-page","status-publish","hentry"],"acf":[],"yoast_head":"<!-- This site is optimized with the Yoast SEO plugin v25.9 - https:\/\/yoast.com\/wordpress\/plugins\/seo\/ -->\n<title>Qu&#039;est-ce qu&#039;une donn\u00e9e structur\u00e9e ? D\u00e9finition - Redacteur.com<\/title>\n<meta name=\"description\" content=\"Pour am\u00e9liorer votre r\u00e9f\u00e9rencement, vous pouvez utiliser les donn\u00e9es structur\u00e9es. Ces derni\u00e8res permettent de rendre vos r\u00e9sultats de recherche plus\" \/>\n<meta name=\"robots\" content=\"index, follow, max-snippet:-1, max-image-preview:large, max-video-preview:-1\" \/>\n<link rel=\"canonical\" href=\"https:\/\/www.redacteur.com\/blog\/definition\/donnees-structurees\/\" \/>\n<meta property=\"og:locale\" content=\"fr_FR\" \/>\n<meta property=\"og:type\" content=\"article\" \/>\n<meta property=\"og:title\" content=\"Qu&#039;est-ce qu&#039;une donn\u00e9e structur\u00e9e ? D\u00e9finition - Redacteur.com\" \/>\n<meta property=\"og:description\" content=\"Pour am\u00e9liorer votre r\u00e9f\u00e9rencement, vous pouvez utiliser les donn\u00e9es structur\u00e9es. Ces derni\u00e8res permettent de rendre vos r\u00e9sultats de recherche plus\" \/>\n<meta property=\"og:url\" content=\"https:\/\/www.redacteur.com\/blog\/definition\/donnees-structurees\/\" \/>\n<meta property=\"og:site_name\" content=\"Redacteur.com\" \/>\n<meta property=\"article:publisher\" content=\"https:\/\/www.facebook.com\/redacteurcom\" \/>\n<meta property=\"og:image\" content=\"https:\/\/www.redacteur.com\/blog\/wp-content\/uploads\/2022\/02\/screenshot2178-1024x798.jpg\" \/>\n<meta name=\"twitter:card\" content=\"summary_large_image\" \/>\n<meta name=\"twitter:site\" content=\"@Redacteurcom\" \/>\n<meta name=\"twitter:label1\" content=\"Dur\u00e9e de lecture estim\u00e9e\" \/>\n\t<meta name=\"twitter:data1\" content=\"4 minutes\" \/>\n<script type=\"application\/ld+json\" class=\"yoast-schema-graph\">{\"@context\":\"https:\/\/schema.org\",\"@graph\":[{\"@type\":\"WebPage\",\"@id\":\"https:\/\/www.redacteur.com\/blog\/definition\/donnees-structurees\/\",\"url\":\"https:\/\/www.redacteur.com\/blog\/definition\/donnees-structurees\/\",\"name\":\"Qu'est-ce qu'une donn\u00e9e structur\u00e9e ? D\u00e9finition - Redacteur.com\",\"isPartOf\":{\"@id\":\"https:\/\/www.redacteur.com\/blog\/#website\"},\"primaryImageOfPage\":{\"@id\":\"https:\/\/www.redacteur.com\/blog\/definition\/donnees-structurees\/#primaryimage\"},\"image\":{\"@id\":\"https:\/\/www.redacteur.com\/blog\/definition\/donnees-structurees\/#primaryimage\"},\"thumbnailUrl\":\"https:\/\/www.redacteur.com\/blog\/wp-content\/uploads\/2022\/02\/screenshot2178-1024x798.jpg\",\"datePublished\":\"2022-01-26T16:11:17+00:00\",\"description\":\"Pour am\u00e9liorer votre r\u00e9f\u00e9rencement, vous pouvez utiliser les donn\u00e9es structur\u00e9es. Ces derni\u00e8res permettent de rendre vos r\u00e9sultats de recherche plus\",\"breadcrumb\":{\"@id\":\"https:\/\/www.redacteur.com\/blog\/definition\/donnees-structurees\/#breadcrumb\"},\"inLanguage\":\"fr-FR\",\"potentialAction\":[{\"@type\":\"ReadAction\",\"target\":[\"https:\/\/www.redacteur.com\/blog\/definition\/donnees-structurees\/\"]}]},{\"@type\":\"ImageObject\",\"inLanguage\":\"fr-FR\",\"@id\":\"https:\/\/www.redacteur.com\/blog\/definition\/donnees-structurees\/#primaryimage\",\"url\":\"https:\/\/www.redacteur.com\/blog\/wp-content\/uploads\/sites\/6\/2022\/02\/screenshot2178.jpg\",\"contentUrl\":\"https:\/\/www.redacteur.com\/blog\/wp-content\/uploads\/sites\/6\/2022\/02\/screenshot2178.jpg\",\"width\":1354,\"height\":1055,\"caption\":\"affichage de pages de recettes avec des donn\u00e9es structur\u00e9es\"},{\"@type\":\"BreadcrumbList\",\"@id\":\"https:\/\/www.redacteur.com\/blog\/definition\/donnees-structurees\/#breadcrumb\",\"itemListElement\":[{\"@type\":\"ListItem\",\"position\":1,\"name\":\"Blog\",\"item\":\"https:\/\/www.redacteur.com\/blog\/\"},{\"@type\":\"ListItem\",\"position\":2,\"name\":\"Lexique SEO\",\"item\":\"https:\/\/www.redacteur.com\/blog\/definition\/\"},{\"@type\":\"ListItem\",\"position\":3,\"name\":\"Donn\u00e9es structur\u00e9es\"}]},{\"@type\":\"WebSite\",\"@id\":\"https:\/\/www.redacteur.com\/blog\/#website\",\"url\":\"https:\/\/www.redacteur.com\/blog\/\",\"name\":\"Redacteur.com\",\"description\":\"redacteur\",\"publisher\":{\"@id\":\"https:\/\/www.redacteur.com\/blog\/#organization\"},\"potentialAction\":[{\"@type\":\"SearchAction\",\"target\":{\"@type\":\"EntryPoint\",\"urlTemplate\":\"https:\/\/www.redacteur.com\/blog\/?s={search_term_string}\"},\"query-input\":{\"@type\":\"PropertyValueSpecification\",\"valueRequired\":true,\"valueName\":\"search_term_string\"}}],\"inLanguage\":\"fr-FR\"},{\"@type\":\"Organization\",\"@id\":\"https:\/\/www.redacteur.com\/blog\/#organization\",\"name\":\"Redacteur.com\",\"url\":\"https:\/\/www.redacteur.com\/blog\/\",\"logo\":{\"@type\":\"ImageObject\",\"inLanguage\":\"fr-FR\",\"@id\":\"https:\/\/www.redacteur.com\/blog\/#\/schema\/logo\/image\/\",\"url\":\"https:\/\/www.redacteur.com\/blog\/wp-content\/uploads\/sites\/6\/2022\/10\/logo-redacteur-blog.svg\",\"contentUrl\":\"https:\/\/www.redacteur.com\/blog\/wp-content\/uploads\/sites\/6\/2022\/10\/logo-redacteur-blog.svg\",\"width\":1,\"height\":1,\"caption\":\"Redacteur.com\"},\"image\":{\"@id\":\"https:\/\/www.redacteur.com\/blog\/#\/schema\/logo\/image\/\"},\"sameAs\":[\"https:\/\/www.facebook.com\/redacteurcom\",\"https:\/\/x.com\/Redacteurcom\",\"https:\/\/www.linkedin.com\/company\/redacteur-com\",\"https:\/\/www.youtube.com\/channel\/UCgj9ySM9xy3gdL8qBafl9Uw\/\"]}]}<\/script>\n<!-- \/ Yoast SEO plugin. -->","yoast_head_json":{"title":"Qu'est-ce qu'une donn\u00e9e structur\u00e9e ? D\u00e9finition - Redacteur.com","description":"Pour am\u00e9liorer votre r\u00e9f\u00e9rencement, vous pouvez utiliser les donn\u00e9es structur\u00e9es. Ces derni\u00e8res permettent de rendre vos r\u00e9sultats de recherche plus","robots":{"index":"index","follow":"follow","max-snippet":"max-snippet:-1","max-image-preview":"max-image-preview:large","max-video-preview":"max-video-preview:-1"},"canonical":"https:\/\/www.redacteur.com\/blog\/definition\/donnees-structurees\/","og_locale":"fr_FR","og_type":"article","og_title":"Qu'est-ce qu'une donn\u00e9e structur\u00e9e ? D\u00e9finition - Redacteur.com","og_description":"Pour am\u00e9liorer votre r\u00e9f\u00e9rencement, vous pouvez utiliser les donn\u00e9es structur\u00e9es. Ces derni\u00e8res permettent de rendre vos r\u00e9sultats de recherche plus","og_url":"https:\/\/www.redacteur.com\/blog\/definition\/donnees-structurees\/","og_site_name":"Redacteur.com","article_publisher":"https:\/\/www.facebook.com\/redacteurcom","og_image":[{"url":"https:\/\/www.redacteur.com\/blog\/wp-content\/uploads\/2022\/02\/screenshot2178-1024x798.jpg","type":"","width":"","height":""}],"twitter_card":"summary_large_image","twitter_site":"@Redacteurcom","twitter_misc":{"Dur\u00e9e de lecture estim\u00e9e":"4 minutes"},"schema":{"@context":"https:\/\/schema.org","@graph":[{"@type":"WebPage","@id":"https:\/\/www.redacteur.com\/blog\/definition\/donnees-structurees\/","url":"https:\/\/www.redacteur.com\/blog\/definition\/donnees-structurees\/","name":"Qu'est-ce qu'une donn\u00e9e structur\u00e9e ? D\u00e9finition - Redacteur.com","isPartOf":{"@id":"https:\/\/www.redacteur.com\/blog\/#website"},"primaryImageOfPage":{"@id":"https:\/\/www.redacteur.com\/blog\/definition\/donnees-structurees\/#primaryimage"},"image":{"@id":"https:\/\/www.redacteur.com\/blog\/definition\/donnees-structurees\/#primaryimage"},"thumbnailUrl":"https:\/\/www.redacteur.com\/blog\/wp-content\/uploads\/2022\/02\/screenshot2178-1024x798.jpg","datePublished":"2022-01-26T16:11:17+00:00","description":"Pour am\u00e9liorer votre r\u00e9f\u00e9rencement, vous pouvez utiliser les donn\u00e9es structur\u00e9es. Ces derni\u00e8res permettent de rendre vos r\u00e9sultats de recherche plus","breadcrumb":{"@id":"https:\/\/www.redacteur.com\/blog\/definition\/donnees-structurees\/#breadcrumb"},"inLanguage":"fr-FR","potentialAction":[{"@type":"ReadAction","target":["https:\/\/www.redacteur.com\/blog\/definition\/donnees-structurees\/"]}]},{"@type":"ImageObject","inLanguage":"fr-FR","@id":"https:\/\/www.redacteur.com\/blog\/definition\/donnees-structurees\/#primaryimage","url":"https:\/\/www.redacteur.com\/blog\/wp-content\/uploads\/sites\/6\/2022\/02\/screenshot2178.jpg","contentUrl":"https:\/\/www.redacteur.com\/blog\/wp-content\/uploads\/sites\/6\/2022\/02\/screenshot2178.jpg","width":1354,"height":1055,"caption":"affichage de pages de recettes avec des donn\u00e9es structur\u00e9es"},{"@type":"BreadcrumbList","@id":"https:\/\/www.redacteur.com\/blog\/definition\/donnees-structurees\/#breadcrumb","itemListElement":[{"@type":"ListItem","position":1,"name":"Blog","item":"https:\/\/www.redacteur.com\/blog\/"},{"@type":"ListItem","position":2,"name":"Lexique SEO","item":"https:\/\/www.redacteur.com\/blog\/definition\/"},{"@type":"ListItem","position":3,"name":"Donn\u00e9es structur\u00e9es"}]},{"@type":"WebSite","@id":"https:\/\/www.redacteur.com\/blog\/#website","url":"https:\/\/www.redacteur.com\/blog\/","name":"Redacteur.com","description":"redacteur","publisher":{"@id":"https:\/\/www.redacteur.com\/blog\/#organization"},"potentialAction":[{"@type":"SearchAction","target":{"@type":"EntryPoint","urlTemplate":"https:\/\/www.redacteur.com\/blog\/?s={search_term_string}"},"query-input":{"@type":"PropertyValueSpecification","valueRequired":true,"valueName":"search_term_string"}}],"inLanguage":"fr-FR"},{"@type":"Organization","@id":"https:\/\/www.redacteur.com\/blog\/#organization","name":"Redacteur.com","url":"https:\/\/www.redacteur.com\/blog\/","logo":{"@type":"ImageObject","inLanguage":"fr-FR","@id":"https:\/\/www.redacteur.com\/blog\/#\/schema\/logo\/image\/","url":"https:\/\/www.redacteur.com\/blog\/wp-content\/uploads\/sites\/6\/2022\/10\/logo-redacteur-blog.svg","contentUrl":"https:\/\/www.redacteur.com\/blog\/wp-content\/uploads\/sites\/6\/2022\/10\/logo-redacteur-blog.svg","width":1,"height":1,"caption":"Redacteur.com"},"image":{"@id":"https:\/\/www.redacteur.com\/blog\/#\/schema\/logo\/image\/"},"sameAs":["https:\/\/www.facebook.com\/redacteurcom","https:\/\/x.com\/Redacteurcom","https:\/\/www.linkedin.com\/company\/redacteur-com","https:\/\/www.youtube.com\/channel\/UCgj9ySM9xy3gdL8qBafl9Uw\/"]}]}},"_links":{"self":[{"href":"https:\/\/www.redacteur.com\/blog\/wp-json\/wp\/v2\/pages\/29877","targetHints":{"allow":["GET"]}}],"collection":[{"href":"https:\/\/www.redacteur.com\/blog\/wp-json\/wp\/v2\/pages"}],"about":[{"href":"https:\/\/www.redacteur.com\/blog\/wp-json\/wp\/v2\/types\/page"}],"author":[{"embeddable":true,"href":"https:\/\/www.redacteur.com\/blog\/wp-json\/wp\/v2\/users\/1"}],"replies":[{"embeddable":true,"href":"https:\/\/www.redacteur.com\/blog\/wp-json\/wp\/v2\/comments?post=29877"}],"version-history":[{"count":0,"href":"https:\/\/www.redacteur.com\/blog\/wp-json\/wp\/v2\/pages\/29877\/revisions"}],"up":[{"embeddable":true,"href":"https:\/\/www.redacteur.com\/blog\/wp-json\/wp\/v2\/pages\/29730"}],"wp:attachment":[{"href":"https:\/\/www.redacteur.com\/blog\/wp-json\/wp\/v2\/media?parent=29877"}],"curies":[{"name":"wp","href":"https:\/\/api.w.org\/{rel}","templated":true}]}}