{"id":29880,"date":"2022-01-26T17:18:38","date_gmt":"2022-01-26T16:18:38","guid":{"rendered":"https:\/\/www.redacteur.com\/blog\/?page_id=29880"},"modified":"2022-01-26T17:18:38","modified_gmt":"2022-01-26T16:18:38","slug":"index-mobile-first","status":"publish","type":"page","link":"https:\/\/www.redacteur.com\/blog\/definition\/index-mobile-first\/","title":{"rendered":"Index Mobile First"},"content":{"rendered":"<p>Alors qu\u2019auparavant Google basait le <a href=\"https:\/\/www.redacteur.com\/blog\/definition\/referencement-naturel\/\">r\u00e9f\u00e9rencement naturel<\/a>\u00a0sur le statut des sites en version ordinateur, c\u2019est d\u00e9sormais pour la grande majorit\u00e9 des sites la <strong>version mobile<\/strong> qui est mise en avant. Un changement important que beaucoup ne connaissent pas encore, il est pourtant devenu indispensable aujourd\u2019hui de proposer une version optimis\u00e9e de son site internet pour <strong>mobile<\/strong>.<\/p>\n<p>Sur cette page, vous en apprendrez plus sur l\u2019<strong>Index Mobile First<\/strong> et sur son principe de fonctionnement afin de pouvoir adapter votre strat\u00e9gie face \u00e0 ces nouvelles modifications.<\/p>\n<p>&nbsp;<\/p>\n<h2>Index Mobile First&nbsp;: d\u00e9finition<\/h2>\n<p>Le <strong>Mobile First Index<\/strong> concerne principalement le <strong>mode de fonctionnement des robots Google lorsque ceux-ci viennent visiter les pages de votre site<\/strong>.<\/p>\n<p>Alors que les robots jugeaient le site en fonction de ses performances sur ordinateur jusqu\u2019\u00e0 pr\u00e9sent, c\u2019est maintenant la <strong>version mobile<\/strong> qui prime.<strong> Votre site sera donc jug\u00e9 avant tout pour sa version mobile<\/strong> et la version ordinateur ne sera prise en compte qu\u2019en second plan.<\/p>\n<p>Ce changement a eu lieu \u00e0 cause d\u2019un paradoxe qui a \u00e9t\u00e9 constat\u00e9 par les moteurs de recherche. En effet, la majorit\u00e9 des requ\u00eates se font d\u00e9sormais sur mobile \u00e0 l\u2019\u00e9chelle mondiale et le moteur de recherche ne jugeait jusqu\u2019\u00e0 pr\u00e9sent que la <strong>version ordinateur<\/strong>. La version mobile n\u2019\u00e9tait alors qu\u2019un bonus qui \u00e9tait propos\u00e9 \u00e0 l\u2019utilisateur dans le cas o\u00f9 elle existait.<\/p>\n<p><img decoding=\"async\" class=\" wp-image-29881 aligncenter\" src=\"https:\/\/www.redacteur.com\/blog\/wp-content\/uploads\/2022\/01\/Mobile-first.jpg\" alt=\"Index Mobile First\" width=\"408\" height=\"408\" srcset=\"https:\/\/www.redacteur.com\/blog\/wp-content\/uploads\/sites\/6\/2022\/01\/Mobile-first.jpg 700w, https:\/\/www.redacteur.com\/blog\/wp-content\/uploads\/sites\/6\/2022\/01\/Mobile-first-300x300.jpg 300w, https:\/\/www.redacteur.com\/blog\/wp-content\/uploads\/sites\/6\/2022\/01\/Mobile-first-150x150.jpg 150w, https:\/\/www.redacteur.com\/blog\/wp-content\/uploads\/sites\/6\/2022\/01\/Mobile-first-60x60.jpg 60w, https:\/\/www.redacteur.com\/blog\/wp-content\/uploads\/sites\/6\/2022\/01\/Mobile-first-370x370.jpg 370w, https:\/\/www.redacteur.com\/blog\/wp-content\/uploads\/sites\/6\/2022\/01\/Mobile-first-270x270.jpg 270w, https:\/\/www.redacteur.com\/blog\/wp-content\/uploads\/sites\/6\/2022\/01\/Mobile-first-570x570.jpg 570w\" sizes=\"(max-width: 408px) 100vw, 408px\" \/><\/p>\n<p>&nbsp;<\/p>\n<h2>L\u2019Index Mobile First, comment \u00e7a marche&nbsp;?<\/h2>\n<p>Le principe de fonctionnement est relativement simple. Au lieu de prendre en compte les performances d\u2019un site web dans sa version desktop, l&#8217;algorithme de Google va mettre en avant la <strong>version mobile<\/strong>. La version ordinateur sera prise en compte au second plan, au m\u00eame titre que la <strong>version tablette<\/strong>.<\/p>\n<p>Les propri\u00e9taires de site web ont donc tout int\u00e9r\u00eat \u00e0 <strong>privil\u00e9gier l\u2019optimisation SEO de leur site web dans sa version mobile<\/strong> afin d\u2019offrir une interface agr\u00e9able \u00e0 utiliser et une bonne exp\u00e9rience utilisateur s&#8217;ils ne souhaitent pas se voir p\u00e9naliser au niveau du r\u00e9f\u00e9rencement.<\/p>\n<blockquote><p>Bien que l&#8217;annonce ait \u00e9t\u00e9 faite en 2016 et la mise en place en 2018, nombre de professionnels et de propri\u00e9taires de site web continuent de mettre l\u2019accent sur la version desktop de leur site web en laissant de c\u00f4t\u00e9 la version mobile. Une erreur qui co\u00fbte cher au niveau du r\u00e9f\u00e9rencement puisque les r\u00e8gles ont chang\u00e9. <\/p><\/blockquote>\n<p>La version \u201cStandard\u201d comme elle est appel\u00e9e est un abus du langage puisque la norme est d\u00e9sormais la version mobile.<\/p>\n<p>&nbsp;<\/p>\n<h2>Nos conseils pour optimiser votre r\u00e9f\u00e9rencement mobile<\/h2>\n<p>Pour <strong>optimiser votre r\u00e9f\u00e9rencement<\/strong>, vous devez d\u00e9sormais vous concentrer sur la <a href=\"https:\/\/www.redacteur.com\/blog\/articles-blog-lisibles-mobile\/\"><strong>version mobile de votre site web<\/strong><\/a>.<\/p>\n<p>En effet, d\u2019un point de vue statistique, vous avez plus de chances que vos visiteurs proviennent de sources mobiles que desktop. Il leur faut donc une exp\u00e9rience utilisateur optimis\u00e9e afin que vous obteniez de bons retours afin d\u2019entrer dans les bonnes gr\u00e2ces des moteurs de recherche.<\/p>\n<blockquote><p>Bien que la version mobile soit d\u00e9sormais mise en avant, la version ordinateur n\u2019est pas non plus \u00e0 laisser de c\u00f4t\u00e9, de m\u00eame que la version tablette, car bien que rel\u00e9gu\u00e9s au second plan, ces \u00e9l\u00e9ments sont pris en compte dans les crit\u00e8res de r\u00e9f\u00e9rencement.<\/p><\/blockquote>\n<p>Pensez \u00e0 mettre en place des fonctionnalit\u00e9s utiles sp\u00e9cialement pens\u00e9es pour les <strong>versions mobiles<\/strong> afin de permettre aux robots de Google de mieux comprendre l&#8217;arborescence de votre site dans sa version mobile.<\/p>\n<p>L\u2019objectif est que votre site puisse proposer un d\u00e9placement fluide et libre \u00e0 travers les diff\u00e9rentes pages tout en ayant une <strong>optimisation SEO<\/strong> irr\u00e9prochable au niveau des contenus.<\/p>\n<p>Si vous n\u2019\u00eates pas encore \u00e0 jour, c\u2019est peut-\u00eatre le moment de rattraper le train et de comprendre pourquoi vos pages sont moins bien r\u00e9f\u00e9renc\u00e9es que la concurrence.<\/p>\n","protected":false},"excerpt":{"rendered":"<p>Alors qu\u2019auparavant Google basait le r\u00e9f\u00e9rencement naturel\u00a0sur le statut des sites en version ordinateur, c\u2019est d\u00e9sormais pour la grande majorit\u00e9 des sites la version mobile qui est mise en avant. Un changement important que beaucoup ne connaissent pas encore, il est pourtant devenu indispensable aujourd\u2019hui de proposer une version optimis\u00e9e de son site internet pour [&hellip;]<\/p>\n","protected":false},"author":1,"featured_media":0,"parent":29730,"menu_order":0,"comment_status":"closed","ping_status":"closed","template":"","meta":{"_acf_changed":false,"inline_featured_image":false,"footnotes":""},"class_list":["post-29880","page","type-page","status-publish","hentry"],"acf":[],"yoast_head":"<!-- This site is optimized with the Yoast SEO plugin v25.9 - https:\/\/yoast.com\/wordpress\/plugins\/seo\/ -->\n<title>Index Mobile First : D\u00e9finition - Redacteur.com<\/title>\n<meta name=\"description\" content=\"Alors qu\u2019auparavant Google basait le r\u00e9f\u00e9rencement naturel\u00a0sur le statut des sites en version ordinateur, c\u2019est d\u00e9sormais pour la grande majorit\u00e9 des\" \/>\n<meta name=\"robots\" content=\"index, follow, max-snippet:-1, max-image-preview:large, max-video-preview:-1\" \/>\n<link rel=\"canonical\" href=\"https:\/\/www.redacteur.com\/blog\/definition\/index-mobile-first\/\" \/>\n<meta property=\"og:locale\" content=\"fr_FR\" \/>\n<meta property=\"og:type\" content=\"article\" \/>\n<meta property=\"og:title\" content=\"Index Mobile First : D\u00e9finition - Redacteur.com\" \/>\n<meta property=\"og:description\" content=\"Alors qu\u2019auparavant Google basait le r\u00e9f\u00e9rencement naturel\u00a0sur le statut des sites en version ordinateur, c\u2019est d\u00e9sormais pour la grande majorit\u00e9 des\" \/>\n<meta property=\"og:url\" content=\"https:\/\/www.redacteur.com\/blog\/definition\/index-mobile-first\/\" \/>\n<meta property=\"og:site_name\" content=\"Redacteur.com\" \/>\n<meta property=\"article:publisher\" content=\"https:\/\/www.facebook.com\/redacteurcom\" \/>\n<meta property=\"og:image\" content=\"https:\/\/www.redacteur.com\/blog\/wp-content\/uploads\/2022\/01\/Mobile-first.jpg\" \/>\n<meta name=\"twitter:card\" content=\"summary_large_image\" \/>\n<meta name=\"twitter:site\" content=\"@Redacteurcom\" \/>\n<meta name=\"twitter:label1\" content=\"Dur\u00e9e de lecture estim\u00e9e\" \/>\n\t<meta name=\"twitter:data1\" content=\"4 minutes\" \/>\n<script type=\"application\/ld+json\" class=\"yoast-schema-graph\">{\"@context\":\"https:\/\/schema.org\",\"@graph\":[{\"@type\":\"WebPage\",\"@id\":\"https:\/\/www.redacteur.com\/blog\/definition\/index-mobile-first\/\",\"url\":\"https:\/\/www.redacteur.com\/blog\/definition\/index-mobile-first\/\",\"name\":\"Index Mobile First : D\u00e9finition - Redacteur.com\",\"isPartOf\":{\"@id\":\"https:\/\/www.redacteur.com\/blog\/#website\"},\"primaryImageOfPage\":{\"@id\":\"https:\/\/www.redacteur.com\/blog\/definition\/index-mobile-first\/#primaryimage\"},\"image\":{\"@id\":\"https:\/\/www.redacteur.com\/blog\/definition\/index-mobile-first\/#primaryimage\"},\"thumbnailUrl\":\"https:\/\/www.redacteur.com\/blog\/wp-content\/uploads\/2022\/01\/Mobile-first.jpg\",\"datePublished\":\"2022-01-26T16:18:38+00:00\",\"description\":\"Alors qu\u2019auparavant Google basait le r\u00e9f\u00e9rencement naturel\u00a0sur le statut des sites en version ordinateur, c\u2019est d\u00e9sormais pour la grande majorit\u00e9 des\",\"breadcrumb\":{\"@id\":\"https:\/\/www.redacteur.com\/blog\/definition\/index-mobile-first\/#breadcrumb\"},\"inLanguage\":\"fr-FR\",\"potentialAction\":[{\"@type\":\"ReadAction\",\"target\":[\"https:\/\/www.redacteur.com\/blog\/definition\/index-mobile-first\/\"]}]},{\"@type\":\"ImageObject\",\"inLanguage\":\"fr-FR\",\"@id\":\"https:\/\/www.redacteur.com\/blog\/definition\/index-mobile-first\/#primaryimage\",\"url\":\"https:\/\/www.redacteur.com\/blog\/wp-content\/uploads\/sites\/6\/2022\/01\/Mobile-first.jpg\",\"contentUrl\":\"https:\/\/www.redacteur.com\/blog\/wp-content\/uploads\/sites\/6\/2022\/01\/Mobile-first.jpg\",\"width\":700,\"height\":700,\"caption\":\"Index Mobile First\"},{\"@type\":\"BreadcrumbList\",\"@id\":\"https:\/\/www.redacteur.com\/blog\/definition\/index-mobile-first\/#breadcrumb\",\"itemListElement\":[{\"@type\":\"ListItem\",\"position\":1,\"name\":\"Blog\",\"item\":\"https:\/\/www.redacteur.com\/blog\/\"},{\"@type\":\"ListItem\",\"position\":2,\"name\":\"Lexique SEO\",\"item\":\"https:\/\/www.redacteur.com\/blog\/definition\/\"},{\"@type\":\"ListItem\",\"position\":3,\"name\":\"Index Mobile First\"}]},{\"@type\":\"WebSite\",\"@id\":\"https:\/\/www.redacteur.com\/blog\/#website\",\"url\":\"https:\/\/www.redacteur.com\/blog\/\",\"name\":\"Redacteur.com\",\"description\":\"redacteur\",\"publisher\":{\"@id\":\"https:\/\/www.redacteur.com\/blog\/#organization\"},\"potentialAction\":[{\"@type\":\"SearchAction\",\"target\":{\"@type\":\"EntryPoint\",\"urlTemplate\":\"https:\/\/www.redacteur.com\/blog\/?s={search_term_string}\"},\"query-input\":{\"@type\":\"PropertyValueSpecification\",\"valueRequired\":true,\"valueName\":\"search_term_string\"}}],\"inLanguage\":\"fr-FR\"},{\"@type\":\"Organization\",\"@id\":\"https:\/\/www.redacteur.com\/blog\/#organization\",\"name\":\"Redacteur.com\",\"url\":\"https:\/\/www.redacteur.com\/blog\/\",\"logo\":{\"@type\":\"ImageObject\",\"inLanguage\":\"fr-FR\",\"@id\":\"https:\/\/www.redacteur.com\/blog\/#\/schema\/logo\/image\/\",\"url\":\"https:\/\/www.redacteur.com\/blog\/wp-content\/uploads\/sites\/6\/2022\/10\/logo-redacteur-blog.svg\",\"contentUrl\":\"https:\/\/www.redacteur.com\/blog\/wp-content\/uploads\/sites\/6\/2022\/10\/logo-redacteur-blog.svg\",\"width\":1,\"height\":1,\"caption\":\"Redacteur.com\"},\"image\":{\"@id\":\"https:\/\/www.redacteur.com\/blog\/#\/schema\/logo\/image\/\"},\"sameAs\":[\"https:\/\/www.facebook.com\/redacteurcom\",\"https:\/\/x.com\/Redacteurcom\",\"https:\/\/www.linkedin.com\/company\/redacteur-com\",\"https:\/\/www.youtube.com\/channel\/UCgj9ySM9xy3gdL8qBafl9Uw\/\"]}]}<\/script>\n<!-- \/ Yoast SEO plugin. -->","yoast_head_json":{"title":"Index Mobile First : D\u00e9finition - Redacteur.com","description":"Alors qu\u2019auparavant Google basait le r\u00e9f\u00e9rencement naturel\u00a0sur le statut des sites en version ordinateur, c\u2019est d\u00e9sormais pour la grande majorit\u00e9 des","robots":{"index":"index","follow":"follow","max-snippet":"max-snippet:-1","max-image-preview":"max-image-preview:large","max-video-preview":"max-video-preview:-1"},"canonical":"https:\/\/www.redacteur.com\/blog\/definition\/index-mobile-first\/","og_locale":"fr_FR","og_type":"article","og_title":"Index Mobile First : D\u00e9finition - Redacteur.com","og_description":"Alors qu\u2019auparavant Google basait le r\u00e9f\u00e9rencement naturel\u00a0sur le statut des sites en version ordinateur, c\u2019est d\u00e9sormais pour la grande majorit\u00e9 des","og_url":"https:\/\/www.redacteur.com\/blog\/definition\/index-mobile-first\/","og_site_name":"Redacteur.com","article_publisher":"https:\/\/www.facebook.com\/redacteurcom","og_image":[{"url":"https:\/\/www.redacteur.com\/blog\/wp-content\/uploads\/2022\/01\/Mobile-first.jpg","type":"","width":"","height":""}],"twitter_card":"summary_large_image","twitter_site":"@Redacteurcom","twitter_misc":{"Dur\u00e9e de lecture estim\u00e9e":"4 minutes"},"schema":{"@context":"https:\/\/schema.org","@graph":[{"@type":"WebPage","@id":"https:\/\/www.redacteur.com\/blog\/definition\/index-mobile-first\/","url":"https:\/\/www.redacteur.com\/blog\/definition\/index-mobile-first\/","name":"Index Mobile First : D\u00e9finition - Redacteur.com","isPartOf":{"@id":"https:\/\/www.redacteur.com\/blog\/#website"},"primaryImageOfPage":{"@id":"https:\/\/www.redacteur.com\/blog\/definition\/index-mobile-first\/#primaryimage"},"image":{"@id":"https:\/\/www.redacteur.com\/blog\/definition\/index-mobile-first\/#primaryimage"},"thumbnailUrl":"https:\/\/www.redacteur.com\/blog\/wp-content\/uploads\/2022\/01\/Mobile-first.jpg","datePublished":"2022-01-26T16:18:38+00:00","description":"Alors qu\u2019auparavant Google basait le r\u00e9f\u00e9rencement naturel\u00a0sur le statut des sites en version ordinateur, c\u2019est d\u00e9sormais pour la grande majorit\u00e9 des","breadcrumb":{"@id":"https:\/\/www.redacteur.com\/blog\/definition\/index-mobile-first\/#breadcrumb"},"inLanguage":"fr-FR","potentialAction":[{"@type":"ReadAction","target":["https:\/\/www.redacteur.com\/blog\/definition\/index-mobile-first\/"]}]},{"@type":"ImageObject","inLanguage":"fr-FR","@id":"https:\/\/www.redacteur.com\/blog\/definition\/index-mobile-first\/#primaryimage","url":"https:\/\/www.redacteur.com\/blog\/wp-content\/uploads\/sites\/6\/2022\/01\/Mobile-first.jpg","contentUrl":"https:\/\/www.redacteur.com\/blog\/wp-content\/uploads\/sites\/6\/2022\/01\/Mobile-first.jpg","width":700,"height":700,"caption":"Index Mobile First"},{"@type":"BreadcrumbList","@id":"https:\/\/www.redacteur.com\/blog\/definition\/index-mobile-first\/#breadcrumb","itemListElement":[{"@type":"ListItem","position":1,"name":"Blog","item":"https:\/\/www.redacteur.com\/blog\/"},{"@type":"ListItem","position":2,"name":"Lexique SEO","item":"https:\/\/www.redacteur.com\/blog\/definition\/"},{"@type":"ListItem","position":3,"name":"Index Mobile First"}]},{"@type":"WebSite","@id":"https:\/\/www.redacteur.com\/blog\/#website","url":"https:\/\/www.redacteur.com\/blog\/","name":"Redacteur.com","description":"redacteur","publisher":{"@id":"https:\/\/www.redacteur.com\/blog\/#organization"},"potentialAction":[{"@type":"SearchAction","target":{"@type":"EntryPoint","urlTemplate":"https:\/\/www.redacteur.com\/blog\/?s={search_term_string}"},"query-input":{"@type":"PropertyValueSpecification","valueRequired":true,"valueName":"search_term_string"}}],"inLanguage":"fr-FR"},{"@type":"Organization","@id":"https:\/\/www.redacteur.com\/blog\/#organization","name":"Redacteur.com","url":"https:\/\/www.redacteur.com\/blog\/","logo":{"@type":"ImageObject","inLanguage":"fr-FR","@id":"https:\/\/www.redacteur.com\/blog\/#\/schema\/logo\/image\/","url":"https:\/\/www.redacteur.com\/blog\/wp-content\/uploads\/sites\/6\/2022\/10\/logo-redacteur-blog.svg","contentUrl":"https:\/\/www.redacteur.com\/blog\/wp-content\/uploads\/sites\/6\/2022\/10\/logo-redacteur-blog.svg","width":1,"height":1,"caption":"Redacteur.com"},"image":{"@id":"https:\/\/www.redacteur.com\/blog\/#\/schema\/logo\/image\/"},"sameAs":["https:\/\/www.facebook.com\/redacteurcom","https:\/\/x.com\/Redacteurcom","https:\/\/www.linkedin.com\/company\/redacteur-com","https:\/\/www.youtube.com\/channel\/UCgj9ySM9xy3gdL8qBafl9Uw\/"]}]}},"_links":{"self":[{"href":"https:\/\/www.redacteur.com\/blog\/wp-json\/wp\/v2\/pages\/29880","targetHints":{"allow":["GET"]}}],"collection":[{"href":"https:\/\/www.redacteur.com\/blog\/wp-json\/wp\/v2\/pages"}],"about":[{"href":"https:\/\/www.redacteur.com\/blog\/wp-json\/wp\/v2\/types\/page"}],"author":[{"embeddable":true,"href":"https:\/\/www.redacteur.com\/blog\/wp-json\/wp\/v2\/users\/1"}],"replies":[{"embeddable":true,"href":"https:\/\/www.redacteur.com\/blog\/wp-json\/wp\/v2\/comments?post=29880"}],"version-history":[{"count":0,"href":"https:\/\/www.redacteur.com\/blog\/wp-json\/wp\/v2\/pages\/29880\/revisions"}],"up":[{"embeddable":true,"href":"https:\/\/www.redacteur.com\/blog\/wp-json\/wp\/v2\/pages\/29730"}],"wp:attachment":[{"href":"https:\/\/www.redacteur.com\/blog\/wp-json\/wp\/v2\/media?parent=29880"}],"curies":[{"name":"wp","href":"https:\/\/api.w.org\/{rel}","templated":true}]}}