{"id":29883,"date":"2022-01-26T17:26:31","date_gmt":"2022-01-26T16:26:31","guid":{"rendered":"https:\/\/www.redacteur.com\/blog\/?page_id=29883"},"modified":"2022-01-26T17:26:31","modified_gmt":"2022-01-26T16:26:31","slug":"noindex","status":"publish","type":"page","link":"https:\/\/www.redacteur.com\/blog\/definition\/noindex\/","title":{"rendered":"NoIndex"},"content":{"rendered":"<p>Le <strong>NoIndex<\/strong> est un outil compl\u00e9mentaire au SEO. Dans cette page, nous allons donc d\u00e9finir ce qu\u2019est cet outil, avant de nous pencher sur son utilit\u00e9 en <a href=\"https:\/\/www.redacteur.com\/blog\/definition\/seo\/\"><strong>SEO<\/strong><\/a>, puis nous terminerons sur une pr\u00e9sentation de comment l\u2019utiliser.<\/p>\n<h2><\/h2>\n<h2>NoIndex&nbsp;: d\u00e9finition<\/h2>\n<p>Le <strong>NoIndex<\/strong> fonctionne \u00e0 partir d\u2019une <a href=\"https:\/\/www.redacteur.com\/blog\/definition\/balise-html\/\">balise<\/a> situ\u00e9e dans le code source HTML de la page. Lorsque cette balise est plac\u00e9e, cette derni\u00e8re<strong> informe les robots que le cr\u00e9ateur du site ne veut pas que cette page soit index\u00e9e<\/strong>. D\u2019o\u00f9 le nom \u00ab NoIndex \u00bb signifiant litt\u00e9ralement \u00ab <strong>pas d\u2019index<\/strong> \u00bb.<\/p>\n<p>Elle permet, plus sp\u00e9cifiquement, de notifier aux robots des moteurs de recherches si oui ou non la page doit \u00eatre index\u00e9e. La balise se pr\u00e9sente sous cette forme&nbsp;:<\/p>\n<pre>&lt;meta name=\"robots\" content=\"X,Y\"&gt;<\/pre>\n<ul>\n<li>Le X repr\u00e9sente le mot \u00ab index \u00bb ou justement \u00ab noindex \u00bb pour indiquer si la page doit \u00eatre index\u00e9e ou non.<\/li>\n<li>Le Y repr\u00e9sente une autre balise&nbsp;: \u00ab follow \u00bb signifiant que les robots doivent suivre les liens pr\u00e9sents sur la page cit\u00e9e sur cette ligne de code, ou \u00ab nofollow \u00bb pour indiquer que les liens ne doivent pas \u00eatre observ\u00e9s.<\/li>\n<\/ul>\n<p>Ainsi, cette balise sert \u00e0 orienter les robots des <strong>moteurs de recherche<\/strong>.<\/p>\n<p>Par exemple, nous avons souhait\u00e9 indexer la page que vous \u00eates en train de lire. Nous avons donc indiqu\u00e9 aux robots des moteurs de recherche de l&#8217;indexer gr\u00e2ce \u00e0 la balise \u00ab index \u00bb&nbsp;:<\/p>\n<p><img decoding=\"async\" class=\"alignnone size-large wp-image-29931\" src=\"https:\/\/www.redacteur.com\/blog\/wp-content\/uploads\/2022\/01\/screenshot2169-1024x75.jpg\" alt=\"balise index\" width=\"770\" height=\"56\" srcset=\"https:\/\/www.redacteur.com\/blog\/wp-content\/uploads\/sites\/6\/2022\/01\/screenshot2169-1024x75.jpg 1024w, https:\/\/www.redacteur.com\/blog\/wp-content\/uploads\/sites\/6\/2022\/01\/screenshot2169-300x22.jpg 300w, https:\/\/www.redacteur.com\/blog\/wp-content\/uploads\/sites\/6\/2022\/01\/screenshot2169-768x56.jpg 768w, https:\/\/www.redacteur.com\/blog\/wp-content\/uploads\/sites\/6\/2022\/01\/screenshot2169-60x4.jpg 60w, https:\/\/www.redacteur.com\/blog\/wp-content\/uploads\/sites\/6\/2022\/01\/screenshot2169-370x27.jpg 370w, https:\/\/www.redacteur.com\/blog\/wp-content\/uploads\/sites\/6\/2022\/01\/screenshot2169-270x20.jpg 270w, https:\/\/www.redacteur.com\/blog\/wp-content\/uploads\/sites\/6\/2022\/01\/screenshot2169-570x42.jpg 570w, https:\/\/www.redacteur.com\/blog\/wp-content\/uploads\/sites\/6\/2022\/01\/screenshot2169-740x54.jpg 740w, https:\/\/www.redacteur.com\/blog\/wp-content\/uploads\/sites\/6\/2022\/01\/screenshot2169.jpg 1365w\" sizes=\"(max-width: 770px) 100vw, 770px\" \/><\/p>\n<p>\u00c0 l&#8217;inverse, si nous n&#8217;avions pas souhait\u00e9 que cette page soit index\u00e9e par les moteurs de recherche nous aurions utilis\u00e9 la balise \u00ab noindex \u00bb, comme ceci&nbsp;:<\/p>\n<p><a href=\"https:\/\/www.redacteur.com\/blog\/wp-content\/uploads\/2022\/01\/screenshot2170.jpg\"><img decoding=\"async\" class=\"alignnone size-large wp-image-29932\" src=\"https:\/\/www.redacteur.com\/blog\/wp-content\/uploads\/2022\/01\/screenshot2170-1024x73.jpg\" alt=\"balise noindex\" width=\"770\" height=\"55\" srcset=\"https:\/\/www.redacteur.com\/blog\/wp-content\/uploads\/sites\/6\/2022\/01\/screenshot2170-1024x73.jpg 1024w, https:\/\/www.redacteur.com\/blog\/wp-content\/uploads\/sites\/6\/2022\/01\/screenshot2170-300x21.jpg 300w, https:\/\/www.redacteur.com\/blog\/wp-content\/uploads\/sites\/6\/2022\/01\/screenshot2170-768x55.jpg 768w, https:\/\/www.redacteur.com\/blog\/wp-content\/uploads\/sites\/6\/2022\/01\/screenshot2170-60x4.jpg 60w, https:\/\/www.redacteur.com\/blog\/wp-content\/uploads\/sites\/6\/2022\/01\/screenshot2170-370x26.jpg 370w, https:\/\/www.redacteur.com\/blog\/wp-content\/uploads\/sites\/6\/2022\/01\/screenshot2170-270x19.jpg 270w, https:\/\/www.redacteur.com\/blog\/wp-content\/uploads\/sites\/6\/2022\/01\/screenshot2170-570x41.jpg 570w, https:\/\/www.redacteur.com\/blog\/wp-content\/uploads\/sites\/6\/2022\/01\/screenshot2170-740x53.jpg 740w, https:\/\/www.redacteur.com\/blog\/wp-content\/uploads\/sites\/6\/2022\/01\/screenshot2170.jpg 1360w\" sizes=\"(max-width: 770px) 100vw, 770px\" \/><\/a><\/p>\n<p>&nbsp;<\/p>\n<h2>Quels sont les int\u00e9r\u00eats d\u2019utiliser le noindex pour le SEO&nbsp;?<\/h2>\n<h3>\u00c9conomiser le Budget Crawl<\/h3>\n<p>Puisque cette balise a pour objectif d\u2019emp\u00eacher les robots d\u2019analyser certaines pages, ceci \u00e0 un impact direct sur le <a href=\"https:\/\/www.redacteur.com\/blog\/definition\/budget-crawl\/\"><strong>Budget Crawl<\/strong><\/a>.<\/p>\n<p>Plus pr\u00e9cis\u00e9ment, cela permet de r\u00e9partir ce Budget de Crawl sur des pages plus int\u00e9ressantes et ainsi d\u2019optimiser et d\u2019<strong>indexer les pages que vous consid\u00e9rez comme les plus importantes<\/strong>.<\/p>\n<h3>Ne pas \u00eatre p\u00e9nalis\u00e9 pour du contenu incomplet ou obsol\u00e8te<\/h3>\n<p>De plus, elle permet d\u2019<strong>\u00e9viter d\u2019\u00eatre p\u00e9nalis\u00e9 par le moteur de recherche en cas de page incompl\u00e8te ou avec du contenu obsol\u00e8te<\/strong>.<\/p>\n<p>En effet, chaque page index\u00e9e est \u00e9valu\u00e9e par Google par exemple, pour savoir si son contenu m\u00e9rite d\u2019\u00eatre mis en avant. Si cette page n\u2019est pas index\u00e9e, alors aucune p\u00e9nalit\u00e9 ne sera encourue.<\/p>\n<p><img decoding=\"async\" class=\" wp-image-29884 aligncenter\" src=\"https:\/\/www.redacteur.com\/blog\/wp-content\/uploads\/2022\/01\/noindex.jpg\" alt=\"NoIndex\" width=\"287\" height=\"287\" srcset=\"https:\/\/www.redacteur.com\/blog\/wp-content\/uploads\/sites\/6\/2022\/01\/noindex.jpg 700w, https:\/\/www.redacteur.com\/blog\/wp-content\/uploads\/sites\/6\/2022\/01\/noindex-300x300.jpg 300w, https:\/\/www.redacteur.com\/blog\/wp-content\/uploads\/sites\/6\/2022\/01\/noindex-150x150.jpg 150w, https:\/\/www.redacteur.com\/blog\/wp-content\/uploads\/sites\/6\/2022\/01\/noindex-60x60.jpg 60w, https:\/\/www.redacteur.com\/blog\/wp-content\/uploads\/sites\/6\/2022\/01\/noindex-370x370.jpg 370w, https:\/\/www.redacteur.com\/blog\/wp-content\/uploads\/sites\/6\/2022\/01\/noindex-270x270.jpg 270w, https:\/\/www.redacteur.com\/blog\/wp-content\/uploads\/sites\/6\/2022\/01\/noindex-570x570.jpg 570w\" sizes=\"(max-width: 287px) 100vw, 287px\" \/><\/p>\n<h2>Sur quelles pages utiliser noindex&nbsp;?<\/h2>\n<p>Plusieurs types de pages sont donc importantes \u00e0 ne pas indexer&nbsp;:<\/p>\n<h3>Les pages avec du contenu pauvre<\/h3>\n<p>Comme dit pr\u00e9c\u00e9demment dans l\u2019exemple, ces pages sont mal vues par Google, car elles ne contiennent pas des informations r\u00e9pondant aux attentes des utilisateurs. Google va donc \u00e9viter de la recommander.<\/p>\n<h3>Les pages avec du contenu obsol\u00e8te<\/h3>\n<p>Tout comme la page pauvre en contenu, les informations pr\u00e9sentes ne r\u00e9pondront pas aux attentes. Pire, \u00e9tant obsol\u00e8te, elle induirait en erreur les utilisateurs.<\/p>\n<h3>Les pages produisant du duplicate content<\/h3>\n<p>En plus de la balise canonicale, le NoIndex peut permettre de limiter l\u2019impact n\u00e9gatif du <a href=\"https:\/\/www.redacteur.com\/blog\/definition\/duplicate-content\/\">contenu dupliqu\u00e9<\/a>, proche, etc, sur votre site.<\/p>\n<p>Pour cela, il suffit d\u2019<strong>utiliser la balise NoIndex sur les pages ayant du contenu quasi identique<\/strong>.<\/p>\n<p>Les pages avec du contenu tr\u00e8s proche sont l\u2019une des plus grosses sources du manque d\u2019optimisation du budget crawl. Elles sont donc importantes \u00e0 ne pas indexer, pour \u00e9conomiser ce budget.<\/p>\n<h3>Les pages en PDF<\/h3>\n<p>Ces pages \u00e9tant des fichiers directement t\u00e9l\u00e9charg\u00e9s par l\u2019utilisateur, elles peuvent r\u00e9duire consid\u00e9rablement le trafic sur votre site.<\/p>\n<p>De plus, elles permettent souvent d\u2019apporter plus d\u2019information sur un sujet, donc elles contiennent souvent du duplicate content.<\/p>\n<h3>Autres pages peu utiles pour les robots<\/h3>\n<p>Certaines pages sont d\u2019une importance capitale pour les utilisateurs, surtout les habitu\u00e9s tels que les pages de contact ou celles pour se connecter. Pourtant, elles n\u2019ont absolument aucun int\u00e9r\u00eat pour les robots, et consommeront simplement du budget crawl.<\/p>\n<p>&nbsp;<\/p>\n<h2>En conclusion<\/h2>\n<p>Ainsi, le NoIndex sert principalement \u00e0 vous aider dans l\u2019optimisation de votre Budget Crawl, ce qui vous permet d\u2019\u00e9viter toute p\u00e9nalit\u00e9. Par cons\u00e9quent, le <strong>NoIndex sert principalement \u00e0 \u00e9viter une baisse du r\u00e9f\u00e9rencement.<\/strong><\/p>\n","protected":false},"excerpt":{"rendered":"<p>Le NoIndex est un outil compl\u00e9mentaire au SEO. Dans cette page, nous allons donc d\u00e9finir ce qu\u2019est cet outil, avant de nous pencher sur son utilit\u00e9 en SEO, puis nous terminerons sur une pr\u00e9sentation de comment l\u2019utiliser. NoIndex&nbsp;: d\u00e9finition Le NoIndex fonctionne \u00e0 partir d\u2019une balise situ\u00e9e dans le code source HTML de la page. [&hellip;]<\/p>\n","protected":false},"author":1,"featured_media":0,"parent":29730,"menu_order":0,"comment_status":"closed","ping_status":"closed","template":"","meta":{"_acf_changed":false,"inline_featured_image":false,"footnotes":""},"class_list":["post-29883","page","type-page","status-publish","hentry"],"acf":[],"yoast_head":"<!-- This site is optimized with the Yoast SEO plugin v25.9 - https:\/\/yoast.com\/wordpress\/plugins\/seo\/ -->\n<title>Qu&#039;est-ce que le NoIndex ? D\u00e9finition - Redacteur.com<\/title>\n<meta name=\"description\" content=\"Le NoIndex est un outil compl\u00e9mentaire au SEO. Dans cette page, nous allons donc d\u00e9finir ce qu\u2019est cet outil, avant de nous pencher sur son utilit\u00e9 en\" \/>\n<meta name=\"robots\" content=\"index, follow, max-snippet:-1, max-image-preview:large, max-video-preview:-1\" \/>\n<link rel=\"canonical\" href=\"https:\/\/www.redacteur.com\/blog\/definition\/noindex\/\" \/>\n<meta property=\"og:locale\" content=\"fr_FR\" \/>\n<meta property=\"og:type\" content=\"article\" \/>\n<meta property=\"og:title\" content=\"Qu&#039;est-ce que le NoIndex ? D\u00e9finition - Redacteur.com\" \/>\n<meta property=\"og:description\" content=\"Le NoIndex est un outil compl\u00e9mentaire au SEO. Dans cette page, nous allons donc d\u00e9finir ce qu\u2019est cet outil, avant de nous pencher sur son utilit\u00e9 en\" \/>\n<meta property=\"og:url\" content=\"https:\/\/www.redacteur.com\/blog\/definition\/noindex\/\" \/>\n<meta property=\"og:site_name\" content=\"Redacteur.com\" \/>\n<meta property=\"article:publisher\" content=\"https:\/\/www.facebook.com\/redacteurcom\" \/>\n<meta property=\"og:image\" content=\"https:\/\/www.redacteur.com\/blog\/wp-content\/uploads\/2022\/01\/screenshot2169-1024x75.jpg\" \/>\n<meta name=\"twitter:card\" content=\"summary_large_image\" \/>\n<meta name=\"twitter:site\" content=\"@Redacteurcom\" \/>\n<meta name=\"twitter:label1\" content=\"Dur\u00e9e de lecture estim\u00e9e\" \/>\n\t<meta name=\"twitter:data1\" content=\"4 minutes\" \/>\n<script type=\"application\/ld+json\" class=\"yoast-schema-graph\">{\"@context\":\"https:\/\/schema.org\",\"@graph\":[{\"@type\":\"WebPage\",\"@id\":\"https:\/\/www.redacteur.com\/blog\/definition\/noindex\/\",\"url\":\"https:\/\/www.redacteur.com\/blog\/definition\/noindex\/\",\"name\":\"Qu'est-ce que le NoIndex ? D\u00e9finition - Redacteur.com\",\"isPartOf\":{\"@id\":\"https:\/\/www.redacteur.com\/blog\/#website\"},\"primaryImageOfPage\":{\"@id\":\"https:\/\/www.redacteur.com\/blog\/definition\/noindex\/#primaryimage\"},\"image\":{\"@id\":\"https:\/\/www.redacteur.com\/blog\/definition\/noindex\/#primaryimage\"},\"thumbnailUrl\":\"https:\/\/www.redacteur.com\/blog\/wp-content\/uploads\/2022\/01\/screenshot2169-1024x75.jpg\",\"datePublished\":\"2022-01-26T16:26:31+00:00\",\"description\":\"Le NoIndex est un outil compl\u00e9mentaire au SEO. Dans cette page, nous allons donc d\u00e9finir ce qu\u2019est cet outil, avant de nous pencher sur son utilit\u00e9 en\",\"breadcrumb\":{\"@id\":\"https:\/\/www.redacteur.com\/blog\/definition\/noindex\/#breadcrumb\"},\"inLanguage\":\"fr-FR\",\"potentialAction\":[{\"@type\":\"ReadAction\",\"target\":[\"https:\/\/www.redacteur.com\/blog\/definition\/noindex\/\"]}]},{\"@type\":\"ImageObject\",\"inLanguage\":\"fr-FR\",\"@id\":\"https:\/\/www.redacteur.com\/blog\/definition\/noindex\/#primaryimage\",\"url\":\"https:\/\/www.redacteur.com\/blog\/wp-content\/uploads\/sites\/6\/2022\/01\/screenshot2169.jpg\",\"contentUrl\":\"https:\/\/www.redacteur.com\/blog\/wp-content\/uploads\/sites\/6\/2022\/01\/screenshot2169.jpg\",\"width\":1365,\"height\":100,\"caption\":\"balise index\"},{\"@type\":\"BreadcrumbList\",\"@id\":\"https:\/\/www.redacteur.com\/blog\/definition\/noindex\/#breadcrumb\",\"itemListElement\":[{\"@type\":\"ListItem\",\"position\":1,\"name\":\"Blog\",\"item\":\"https:\/\/www.redacteur.com\/blog\/\"},{\"@type\":\"ListItem\",\"position\":2,\"name\":\"Lexique SEO\",\"item\":\"https:\/\/www.redacteur.com\/blog\/definition\/\"},{\"@type\":\"ListItem\",\"position\":3,\"name\":\"NoIndex\"}]},{\"@type\":\"WebSite\",\"@id\":\"https:\/\/www.redacteur.com\/blog\/#website\",\"url\":\"https:\/\/www.redacteur.com\/blog\/\",\"name\":\"Redacteur.com\",\"description\":\"redacteur\",\"publisher\":{\"@id\":\"https:\/\/www.redacteur.com\/blog\/#organization\"},\"potentialAction\":[{\"@type\":\"SearchAction\",\"target\":{\"@type\":\"EntryPoint\",\"urlTemplate\":\"https:\/\/www.redacteur.com\/blog\/?s={search_term_string}\"},\"query-input\":{\"@type\":\"PropertyValueSpecification\",\"valueRequired\":true,\"valueName\":\"search_term_string\"}}],\"inLanguage\":\"fr-FR\"},{\"@type\":\"Organization\",\"@id\":\"https:\/\/www.redacteur.com\/blog\/#organization\",\"name\":\"Redacteur.com\",\"url\":\"https:\/\/www.redacteur.com\/blog\/\",\"logo\":{\"@type\":\"ImageObject\",\"inLanguage\":\"fr-FR\",\"@id\":\"https:\/\/www.redacteur.com\/blog\/#\/schema\/logo\/image\/\",\"url\":\"https:\/\/www.redacteur.com\/blog\/wp-content\/uploads\/sites\/6\/2022\/10\/logo-redacteur-blog.svg\",\"contentUrl\":\"https:\/\/www.redacteur.com\/blog\/wp-content\/uploads\/sites\/6\/2022\/10\/logo-redacteur-blog.svg\",\"width\":1,\"height\":1,\"caption\":\"Redacteur.com\"},\"image\":{\"@id\":\"https:\/\/www.redacteur.com\/blog\/#\/schema\/logo\/image\/\"},\"sameAs\":[\"https:\/\/www.facebook.com\/redacteurcom\",\"https:\/\/x.com\/Redacteurcom\",\"https:\/\/www.linkedin.com\/company\/redacteur-com\",\"https:\/\/www.youtube.com\/channel\/UCgj9ySM9xy3gdL8qBafl9Uw\/\"]}]}<\/script>\n<!-- \/ Yoast SEO plugin. -->","yoast_head_json":{"title":"Qu'est-ce que le NoIndex ? D\u00e9finition - Redacteur.com","description":"Le NoIndex est un outil compl\u00e9mentaire au SEO. Dans cette page, nous allons donc d\u00e9finir ce qu\u2019est cet outil, avant de nous pencher sur son utilit\u00e9 en","robots":{"index":"index","follow":"follow","max-snippet":"max-snippet:-1","max-image-preview":"max-image-preview:large","max-video-preview":"max-video-preview:-1"},"canonical":"https:\/\/www.redacteur.com\/blog\/definition\/noindex\/","og_locale":"fr_FR","og_type":"article","og_title":"Qu'est-ce que le NoIndex ? D\u00e9finition - Redacteur.com","og_description":"Le NoIndex est un outil compl\u00e9mentaire au SEO. Dans cette page, nous allons donc d\u00e9finir ce qu\u2019est cet outil, avant de nous pencher sur son utilit\u00e9 en","og_url":"https:\/\/www.redacteur.com\/blog\/definition\/noindex\/","og_site_name":"Redacteur.com","article_publisher":"https:\/\/www.facebook.com\/redacteurcom","og_image":[{"url":"https:\/\/www.redacteur.com\/blog\/wp-content\/uploads\/2022\/01\/screenshot2169-1024x75.jpg","type":"","width":"","height":""}],"twitter_card":"summary_large_image","twitter_site":"@Redacteurcom","twitter_misc":{"Dur\u00e9e de lecture estim\u00e9e":"4 minutes"},"schema":{"@context":"https:\/\/schema.org","@graph":[{"@type":"WebPage","@id":"https:\/\/www.redacteur.com\/blog\/definition\/noindex\/","url":"https:\/\/www.redacteur.com\/blog\/definition\/noindex\/","name":"Qu'est-ce que le NoIndex ? D\u00e9finition - Redacteur.com","isPartOf":{"@id":"https:\/\/www.redacteur.com\/blog\/#website"},"primaryImageOfPage":{"@id":"https:\/\/www.redacteur.com\/blog\/definition\/noindex\/#primaryimage"},"image":{"@id":"https:\/\/www.redacteur.com\/blog\/definition\/noindex\/#primaryimage"},"thumbnailUrl":"https:\/\/www.redacteur.com\/blog\/wp-content\/uploads\/2022\/01\/screenshot2169-1024x75.jpg","datePublished":"2022-01-26T16:26:31+00:00","description":"Le NoIndex est un outil compl\u00e9mentaire au SEO. Dans cette page, nous allons donc d\u00e9finir ce qu\u2019est cet outil, avant de nous pencher sur son utilit\u00e9 en","breadcrumb":{"@id":"https:\/\/www.redacteur.com\/blog\/definition\/noindex\/#breadcrumb"},"inLanguage":"fr-FR","potentialAction":[{"@type":"ReadAction","target":["https:\/\/www.redacteur.com\/blog\/definition\/noindex\/"]}]},{"@type":"ImageObject","inLanguage":"fr-FR","@id":"https:\/\/www.redacteur.com\/blog\/definition\/noindex\/#primaryimage","url":"https:\/\/www.redacteur.com\/blog\/wp-content\/uploads\/sites\/6\/2022\/01\/screenshot2169.jpg","contentUrl":"https:\/\/www.redacteur.com\/blog\/wp-content\/uploads\/sites\/6\/2022\/01\/screenshot2169.jpg","width":1365,"height":100,"caption":"balise index"},{"@type":"BreadcrumbList","@id":"https:\/\/www.redacteur.com\/blog\/definition\/noindex\/#breadcrumb","itemListElement":[{"@type":"ListItem","position":1,"name":"Blog","item":"https:\/\/www.redacteur.com\/blog\/"},{"@type":"ListItem","position":2,"name":"Lexique SEO","item":"https:\/\/www.redacteur.com\/blog\/definition\/"},{"@type":"ListItem","position":3,"name":"NoIndex"}]},{"@type":"WebSite","@id":"https:\/\/www.redacteur.com\/blog\/#website","url":"https:\/\/www.redacteur.com\/blog\/","name":"Redacteur.com","description":"redacteur","publisher":{"@id":"https:\/\/www.redacteur.com\/blog\/#organization"},"potentialAction":[{"@type":"SearchAction","target":{"@type":"EntryPoint","urlTemplate":"https:\/\/www.redacteur.com\/blog\/?s={search_term_string}"},"query-input":{"@type":"PropertyValueSpecification","valueRequired":true,"valueName":"search_term_string"}}],"inLanguage":"fr-FR"},{"@type":"Organization","@id":"https:\/\/www.redacteur.com\/blog\/#organization","name":"Redacteur.com","url":"https:\/\/www.redacteur.com\/blog\/","logo":{"@type":"ImageObject","inLanguage":"fr-FR","@id":"https:\/\/www.redacteur.com\/blog\/#\/schema\/logo\/image\/","url":"https:\/\/www.redacteur.com\/blog\/wp-content\/uploads\/sites\/6\/2022\/10\/logo-redacteur-blog.svg","contentUrl":"https:\/\/www.redacteur.com\/blog\/wp-content\/uploads\/sites\/6\/2022\/10\/logo-redacteur-blog.svg","width":1,"height":1,"caption":"Redacteur.com"},"image":{"@id":"https:\/\/www.redacteur.com\/blog\/#\/schema\/logo\/image\/"},"sameAs":["https:\/\/www.facebook.com\/redacteurcom","https:\/\/x.com\/Redacteurcom","https:\/\/www.linkedin.com\/company\/redacteur-com","https:\/\/www.youtube.com\/channel\/UCgj9ySM9xy3gdL8qBafl9Uw\/"]}]}},"_links":{"self":[{"href":"https:\/\/www.redacteur.com\/blog\/wp-json\/wp\/v2\/pages\/29883","targetHints":{"allow":["GET"]}}],"collection":[{"href":"https:\/\/www.redacteur.com\/blog\/wp-json\/wp\/v2\/pages"}],"about":[{"href":"https:\/\/www.redacteur.com\/blog\/wp-json\/wp\/v2\/types\/page"}],"author":[{"embeddable":true,"href":"https:\/\/www.redacteur.com\/blog\/wp-json\/wp\/v2\/users\/1"}],"replies":[{"embeddable":true,"href":"https:\/\/www.redacteur.com\/blog\/wp-json\/wp\/v2\/comments?post=29883"}],"version-history":[{"count":0,"href":"https:\/\/www.redacteur.com\/blog\/wp-json\/wp\/v2\/pages\/29883\/revisions"}],"up":[{"embeddable":true,"href":"https:\/\/www.redacteur.com\/blog\/wp-json\/wp\/v2\/pages\/29730"}],"wp:attachment":[{"href":"https:\/\/www.redacteur.com\/blog\/wp-json\/wp\/v2\/media?parent=29883"}],"curies":[{"name":"wp","href":"https:\/\/api.w.org\/{rel}","templated":true}]}}