{"id":29923,"date":"2022-01-28T09:18:08","date_gmt":"2022-01-28T08:18:08","guid":{"rendered":"https:\/\/www.redacteur.com\/blog\/?page_id=29923"},"modified":"2022-01-28T09:18:08","modified_gmt":"2022-01-28T08:18:08","slug":"balise-canonical","status":"publish","type":"page","link":"https:\/\/www.redacteur.com\/blog\/definition\/balise-canonical\/","title":{"rendered":"Balise canonical"},"content":{"rendered":"<p>Bien qu&#8217;il existe des outils SEO dits &#8220;principaux&#8221; pour am\u00e9liorer le r\u00e9f\u00e9rencement d&#8217;un site Internet, il existe un tout autre aspect du r\u00e9f\u00e9rencement plus secondaire, mais tout aussi important car il est tr\u00e8s appr\u00e9ci\u00e9 des robots de Google.<\/p>\n<p>Cet outil interm\u00e9diaire est la <strong>balise canonical<\/strong>. Voyons ensemble ce qu&#8217;est cette <a href=\"https:\/\/www.redacteur.com\/blog\/definition\/balise-html\/\">balise HTML<\/a> (sa d\u00e9finition), son int\u00e9r\u00eat en SEO et comment le mettre en place.<\/p>\n<p>&nbsp;<\/p>\n<h2>Qu&#8217;est-ce qu&#8217;une balise canonical&nbsp;?<\/h2>\n<p>La <strong>balise canonical<\/strong> r\u00e9sulte d&#8217;un accord entre plusieurs moteurs de recherches de cr\u00e9er un moyen de <strong>&#8220;certifier&#8221; le contenu d&#8217;une page<\/strong>.<\/p>\n<p>Ainsi, cette balise est <strong>plac\u00e9e dans le code HTML<\/strong> d&#8217;une page. Elle permet au cr\u00e9ateur de <strong>diff\u00e9rencier sa page principale d&#8217;autres pages ayant du contenu similaire ou m\u00eame dupliqu\u00e9<\/strong>.<\/p>\n<p>De plus, cela permet de montrer quelle est la <strong>source de l&#8217;information<\/strong> sur votre site. En effet, si une ou plusieurs pages de votre site reprennent du <strong>contenu identique ou proche<\/strong>, cette balise permet de <strong>montrer aux robots quelle page est la source de l&#8217;information<\/strong>.<\/p>\n<p>Par exemple, prenons une page (1) avec une vid\u00e9o explicative disponible dessus. Si l&#8217;on retrouve cette vid\u00e9o sur une autre page (2) du site, alors la <strong>balise canonical<\/strong>, plac\u00e9e sur la page 1 et via un tag sur la page 2 dans leur <strong>code HTML<\/strong>, permet de diriger le robot vers la source de la vid\u00e9o (ici la page 1). Ainsi, le mot canonique signifie ici \u00ab identiques et pr\u00e9sents sur plusieurs pages \u00bb.<\/p>\n<p><img decoding=\"async\" class=\"size-full wp-image-29927 aligncenter\" src=\"https:\/\/www.redacteur.com\/blog\/wp-content\/uploads\/2022\/01\/Web-Development-1.jpg\" alt=\"balise canonicale\" width=\"750\" height=\"600\" srcset=\"https:\/\/www.redacteur.com\/blog\/wp-content\/uploads\/sites\/6\/2022\/01\/Web-Development-1.jpg 750w, https:\/\/www.redacteur.com\/blog\/wp-content\/uploads\/sites\/6\/2022\/01\/Web-Development-1-300x240.jpg 300w, https:\/\/www.redacteur.com\/blog\/wp-content\/uploads\/sites\/6\/2022\/01\/Web-Development-1-60x48.jpg 60w, https:\/\/www.redacteur.com\/blog\/wp-content\/uploads\/sites\/6\/2022\/01\/Web-Development-1-370x296.jpg 370w, https:\/\/www.redacteur.com\/blog\/wp-content\/uploads\/sites\/6\/2022\/01\/Web-Development-1-270x216.jpg 270w, https:\/\/www.redacteur.com\/blog\/wp-content\/uploads\/sites\/6\/2022\/01\/Web-Development-1-570x456.jpg 570w, https:\/\/www.redacteur.com\/blog\/wp-content\/uploads\/sites\/6\/2022\/01\/Web-Development-1-740x592.jpg 740w\" sizes=\"(max-width: 750px) 100vw, 750px\" \/><\/p>\n<p>&nbsp;<\/p>\n<h2>Pourquoi utiliser une balise canonical&nbsp;?<\/h2>\n<p>Ainsi, cette balise permet de r\u00e9soudre certains aspects probl\u00e9matiques du SEO. L\u00e0 o\u00f9 les outils pr\u00e9sent\u00e9s pr\u00e9c\u00e9demment ont pour objectif d\u2019optimiser directement le r\u00e9f\u00e9rencement, la <strong>balise canonical<\/strong> permet surtout de ne pas faire baisser ce dernier.<\/p>\n<p>En effet, lorsqu\u2019un contenu d\u2019une page est dupliqu\u00e9 sur une autre page du m\u00eame site, les robots des moteurs de recherche remarquent ces similitudes, ce qui a pour effet d\u2019augmenter le temps de travail de ces derniers, et diminue donc le niveau de r\u00e9f\u00e9rencement.<\/p>\n<p>De plus, si un autre site poss\u00e8de du contenu proche voir dupliqu\u00e9 au v\u00f4tre, vos pages seront peu r\u00e9f\u00e9renc\u00e9es. En effet, la pratique de \u00ab <a href=\"https:\/\/www.redacteur.com\/blog\/definition\/duplicate-content\/\"><strong>duplicate content<\/strong><\/a> \u00bb (duplication de contenu) est tr\u00e8s mal vue par les moteurs de recherche.<\/p>\n<p>Heureusement, cette p\u00e9nalit\u00e9 peut \u00eatre \u00e9vit\u00e9e via la <a href=\"https:\/\/www.redacteur.com\/blog\/seo-comment-utiliser-balise-canonical\/\"><strong>balise canonical<\/strong><\/a>, du moment que vous \u00eates l\u2019auteur de l\u2019information.<\/p>\n<p>Ainsi, la <strong>balise canonicale<\/strong> permet de&nbsp;:<\/p>\n<ul>\n<li>D\u00e9terminer la version principale de votre page aux robots<\/li>\n<li>Diff\u00e9rencier cette derni\u00e8re des contenus dupliqu\u00e9s\/proches et des pages similaires de votre site<\/li>\n<li>\u00c9viter de faire \u00e9viter des pages ayant du contenu int\u00e9ressant en plus<\/li>\n<li>\u00c9viter d\u2019\u00eatre d\u00e9tect\u00e9 comme du contenu dupliqu\u00e9<\/li>\n<li>\u00c9viter toute sanction due \u00e0 des ressemblances de contenus avec d\u2019autres sites<\/li>\n<\/ul>\n<p>&nbsp;<\/p>\n<h2>Comment bien utiliser la balise canonique&nbsp;?<\/h2>\n<h3>\u00c0 faire<\/h3>\n<p>Tout d\u2019abord, il faut savoir comment l\u2019int\u00e9grer sur une page.<\/p>\n<p>Certaines plateformes de cr\u00e9ation de site, telle que WordPress, permettent directement de poser\/cr\u00e9er une balise canonique sur une page.<\/p>\n<p>Sinon, il faut placer cette balise dans la zone du <strong>code HTML<\/strong> des pages ayant le contenu dupliqu\u00e9 en \u00e9crivant ceci&nbsp;:<\/p>\n<pre>&lt;head&gt;\n&lt;link rel=\u201dcanonical\u201d href=\u201dhttp:\/\/exemple.fr\/pageprincipale.html\u201d \/&gt;\n&lt;\/head&gt;<\/pre>\n<p>Ainsi, le mot \u00ab canonical \u00bb symbolise la balise et \u00ab href \u00bb le lien de la page o\u00f9 sera plac\u00e9 la balise, la page principale ou originelle.<\/p>\n<p><img decoding=\"async\" class=\"alignnone wp-image-30018 size-large\" src=\"https:\/\/www.redacteur.com\/blog\/wp-content\/uploads\/2022\/02\/screenshot2177-1024x55.jpg\" alt=\"balise canonical\" width=\"770\" height=\"41\" srcset=\"https:\/\/www.redacteur.com\/blog\/wp-content\/uploads\/sites\/6\/2022\/02\/screenshot2177-1024x55.jpg 1024w, https:\/\/www.redacteur.com\/blog\/wp-content\/uploads\/sites\/6\/2022\/02\/screenshot2177-300x16.jpg 300w, https:\/\/www.redacteur.com\/blog\/wp-content\/uploads\/sites\/6\/2022\/02\/screenshot2177-768x41.jpg 768w, https:\/\/www.redacteur.com\/blog\/wp-content\/uploads\/sites\/6\/2022\/02\/screenshot2177-1536x82.jpg 1536w, https:\/\/www.redacteur.com\/blog\/wp-content\/uploads\/sites\/6\/2022\/02\/screenshot2177-2048x109.jpg 2048w, https:\/\/www.redacteur.com\/blog\/wp-content\/uploads\/sites\/6\/2022\/02\/screenshot2177-60x3.jpg 60w, https:\/\/www.redacteur.com\/blog\/wp-content\/uploads\/sites\/6\/2022\/02\/screenshot2177-370x20.jpg 370w, https:\/\/www.redacteur.com\/blog\/wp-content\/uploads\/sites\/6\/2022\/02\/screenshot2177-270x14.jpg 270w, https:\/\/www.redacteur.com\/blog\/wp-content\/uploads\/sites\/6\/2022\/02\/screenshot2177-570x30.jpg 570w, https:\/\/www.redacteur.com\/blog\/wp-content\/uploads\/sites\/6\/2022\/02\/screenshot2177-740x39.jpg 740w\" sizes=\"(max-width: 770px) 100vw, 770px\" \/><\/p>\n<p>Ce \u00ab tag \u00bb doit \u00eatre plac\u00e9 dans le <strong>code HTML<\/strong> des pages au contenu dupliqu\u00e9 pour montrer aux robots quelle est la page originelle de ces derni\u00e8res.<\/p>\n<h3>\u00c0 ne pas faire<\/h3>\n<p>Il est important d\u2019appliquer de la bonne mani\u00e8re la <a href=\"https:\/\/www.redacteur.com\/blog\/definition\/balise-html\/\">balise<\/a>, mais il est tout aussi important de faire attention aux \u00e9l\u00e9ments autour de cette derni\u00e8re.<\/p>\n<p>En premier lieu, il ne faut pas <a href=\"https:\/\/www.redacteur.com\/blog\/seo-comment-utiliser-balise-canonical\/\">utiliser une <strong>balise canonicale<\/strong><\/a> pour pr\u00e9senter une page utilisant une autre langue. D\u2019autres balises sont plus adapt\u00e9es, comme la <a href=\"https:\/\/www.redacteur.com\/blog\/seo-guide-structures-url-multilingues\/\">balise Hreflang<\/a> (\u00ab Href = r\u00e9f\u00e9rence \u00bb + \u00ab lang = langue \u00bb) par exemple. Il vaut mieux utiliser une page dans la m\u00eame langue, ou dans une langue universelle.<\/p>\n<p><img decoding=\"async\" class=\"alignnone wp-image-30017 size-large\" src=\"https:\/\/www.redacteur.com\/blog\/wp-content\/uploads\/2022\/02\/screenshot2176-1024x50.jpg\" alt=\"Exemple de balise Href lang utilis\u00e9e sur le site Traduc.com\" width=\"770\" height=\"38\" srcset=\"https:\/\/www.redacteur.com\/blog\/wp-content\/uploads\/sites\/6\/2022\/02\/screenshot2176-1024x50.jpg 1024w, https:\/\/www.redacteur.com\/blog\/wp-content\/uploads\/sites\/6\/2022\/02\/screenshot2176-300x15.jpg 300w, https:\/\/www.redacteur.com\/blog\/wp-content\/uploads\/sites\/6\/2022\/02\/screenshot2176-768x38.jpg 768w, https:\/\/www.redacteur.com\/blog\/wp-content\/uploads\/sites\/6\/2022\/02\/screenshot2176-60x3.jpg 60w, https:\/\/www.redacteur.com\/blog\/wp-content\/uploads\/sites\/6\/2022\/02\/screenshot2176-370x18.jpg 370w, https:\/\/www.redacteur.com\/blog\/wp-content\/uploads\/sites\/6\/2022\/02\/screenshot2176-270x13.jpg 270w, https:\/\/www.redacteur.com\/blog\/wp-content\/uploads\/sites\/6\/2022\/02\/screenshot2176-570x28.jpg 570w, https:\/\/www.redacteur.com\/blog\/wp-content\/uploads\/sites\/6\/2022\/02\/screenshot2176-1500x74.jpg 1500w, https:\/\/www.redacteur.com\/blog\/wp-content\/uploads\/sites\/6\/2022\/02\/screenshot2176-740x36.jpg 740w, https:\/\/www.redacteur.com\/blog\/wp-content\/uploads\/sites\/6\/2022\/02\/screenshot2176.jpg 1509w\" sizes=\"(max-width: 770px) 100vw, 770px\" \/><\/p>\n<p>Il faut \u00e9galement ne placer qu\u2019une seule balise par site, auquel cas le moteur de recherche n\u2019en r\u00e9f\u00e9rencera aucune.<\/p>\n","protected":false},"excerpt":{"rendered":"<p>Bien qu&#8217;il existe des outils SEO dits &#8220;principaux&#8221; pour am\u00e9liorer le r\u00e9f\u00e9rencement d&#8217;un site Internet, il existe un tout autre aspect du r\u00e9f\u00e9rencement plus secondaire, mais tout aussi important car il est tr\u00e8s appr\u00e9ci\u00e9 des robots de Google. Cet outil interm\u00e9diaire est la balise canonical. Voyons ensemble ce qu&#8217;est cette balise HTML (sa d\u00e9finition), son [&hellip;]<\/p>\n","protected":false},"author":1,"featured_media":0,"parent":29730,"menu_order":0,"comment_status":"closed","ping_status":"closed","template":"","meta":{"_acf_changed":false,"inline_featured_image":false,"footnotes":""},"class_list":["post-29923","page","type-page","status-publish","hentry"],"acf":[],"yoast_head":"<!-- This site is optimized with the Yoast SEO plugin v25.9 - https:\/\/yoast.com\/wordpress\/plugins\/seo\/ -->\n<title>Qu&#039;est-ce qu&#039;une balise canonical en SEO ? D\u00e9finition - Redacteur.com<\/title>\n<meta name=\"description\" content=\"Bien qu&#039;il existe des outils SEO dits &quot;principaux&quot; pour am\u00e9liorer le r\u00e9f\u00e9rencement d&#039;un site Internet, il existe un tout autre aspect du r\u00e9f\u00e9rencement\" \/>\n<meta name=\"robots\" content=\"index, follow, max-snippet:-1, max-image-preview:large, max-video-preview:-1\" \/>\n<link rel=\"canonical\" href=\"https:\/\/www.redacteur.com\/blog\/definition\/balise-canonical\/\" \/>\n<meta property=\"og:locale\" content=\"fr_FR\" \/>\n<meta property=\"og:type\" content=\"article\" \/>\n<meta property=\"og:title\" content=\"Qu&#039;est-ce qu&#039;une balise canonical en SEO ? D\u00e9finition - Redacteur.com\" \/>\n<meta property=\"og:description\" content=\"Bien qu&#039;il existe des outils SEO dits &quot;principaux&quot; pour am\u00e9liorer le r\u00e9f\u00e9rencement d&#039;un site Internet, il existe un tout autre aspect du r\u00e9f\u00e9rencement\" \/>\n<meta property=\"og:url\" content=\"https:\/\/www.redacteur.com\/blog\/definition\/balise-canonical\/\" \/>\n<meta property=\"og:site_name\" content=\"Redacteur.com\" \/>\n<meta property=\"article:publisher\" content=\"https:\/\/www.facebook.com\/redacteurcom\" \/>\n<meta property=\"og:image\" content=\"https:\/\/www.redacteur.com\/blog\/wp-content\/uploads\/2022\/01\/Web-Development-1.jpg\" \/>\n<meta name=\"twitter:card\" content=\"summary_large_image\" \/>\n<meta name=\"twitter:site\" content=\"@Redacteurcom\" \/>\n<meta name=\"twitter:label1\" content=\"Dur\u00e9e de lecture estim\u00e9e\" \/>\n\t<meta name=\"twitter:data1\" content=\"4 minutes\" \/>\n<script type=\"application\/ld+json\" class=\"yoast-schema-graph\">{\"@context\":\"https:\/\/schema.org\",\"@graph\":[{\"@type\":\"WebPage\",\"@id\":\"https:\/\/www.redacteur.com\/blog\/definition\/balise-canonical\/\",\"url\":\"https:\/\/www.redacteur.com\/blog\/definition\/balise-canonical\/\",\"name\":\"Qu'est-ce qu'une balise canonical en SEO ? D\u00e9finition - Redacteur.com\",\"isPartOf\":{\"@id\":\"https:\/\/www.redacteur.com\/blog\/#website\"},\"primaryImageOfPage\":{\"@id\":\"https:\/\/www.redacteur.com\/blog\/definition\/balise-canonical\/#primaryimage\"},\"image\":{\"@id\":\"https:\/\/www.redacteur.com\/blog\/definition\/balise-canonical\/#primaryimage\"},\"thumbnailUrl\":\"https:\/\/www.redacteur.com\/blog\/wp-content\/uploads\/2022\/01\/Web-Development-1.jpg\",\"datePublished\":\"2022-01-28T08:18:08+00:00\",\"description\":\"Bien qu'il existe des outils SEO dits \\\"principaux\\\" pour am\u00e9liorer le r\u00e9f\u00e9rencement d'un site Internet, il existe un tout autre aspect du r\u00e9f\u00e9rencement\",\"breadcrumb\":{\"@id\":\"https:\/\/www.redacteur.com\/blog\/definition\/balise-canonical\/#breadcrumb\"},\"inLanguage\":\"fr-FR\",\"potentialAction\":[{\"@type\":\"ReadAction\",\"target\":[\"https:\/\/www.redacteur.com\/blog\/definition\/balise-canonical\/\"]}]},{\"@type\":\"ImageObject\",\"inLanguage\":\"fr-FR\",\"@id\":\"https:\/\/www.redacteur.com\/blog\/definition\/balise-canonical\/#primaryimage\",\"url\":\"https:\/\/www.redacteur.com\/blog\/wp-content\/uploads\/sites\/6\/2022\/01\/Web-Development-1.jpg\",\"contentUrl\":\"https:\/\/www.redacteur.com\/blog\/wp-content\/uploads\/sites\/6\/2022\/01\/Web-Development-1.jpg\",\"width\":750,\"height\":600,\"caption\":\"balise canonicale\"},{\"@type\":\"BreadcrumbList\",\"@id\":\"https:\/\/www.redacteur.com\/blog\/definition\/balise-canonical\/#breadcrumb\",\"itemListElement\":[{\"@type\":\"ListItem\",\"position\":1,\"name\":\"Blog\",\"item\":\"https:\/\/www.redacteur.com\/blog\/\"},{\"@type\":\"ListItem\",\"position\":2,\"name\":\"Lexique SEO\",\"item\":\"https:\/\/www.redacteur.com\/blog\/definition\/\"},{\"@type\":\"ListItem\",\"position\":3,\"name\":\"Balise canonical\"}]},{\"@type\":\"WebSite\",\"@id\":\"https:\/\/www.redacteur.com\/blog\/#website\",\"url\":\"https:\/\/www.redacteur.com\/blog\/\",\"name\":\"Redacteur.com\",\"description\":\"redacteur\",\"publisher\":{\"@id\":\"https:\/\/www.redacteur.com\/blog\/#organization\"},\"potentialAction\":[{\"@type\":\"SearchAction\",\"target\":{\"@type\":\"EntryPoint\",\"urlTemplate\":\"https:\/\/www.redacteur.com\/blog\/?s={search_term_string}\"},\"query-input\":{\"@type\":\"PropertyValueSpecification\",\"valueRequired\":true,\"valueName\":\"search_term_string\"}}],\"inLanguage\":\"fr-FR\"},{\"@type\":\"Organization\",\"@id\":\"https:\/\/www.redacteur.com\/blog\/#organization\",\"name\":\"Redacteur.com\",\"url\":\"https:\/\/www.redacteur.com\/blog\/\",\"logo\":{\"@type\":\"ImageObject\",\"inLanguage\":\"fr-FR\",\"@id\":\"https:\/\/www.redacteur.com\/blog\/#\/schema\/logo\/image\/\",\"url\":\"https:\/\/www.redacteur.com\/blog\/wp-content\/uploads\/sites\/6\/2022\/10\/logo-redacteur-blog.svg\",\"contentUrl\":\"https:\/\/www.redacteur.com\/blog\/wp-content\/uploads\/sites\/6\/2022\/10\/logo-redacteur-blog.svg\",\"width\":1,\"height\":1,\"caption\":\"Redacteur.com\"},\"image\":{\"@id\":\"https:\/\/www.redacteur.com\/blog\/#\/schema\/logo\/image\/\"},\"sameAs\":[\"https:\/\/www.facebook.com\/redacteurcom\",\"https:\/\/x.com\/Redacteurcom\",\"https:\/\/www.linkedin.com\/company\/redacteur-com\",\"https:\/\/www.youtube.com\/channel\/UCgj9ySM9xy3gdL8qBafl9Uw\/\"]}]}<\/script>\n<!-- \/ Yoast SEO plugin. -->","yoast_head_json":{"title":"Qu'est-ce qu'une balise canonical en SEO ? D\u00e9finition - Redacteur.com","description":"Bien qu'il existe des outils SEO dits \"principaux\" pour am\u00e9liorer le r\u00e9f\u00e9rencement d'un site Internet, il existe un tout autre aspect du r\u00e9f\u00e9rencement","robots":{"index":"index","follow":"follow","max-snippet":"max-snippet:-1","max-image-preview":"max-image-preview:large","max-video-preview":"max-video-preview:-1"},"canonical":"https:\/\/www.redacteur.com\/blog\/definition\/balise-canonical\/","og_locale":"fr_FR","og_type":"article","og_title":"Qu'est-ce qu'une balise canonical en SEO ? D\u00e9finition - Redacteur.com","og_description":"Bien qu'il existe des outils SEO dits \"principaux\" pour am\u00e9liorer le r\u00e9f\u00e9rencement d'un site Internet, il existe un tout autre aspect du r\u00e9f\u00e9rencement","og_url":"https:\/\/www.redacteur.com\/blog\/definition\/balise-canonical\/","og_site_name":"Redacteur.com","article_publisher":"https:\/\/www.facebook.com\/redacteurcom","og_image":[{"url":"https:\/\/www.redacteur.com\/blog\/wp-content\/uploads\/2022\/01\/Web-Development-1.jpg","type":"","width":"","height":""}],"twitter_card":"summary_large_image","twitter_site":"@Redacteurcom","twitter_misc":{"Dur\u00e9e de lecture estim\u00e9e":"4 minutes"},"schema":{"@context":"https:\/\/schema.org","@graph":[{"@type":"WebPage","@id":"https:\/\/www.redacteur.com\/blog\/definition\/balise-canonical\/","url":"https:\/\/www.redacteur.com\/blog\/definition\/balise-canonical\/","name":"Qu'est-ce qu'une balise canonical en SEO ? D\u00e9finition - Redacteur.com","isPartOf":{"@id":"https:\/\/www.redacteur.com\/blog\/#website"},"primaryImageOfPage":{"@id":"https:\/\/www.redacteur.com\/blog\/definition\/balise-canonical\/#primaryimage"},"image":{"@id":"https:\/\/www.redacteur.com\/blog\/definition\/balise-canonical\/#primaryimage"},"thumbnailUrl":"https:\/\/www.redacteur.com\/blog\/wp-content\/uploads\/2022\/01\/Web-Development-1.jpg","datePublished":"2022-01-28T08:18:08+00:00","description":"Bien qu'il existe des outils SEO dits \"principaux\" pour am\u00e9liorer le r\u00e9f\u00e9rencement d'un site Internet, il existe un tout autre aspect du r\u00e9f\u00e9rencement","breadcrumb":{"@id":"https:\/\/www.redacteur.com\/blog\/definition\/balise-canonical\/#breadcrumb"},"inLanguage":"fr-FR","potentialAction":[{"@type":"ReadAction","target":["https:\/\/www.redacteur.com\/blog\/definition\/balise-canonical\/"]}]},{"@type":"ImageObject","inLanguage":"fr-FR","@id":"https:\/\/www.redacteur.com\/blog\/definition\/balise-canonical\/#primaryimage","url":"https:\/\/www.redacteur.com\/blog\/wp-content\/uploads\/sites\/6\/2022\/01\/Web-Development-1.jpg","contentUrl":"https:\/\/www.redacteur.com\/blog\/wp-content\/uploads\/sites\/6\/2022\/01\/Web-Development-1.jpg","width":750,"height":600,"caption":"balise canonicale"},{"@type":"BreadcrumbList","@id":"https:\/\/www.redacteur.com\/blog\/definition\/balise-canonical\/#breadcrumb","itemListElement":[{"@type":"ListItem","position":1,"name":"Blog","item":"https:\/\/www.redacteur.com\/blog\/"},{"@type":"ListItem","position":2,"name":"Lexique SEO","item":"https:\/\/www.redacteur.com\/blog\/definition\/"},{"@type":"ListItem","position":3,"name":"Balise canonical"}]},{"@type":"WebSite","@id":"https:\/\/www.redacteur.com\/blog\/#website","url":"https:\/\/www.redacteur.com\/blog\/","name":"Redacteur.com","description":"redacteur","publisher":{"@id":"https:\/\/www.redacteur.com\/blog\/#organization"},"potentialAction":[{"@type":"SearchAction","target":{"@type":"EntryPoint","urlTemplate":"https:\/\/www.redacteur.com\/blog\/?s={search_term_string}"},"query-input":{"@type":"PropertyValueSpecification","valueRequired":true,"valueName":"search_term_string"}}],"inLanguage":"fr-FR"},{"@type":"Organization","@id":"https:\/\/www.redacteur.com\/blog\/#organization","name":"Redacteur.com","url":"https:\/\/www.redacteur.com\/blog\/","logo":{"@type":"ImageObject","inLanguage":"fr-FR","@id":"https:\/\/www.redacteur.com\/blog\/#\/schema\/logo\/image\/","url":"https:\/\/www.redacteur.com\/blog\/wp-content\/uploads\/sites\/6\/2022\/10\/logo-redacteur-blog.svg","contentUrl":"https:\/\/www.redacteur.com\/blog\/wp-content\/uploads\/sites\/6\/2022\/10\/logo-redacteur-blog.svg","width":1,"height":1,"caption":"Redacteur.com"},"image":{"@id":"https:\/\/www.redacteur.com\/blog\/#\/schema\/logo\/image\/"},"sameAs":["https:\/\/www.facebook.com\/redacteurcom","https:\/\/x.com\/Redacteurcom","https:\/\/www.linkedin.com\/company\/redacteur-com","https:\/\/www.youtube.com\/channel\/UCgj9ySM9xy3gdL8qBafl9Uw\/"]}]}},"_links":{"self":[{"href":"https:\/\/www.redacteur.com\/blog\/wp-json\/wp\/v2\/pages\/29923","targetHints":{"allow":["GET"]}}],"collection":[{"href":"https:\/\/www.redacteur.com\/blog\/wp-json\/wp\/v2\/pages"}],"about":[{"href":"https:\/\/www.redacteur.com\/blog\/wp-json\/wp\/v2\/types\/page"}],"author":[{"embeddable":true,"href":"https:\/\/www.redacteur.com\/blog\/wp-json\/wp\/v2\/users\/1"}],"replies":[{"embeddable":true,"href":"https:\/\/www.redacteur.com\/blog\/wp-json\/wp\/v2\/comments?post=29923"}],"version-history":[{"count":0,"href":"https:\/\/www.redacteur.com\/blog\/wp-json\/wp\/v2\/pages\/29923\/revisions"}],"up":[{"embeddable":true,"href":"https:\/\/www.redacteur.com\/blog\/wp-json\/wp\/v2\/pages\/29730"}],"wp:attachment":[{"href":"https:\/\/www.redacteur.com\/blog\/wp-json\/wp\/v2\/media?parent=29923"}],"curies":[{"name":"wp","href":"https:\/\/api.w.org\/{rel}","templated":true}]}}