{"id":30117,"date":"2022-02-01T15:06:59","date_gmt":"2022-02-01T14:06:59","guid":{"rendered":"https:\/\/www.redacteur.com\/blog\/?page_id=30117"},"modified":"2022-02-01T15:06:59","modified_gmt":"2022-02-01T14:06:59","slug":"balise-title","status":"publish","type":"page","link":"https:\/\/www.redacteur.com\/blog\/definition\/balise-title\/","title":{"rendered":"Balise Title"},"content":{"rendered":"<p>Dans les termes SEO, la balise Title en est un \u00e0 conna\u00eetre tout simplement parce que cette balise doit faire partie int\u00e9grante de votre strat\u00e9gie SEO. Mais de quoi s&#8217;agit-il&nbsp;? Quelle importance doit-on vraiment lui accorder dans sa strat\u00e9gie SEO&nbsp;? C&#8217;est ce que nous allons voir dans cette page.<\/p>\n<p>&nbsp;<\/p>\n<h2>Qu&#8217;est-ce qu&#8217;une balise Title&nbsp;?<\/h2>\n<p>La balise title est une<a href=\"https:\/\/www.redacteur.com\/blog\/definition\/balise-html\/\"> balise HTML<\/a> utilis\u00e9e en SEO. C&#8217;est <strong>l&#8217;une des balises plus importantes pour le r\u00e9f\u00e9rencement naturel<\/strong> de votre site.<\/p>\n<p><img decoding=\"async\" class=\"alignnone size-large wp-image-30119\" src=\"https:\/\/www.redacteur.com\/blog\/wp-content\/uploads\/2022\/02\/screenshot2197-1024x37.jpg\" alt=\"balise title\" width=\"770\" height=\"28\" srcset=\"https:\/\/www.redacteur.com\/blog\/wp-content\/uploads\/sites\/6\/2022\/02\/screenshot2197-1024x37.jpg 1024w, https:\/\/www.redacteur.com\/blog\/wp-content\/uploads\/sites\/6\/2022\/02\/screenshot2197-300x11.jpg 300w, https:\/\/www.redacteur.com\/blog\/wp-content\/uploads\/sites\/6\/2022\/02\/screenshot2197-768x28.jpg 768w, https:\/\/www.redacteur.com\/blog\/wp-content\/uploads\/sites\/6\/2022\/02\/screenshot2197-60x2.jpg 60w, https:\/\/www.redacteur.com\/blog\/wp-content\/uploads\/sites\/6\/2022\/02\/screenshot2197-370x13.jpg 370w, https:\/\/www.redacteur.com\/blog\/wp-content\/uploads\/sites\/6\/2022\/02\/screenshot2197-270x10.jpg 270w, https:\/\/www.redacteur.com\/blog\/wp-content\/uploads\/sites\/6\/2022\/02\/screenshot2197-570x21.jpg 570w, https:\/\/www.redacteur.com\/blog\/wp-content\/uploads\/sites\/6\/2022\/02\/screenshot2197-740x27.jpg 740w, https:\/\/www.redacteur.com\/blog\/wp-content\/uploads\/sites\/6\/2022\/02\/screenshot2197.jpg 1072w\" sizes=\"(max-width: 770px) 100vw, 770px\" \/><\/p>\n<p><strong>La balise Title d\u00e9finit le titre de votre page<\/strong>. Plus pr\u00e9cis\u00e9ment, elle d\u00e9finit <strong>le nom que vous voyez sur l&#8217;onglet de votre navigateur<\/strong> et<strong> le titre de votre page apparaissant sur les moteurs de recherche<\/strong>.<\/p>\n<p><img decoding=\"async\" class=\"alignnone size-large wp-image-30120\" src=\"https:\/\/www.redacteur.com\/blog\/wp-content\/uploads\/2022\/02\/screenshot2196-1024x185.jpg\" alt=\"balise title\" width=\"770\" height=\"139\" srcset=\"https:\/\/www.redacteur.com\/blog\/wp-content\/uploads\/sites\/6\/2022\/02\/screenshot2196-1024x185.jpg 1024w, https:\/\/www.redacteur.com\/blog\/wp-content\/uploads\/sites\/6\/2022\/02\/screenshot2196-300x54.jpg 300w, https:\/\/www.redacteur.com\/blog\/wp-content\/uploads\/sites\/6\/2022\/02\/screenshot2196-768x139.jpg 768w, https:\/\/www.redacteur.com\/blog\/wp-content\/uploads\/sites\/6\/2022\/02\/screenshot2196-60x11.jpg 60w, https:\/\/www.redacteur.com\/blog\/wp-content\/uploads\/sites\/6\/2022\/02\/screenshot2196-370x67.jpg 370w, https:\/\/www.redacteur.com\/blog\/wp-content\/uploads\/sites\/6\/2022\/02\/screenshot2196-270x49.jpg 270w, https:\/\/www.redacteur.com\/blog\/wp-content\/uploads\/sites\/6\/2022\/02\/screenshot2196-570x103.jpg 570w, https:\/\/www.redacteur.com\/blog\/wp-content\/uploads\/sites\/6\/2022\/02\/screenshot2196-740x134.jpg 740w, https:\/\/www.redacteur.com\/blog\/wp-content\/uploads\/sites\/6\/2022\/02\/screenshot2196.jpg 1252w\" sizes=\"(max-width: 770px) 100vw, 770px\" \/><\/p>\n<p><img decoding=\"async\" class=\"alignnone size-full wp-image-30121\" src=\"https:\/\/www.redacteur.com\/blog\/wp-content\/uploads\/2022\/02\/screenshot2198.jpg\" alt=\"balise title\" width=\"1000\" height=\"674\" srcset=\"https:\/\/www.redacteur.com\/blog\/wp-content\/uploads\/sites\/6\/2022\/02\/screenshot2198.jpg 1000w, https:\/\/www.redacteur.com\/blog\/wp-content\/uploads\/sites\/6\/2022\/02\/screenshot2198-300x202.jpg 300w, https:\/\/www.redacteur.com\/blog\/wp-content\/uploads\/sites\/6\/2022\/02\/screenshot2198-768x518.jpg 768w, https:\/\/www.redacteur.com\/blog\/wp-content\/uploads\/sites\/6\/2022\/02\/screenshot2198-60x40.jpg 60w, https:\/\/www.redacteur.com\/blog\/wp-content\/uploads\/sites\/6\/2022\/02\/screenshot2198-370x249.jpg 370w, https:\/\/www.redacteur.com\/blog\/wp-content\/uploads\/sites\/6\/2022\/02\/screenshot2198-270x182.jpg 270w, https:\/\/www.redacteur.com\/blog\/wp-content\/uploads\/sites\/6\/2022\/02\/screenshot2198-570x384.jpg 570w, https:\/\/www.redacteur.com\/blog\/wp-content\/uploads\/sites\/6\/2022\/02\/screenshot2198-740x499.jpg 740w\" sizes=\"(max-width: 1000px) 100vw, 1000px\" \/><\/p>\n<p>&nbsp;<\/p>\n<h2>Quel est l&#8217;int\u00e9r\u00eat d&#8217;une balise Title dans votre strat\u00e9gie SEO&nbsp;?<\/h2>\n<p>Mettons-nous en situation. Imaginez que vous cr\u00e9iez une <a href=\"https:\/\/www.redacteur.com\/blog\/definition\/landing-page\/\">landing page<\/a> pour vendre votre formation &#8220;3 cl\u00e9s pour cr\u00e9er une formation qui d\u00e9chire&nbsp;! &#8221; et que vous ne renseignez pas la balise title.<\/p>\n<p>Eh bien, l&#8217;onglet s&#8217;appellera page de vente ou tel que le prestataire vous fournissant l&#8217;aide \u00e0 la <a href=\"https:\/\/www.redacteur.com\/blog\/seo-guide-referencer-landing-page\/\">cr\u00e9ation de votre landing page<\/a> l&#8217;a pr\u00e9vu par d\u00e9faut. Ce qu&#8217;il faut comprendre c&#8217;est que l&#8217;internaute verra d&#8217;embl\u00e9e &#8220;page de vente&#8221; et non &#8220;3 cl\u00e9s pour cr\u00e9er une formation qui d\u00e9chire&nbsp;!&#8221;, qui pourtant est beaucoup plus attrayant.<\/p>\n<p>Le risque est que l&#8217;internaute quitte la page sans m\u00eame l&#8217;avoir consult\u00e9e ou pire encore, ne clique m\u00eame pas sur le lien que vous aurez pris soin pourtant de partager sur vos r\u00e9seaux.<\/p>\n<p>&nbsp;<\/p>\n<h2>Comment optimiser sa balise Title pour le SEO&nbsp;?<\/h2>\n<p>Maintenant que nous avons d\u00e9fini l&#8217;importance de cet \u00e9l\u00e9ment SEO, voyons comment faire pour que cette balise Title soit des plus percutantes.<\/p>\n<p>Commen\u00e7ons par une \u00e9vidence. La balise Title et donc le titre de votre onglet doit <strong>correspondre au contenu<\/strong> de votre page tout en ne reprenant pas mot pour mot le titre de votre article.<\/p>\n<p>Il existe 3 r\u00e8gles pour que votre balise Title soit optimis\u00e9e.<\/p>\n<ul>\n<li>D&#8217;abord, la balise Title ne doit <strong>pas exc\u00e9der 65 caract\u00e8res<\/strong>. Dans notre exemple,&#8221;3 cl\u00e9s pour une formation qui d\u00e9chire&nbsp;! &#8220;, nous comptant 45 caract\u00e8res espaces comprises (les guillemets ne comptent pas&nbsp;!).<\/li>\n<li>Deuxi\u00e8mement, la phrase utilis\u00e9e doit \u00eatre <strong>attractive<\/strong> et <strong>attiser l&#8217;envie de lecture<\/strong> de l&#8217;internaute. Dans notre exemple, quelque chose &#8220;qui d\u00e9chire&#8221; attire l&#8217;attention et proposer des cl\u00e9s pour obtenir un r\u00e9sultat vous permettra d&#8217;attiser encore plus la curiosit\u00e9 de votre cible.<\/li>\n<li>Dernier point, la balise title doit <strong>contenir le <a href=\"https:\/\/www.redacteur.com\/blog\/definition\/mot-cle\/\">mot cl\u00e9<\/a><\/strong> que vous avez d\u00e9fini pour votre page. Ici, c&#8217;est &#8220;cr\u00e9er une formation&#8221;.<\/li>\n<\/ul>\n<p>Voil\u00e0, vous savez maintenant tout sur la balise Title. C&#8217;est maintenant \u00e0 vous de jouer.<\/p>\n<p>Et si vous ne savez pas vraiment comment <strong>trouver un titre accrocheur<\/strong>, faites appel \u00e0 <a href=\"https:\/\/www.redacteur.com\/\">Redacteur.com<\/a>&nbsp;! Les r\u00e9dacteurs de notre plateforme vous aideront dans cette t\u00e2che.<\/p>\n<p>Lorsque vous choisissez l&#8217;option <strong>formatage HTML<\/strong> pour vos textes sur notre plateforme, pensez \u00e0 ajouter \u00e0 votre demande la <strong>r\u00e9daction de vos balises title et <a href=\"https:\/\/www.redacteur.com\/blog\/definition\/meta-description\/\">meta description<\/a><\/strong>. Votre texte gagnera ainsi en <strong>visibilit\u00e9<\/strong> gr\u00e2ce \u00e0 un <strong>r\u00e9f\u00e9rencement naturel optimis\u00e9<\/strong>.<\/p>\n<blockquote><p><strong>\u00c0 lire aussi&nbsp;:<\/strong> <a href=\"https:\/\/www.redacteur.com\/blog\/seo-rediger-balise-meta-title\/\">7 astuces pour r\u00e9diger la balise Title de vos pages web<\/a><\/p><\/blockquote>\n","protected":false},"excerpt":{"rendered":"<p>Dans les termes SEO, la balise Title en est un \u00e0 conna\u00eetre tout simplement parce que cette balise doit faire partie int\u00e9grante de votre strat\u00e9gie SEO. Mais de quoi s&#8217;agit-il&nbsp;? Quelle importance doit-on vraiment lui accorder dans sa strat\u00e9gie SEO&nbsp;? C&#8217;est ce que nous allons voir dans cette page. &nbsp; Qu&#8217;est-ce qu&#8217;une balise Title&nbsp;? La [&hellip;]<\/p>\n","protected":false},"author":1,"featured_media":0,"parent":29730,"menu_order":0,"comment_status":"closed","ping_status":"closed","template":"","meta":{"_acf_changed":false,"inline_featured_image":false,"footnotes":""},"class_list":["post-30117","page","type-page","status-publish","hentry"],"acf":[],"yoast_head":"<!-- This site is optimized with the Yoast SEO plugin v25.9 - https:\/\/yoast.com\/wordpress\/plugins\/seo\/ -->\n<title>Qu&#039;est-ce qu&#039;un balise title ? D\u00e9finition - Redacteur.com<\/title>\n<meta name=\"description\" content=\"Dans les termes SEO, la balise Title en est un \u00e0 conna\u00eetre tout simplement parce que cette balise doit faire partie int\u00e9grante de votre strat\u00e9gie SEO.\" \/>\n<meta name=\"robots\" content=\"index, follow, max-snippet:-1, max-image-preview:large, max-video-preview:-1\" \/>\n<link rel=\"canonical\" href=\"https:\/\/www.redacteur.com\/blog\/definition\/balise-title\/\" \/>\n<meta property=\"og:locale\" content=\"fr_FR\" \/>\n<meta property=\"og:type\" content=\"article\" \/>\n<meta property=\"og:title\" content=\"Qu&#039;est-ce qu&#039;un balise title ? D\u00e9finition - Redacteur.com\" \/>\n<meta property=\"og:description\" content=\"Dans les termes SEO, la balise Title en est un \u00e0 conna\u00eetre tout simplement parce que cette balise doit faire partie int\u00e9grante de votre strat\u00e9gie SEO.\" \/>\n<meta property=\"og:url\" content=\"https:\/\/www.redacteur.com\/blog\/definition\/balise-title\/\" \/>\n<meta property=\"og:site_name\" content=\"Redacteur.com\" \/>\n<meta property=\"article:publisher\" content=\"https:\/\/www.facebook.com\/redacteurcom\" \/>\n<meta property=\"og:image\" content=\"https:\/\/www.redacteur.com\/blog\/wp-content\/uploads\/2022\/02\/screenshot2197-1024x37.jpg\" \/>\n<meta name=\"twitter:card\" content=\"summary_large_image\" \/>\n<meta name=\"twitter:site\" content=\"@Redacteurcom\" \/>\n<meta name=\"twitter:label1\" content=\"Dur\u00e9e de lecture estim\u00e9e\" \/>\n\t<meta name=\"twitter:data1\" content=\"3 minutes\" \/>\n<script type=\"application\/ld+json\" class=\"yoast-schema-graph\">{\"@context\":\"https:\/\/schema.org\",\"@graph\":[{\"@type\":\"WebPage\",\"@id\":\"https:\/\/www.redacteur.com\/blog\/definition\/balise-title\/\",\"url\":\"https:\/\/www.redacteur.com\/blog\/definition\/balise-title\/\",\"name\":\"Qu'est-ce qu'un balise title ? D\u00e9finition - Redacteur.com\",\"isPartOf\":{\"@id\":\"https:\/\/www.redacteur.com\/blog\/#website\"},\"primaryImageOfPage\":{\"@id\":\"https:\/\/www.redacteur.com\/blog\/definition\/balise-title\/#primaryimage\"},\"image\":{\"@id\":\"https:\/\/www.redacteur.com\/blog\/definition\/balise-title\/#primaryimage\"},\"thumbnailUrl\":\"https:\/\/www.redacteur.com\/blog\/wp-content\/uploads\/2022\/02\/screenshot2197-1024x37.jpg\",\"datePublished\":\"2022-02-01T14:06:59+00:00\",\"description\":\"Dans les termes SEO, la balise Title en est un \u00e0 conna\u00eetre tout simplement parce que cette balise doit faire partie int\u00e9grante de votre strat\u00e9gie SEO.\",\"breadcrumb\":{\"@id\":\"https:\/\/www.redacteur.com\/blog\/definition\/balise-title\/#breadcrumb\"},\"inLanguage\":\"fr-FR\",\"potentialAction\":[{\"@type\":\"ReadAction\",\"target\":[\"https:\/\/www.redacteur.com\/blog\/definition\/balise-title\/\"]}]},{\"@type\":\"ImageObject\",\"inLanguage\":\"fr-FR\",\"@id\":\"https:\/\/www.redacteur.com\/blog\/definition\/balise-title\/#primaryimage\",\"url\":\"https:\/\/www.redacteur.com\/blog\/wp-content\/uploads\/sites\/6\/2022\/02\/screenshot2197.jpg\",\"contentUrl\":\"https:\/\/www.redacteur.com\/blog\/wp-content\/uploads\/sites\/6\/2022\/02\/screenshot2197.jpg\",\"width\":1072,\"height\":39,\"caption\":\"balise title\"},{\"@type\":\"BreadcrumbList\",\"@id\":\"https:\/\/www.redacteur.com\/blog\/definition\/balise-title\/#breadcrumb\",\"itemListElement\":[{\"@type\":\"ListItem\",\"position\":1,\"name\":\"Blog\",\"item\":\"https:\/\/www.redacteur.com\/blog\/\"},{\"@type\":\"ListItem\",\"position\":2,\"name\":\"Lexique SEO\",\"item\":\"https:\/\/www.redacteur.com\/blog\/definition\/\"},{\"@type\":\"ListItem\",\"position\":3,\"name\":\"Balise Title\"}]},{\"@type\":\"WebSite\",\"@id\":\"https:\/\/www.redacteur.com\/blog\/#website\",\"url\":\"https:\/\/www.redacteur.com\/blog\/\",\"name\":\"Redacteur.com\",\"description\":\"redacteur\",\"publisher\":{\"@id\":\"https:\/\/www.redacteur.com\/blog\/#organization\"},\"potentialAction\":[{\"@type\":\"SearchAction\",\"target\":{\"@type\":\"EntryPoint\",\"urlTemplate\":\"https:\/\/www.redacteur.com\/blog\/?s={search_term_string}\"},\"query-input\":{\"@type\":\"PropertyValueSpecification\",\"valueRequired\":true,\"valueName\":\"search_term_string\"}}],\"inLanguage\":\"fr-FR\"},{\"@type\":\"Organization\",\"@id\":\"https:\/\/www.redacteur.com\/blog\/#organization\",\"name\":\"Redacteur.com\",\"url\":\"https:\/\/www.redacteur.com\/blog\/\",\"logo\":{\"@type\":\"ImageObject\",\"inLanguage\":\"fr-FR\",\"@id\":\"https:\/\/www.redacteur.com\/blog\/#\/schema\/logo\/image\/\",\"url\":\"https:\/\/www.redacteur.com\/blog\/wp-content\/uploads\/sites\/6\/2022\/10\/logo-redacteur-blog.svg\",\"contentUrl\":\"https:\/\/www.redacteur.com\/blog\/wp-content\/uploads\/sites\/6\/2022\/10\/logo-redacteur-blog.svg\",\"width\":1,\"height\":1,\"caption\":\"Redacteur.com\"},\"image\":{\"@id\":\"https:\/\/www.redacteur.com\/blog\/#\/schema\/logo\/image\/\"},\"sameAs\":[\"https:\/\/www.facebook.com\/redacteurcom\",\"https:\/\/x.com\/Redacteurcom\",\"https:\/\/www.linkedin.com\/company\/redacteur-com\",\"https:\/\/www.youtube.com\/channel\/UCgj9ySM9xy3gdL8qBafl9Uw\/\"]}]}<\/script>\n<!-- \/ Yoast SEO plugin. -->","yoast_head_json":{"title":"Qu'est-ce qu'un balise title ? D\u00e9finition - Redacteur.com","description":"Dans les termes SEO, la balise Title en est un \u00e0 conna\u00eetre tout simplement parce que cette balise doit faire partie int\u00e9grante de votre strat\u00e9gie SEO.","robots":{"index":"index","follow":"follow","max-snippet":"max-snippet:-1","max-image-preview":"max-image-preview:large","max-video-preview":"max-video-preview:-1"},"canonical":"https:\/\/www.redacteur.com\/blog\/definition\/balise-title\/","og_locale":"fr_FR","og_type":"article","og_title":"Qu'est-ce qu'un balise title ? D\u00e9finition - Redacteur.com","og_description":"Dans les termes SEO, la balise Title en est un \u00e0 conna\u00eetre tout simplement parce que cette balise doit faire partie int\u00e9grante de votre strat\u00e9gie SEO.","og_url":"https:\/\/www.redacteur.com\/blog\/definition\/balise-title\/","og_site_name":"Redacteur.com","article_publisher":"https:\/\/www.facebook.com\/redacteurcom","og_image":[{"url":"https:\/\/www.redacteur.com\/blog\/wp-content\/uploads\/2022\/02\/screenshot2197-1024x37.jpg","type":"","width":"","height":""}],"twitter_card":"summary_large_image","twitter_site":"@Redacteurcom","twitter_misc":{"Dur\u00e9e de lecture estim\u00e9e":"3 minutes"},"schema":{"@context":"https:\/\/schema.org","@graph":[{"@type":"WebPage","@id":"https:\/\/www.redacteur.com\/blog\/definition\/balise-title\/","url":"https:\/\/www.redacteur.com\/blog\/definition\/balise-title\/","name":"Qu'est-ce qu'un balise title ? D\u00e9finition - Redacteur.com","isPartOf":{"@id":"https:\/\/www.redacteur.com\/blog\/#website"},"primaryImageOfPage":{"@id":"https:\/\/www.redacteur.com\/blog\/definition\/balise-title\/#primaryimage"},"image":{"@id":"https:\/\/www.redacteur.com\/blog\/definition\/balise-title\/#primaryimage"},"thumbnailUrl":"https:\/\/www.redacteur.com\/blog\/wp-content\/uploads\/2022\/02\/screenshot2197-1024x37.jpg","datePublished":"2022-02-01T14:06:59+00:00","description":"Dans les termes SEO, la balise Title en est un \u00e0 conna\u00eetre tout simplement parce que cette balise doit faire partie int\u00e9grante de votre strat\u00e9gie SEO.","breadcrumb":{"@id":"https:\/\/www.redacteur.com\/blog\/definition\/balise-title\/#breadcrumb"},"inLanguage":"fr-FR","potentialAction":[{"@type":"ReadAction","target":["https:\/\/www.redacteur.com\/blog\/definition\/balise-title\/"]}]},{"@type":"ImageObject","inLanguage":"fr-FR","@id":"https:\/\/www.redacteur.com\/blog\/definition\/balise-title\/#primaryimage","url":"https:\/\/www.redacteur.com\/blog\/wp-content\/uploads\/sites\/6\/2022\/02\/screenshot2197.jpg","contentUrl":"https:\/\/www.redacteur.com\/blog\/wp-content\/uploads\/sites\/6\/2022\/02\/screenshot2197.jpg","width":1072,"height":39,"caption":"balise title"},{"@type":"BreadcrumbList","@id":"https:\/\/www.redacteur.com\/blog\/definition\/balise-title\/#breadcrumb","itemListElement":[{"@type":"ListItem","position":1,"name":"Blog","item":"https:\/\/www.redacteur.com\/blog\/"},{"@type":"ListItem","position":2,"name":"Lexique SEO","item":"https:\/\/www.redacteur.com\/blog\/definition\/"},{"@type":"ListItem","position":3,"name":"Balise Title"}]},{"@type":"WebSite","@id":"https:\/\/www.redacteur.com\/blog\/#website","url":"https:\/\/www.redacteur.com\/blog\/","name":"Redacteur.com","description":"redacteur","publisher":{"@id":"https:\/\/www.redacteur.com\/blog\/#organization"},"potentialAction":[{"@type":"SearchAction","target":{"@type":"EntryPoint","urlTemplate":"https:\/\/www.redacteur.com\/blog\/?s={search_term_string}"},"query-input":{"@type":"PropertyValueSpecification","valueRequired":true,"valueName":"search_term_string"}}],"inLanguage":"fr-FR"},{"@type":"Organization","@id":"https:\/\/www.redacteur.com\/blog\/#organization","name":"Redacteur.com","url":"https:\/\/www.redacteur.com\/blog\/","logo":{"@type":"ImageObject","inLanguage":"fr-FR","@id":"https:\/\/www.redacteur.com\/blog\/#\/schema\/logo\/image\/","url":"https:\/\/www.redacteur.com\/blog\/wp-content\/uploads\/sites\/6\/2022\/10\/logo-redacteur-blog.svg","contentUrl":"https:\/\/www.redacteur.com\/blog\/wp-content\/uploads\/sites\/6\/2022\/10\/logo-redacteur-blog.svg","width":1,"height":1,"caption":"Redacteur.com"},"image":{"@id":"https:\/\/www.redacteur.com\/blog\/#\/schema\/logo\/image\/"},"sameAs":["https:\/\/www.facebook.com\/redacteurcom","https:\/\/x.com\/Redacteurcom","https:\/\/www.linkedin.com\/company\/redacteur-com","https:\/\/www.youtube.com\/channel\/UCgj9ySM9xy3gdL8qBafl9Uw\/"]}]}},"_links":{"self":[{"href":"https:\/\/www.redacteur.com\/blog\/wp-json\/wp\/v2\/pages\/30117","targetHints":{"allow":["GET"]}}],"collection":[{"href":"https:\/\/www.redacteur.com\/blog\/wp-json\/wp\/v2\/pages"}],"about":[{"href":"https:\/\/www.redacteur.com\/blog\/wp-json\/wp\/v2\/types\/page"}],"author":[{"embeddable":true,"href":"https:\/\/www.redacteur.com\/blog\/wp-json\/wp\/v2\/users\/1"}],"replies":[{"embeddable":true,"href":"https:\/\/www.redacteur.com\/blog\/wp-json\/wp\/v2\/comments?post=30117"}],"version-history":[{"count":0,"href":"https:\/\/www.redacteur.com\/blog\/wp-json\/wp\/v2\/pages\/30117\/revisions"}],"up":[{"embeddable":true,"href":"https:\/\/www.redacteur.com\/blog\/wp-json\/wp\/v2\/pages\/29730"}],"wp:attachment":[{"href":"https:\/\/www.redacteur.com\/blog\/wp-json\/wp\/v2\/media?parent=30117"}],"curies":[{"name":"wp","href":"https:\/\/api.w.org\/{rel}","templated":true}]}}