{"id":30124,"date":"2022-02-01T15:16:41","date_gmt":"2022-02-01T14:16:41","guid":{"rendered":"https:\/\/www.redacteur.com\/blog\/?page_id=30124"},"modified":"2022-02-01T15:16:41","modified_gmt":"2022-02-01T14:16:41","slug":"seo","status":"publish","type":"page","link":"https:\/\/www.redacteur.com\/blog\/definition\/seo\/","title":{"rendered":"SEO"},"content":{"rendered":"<p>Le <strong>SEO<\/strong> est un terme que l&#8217;on entend partout autour de nous quand on parle de r\u00e9daction web ou de r\u00e9f\u00e9rencement naturel.<\/p>\n<p>Mais que signifie ce sigle et qu&#8217;apporte-t-il vraiment \u00e0 notre site internet&nbsp;? On vous dit tout.<\/p>\n<p>&nbsp;<\/p>\n<h2>Qu&#8217;est-ce que le SEO&nbsp;?<\/h2>\n<p>Le SEO pour <strong>Search Engine Optimization<\/strong> est le terme utilis\u00e9 pour d\u00e9finir <strong>l&#8217;ensemble des actions \u00e0 mener pour que votre site internet b\u00e9n\u00e9ficie du meilleur r\u00e9f\u00e9rencement naturel possible<\/strong>.<\/p>\n<p>Son but est de guider l&#8217;internaute vers vos pages et ainsi <strong>g\u00e9n\u00e9rer du <a href=\"https:\/\/www.redacteur.com\/blog\/definition\/trafic-organique\/\">trafic<\/a> sur votre site<\/strong>.<\/p>\n<p>Le SEO est un outil permettant donc d&#8217;indiquer aux navigateurs internet des termes pr\u00e9cis pour que <strong>vos pages apparaissent dans les r\u00e9sultats de recherche<\/strong> des internautes et vous am\u00e8ne ainsi prospects et conversion.<\/p>\n<p>Le SEO est donc d&#8217;une importance capitale pour la bonne sant\u00e9 de votre site, votre <strong>visibilit\u00e9<\/strong> et votre trafic. Un pilier dans votre strat\u00e9gie de communication, votre inbound marketing.<\/p>\n<p><img decoding=\"async\" class=\" wp-image-29875 aligncenter\" src=\"https:\/\/www.redacteur.com\/blog\/wp-content\/uploads\/2022\/01\/Laptop-fil-ariane.jpg\" alt=\"Fil d'Ariane\" width=\"298\" height=\"298\" srcset=\"https:\/\/www.redacteur.com\/blog\/wp-content\/uploads\/sites\/6\/2022\/01\/Laptop-fil-ariane.jpg 700w, https:\/\/www.redacteur.com\/blog\/wp-content\/uploads\/sites\/6\/2022\/01\/Laptop-fil-ariane-300x300.jpg 300w, https:\/\/www.redacteur.com\/blog\/wp-content\/uploads\/sites\/6\/2022\/01\/Laptop-fil-ariane-150x150.jpg 150w, https:\/\/www.redacteur.com\/blog\/wp-content\/uploads\/sites\/6\/2022\/01\/Laptop-fil-ariane-60x60.jpg 60w, https:\/\/www.redacteur.com\/blog\/wp-content\/uploads\/sites\/6\/2022\/01\/Laptop-fil-ariane-370x370.jpg 370w, https:\/\/www.redacteur.com\/blog\/wp-content\/uploads\/sites\/6\/2022\/01\/Laptop-fil-ariane-270x270.jpg 270w, https:\/\/www.redacteur.com\/blog\/wp-content\/uploads\/sites\/6\/2022\/01\/Laptop-fil-ariane-570x570.jpg 570w\" sizes=\"(max-width: 298px) 100vw, 298px\" \/><\/p>\n<p>&nbsp;<\/p>\n<h2>Comment utiliser le SEO pour obtenir ces r\u00e9sultats&nbsp;?<\/h2>\n<p>Le SEO d\u00e9pend donc de l&#8217;ensemble des actions que vous menez pour que votre site attire les internautes. Voici maintenant quelques conseils pour vous aider.<\/p>\n<ul>\n<li>Utilisez des mots cl\u00e9s percutants et r\u00e9pondant aux besoins de vos clients types. Pour cela, d\u00e9finir sa strat\u00e9gie de mots cl\u00e9s est essentiel.<\/li>\n<li>Cr\u00e9ez des contenus uniques, qualitatifs et originaux bas\u00e9s sur vos mots cl\u00e9s.<\/li>\n<li>Evitez le duplicate content pour que les robots d&#8217;indexation mettent votre site en avant.<\/li>\n<li>Travaillez votre pr\u00e9sence sur les r\u00e9seaux sociaux pour renforcer votre image. Plus l&#8217;internaute vous voit, vous et votre marque, plus il ira naturellement lire vos articles.<\/li>\n<li>Utilisez les<a href=\"https:\/\/www.redacteur.com\/blog\/definition\/balise-html\/\"> balises HTML<\/a> et les m\u00e9tadonn\u00e9es pour optimiser votre r\u00e9f\u00e9rencement naturel. Ce code est connu de tous les navigateurs et permet de remonter dans les pages de recherche.<\/li>\n<li>Variez vos <a href=\"https:\/\/www.redacteur.com\/blog\/definition\/meta-description\/\">m\u00e9ta-descriptions<\/a><\/li>\n<li>Cr\u00e9ez un maillage interne coh\u00e9rent&nbsp;: ceci va pousser l&#8217;internaute \u00e0 rester chercher les informations dont il a besoin sur votre site.<\/li>\n<\/ul>\n<p><strong>Sur <a href=\"https:\/\/www.redacteur.com\/\">Redacteur.com<\/a>, vous avez acc\u00e8s \u00e0 de nombreux r\u00e9dacteurs sp\u00e9cialis\u00e9s en SEO. <\/strong>N&#8217;h\u00e9sitez pas \u00e0 leur demander conseil pour la <strong>r\u00e9daction<\/strong> et l&#8217;<strong>optimisation de vos contenus<\/strong>.<\/p>\n<p>&nbsp;<\/p>\n<h2>Quelques outils qui peuvent vous aider \u00e0 optimiser votre SEO<\/h2>\n<p><strong>Optimiser son SEO<\/strong> n&#8217;est pas une t\u00e2che ais\u00e9e. Toutefois, il existe quelques outils vous permettant de d\u00e9finir vos pistes d&#8217;am\u00e9lioration.<\/p>\n<h3>Google Analytics<\/h3>\n<p>Ainsi, <a href=\"https:\/\/www.redacteur.com\/blog\/pilotage-de-site-web-tableaux-de-bord\/\">Google Analytics<\/a> vous permet d&#8217;identifier votre audience et de comprendre son comportement de navigation et de conversion.<\/p>\n<h3>Google Keyword Planner<\/h3>\n<p><a href=\"https:\/\/www.redacteur.com\/blog\/utiliser-google-keyword-planner\/\">Google Keyword Planner<\/a> vous aide \u00e0 d\u00e9finir vos mots cl\u00e9s. Cet outil recherche les mots cl\u00e9s pertinents, vous propose des listes \u00e0 ajouter dans vos contenus ou encore, fait des statistiques sur les recherches les plus effectu\u00e9es ou les tendances des internautes.<\/p>\n<h3>Copyscape<\/h3>\n<p>Copyscape scanne votre contenu et le compare \u00e0 ceux pr\u00e9sents sur le web. Cet outil permet de v\u00e9rifier l&#8217;absence de <a href=\"https:\/\/www.redacteur.com\/blog\/definition\/duplicate-content\/\">duplicate content<\/a> dans vos textes.<\/p>\n<p>C&#8217;est d&#8217;ailleurs l&#8217;outil que <a href=\"https:\/\/www.redacteur.com\/\">Redacteur.com<\/a> utilise pour garantir des textes exempts de tout contenu dupliqu\u00e9 sur sa plateforme.<\/p>\n<h3>Yoast SEO<\/h3>\n<p>Yoast SEO est votre meilleur ami pour v\u00e9rifier la bonne sant\u00e9 SEO de votre site WordPress. En effet, ce logiciel l&#8217;analyse r\u00e9guli\u00e8rement et vous propose des am\u00e9liorations pour optimiser votre r\u00e9f\u00e9rencement naturel.<\/p>\n<p>Si vous utilisez WordPress pour propulser votre site, vous avez acc\u00e8s \u00e0 de nombreux outils de statistiques et d\u2019aide pour optimiser vos contenus, notamment Yoast SEO.<\/p>\n<p>Ces outils sont disponibles en <strong>version gratuite<\/strong>. Ils en existent d&#8217;autres payants allant encore plus loin dans l&#8217;analyse de votre site pour vous aider \u00e0 am\u00e9liorer votre r\u00e9f\u00e9rencement.<\/p>\n<p>Sans compter que vous pouvez aussi <strong>vous adresser \u00e0 <a href=\"https:\/\/www.redacteur.com\/\">Redacteur.com<\/a><\/strong> et demandez conseil \u00e0 nos professionnels. Nous avons en notre possession certains de ces outils et nos r\u00e9dacteurs se feront un plaisir de r\u00e9pondre \u00e0 vos besoins.<\/p>\n","protected":false},"excerpt":{"rendered":"<p>Le SEO est un terme que l&#8217;on entend partout autour de nous quand on parle de r\u00e9daction web ou de r\u00e9f\u00e9rencement naturel. Mais que signifie ce sigle et qu&#8217;apporte-t-il vraiment \u00e0 notre site internet&nbsp;? On vous dit tout. &nbsp; Qu&#8217;est-ce que le SEO&nbsp;? Le SEO pour Search Engine Optimization est le terme utilis\u00e9 pour d\u00e9finir [&hellip;]<\/p>\n","protected":false},"author":1,"featured_media":0,"parent":29730,"menu_order":0,"comment_status":"closed","ping_status":"closed","template":"","meta":{"_acf_changed":false,"inline_featured_image":false,"footnotes":""},"class_list":["post-30124","page","type-page","status-publish","hentry"],"acf":[],"yoast_head":"<!-- This site is optimized with the Yoast SEO plugin v25.9 - https:\/\/yoast.com\/wordpress\/plugins\/seo\/ -->\n<title>Qu&#039;est-ce que le SEO ? D\u00e9finition - Redacteur.com<\/title>\n<meta name=\"description\" content=\"Le SEO est un terme que l&#039;on entend partout autour de nous quand on parle de r\u00e9daction web ou de r\u00e9f\u00e9rencement naturel. Mais que signifie ce sigle et\" \/>\n<meta name=\"robots\" content=\"index, follow, max-snippet:-1, max-image-preview:large, max-video-preview:-1\" \/>\n<link rel=\"canonical\" href=\"https:\/\/www.redacteur.com\/blog\/definition\/seo\/\" \/>\n<meta property=\"og:locale\" content=\"fr_FR\" \/>\n<meta property=\"og:type\" content=\"article\" \/>\n<meta property=\"og:title\" content=\"Qu&#039;est-ce que le SEO ? D\u00e9finition - Redacteur.com\" \/>\n<meta property=\"og:description\" content=\"Le SEO est un terme que l&#039;on entend partout autour de nous quand on parle de r\u00e9daction web ou de r\u00e9f\u00e9rencement naturel. Mais que signifie ce sigle et\" \/>\n<meta property=\"og:url\" content=\"https:\/\/www.redacteur.com\/blog\/definition\/seo\/\" \/>\n<meta property=\"og:site_name\" content=\"Redacteur.com\" \/>\n<meta property=\"article:publisher\" content=\"https:\/\/www.facebook.com\/redacteurcom\" \/>\n<meta property=\"og:image\" content=\"https:\/\/www.redacteur.com\/blog\/wp-content\/uploads\/2022\/01\/Laptop-fil-ariane.jpg\" \/>\n<meta name=\"twitter:card\" content=\"summary_large_image\" \/>\n<meta name=\"twitter:site\" content=\"@Redacteurcom\" \/>\n<meta name=\"twitter:label1\" content=\"Dur\u00e9e de lecture estim\u00e9e\" \/>\n\t<meta name=\"twitter:data1\" content=\"3 minutes\" \/>\n<script type=\"application\/ld+json\" class=\"yoast-schema-graph\">{\"@context\":\"https:\/\/schema.org\",\"@graph\":[{\"@type\":\"WebPage\",\"@id\":\"https:\/\/www.redacteur.com\/blog\/definition\/seo\/\",\"url\":\"https:\/\/www.redacteur.com\/blog\/definition\/seo\/\",\"name\":\"Qu'est-ce que le SEO ? D\u00e9finition - Redacteur.com\",\"isPartOf\":{\"@id\":\"https:\/\/www.redacteur.com\/blog\/#website\"},\"primaryImageOfPage\":{\"@id\":\"https:\/\/www.redacteur.com\/blog\/definition\/seo\/#primaryimage\"},\"image\":{\"@id\":\"https:\/\/www.redacteur.com\/blog\/definition\/seo\/#primaryimage\"},\"thumbnailUrl\":\"https:\/\/www.redacteur.com\/blog\/wp-content\/uploads\/2022\/01\/Laptop-fil-ariane.jpg\",\"datePublished\":\"2022-02-01T14:16:41+00:00\",\"description\":\"Le SEO est un terme que l'on entend partout autour de nous quand on parle de r\u00e9daction web ou de r\u00e9f\u00e9rencement naturel. Mais que signifie ce sigle et\",\"breadcrumb\":{\"@id\":\"https:\/\/www.redacteur.com\/blog\/definition\/seo\/#breadcrumb\"},\"inLanguage\":\"fr-FR\",\"potentialAction\":[{\"@type\":\"ReadAction\",\"target\":[\"https:\/\/www.redacteur.com\/blog\/definition\/seo\/\"]}]},{\"@type\":\"ImageObject\",\"inLanguage\":\"fr-FR\",\"@id\":\"https:\/\/www.redacteur.com\/blog\/definition\/seo\/#primaryimage\",\"url\":\"https:\/\/www.redacteur.com\/blog\/wp-content\/uploads\/sites\/6\/2022\/01\/Laptop-fil-ariane.jpg\",\"contentUrl\":\"https:\/\/www.redacteur.com\/blog\/wp-content\/uploads\/sites\/6\/2022\/01\/Laptop-fil-ariane.jpg\",\"width\":700,\"height\":700,\"caption\":\"Fil d'Ariane\"},{\"@type\":\"BreadcrumbList\",\"@id\":\"https:\/\/www.redacteur.com\/blog\/definition\/seo\/#breadcrumb\",\"itemListElement\":[{\"@type\":\"ListItem\",\"position\":1,\"name\":\"Blog\",\"item\":\"https:\/\/www.redacteur.com\/blog\/\"},{\"@type\":\"ListItem\",\"position\":2,\"name\":\"Lexique SEO\",\"item\":\"https:\/\/www.redacteur.com\/blog\/definition\/\"},{\"@type\":\"ListItem\",\"position\":3,\"name\":\"SEO\"}]},{\"@type\":\"WebSite\",\"@id\":\"https:\/\/www.redacteur.com\/blog\/#website\",\"url\":\"https:\/\/www.redacteur.com\/blog\/\",\"name\":\"Redacteur.com\",\"description\":\"redacteur\",\"publisher\":{\"@id\":\"https:\/\/www.redacteur.com\/blog\/#organization\"},\"potentialAction\":[{\"@type\":\"SearchAction\",\"target\":{\"@type\":\"EntryPoint\",\"urlTemplate\":\"https:\/\/www.redacteur.com\/blog\/?s={search_term_string}\"},\"query-input\":{\"@type\":\"PropertyValueSpecification\",\"valueRequired\":true,\"valueName\":\"search_term_string\"}}],\"inLanguage\":\"fr-FR\"},{\"@type\":\"Organization\",\"@id\":\"https:\/\/www.redacteur.com\/blog\/#organization\",\"name\":\"Redacteur.com\",\"url\":\"https:\/\/www.redacteur.com\/blog\/\",\"logo\":{\"@type\":\"ImageObject\",\"inLanguage\":\"fr-FR\",\"@id\":\"https:\/\/www.redacteur.com\/blog\/#\/schema\/logo\/image\/\",\"url\":\"https:\/\/www.redacteur.com\/blog\/wp-content\/uploads\/sites\/6\/2022\/10\/logo-redacteur-blog.svg\",\"contentUrl\":\"https:\/\/www.redacteur.com\/blog\/wp-content\/uploads\/sites\/6\/2022\/10\/logo-redacteur-blog.svg\",\"width\":1,\"height\":1,\"caption\":\"Redacteur.com\"},\"image\":{\"@id\":\"https:\/\/www.redacteur.com\/blog\/#\/schema\/logo\/image\/\"},\"sameAs\":[\"https:\/\/www.facebook.com\/redacteurcom\",\"https:\/\/x.com\/Redacteurcom\",\"https:\/\/www.linkedin.com\/company\/redacteur-com\",\"https:\/\/www.youtube.com\/channel\/UCgj9ySM9xy3gdL8qBafl9Uw\/\"]}]}<\/script>\n<!-- \/ Yoast SEO plugin. -->","yoast_head_json":{"title":"Qu'est-ce que le SEO ? D\u00e9finition - Redacteur.com","description":"Le SEO est un terme que l'on entend partout autour de nous quand on parle de r\u00e9daction web ou de r\u00e9f\u00e9rencement naturel. Mais que signifie ce sigle et","robots":{"index":"index","follow":"follow","max-snippet":"max-snippet:-1","max-image-preview":"max-image-preview:large","max-video-preview":"max-video-preview:-1"},"canonical":"https:\/\/www.redacteur.com\/blog\/definition\/seo\/","og_locale":"fr_FR","og_type":"article","og_title":"Qu'est-ce que le SEO ? D\u00e9finition - Redacteur.com","og_description":"Le SEO est un terme que l'on entend partout autour de nous quand on parle de r\u00e9daction web ou de r\u00e9f\u00e9rencement naturel. Mais que signifie ce sigle et","og_url":"https:\/\/www.redacteur.com\/blog\/definition\/seo\/","og_site_name":"Redacteur.com","article_publisher":"https:\/\/www.facebook.com\/redacteurcom","og_image":[{"url":"https:\/\/www.redacteur.com\/blog\/wp-content\/uploads\/2022\/01\/Laptop-fil-ariane.jpg","type":"","width":"","height":""}],"twitter_card":"summary_large_image","twitter_site":"@Redacteurcom","twitter_misc":{"Dur\u00e9e de lecture estim\u00e9e":"3 minutes"},"schema":{"@context":"https:\/\/schema.org","@graph":[{"@type":"WebPage","@id":"https:\/\/www.redacteur.com\/blog\/definition\/seo\/","url":"https:\/\/www.redacteur.com\/blog\/definition\/seo\/","name":"Qu'est-ce que le SEO ? D\u00e9finition - Redacteur.com","isPartOf":{"@id":"https:\/\/www.redacteur.com\/blog\/#website"},"primaryImageOfPage":{"@id":"https:\/\/www.redacteur.com\/blog\/definition\/seo\/#primaryimage"},"image":{"@id":"https:\/\/www.redacteur.com\/blog\/definition\/seo\/#primaryimage"},"thumbnailUrl":"https:\/\/www.redacteur.com\/blog\/wp-content\/uploads\/2022\/01\/Laptop-fil-ariane.jpg","datePublished":"2022-02-01T14:16:41+00:00","description":"Le SEO est un terme que l'on entend partout autour de nous quand on parle de r\u00e9daction web ou de r\u00e9f\u00e9rencement naturel. Mais que signifie ce sigle et","breadcrumb":{"@id":"https:\/\/www.redacteur.com\/blog\/definition\/seo\/#breadcrumb"},"inLanguage":"fr-FR","potentialAction":[{"@type":"ReadAction","target":["https:\/\/www.redacteur.com\/blog\/definition\/seo\/"]}]},{"@type":"ImageObject","inLanguage":"fr-FR","@id":"https:\/\/www.redacteur.com\/blog\/definition\/seo\/#primaryimage","url":"https:\/\/www.redacteur.com\/blog\/wp-content\/uploads\/sites\/6\/2022\/01\/Laptop-fil-ariane.jpg","contentUrl":"https:\/\/www.redacteur.com\/blog\/wp-content\/uploads\/sites\/6\/2022\/01\/Laptop-fil-ariane.jpg","width":700,"height":700,"caption":"Fil d'Ariane"},{"@type":"BreadcrumbList","@id":"https:\/\/www.redacteur.com\/blog\/definition\/seo\/#breadcrumb","itemListElement":[{"@type":"ListItem","position":1,"name":"Blog","item":"https:\/\/www.redacteur.com\/blog\/"},{"@type":"ListItem","position":2,"name":"Lexique SEO","item":"https:\/\/www.redacteur.com\/blog\/definition\/"},{"@type":"ListItem","position":3,"name":"SEO"}]},{"@type":"WebSite","@id":"https:\/\/www.redacteur.com\/blog\/#website","url":"https:\/\/www.redacteur.com\/blog\/","name":"Redacteur.com","description":"redacteur","publisher":{"@id":"https:\/\/www.redacteur.com\/blog\/#organization"},"potentialAction":[{"@type":"SearchAction","target":{"@type":"EntryPoint","urlTemplate":"https:\/\/www.redacteur.com\/blog\/?s={search_term_string}"},"query-input":{"@type":"PropertyValueSpecification","valueRequired":true,"valueName":"search_term_string"}}],"inLanguage":"fr-FR"},{"@type":"Organization","@id":"https:\/\/www.redacteur.com\/blog\/#organization","name":"Redacteur.com","url":"https:\/\/www.redacteur.com\/blog\/","logo":{"@type":"ImageObject","inLanguage":"fr-FR","@id":"https:\/\/www.redacteur.com\/blog\/#\/schema\/logo\/image\/","url":"https:\/\/www.redacteur.com\/blog\/wp-content\/uploads\/sites\/6\/2022\/10\/logo-redacteur-blog.svg","contentUrl":"https:\/\/www.redacteur.com\/blog\/wp-content\/uploads\/sites\/6\/2022\/10\/logo-redacteur-blog.svg","width":1,"height":1,"caption":"Redacteur.com"},"image":{"@id":"https:\/\/www.redacteur.com\/blog\/#\/schema\/logo\/image\/"},"sameAs":["https:\/\/www.facebook.com\/redacteurcom","https:\/\/x.com\/Redacteurcom","https:\/\/www.linkedin.com\/company\/redacteur-com","https:\/\/www.youtube.com\/channel\/UCgj9ySM9xy3gdL8qBafl9Uw\/"]}]}},"_links":{"self":[{"href":"https:\/\/www.redacteur.com\/blog\/wp-json\/wp\/v2\/pages\/30124","targetHints":{"allow":["GET"]}}],"collection":[{"href":"https:\/\/www.redacteur.com\/blog\/wp-json\/wp\/v2\/pages"}],"about":[{"href":"https:\/\/www.redacteur.com\/blog\/wp-json\/wp\/v2\/types\/page"}],"author":[{"embeddable":true,"href":"https:\/\/www.redacteur.com\/blog\/wp-json\/wp\/v2\/users\/1"}],"replies":[{"embeddable":true,"href":"https:\/\/www.redacteur.com\/blog\/wp-json\/wp\/v2\/comments?post=30124"}],"version-history":[{"count":0,"href":"https:\/\/www.redacteur.com\/blog\/wp-json\/wp\/v2\/pages\/30124\/revisions"}],"up":[{"embeddable":true,"href":"https:\/\/www.redacteur.com\/blog\/wp-json\/wp\/v2\/pages\/29730"}],"wp:attachment":[{"href":"https:\/\/www.redacteur.com\/blog\/wp-json\/wp\/v2\/media?parent=30124"}],"curies":[{"name":"wp","href":"https:\/\/api.w.org\/{rel}","templated":true}]}}