{"id":30129,"date":"2022-02-01T15:37:27","date_gmt":"2022-02-01T14:37:27","guid":{"rendered":"https:\/\/www.redacteur.com\/blog\/?page_id=30129"},"modified":"2022-02-01T15:37:27","modified_gmt":"2022-02-01T14:37:27","slug":"referencement-naturel","status":"publish","type":"page","link":"https:\/\/www.redacteur.com\/blog\/definition\/referencement-naturel\/","title":{"rendered":"R\u00e9f\u00e9rencement naturel"},"content":{"rendered":"<p>Le <strong>r\u00e9f\u00e9rencement naturel<\/strong> est un terme que vous avez s\u00fbrement tr\u00e8s souvent entendu depuis que vous avez d\u00e9cid\u00e9 d&#8217;ouvrir un site internet.<\/p>\n<p>Mais de quoi parle-t-on exactement&nbsp;? Comment se servir du r\u00e9f\u00e9rencement naturel pour d\u00e9velopper ses activit\u00e9s&nbsp;? C&#8217;est que nous vous proposons de comprendre dans cette page.<\/p>\n<p>&nbsp;<\/p>\n<h2>R\u00e9f\u00e9rencement naturel&nbsp;: qu&#8217;est-ce que c&#8217;est&nbsp;?<\/h2>\n<p>Le <strong>r\u00e9f\u00e9rencement naturel<\/strong> est le terme d\u00e9finissant <strong>l&#8217;ensemble des actions et techniques utilis\u00e9es pour optimiser votre site internet et sa position dans les r\u00e9sultats de recherche<\/strong>.<\/p>\n<p>Le <a href=\"https:\/\/www.redacteur.com\/blog\/definition\/seo\/\"><strong>SEO<\/strong><\/a> en est la principale composante.<\/p>\n<p>C&#8217;est un outil <strong>indispensable au d\u00e9veloppement de votre entreprise<\/strong>. Le r\u00e9f\u00e9rencement naturel permet \u00e0 l&#8217;internaute de vous rencontrer via votre site, \u00e0 condition bien entendu de vous trouver avant. Pour que cela arrive, il faut que votre r\u00e9f\u00e9rencement naturel soit optimis\u00e9 et fasse<strong> remonter vos pages dans les premiers r\u00e9sultats de recherche<\/strong> r\u00e9pondant \u00e0 la demande de l&#8217;internaute.<\/p>\n<figure id=\"attachment_30138\" aria-describedby=\"caption-attachment-30138\" style=\"width: 1000px\" class=\"wp-caption alignnone\"><img decoding=\"async\" class=\"size-full wp-image-30138\" src=\"https:\/\/www.redacteur.com\/blog\/wp-content\/uploads\/2022\/02\/screenshot2199.jpg\" alt=\"r\u00e9f\u00e9rencement naturel\" width=\"1000\" height=\"668\" srcset=\"https:\/\/www.redacteur.com\/blog\/wp-content\/uploads\/sites\/6\/2022\/02\/screenshot2199.jpg 1000w, https:\/\/www.redacteur.com\/blog\/wp-content\/uploads\/sites\/6\/2022\/02\/screenshot2199-300x200.jpg 300w, https:\/\/www.redacteur.com\/blog\/wp-content\/uploads\/sites\/6\/2022\/02\/screenshot2199-768x513.jpg 768w, https:\/\/www.redacteur.com\/blog\/wp-content\/uploads\/sites\/6\/2022\/02\/screenshot2199-60x40.jpg 60w, https:\/\/www.redacteur.com\/blog\/wp-content\/uploads\/sites\/6\/2022\/02\/screenshot2199-370x247.jpg 370w, https:\/\/www.redacteur.com\/blog\/wp-content\/uploads\/sites\/6\/2022\/02\/screenshot2199-270x180.jpg 270w, https:\/\/www.redacteur.com\/blog\/wp-content\/uploads\/sites\/6\/2022\/02\/screenshot2199-570x381.jpg 570w, https:\/\/www.redacteur.com\/blog\/wp-content\/uploads\/sites\/6\/2022\/02\/screenshot2199-740x494.jpg 740w\" sizes=\"(max-width: 1000px) 100vw, 1000px\" \/><figcaption id=\"caption-attachment-30138\" class=\"wp-caption-text\">Le r\u00e9f\u00e9rencement naturel fait appara\u00eetre votre page web dans les r\u00e9sultats des moteurs de recherche<\/figcaption><\/figure>\n<p>&nbsp;<\/p>\n<h2>Comment am\u00e9liorer son r\u00e9f\u00e9rencement naturel&nbsp;?<\/h2>\n<p>Vous l&#8217;aurez devin\u00e9, puisque votre r\u00e9f\u00e9rencement naturel est li\u00e9 \u00e0 votre SEO, en am\u00e9liorant ce dernier, vous am\u00e9liorerez aussi votre r\u00e9f\u00e9rencement naturel. Mais pas que.<\/p>\n<p>C&#8217;est bien joli mais une fois que cela est pos\u00e9, comment on fait&nbsp;? On s&#8217;arme d&#8217;un grand sourire et on se met au travail. Voici quelques conseils pour am\u00e9liorer son r\u00e9f\u00e9rencement naturel.<\/p>\n<h3>R\u00e9duisez le temps de chargement de vos pages<\/h3>\n<p>En effet, la <strong>vitesse de chargement<\/strong> est un crit\u00e8re pris en compte par Google notamment. Ce moteur de recherche privil\u00e9gie les sites \u00e0 affichage rapide. V\u00e9rifiez donc votre vitesse de chargement.<\/p>\n<p>Vous pouvez vous aider d&#8217;un outil tel que <a href=\"https:\/\/pagespeed.web.dev\/?hl=fr\" target=\"_blank\" rel=\"noopener\">PageSpeed Insights<\/a>, qui en plus de l&#8217;analyse, vous montre les contenus \u00e0 am\u00e9liorer.<\/p>\n<h3>D\u00e9finissez votre strat\u00e9gie de mots cl\u00e9s<\/h3>\n<p>Ceci revient tr\u00e8s souvent d\u00e8s que l&#8217;on parle de SEO. C&#8217;est effectivement la base du r\u00e9f\u00e9rencement.<\/p>\n<p>Une bonne<strong> strat\u00e9gie de <a href=\"https:\/\/www.redacteur.com\/blog\/definition\/mot-cle\/\">mots cl\u00e9s<\/a><\/strong> vous permettra de d\u00e9finir les contenus \u00e0 garder ou non, ainsi que ceux \u00e0 am\u00e9liorer pour atteindre les objectifs que vous vous \u00eates fix\u00e9s, tant en terme de trafic que de conversions.<\/p>\n<p>Un site sans strat\u00e9gie de mots cl\u00e9s, c&#8217;est comme si vous aviez une superbe voiture que vous laisseriez au garage. Dommage, non&nbsp;?<\/p>\n<h3>R\u00e9servez un nom de domaine identique \u00e0 votre nom d&#8217;entreprise ou de marque<\/h3>\n<p>Le <a href=\"https:\/\/www.redacteur.com\/blog\/definition\/nom-de-domaine\/\">nom de domaine<\/a> est un gage de professionnalisme, c&#8217;est votre identit\u00e9 internet.<\/p>\n<p>Les moteurs de recherche tels que Google identifient ainsi votre site comme \u00e9tant un site professionnel et vous r\u00e9f\u00e9rence donc en tant que tel.<\/p>\n<h3>Affichez un design agr\u00e9able<\/h3>\n<p>Le design de votre site repr\u00e9sente l&#8217;<strong>image de votre marque<\/strong>. Plus ce dernier est agr\u00e9able, plus les internautes prendront plaisir \u00e0 le consulter et fureter entre vos pages.<\/p>\n<p>Leur temps de visite augmentera donc, ce qui est un indicateur positif pour \u00eatre mieux r\u00e9f\u00e9renc\u00e9 dans les r\u00e9sultats de recherche.<\/p>\n<h3>Soyez mobile-friendly<\/h3>\n<p>De nos jours, la consultation des sites depuis un t\u00e9l\u00e9phone portable repr\u00e9sente la majorit\u00e9 des visites.<\/p>\n<p>Par cons\u00e9quent, assurez-vous que votre site s&#8217;affiche correctement sur mobile. La plupart des propulseurs de sites proposent l&#8217;option adaptable sur mobile.<\/p>\n<p>De plus, une ergonomie <a href=\"https:\/\/www.redacteur.com\/blog\/definition\/index-mobile-first\/\">Mobile First<\/a> ou multi-\u00e9crans est pl\u00e9biscit\u00e9e par Google et donc b\u00e9n\u00e9ficie d&#8217;une indexation int\u00e9ressante.<\/p>\n<h3>Utilisez les ancres de liens<\/h3>\n<p>Pour ce faire, il est n\u00e9cessaire de cr\u00e9er du contenu qui peut \u00eatre partag\u00e9. Ainsi, vous d\u00e9velopperez \u00e9galement un r\u00e9f\u00e9rencement naturel par <a href=\"https:\/\/www.redacteur.com\/blog\/definition\/backlink\/\">backlinks<\/a>.<\/p>\n<p>Ceci vous offre plusieurs avantages. Le premier \u00e9tant que d&#8217;autres sites pourront vous r\u00e9f\u00e9rencer et envoyer leurs visiteurs sur vos pages. De ce fait, vous gagnez en autorit\u00e9 et niveau d&#8217;expertise dans votre domaine, ce qui est tr\u00e8s appr\u00e9ci\u00e9 par les moteurs de recherche.<\/p>\n<p>Comme vous le voyez, il existe une multitude de possibilit\u00e9s d&#8217;am\u00e9liorer votre r\u00e9f\u00e9rencement naturel. Avant cela, il vous faudra toutefois int\u00e9grer des contenus de qualit\u00e9 sur votre site. <strong>Commandez d\u00e8s maintenant vos textes professionnels optimis\u00e9s pour le r\u00e9f\u00e9rencement sur <a href=\"https:\/\/www.redacteur.com\/\">Redacteur.com<\/a>.<\/strong><\/p>\n","protected":false},"excerpt":{"rendered":"<p>Le r\u00e9f\u00e9rencement naturel est un terme que vous avez s\u00fbrement tr\u00e8s souvent entendu depuis que vous avez d\u00e9cid\u00e9 d&#8217;ouvrir un site internet. Mais de quoi parle-t-on exactement&nbsp;? Comment se servir du r\u00e9f\u00e9rencement naturel pour d\u00e9velopper ses activit\u00e9s&nbsp;? C&#8217;est que nous vous proposons de comprendre dans cette page. &nbsp; R\u00e9f\u00e9rencement naturel&nbsp;: qu&#8217;est-ce que c&#8217;est&nbsp;? Le r\u00e9f\u00e9rencement [&hellip;]<\/p>\n","protected":false},"author":1,"featured_media":0,"parent":29730,"menu_order":0,"comment_status":"closed","ping_status":"closed","template":"","meta":{"_acf_changed":false,"inline_featured_image":false,"footnotes":""},"class_list":["post-30129","page","type-page","status-publish","hentry"],"acf":[],"yoast_head":"<!-- This site is optimized with the Yoast SEO plugin v25.9 - https:\/\/yoast.com\/wordpress\/plugins\/seo\/ -->\n<title>Qu&#039;est-ce que le r\u00e9f\u00e9rencement naturel ? D\u00e9finition - Redacteur.com<\/title>\n<meta name=\"description\" content=\"Le r\u00e9f\u00e9rencement naturel est un terme que vous avez s\u00fbrement tr\u00e8s souvent entendu depuis que vous avez d\u00e9cid\u00e9 d&#039;ouvrir un site internet. Mais de quoi\" \/>\n<meta name=\"robots\" content=\"index, follow, max-snippet:-1, max-image-preview:large, max-video-preview:-1\" \/>\n<link rel=\"canonical\" href=\"https:\/\/www.redacteur.com\/blog\/definition\/referencement-naturel\/\" \/>\n<meta property=\"og:locale\" content=\"fr_FR\" \/>\n<meta property=\"og:type\" content=\"article\" \/>\n<meta property=\"og:title\" content=\"Qu&#039;est-ce que le r\u00e9f\u00e9rencement naturel ? D\u00e9finition - Redacteur.com\" \/>\n<meta property=\"og:description\" content=\"Le r\u00e9f\u00e9rencement naturel est un terme que vous avez s\u00fbrement tr\u00e8s souvent entendu depuis que vous avez d\u00e9cid\u00e9 d&#039;ouvrir un site internet. Mais de quoi\" \/>\n<meta property=\"og:url\" content=\"https:\/\/www.redacteur.com\/blog\/definition\/referencement-naturel\/\" \/>\n<meta property=\"og:site_name\" content=\"Redacteur.com\" \/>\n<meta property=\"article:publisher\" content=\"https:\/\/www.facebook.com\/redacteurcom\" \/>\n<meta property=\"og:image\" content=\"https:\/\/www.redacteur.com\/blog\/wp-content\/uploads\/2022\/02\/screenshot2199.jpg\" \/>\n<meta name=\"twitter:card\" content=\"summary_large_image\" \/>\n<meta name=\"twitter:site\" content=\"@Redacteurcom\" \/>\n<meta name=\"twitter:label1\" content=\"Dur\u00e9e de lecture estim\u00e9e\" \/>\n\t<meta name=\"twitter:data1\" content=\"4 minutes\" \/>\n<script type=\"application\/ld+json\" class=\"yoast-schema-graph\">{\"@context\":\"https:\/\/schema.org\",\"@graph\":[{\"@type\":\"WebPage\",\"@id\":\"https:\/\/www.redacteur.com\/blog\/definition\/referencement-naturel\/\",\"url\":\"https:\/\/www.redacteur.com\/blog\/definition\/referencement-naturel\/\",\"name\":\"Qu'est-ce que le r\u00e9f\u00e9rencement naturel ? D\u00e9finition - Redacteur.com\",\"isPartOf\":{\"@id\":\"https:\/\/www.redacteur.com\/blog\/#website\"},\"primaryImageOfPage\":{\"@id\":\"https:\/\/www.redacteur.com\/blog\/definition\/referencement-naturel\/#primaryimage\"},\"image\":{\"@id\":\"https:\/\/www.redacteur.com\/blog\/definition\/referencement-naturel\/#primaryimage\"},\"thumbnailUrl\":\"https:\/\/www.redacteur.com\/blog\/wp-content\/uploads\/2022\/02\/screenshot2199.jpg\",\"datePublished\":\"2022-02-01T14:37:27+00:00\",\"description\":\"Le r\u00e9f\u00e9rencement naturel est un terme que vous avez s\u00fbrement tr\u00e8s souvent entendu depuis que vous avez d\u00e9cid\u00e9 d'ouvrir un site internet. Mais de quoi\",\"breadcrumb\":{\"@id\":\"https:\/\/www.redacteur.com\/blog\/definition\/referencement-naturel\/#breadcrumb\"},\"inLanguage\":\"fr-FR\",\"potentialAction\":[{\"@type\":\"ReadAction\",\"target\":[\"https:\/\/www.redacteur.com\/blog\/definition\/referencement-naturel\/\"]}]},{\"@type\":\"ImageObject\",\"inLanguage\":\"fr-FR\",\"@id\":\"https:\/\/www.redacteur.com\/blog\/definition\/referencement-naturel\/#primaryimage\",\"url\":\"https:\/\/www.redacteur.com\/blog\/wp-content\/uploads\/sites\/6\/2022\/02\/screenshot2199.jpg\",\"contentUrl\":\"https:\/\/www.redacteur.com\/blog\/wp-content\/uploads\/sites\/6\/2022\/02\/screenshot2199.jpg\",\"width\":1000,\"height\":668,\"caption\":\"Le r\u00e9f\u00e9rencement naturel fait appara\u00eetre votre page web dans les r\u00e9sultats des moteurs de recherche\"},{\"@type\":\"BreadcrumbList\",\"@id\":\"https:\/\/www.redacteur.com\/blog\/definition\/referencement-naturel\/#breadcrumb\",\"itemListElement\":[{\"@type\":\"ListItem\",\"position\":1,\"name\":\"Blog\",\"item\":\"https:\/\/www.redacteur.com\/blog\/\"},{\"@type\":\"ListItem\",\"position\":2,\"name\":\"Lexique SEO\",\"item\":\"https:\/\/www.redacteur.com\/blog\/definition\/\"},{\"@type\":\"ListItem\",\"position\":3,\"name\":\"R\u00e9f\u00e9rencement naturel\"}]},{\"@type\":\"WebSite\",\"@id\":\"https:\/\/www.redacteur.com\/blog\/#website\",\"url\":\"https:\/\/www.redacteur.com\/blog\/\",\"name\":\"Redacteur.com\",\"description\":\"redacteur\",\"publisher\":{\"@id\":\"https:\/\/www.redacteur.com\/blog\/#organization\"},\"potentialAction\":[{\"@type\":\"SearchAction\",\"target\":{\"@type\":\"EntryPoint\",\"urlTemplate\":\"https:\/\/www.redacteur.com\/blog\/?s={search_term_string}\"},\"query-input\":{\"@type\":\"PropertyValueSpecification\",\"valueRequired\":true,\"valueName\":\"search_term_string\"}}],\"inLanguage\":\"fr-FR\"},{\"@type\":\"Organization\",\"@id\":\"https:\/\/www.redacteur.com\/blog\/#organization\",\"name\":\"Redacteur.com\",\"url\":\"https:\/\/www.redacteur.com\/blog\/\",\"logo\":{\"@type\":\"ImageObject\",\"inLanguage\":\"fr-FR\",\"@id\":\"https:\/\/www.redacteur.com\/blog\/#\/schema\/logo\/image\/\",\"url\":\"https:\/\/www.redacteur.com\/blog\/wp-content\/uploads\/sites\/6\/2022\/10\/logo-redacteur-blog.svg\",\"contentUrl\":\"https:\/\/www.redacteur.com\/blog\/wp-content\/uploads\/sites\/6\/2022\/10\/logo-redacteur-blog.svg\",\"width\":1,\"height\":1,\"caption\":\"Redacteur.com\"},\"image\":{\"@id\":\"https:\/\/www.redacteur.com\/blog\/#\/schema\/logo\/image\/\"},\"sameAs\":[\"https:\/\/www.facebook.com\/redacteurcom\",\"https:\/\/x.com\/Redacteurcom\",\"https:\/\/www.linkedin.com\/company\/redacteur-com\",\"https:\/\/www.youtube.com\/channel\/UCgj9ySM9xy3gdL8qBafl9Uw\/\"]}]}<\/script>\n<!-- \/ Yoast SEO plugin. -->","yoast_head_json":{"title":"Qu'est-ce que le r\u00e9f\u00e9rencement naturel ? D\u00e9finition - Redacteur.com","description":"Le r\u00e9f\u00e9rencement naturel est un terme que vous avez s\u00fbrement tr\u00e8s souvent entendu depuis que vous avez d\u00e9cid\u00e9 d'ouvrir un site internet. Mais de quoi","robots":{"index":"index","follow":"follow","max-snippet":"max-snippet:-1","max-image-preview":"max-image-preview:large","max-video-preview":"max-video-preview:-1"},"canonical":"https:\/\/www.redacteur.com\/blog\/definition\/referencement-naturel\/","og_locale":"fr_FR","og_type":"article","og_title":"Qu'est-ce que le r\u00e9f\u00e9rencement naturel ? D\u00e9finition - Redacteur.com","og_description":"Le r\u00e9f\u00e9rencement naturel est un terme que vous avez s\u00fbrement tr\u00e8s souvent entendu depuis que vous avez d\u00e9cid\u00e9 d'ouvrir un site internet. Mais de quoi","og_url":"https:\/\/www.redacteur.com\/blog\/definition\/referencement-naturel\/","og_site_name":"Redacteur.com","article_publisher":"https:\/\/www.facebook.com\/redacteurcom","og_image":[{"url":"https:\/\/www.redacteur.com\/blog\/wp-content\/uploads\/2022\/02\/screenshot2199.jpg","type":"","width":"","height":""}],"twitter_card":"summary_large_image","twitter_site":"@Redacteurcom","twitter_misc":{"Dur\u00e9e de lecture estim\u00e9e":"4 minutes"},"schema":{"@context":"https:\/\/schema.org","@graph":[{"@type":"WebPage","@id":"https:\/\/www.redacteur.com\/blog\/definition\/referencement-naturel\/","url":"https:\/\/www.redacteur.com\/blog\/definition\/referencement-naturel\/","name":"Qu'est-ce que le r\u00e9f\u00e9rencement naturel ? D\u00e9finition - Redacteur.com","isPartOf":{"@id":"https:\/\/www.redacteur.com\/blog\/#website"},"primaryImageOfPage":{"@id":"https:\/\/www.redacteur.com\/blog\/definition\/referencement-naturel\/#primaryimage"},"image":{"@id":"https:\/\/www.redacteur.com\/blog\/definition\/referencement-naturel\/#primaryimage"},"thumbnailUrl":"https:\/\/www.redacteur.com\/blog\/wp-content\/uploads\/2022\/02\/screenshot2199.jpg","datePublished":"2022-02-01T14:37:27+00:00","description":"Le r\u00e9f\u00e9rencement naturel est un terme que vous avez s\u00fbrement tr\u00e8s souvent entendu depuis que vous avez d\u00e9cid\u00e9 d'ouvrir un site internet. Mais de quoi","breadcrumb":{"@id":"https:\/\/www.redacteur.com\/blog\/definition\/referencement-naturel\/#breadcrumb"},"inLanguage":"fr-FR","potentialAction":[{"@type":"ReadAction","target":["https:\/\/www.redacteur.com\/blog\/definition\/referencement-naturel\/"]}]},{"@type":"ImageObject","inLanguage":"fr-FR","@id":"https:\/\/www.redacteur.com\/blog\/definition\/referencement-naturel\/#primaryimage","url":"https:\/\/www.redacteur.com\/blog\/wp-content\/uploads\/sites\/6\/2022\/02\/screenshot2199.jpg","contentUrl":"https:\/\/www.redacteur.com\/blog\/wp-content\/uploads\/sites\/6\/2022\/02\/screenshot2199.jpg","width":1000,"height":668,"caption":"Le r\u00e9f\u00e9rencement naturel fait appara\u00eetre votre page web dans les r\u00e9sultats des moteurs de recherche"},{"@type":"BreadcrumbList","@id":"https:\/\/www.redacteur.com\/blog\/definition\/referencement-naturel\/#breadcrumb","itemListElement":[{"@type":"ListItem","position":1,"name":"Blog","item":"https:\/\/www.redacteur.com\/blog\/"},{"@type":"ListItem","position":2,"name":"Lexique SEO","item":"https:\/\/www.redacteur.com\/blog\/definition\/"},{"@type":"ListItem","position":3,"name":"R\u00e9f\u00e9rencement naturel"}]},{"@type":"WebSite","@id":"https:\/\/www.redacteur.com\/blog\/#website","url":"https:\/\/www.redacteur.com\/blog\/","name":"Redacteur.com","description":"redacteur","publisher":{"@id":"https:\/\/www.redacteur.com\/blog\/#organization"},"potentialAction":[{"@type":"SearchAction","target":{"@type":"EntryPoint","urlTemplate":"https:\/\/www.redacteur.com\/blog\/?s={search_term_string}"},"query-input":{"@type":"PropertyValueSpecification","valueRequired":true,"valueName":"search_term_string"}}],"inLanguage":"fr-FR"},{"@type":"Organization","@id":"https:\/\/www.redacteur.com\/blog\/#organization","name":"Redacteur.com","url":"https:\/\/www.redacteur.com\/blog\/","logo":{"@type":"ImageObject","inLanguage":"fr-FR","@id":"https:\/\/www.redacteur.com\/blog\/#\/schema\/logo\/image\/","url":"https:\/\/www.redacteur.com\/blog\/wp-content\/uploads\/sites\/6\/2022\/10\/logo-redacteur-blog.svg","contentUrl":"https:\/\/www.redacteur.com\/blog\/wp-content\/uploads\/sites\/6\/2022\/10\/logo-redacteur-blog.svg","width":1,"height":1,"caption":"Redacteur.com"},"image":{"@id":"https:\/\/www.redacteur.com\/blog\/#\/schema\/logo\/image\/"},"sameAs":["https:\/\/www.facebook.com\/redacteurcom","https:\/\/x.com\/Redacteurcom","https:\/\/www.linkedin.com\/company\/redacteur-com","https:\/\/www.youtube.com\/channel\/UCgj9ySM9xy3gdL8qBafl9Uw\/"]}]}},"_links":{"self":[{"href":"https:\/\/www.redacteur.com\/blog\/wp-json\/wp\/v2\/pages\/30129","targetHints":{"allow":["GET"]}}],"collection":[{"href":"https:\/\/www.redacteur.com\/blog\/wp-json\/wp\/v2\/pages"}],"about":[{"href":"https:\/\/www.redacteur.com\/blog\/wp-json\/wp\/v2\/types\/page"}],"author":[{"embeddable":true,"href":"https:\/\/www.redacteur.com\/blog\/wp-json\/wp\/v2\/users\/1"}],"replies":[{"embeddable":true,"href":"https:\/\/www.redacteur.com\/blog\/wp-json\/wp\/v2\/comments?post=30129"}],"version-history":[{"count":0,"href":"https:\/\/www.redacteur.com\/blog\/wp-json\/wp\/v2\/pages\/30129\/revisions"}],"up":[{"embeddable":true,"href":"https:\/\/www.redacteur.com\/blog\/wp-json\/wp\/v2\/pages\/29730"}],"wp:attachment":[{"href":"https:\/\/www.redacteur.com\/blog\/wp-json\/wp\/v2\/media?parent=30129"}],"curies":[{"name":"wp","href":"https:\/\/api.w.org\/{rel}","templated":true}]}}