{"id":30145,"date":"2022-02-01T16:10:35","date_gmt":"2022-02-01T15:10:35","guid":{"rendered":"https:\/\/www.redacteur.com\/blog\/?page_id=30145"},"modified":"2022-02-01T16:10:35","modified_gmt":"2022-02-01T15:10:35","slug":"duplicate-content","status":"publish","type":"page","link":"https:\/\/www.redacteur.com\/blog\/definition\/duplicate-content\/","title":{"rendered":"Duplicate content"},"content":{"rendered":"<p>Le <strong>duplicate content<\/strong> ou <strong>contenu dupliqu\u00e9<\/strong> en fran\u00e7ais consiste en la r\u00e9cup\u00e9ration de textes ou parties de texte identiques \u00e0 un autre.<\/p>\n<p>C&#8217;est \u00e0 \u00e9viter si vous voulez que votre site remonte correctement dans les r\u00e9sultats de recherche des internautes. On vous explique pourquoi.<\/p>\n<p>&nbsp;<\/p>\n<h2>D\u00e9finition du Duplicate Content<\/h2>\n<p>Avant de voir pourquoi<strong> il ne vaut mieux pas faire de duplicate content<\/strong>, il est n\u00e9cessaire d\u2019expliquer ce que l\u2019on entend par contenu dupliqu\u00e9 en SEO.<\/p>\n<p>Comme son nom l&#8217;indique, il s&#8217;agit de la <strong>reproduction d&#8217;un m\u00eame contenu sur plusieurs sites dont les noms de domaine sont diff\u00e9rents <\/strong>ou<strong> sur des pages diff\u00e9rentes d&#8217;un m\u00eame site<\/strong>, ici on parle de <strong>duplicate content interne<\/strong>.<\/p>\n<p>Dans un cas comme dans l&#8217;autre, d&#8217;un point de vue <a href=\"https:\/\/www.redacteur.com\/blog\/definition\/seo\/\">SEO<\/a>, ce n&#8217;est pas optimal.<\/p>\n<p>Ce qu&#8217;il faut tout de m\u00eame savoir, c&#8217;est que le duplicate content est monnaie courante. Il repr\u00e9sente environ <strong>30% des contenus disponibles<\/strong> sur le Web, duplicate content interne compris.<\/p>\n<p>&nbsp;<\/p>\n<h2>Quels sont les risques du duplicate content d&#8217;un point de vue SEO&nbsp;?<\/h2>\n<p>Le duplicate content engendre quelques risques m\u00e9connus.<\/p>\n<p>Par exemple, vous vendez un produit d\u00e9j\u00e0 pr\u00e9sent sur un autre site, il est possible que <strong>votre page ne remonte pas dans les r\u00e9sultats de recherches<\/strong> (ou tr\u00e8s loin dans les pages de recherche). Cela est s\u00fbrement d\u00fb \u00e0 votre texte. Si vous n&#8217;avez fait que <strong>recopier le texte original<\/strong>, Google (mais c&#8217;est valable pour les autres moteurs de recherche) fait appara\u00eetre <strong>le premier site sur lequel ce texte a \u00e9t\u00e9 publi\u00e9<\/strong>.<\/p>\n<p>De la m\u00eame mani\u00e8re, le duplicate content interne emp\u00eache une<strong> indexation optimis\u00e9e<\/strong> de votre site. Il s&#8217;agit ici en g\u00e9n\u00e9ral du <strong>duplicate content des <a href=\"https:\/\/www.redacteur.com\/blog\/definition\/meta-description\/\">meta description<\/a><\/strong> notamment. Le navigateur n&#8217;affiche pas forc\u00e9ment la page concern\u00e9e par la recherche de l&#8217;internaute mais la premi\u00e8re page de votre site contenant cette meta description.<\/p>\n<p>Pour r\u00e9sumer, le duplicate content d&#8217;un point de vue SEO ne vous aide pas. Si les <a href=\"https:\/\/www.redacteur.com\/blog\/definition\/balise-title\/\">balises title<\/a> et meta description ne sont pas correctement renseign\u00e9es et vari\u00e9es, le navigateur les prendra pour du duplicate content et n&#8217;affichera donc pas forc\u00e9ment la bonne page en r\u00e9ponse \u00e0 la recherche de l&#8217;internaute.<\/p>\n<p>D&#8217;un point de vue sanction, vous ne risquez pas grand-chose \u00e0 part une <strong>mauvaise indexation par les robots<\/strong>.<\/p>\n<p>&nbsp;<\/p>\n<h2>Comment \u00e9viter le duplicate content&nbsp;?<\/h2>\n<h3>Cr\u00e9er des contenus originaux<\/h3>\n<p>La premi\u00e8re chose \u00e0 faire pour \u00e9viter le duplicate content est de<strong> cr\u00e9er un contenu unique et original<\/strong>, avec toutes les <strong><a href=\"https:\/\/www.redacteur.com\/blog\/definition\/balise-html\/\">balises HTML<\/a><\/strong> n\u00e9cessaires pour qu&#8217;il remonte dans les premiers affichages d&#8217;une recherche.<\/p>\n<p>Commandez <strong>des textes uniques<\/strong> et adapt\u00e9s \u00e0 votre marque sur <a href=\"https:\/\/www.redacteur.com\/\">Redacteur.com<\/a>. Nos r\u00e9dacteurs professionnels sauront adapter le contenu pour optimiser vos textes pour le r\u00e9f\u00e9rencement naturel.<\/p>\n<p>Vous voulez <strong>reproduire un article ou une page cr\u00e9\u00e9e par un concurrent<\/strong>&nbsp;? Les r\u00e9dacteurs de notre plateforme sauront reformuler vos sources avec habilet\u00e9 pour <strong>cr\u00e9er un contenu unique<\/strong>, \u00e0 votre image.<\/p>\n<h3>Utiliser un outil de d\u00e9tection de duplicate content<\/h3>\n<p>Une des solutions envisageables pour corriger et v\u00e9rifier vos contenus est de<strong> <a href=\"https:\/\/www.redacteur.com\/blog\/10-outils-prevenir-duplicate-content\/\">passer vos textes dans un outil<\/a> d\u00e9velopp\u00e9 pour traquer la pr\u00e9sence de m\u00eame contenu sur le net<\/strong>.<\/p>\n<p>On peut citer ici des outils comme &#8220;Duplicate content checker&#8221;, ou bien &#8220;Copyscape&#8221;.<\/p>\n<p>Ce dernier est d&#8217;ailleurs utilis\u00e9 sur notre plateforme et nous permet de<strong> livrer des textes uniques et originaux \u00e0 nos clients<\/strong>.<\/p>\n<figure id=\"attachment_30166\" aria-describedby=\"caption-attachment-30166\" style=\"width: 513px\" class=\"wp-caption alignnone\"><img decoding=\"async\" class=\" wp-image-30166\" src=\"https:\/\/www.redacteur.com\/blog\/wp-content\/uploads\/2022\/02\/screenshot2200-1024x838.jpg\" alt=\"Copyscape\" width=\"513\" height=\"420\" srcset=\"https:\/\/www.redacteur.com\/blog\/wp-content\/uploads\/sites\/6\/2022\/02\/screenshot2200-1024x838.jpg 1024w, https:\/\/www.redacteur.com\/blog\/wp-content\/uploads\/sites\/6\/2022\/02\/screenshot2200-300x246.jpg 300w, https:\/\/www.redacteur.com\/blog\/wp-content\/uploads\/sites\/6\/2022\/02\/screenshot2200-768x629.jpg 768w, https:\/\/www.redacteur.com\/blog\/wp-content\/uploads\/sites\/6\/2022\/02\/screenshot2200-60x49.jpg 60w, https:\/\/www.redacteur.com\/blog\/wp-content\/uploads\/sites\/6\/2022\/02\/screenshot2200-370x303.jpg 370w, https:\/\/www.redacteur.com\/blog\/wp-content\/uploads\/sites\/6\/2022\/02\/screenshot2200-270x221.jpg 270w, https:\/\/www.redacteur.com\/blog\/wp-content\/uploads\/sites\/6\/2022\/02\/screenshot2200-570x467.jpg 570w, https:\/\/www.redacteur.com\/blog\/wp-content\/uploads\/sites\/6\/2022\/02\/screenshot2200-740x606.jpg 740w, https:\/\/www.redacteur.com\/blog\/wp-content\/uploads\/sites\/6\/2022\/02\/screenshot2200.jpg 1175w\" sizes=\"(max-width: 513px) 100vw, 513px\" \/><figcaption id=\"caption-attachment-30166\" class=\"wp-caption-text\">Exemple de rapport anti-plagiat CopyScape<\/figcaption><\/figure>\n<h3>V\u00e9rifier les balises m\u00e9ta<\/h3>\n<p>Vous pouvez \u00e9galement v\u00e9rifier avec votre webmaster que les diff\u00e9rents \u00e9l\u00e9ments d&#8217;indexation de vos textes sont corrects pour que chaque nouvelle page soit index\u00e9e en tant que telle et non comme du contenu dupliqu\u00e9.<\/p>\n<p>&nbsp;<\/p>\n<h2>Confier ses contenus \u00e0 des r\u00e9dacteurs professionnels<\/h2>\n<p>Pour \u00e9viter toutes mauvaises surprises et ne pas avoir de contenu dupliqu\u00e9 sur votre site, confiez vos r\u00e9dactions \u00e0 des r\u00e9dacteurs professionnels. En passant commande sur <strong><a href=\"https:\/\/www.redacteur.com\/\">Redacteur.com<\/a><\/strong> vous avez la garantie de recevoir des textes sans duplicate content. Tous les textes sont v\u00e9rifi\u00e9s avec un logiciel anti plagiat pour que vous puissiez commander vos contenus en toute confiance.<\/p>\n<p>N&#8217;h\u00e9sitez pas \u00e0 demander conseil \u00e0 nos experts. Ils vous aideront \u00e0 choisir les meilleures options pour <strong>rendre votre site unique et attractif<\/strong>. Nous poss\u00e9dons de nombreux r\u00e9dacteurs sp\u00e9cialis\u00e9s dans<strong> diff\u00e9rents domaines<\/strong>. Ainsi, il y en a forc\u00e9ment un qui sera en mesure de vous aider.<\/p>\n<p><strong>Faites appel d\u00e8s maintenant \u00e0 un r\u00e9dacteur professionnel, sp\u00e9cialis\u00e9 en SEO, pour r\u00e9diger vos nouveaux articles et revoir les existants afin d&#8217;en faire des contenus uniques sur <a href=\"https:\/\/www.redacteur.com\/\">Redacteur.com<\/a>.<\/strong><\/p>\n<p>&nbsp;<\/p>\n<p><strong>Pour aller plus loin&nbsp;:<\/strong><\/p>\n<ul>\n<li><a href=\"https:\/\/www.redacteur.com\/blog\/bestof-ressources-contre-duplicate-content\/\">Le guide complet pour lutter contre le Duplicate Content<\/a><\/li>\n<li><a href=\"https:\/\/www.redacteur.com\/blog\/causes-duplicate-content\/\">11 situations qui favorisent le duplicate content<\/a><\/li>\n<li><a href=\"https:\/\/www.redacteur.com\/blog\/identifier-duplicate-content\/\">2 astuces pour identifier le duplicate content<\/a><\/li>\n<li><a href=\"https:\/\/www.redacteur.com\/blog\/resoudre-probleme-duplicate-content\/\">5 choses \u00e0 faire pour r\u00e9soudre les probl\u00e8mes de duplicate content<\/a><\/li>\n<li><a href=\"https:\/\/www.redacteur.com\/blog\/eviter-duplicate-content\/\">Duplicate Content&nbsp;: 3 solutions pour \u00e9viter le contenu dupliqu\u00e9<\/a><\/li>\n<li><a href=\"https:\/\/www.redacteur.com\/blog\/duplicate-content-quelle-solution-face-au-vol-de-contenu\/\">Duplicate Content&nbsp;: comment lutter contre le vol de contenu&nbsp;?<\/a><\/li>\n<li><a href=\"https:\/\/www.redacteur.com\/blog\/reecriture-texte\/\">Utiliser la r\u00e9\u00e9criture de texte pour \u00e9viter le duplicate content<\/a><\/li>\n<li><a href=\"https:\/\/www.redacteur.com\/blog\/10-outils-prevenir-duplicate-content\/\">7 outils pour pr\u00e9venir le Duplicate Content<\/a><\/li>\n<\/ul>\n","protected":false},"excerpt":{"rendered":"<p>Le duplicate content ou contenu dupliqu\u00e9 en fran\u00e7ais consiste en la r\u00e9cup\u00e9ration de textes ou parties de texte identiques \u00e0 un autre. C&#8217;est \u00e0 \u00e9viter si vous voulez que votre site remonte correctement dans les r\u00e9sultats de recherche des internautes. On vous explique pourquoi. &nbsp; D\u00e9finition du Duplicate Content Avant de voir pourquoi il ne [&hellip;]<\/p>\n","protected":false},"author":1,"featured_media":0,"parent":29730,"menu_order":0,"comment_status":"closed","ping_status":"closed","template":"","meta":{"_acf_changed":false,"inline_featured_image":false,"footnotes":""},"class_list":["post-30145","page","type-page","status-publish","hentry"],"acf":[],"yoast_head":"<!-- This site is optimized with the Yoast SEO plugin v25.9 - https:\/\/yoast.com\/wordpress\/plugins\/seo\/ -->\n<title>Qu&#039;est-ce que le duplicate content ? D\u00e9finition - Redacteur.com<\/title>\n<meta name=\"description\" content=\"Le duplicate content ou contenu dupliqu\u00e9 en fran\u00e7ais consiste en la r\u00e9cup\u00e9ration de textes ou parties de texte identiques \u00e0 un autre. C&#039;est \u00e0 \u00e9viter si\" \/>\n<meta name=\"robots\" content=\"index, follow, max-snippet:-1, max-image-preview:large, max-video-preview:-1\" \/>\n<link rel=\"canonical\" href=\"https:\/\/www.redacteur.com\/blog\/definition\/duplicate-content\/\" \/>\n<meta property=\"og:locale\" content=\"fr_FR\" \/>\n<meta property=\"og:type\" content=\"article\" \/>\n<meta property=\"og:title\" content=\"Qu&#039;est-ce que le duplicate content ? D\u00e9finition - Redacteur.com\" \/>\n<meta property=\"og:description\" content=\"Le duplicate content ou contenu dupliqu\u00e9 en fran\u00e7ais consiste en la r\u00e9cup\u00e9ration de textes ou parties de texte identiques \u00e0 un autre. C&#039;est \u00e0 \u00e9viter si\" \/>\n<meta property=\"og:url\" content=\"https:\/\/www.redacteur.com\/blog\/definition\/duplicate-content\/\" \/>\n<meta property=\"og:site_name\" content=\"Redacteur.com\" \/>\n<meta property=\"article:publisher\" content=\"https:\/\/www.facebook.com\/redacteurcom\" \/>\n<meta property=\"og:image\" content=\"https:\/\/www.redacteur.com\/blog\/wp-content\/uploads\/2022\/02\/screenshot2200-1024x838.jpg\" \/>\n<meta name=\"twitter:card\" content=\"summary_large_image\" \/>\n<meta name=\"twitter:site\" content=\"@Redacteurcom\" \/>\n<meta name=\"twitter:label1\" content=\"Dur\u00e9e de lecture estim\u00e9e\" \/>\n\t<meta name=\"twitter:data1\" content=\"5 minutes\" \/>\n<script type=\"application\/ld+json\" class=\"yoast-schema-graph\">{\"@context\":\"https:\/\/schema.org\",\"@graph\":[{\"@type\":\"WebPage\",\"@id\":\"https:\/\/www.redacteur.com\/blog\/definition\/duplicate-content\/\",\"url\":\"https:\/\/www.redacteur.com\/blog\/definition\/duplicate-content\/\",\"name\":\"Qu'est-ce que le duplicate content ? D\u00e9finition - Redacteur.com\",\"isPartOf\":{\"@id\":\"https:\/\/www.redacteur.com\/blog\/#website\"},\"primaryImageOfPage\":{\"@id\":\"https:\/\/www.redacteur.com\/blog\/definition\/duplicate-content\/#primaryimage\"},\"image\":{\"@id\":\"https:\/\/www.redacteur.com\/blog\/definition\/duplicate-content\/#primaryimage\"},\"thumbnailUrl\":\"https:\/\/www.redacteur.com\/blog\/wp-content\/uploads\/2022\/02\/screenshot2200-1024x838.jpg\",\"datePublished\":\"2022-02-01T15:10:35+00:00\",\"description\":\"Le duplicate content ou contenu dupliqu\u00e9 en fran\u00e7ais consiste en la r\u00e9cup\u00e9ration de textes ou parties de texte identiques \u00e0 un autre. C'est \u00e0 \u00e9viter si\",\"breadcrumb\":{\"@id\":\"https:\/\/www.redacteur.com\/blog\/definition\/duplicate-content\/#breadcrumb\"},\"inLanguage\":\"fr-FR\",\"potentialAction\":[{\"@type\":\"ReadAction\",\"target\":[\"https:\/\/www.redacteur.com\/blog\/definition\/duplicate-content\/\"]}]},{\"@type\":\"ImageObject\",\"inLanguage\":\"fr-FR\",\"@id\":\"https:\/\/www.redacteur.com\/blog\/definition\/duplicate-content\/#primaryimage\",\"url\":\"https:\/\/www.redacteur.com\/blog\/wp-content\/uploads\/sites\/6\/2022\/02\/screenshot2200.jpg\",\"contentUrl\":\"https:\/\/www.redacteur.com\/blog\/wp-content\/uploads\/sites\/6\/2022\/02\/screenshot2200.jpg\",\"width\":1175,\"height\":962,\"caption\":\"Exemple de rapport anti-plagiat CopyScape\"},{\"@type\":\"BreadcrumbList\",\"@id\":\"https:\/\/www.redacteur.com\/blog\/definition\/duplicate-content\/#breadcrumb\",\"itemListElement\":[{\"@type\":\"ListItem\",\"position\":1,\"name\":\"Blog\",\"item\":\"https:\/\/www.redacteur.com\/blog\/\"},{\"@type\":\"ListItem\",\"position\":2,\"name\":\"Lexique SEO\",\"item\":\"https:\/\/www.redacteur.com\/blog\/definition\/\"},{\"@type\":\"ListItem\",\"position\":3,\"name\":\"Duplicate content\"}]},{\"@type\":\"WebSite\",\"@id\":\"https:\/\/www.redacteur.com\/blog\/#website\",\"url\":\"https:\/\/www.redacteur.com\/blog\/\",\"name\":\"Redacteur.com\",\"description\":\"redacteur\",\"publisher\":{\"@id\":\"https:\/\/www.redacteur.com\/blog\/#organization\"},\"potentialAction\":[{\"@type\":\"SearchAction\",\"target\":{\"@type\":\"EntryPoint\",\"urlTemplate\":\"https:\/\/www.redacteur.com\/blog\/?s={search_term_string}\"},\"query-input\":{\"@type\":\"PropertyValueSpecification\",\"valueRequired\":true,\"valueName\":\"search_term_string\"}}],\"inLanguage\":\"fr-FR\"},{\"@type\":\"Organization\",\"@id\":\"https:\/\/www.redacteur.com\/blog\/#organization\",\"name\":\"Redacteur.com\",\"url\":\"https:\/\/www.redacteur.com\/blog\/\",\"logo\":{\"@type\":\"ImageObject\",\"inLanguage\":\"fr-FR\",\"@id\":\"https:\/\/www.redacteur.com\/blog\/#\/schema\/logo\/image\/\",\"url\":\"https:\/\/www.redacteur.com\/blog\/wp-content\/uploads\/sites\/6\/2022\/10\/logo-redacteur-blog.svg\",\"contentUrl\":\"https:\/\/www.redacteur.com\/blog\/wp-content\/uploads\/sites\/6\/2022\/10\/logo-redacteur-blog.svg\",\"width\":1,\"height\":1,\"caption\":\"Redacteur.com\"},\"image\":{\"@id\":\"https:\/\/www.redacteur.com\/blog\/#\/schema\/logo\/image\/\"},\"sameAs\":[\"https:\/\/www.facebook.com\/redacteurcom\",\"https:\/\/x.com\/Redacteurcom\",\"https:\/\/www.linkedin.com\/company\/redacteur-com\",\"https:\/\/www.youtube.com\/channel\/UCgj9ySM9xy3gdL8qBafl9Uw\/\"]}]}<\/script>\n<!-- \/ Yoast SEO plugin. -->","yoast_head_json":{"title":"Qu'est-ce que le duplicate content ? D\u00e9finition - Redacteur.com","description":"Le duplicate content ou contenu dupliqu\u00e9 en fran\u00e7ais consiste en la r\u00e9cup\u00e9ration de textes ou parties de texte identiques \u00e0 un autre. C'est \u00e0 \u00e9viter si","robots":{"index":"index","follow":"follow","max-snippet":"max-snippet:-1","max-image-preview":"max-image-preview:large","max-video-preview":"max-video-preview:-1"},"canonical":"https:\/\/www.redacteur.com\/blog\/definition\/duplicate-content\/","og_locale":"fr_FR","og_type":"article","og_title":"Qu'est-ce que le duplicate content ? D\u00e9finition - Redacteur.com","og_description":"Le duplicate content ou contenu dupliqu\u00e9 en fran\u00e7ais consiste en la r\u00e9cup\u00e9ration de textes ou parties de texte identiques \u00e0 un autre. C'est \u00e0 \u00e9viter si","og_url":"https:\/\/www.redacteur.com\/blog\/definition\/duplicate-content\/","og_site_name":"Redacteur.com","article_publisher":"https:\/\/www.facebook.com\/redacteurcom","og_image":[{"url":"https:\/\/www.redacteur.com\/blog\/wp-content\/uploads\/2022\/02\/screenshot2200-1024x838.jpg","type":"","width":"","height":""}],"twitter_card":"summary_large_image","twitter_site":"@Redacteurcom","twitter_misc":{"Dur\u00e9e de lecture estim\u00e9e":"5 minutes"},"schema":{"@context":"https:\/\/schema.org","@graph":[{"@type":"WebPage","@id":"https:\/\/www.redacteur.com\/blog\/definition\/duplicate-content\/","url":"https:\/\/www.redacteur.com\/blog\/definition\/duplicate-content\/","name":"Qu'est-ce que le duplicate content ? D\u00e9finition - Redacteur.com","isPartOf":{"@id":"https:\/\/www.redacteur.com\/blog\/#website"},"primaryImageOfPage":{"@id":"https:\/\/www.redacteur.com\/blog\/definition\/duplicate-content\/#primaryimage"},"image":{"@id":"https:\/\/www.redacteur.com\/blog\/definition\/duplicate-content\/#primaryimage"},"thumbnailUrl":"https:\/\/www.redacteur.com\/blog\/wp-content\/uploads\/2022\/02\/screenshot2200-1024x838.jpg","datePublished":"2022-02-01T15:10:35+00:00","description":"Le duplicate content ou contenu dupliqu\u00e9 en fran\u00e7ais consiste en la r\u00e9cup\u00e9ration de textes ou parties de texte identiques \u00e0 un autre. C'est \u00e0 \u00e9viter si","breadcrumb":{"@id":"https:\/\/www.redacteur.com\/blog\/definition\/duplicate-content\/#breadcrumb"},"inLanguage":"fr-FR","potentialAction":[{"@type":"ReadAction","target":["https:\/\/www.redacteur.com\/blog\/definition\/duplicate-content\/"]}]},{"@type":"ImageObject","inLanguage":"fr-FR","@id":"https:\/\/www.redacteur.com\/blog\/definition\/duplicate-content\/#primaryimage","url":"https:\/\/www.redacteur.com\/blog\/wp-content\/uploads\/sites\/6\/2022\/02\/screenshot2200.jpg","contentUrl":"https:\/\/www.redacteur.com\/blog\/wp-content\/uploads\/sites\/6\/2022\/02\/screenshot2200.jpg","width":1175,"height":962,"caption":"Exemple de rapport anti-plagiat CopyScape"},{"@type":"BreadcrumbList","@id":"https:\/\/www.redacteur.com\/blog\/definition\/duplicate-content\/#breadcrumb","itemListElement":[{"@type":"ListItem","position":1,"name":"Blog","item":"https:\/\/www.redacteur.com\/blog\/"},{"@type":"ListItem","position":2,"name":"Lexique SEO","item":"https:\/\/www.redacteur.com\/blog\/definition\/"},{"@type":"ListItem","position":3,"name":"Duplicate content"}]},{"@type":"WebSite","@id":"https:\/\/www.redacteur.com\/blog\/#website","url":"https:\/\/www.redacteur.com\/blog\/","name":"Redacteur.com","description":"redacteur","publisher":{"@id":"https:\/\/www.redacteur.com\/blog\/#organization"},"potentialAction":[{"@type":"SearchAction","target":{"@type":"EntryPoint","urlTemplate":"https:\/\/www.redacteur.com\/blog\/?s={search_term_string}"},"query-input":{"@type":"PropertyValueSpecification","valueRequired":true,"valueName":"search_term_string"}}],"inLanguage":"fr-FR"},{"@type":"Organization","@id":"https:\/\/www.redacteur.com\/blog\/#organization","name":"Redacteur.com","url":"https:\/\/www.redacteur.com\/blog\/","logo":{"@type":"ImageObject","inLanguage":"fr-FR","@id":"https:\/\/www.redacteur.com\/blog\/#\/schema\/logo\/image\/","url":"https:\/\/www.redacteur.com\/blog\/wp-content\/uploads\/sites\/6\/2022\/10\/logo-redacteur-blog.svg","contentUrl":"https:\/\/www.redacteur.com\/blog\/wp-content\/uploads\/sites\/6\/2022\/10\/logo-redacteur-blog.svg","width":1,"height":1,"caption":"Redacteur.com"},"image":{"@id":"https:\/\/www.redacteur.com\/blog\/#\/schema\/logo\/image\/"},"sameAs":["https:\/\/www.facebook.com\/redacteurcom","https:\/\/x.com\/Redacteurcom","https:\/\/www.linkedin.com\/company\/redacteur-com","https:\/\/www.youtube.com\/channel\/UCgj9ySM9xy3gdL8qBafl9Uw\/"]}]}},"_links":{"self":[{"href":"https:\/\/www.redacteur.com\/blog\/wp-json\/wp\/v2\/pages\/30145","targetHints":{"allow":["GET"]}}],"collection":[{"href":"https:\/\/www.redacteur.com\/blog\/wp-json\/wp\/v2\/pages"}],"about":[{"href":"https:\/\/www.redacteur.com\/blog\/wp-json\/wp\/v2\/types\/page"}],"author":[{"embeddable":true,"href":"https:\/\/www.redacteur.com\/blog\/wp-json\/wp\/v2\/users\/1"}],"replies":[{"embeddable":true,"href":"https:\/\/www.redacteur.com\/blog\/wp-json\/wp\/v2\/comments?post=30145"}],"version-history":[{"count":0,"href":"https:\/\/www.redacteur.com\/blog\/wp-json\/wp\/v2\/pages\/30145\/revisions"}],"up":[{"embeddable":true,"href":"https:\/\/www.redacteur.com\/blog\/wp-json\/wp\/v2\/pages\/29730"}],"wp:attachment":[{"href":"https:\/\/www.redacteur.com\/blog\/wp-json\/wp\/v2\/media?parent=30145"}],"curies":[{"name":"wp","href":"https:\/\/api.w.org\/{rel}","templated":true}]}}