{"id":30440,"date":"2022-02-18T09:22:23","date_gmt":"2022-02-18T08:22:23","guid":{"rendered":"https:\/\/www.redacteur.com\/blog\/?page_id=30440"},"modified":"2022-02-18T09:22:23","modified_gmt":"2022-02-18T08:22:23","slug":"seo-black-hat","status":"publish","type":"page","link":"https:\/\/www.redacteur.com\/blog\/definition\/seo-black-hat\/","title":{"rendered":"SEO Black hat"},"content":{"rendered":"<h2>SEO black hat d\u00e9finition<\/h2>\n<p>Dans le monde du <a href=\"https:\/\/www.redacteur.com\/blog\/definition\/seo\/\">SEO<\/a>, on diff\u00e9rencie souvent deux types de <a href=\"https:\/\/www.redacteur.com\/blog\/definition\/referencement-naturel\/\">r\u00e9f\u00e9rencement<\/a>, souvent en opposition. Il s&#8217;agit du <strong><a href=\"https:\/\/www.redacteur.com\/blog\/seo-techniques-black-hat\/\">SEO black hat et du SEO white hat<\/a>.<\/strong><\/p>\n<p><strong>Le black hat<\/strong> constitue un ensemble d&#8217;automatisations et de proc\u00e9d\u00e9s dans le but de tirer profit des failles des moteurs de recherche. En d&#8217;autres termes, vous pouvez manipuler les r\u00e9sultats en votre faveur en utilisant pour cela diff\u00e9rente m\u00e9thodes.<\/p>\n<p>En adoptant cette strat\u00e9gie, il est possible d&#8217;obtenir de tr\u00e8s bons r\u00e9sultats. D&#8217;ailleurs, certains sites Internet peuvent se retrouver en premi\u00e8re page Google du jour au lendemain. Au vu des possibilit\u00e9s, il est tentant de s&#8217;orienter vers le <strong>SEO black hat<\/strong>. Cependant, il s&#8217;agit souvent d&#8217;une situation temporaire et lorsque Google aura mis \u00e0 jour son algorithme, votre site Internet d\u00e9gringolera dans les m\u00e9andres du classement.<\/p>\n<p>Si les pratiques douteuses sont de grande importance, votre site va tout simplement <strong>dispara\u00eetre des r\u00e9sultats des moteurs de recherche<\/strong>. Vous avez subi une p\u00e9nalit\u00e9 et le travail sera tr\u00e8s long pour en sortir.<\/p>\n<p><img decoding=\"async\" class=\"aligncenter wp-image-30441 size-medium\" src=\"https:\/\/www.redacteur.com\/blog\/wp-content\/uploads\/2022\/02\/young-hacker-no-face-on-black-background-2021-08-30-06-22-10-utc-300x232.jpg\" alt=\"D\u00e9finition SEO black hat\" width=\"300\" height=\"232\" srcset=\"https:\/\/www.redacteur.com\/blog\/wp-content\/uploads\/sites\/6\/2022\/02\/young-hacker-no-face-on-black-background-2021-08-30-06-22-10-utc-300x232.jpg 300w, https:\/\/www.redacteur.com\/blog\/wp-content\/uploads\/sites\/6\/2022\/02\/young-hacker-no-face-on-black-background-2021-08-30-06-22-10-utc-60x46.jpg 60w, https:\/\/www.redacteur.com\/blog\/wp-content\/uploads\/sites\/6\/2022\/02\/young-hacker-no-face-on-black-background-2021-08-30-06-22-10-utc-370x286.jpg 370w, https:\/\/www.redacteur.com\/blog\/wp-content\/uploads\/sites\/6\/2022\/02\/young-hacker-no-face-on-black-background-2021-08-30-06-22-10-utc-270x209.jpg 270w, https:\/\/www.redacteur.com\/blog\/wp-content\/uploads\/sites\/6\/2022\/02\/young-hacker-no-face-on-black-background-2021-08-30-06-22-10-utc-570x441.jpg 570w, https:\/\/www.redacteur.com\/blog\/wp-content\/uploads\/sites\/6\/2022\/02\/young-hacker-no-face-on-black-background-2021-08-30-06-22-10-utc.jpg 700w\" sizes=\"(max-width: 300px) 100vw, 300px\" \/><\/p>\n<h2>Les risques li\u00e9s au SEO black hat<\/h2>\n<p>En utilisant des techniques prohib\u00e9es par les moteurs de recherche, c&#8217;est-\u00e0-dire des m\u00e9thodes black hat, il y a toujours un risque \u00e9lev\u00e9. D&#8217;ailleurs, de nombreuses entreprises \u00e0 travers le monde en ont fait les frais.<\/p>\n<p>Parmi la tr\u00e8s longue liste de ces entreprises ayant eu recours au black hat, nous pouvons citer <strong>Interflora ou encore BMW<\/strong>. Momentan\u00e9ment, leur site Internet a totalement disparu des r\u00e9sultats de recherche de Google.<br \/>\nEn cas d&#8217;utilisation du black hat, Google applique syst\u00e9matiquement des <strong>sanctions<\/strong> se traduisant par&nbsp;:<\/p>\n<ul>\n<li><strong>Une perte de positionnement<\/strong>. C&#8217;est-\u00e0-dire que le site Internet recule dans le classement des r\u00e9sultats de recherche entra\u00eenant une perte importante de sa visibilit\u00e9.<\/li>\n<li>Le deuxi\u00e8me cas de figure est encore plus grave, car il s&#8217;agit du <strong>blacklistage<\/strong>. C&#8217;est la sanction ultime, car votre site Internet dispara\u00eet totalement du moteur de recherche. Une p\u00e9nalit\u00e9 qui peut certes \u00eatre temporaire, mais dans certains cas d\u00e9finitive. Une fragilisation \u00e9conomique particuli\u00e8rement importante, notamment si l&#8217;entreprise g\u00e9n\u00e8re une grande partie de ses revenus sur le Web.<\/li>\n<\/ul>\n<h2>Quelques m\u00e9thodes black hat r\u00e9pandues<\/h2>\n<p>Depuis plus de 10 ans, Google ne cesse de d\u00e9ployer diff\u00e9rents filtres tels que Panda ou Pingouin dans le but de <strong>combattre le black hat<\/strong>. Tous les sites de mauvaise qualit\u00e9 ou utilisant des pratiques douteuses sont alors expurg\u00e9s des r\u00e9sultats de recherche.<\/p>\n<p>Parmi les diff\u00e9rentes techniques proscrites par Google, vous retrouvez le <strong>cloacking<\/strong>, une m\u00e9thode consistant \u00e0 cacher du texte afin qu&#8217;il ne soit pas visible par les visiteurs, mais pris en compte par les moteurs de recherche.<\/p>\n<p>Vous retrouvez \u00e9galement d&#8217;autres m\u00e9thodes de dissimulation dans le but d&#8217;obtenir une plus grande richesse du champ lexical derri\u00e8re une image ou tout simplement en utilisant une couleur de police qui est identique au fond du site Internet.<br \/>\nLe <strong>keyword stuffing<\/strong> pourrait se traduire par &#8220;bourrage de mots-cl\u00e9s&#8221;. La pratique consiste \u00e0 accumuler massivement et de mani\u00e8re abusive des mots-cl\u00e9s dans les balises Hn ou dans le texte.<\/p>\n<p>La <strong>duplication de contenu<\/strong> ou &#8220;<a href=\"https:\/\/www.redacteur.com\/blog\/definition\/duplicate-content\/\">duplicate content<\/a>&#8221; repose sur le simple fait de copier coller un contenu issu d&#8217;un autre site Internet. Une pratique certes tentante, mais r\u00e9pr\u00e9hensible par les moteurs de recherche ainsi que sur le plan juridique. Donc si vous souhaitez obtenir du contenu unique et de qualit\u00e9, n&#8217;h\u00e9sitez pas \u00e0 utiliser des plates-formes sp\u00e9cifiques comme <a href=\"https:\/\/www.redacteur.com\">redacteur.com<\/a>.<\/p>\n<p>Autre technique black hat, la cr\u00e9ation massive de <strong>liens externes<\/strong> pointant syst\u00e9matiquement vers un m\u00eame site Internet. Cette g\u00e9n\u00e9ration massive peut se faire de mani\u00e8re manuelle ou en ayant recours \u00e0 un bot.<\/p>\n<p>&nbsp;<\/p>\n","protected":false},"excerpt":{"rendered":"<p>SEO black hat d\u00e9finition Dans le monde du SEO, on diff\u00e9rencie souvent deux types de r\u00e9f\u00e9rencement, souvent en opposition. Il s&#8217;agit du SEO black hat et du SEO white hat. Le black hat constitue un ensemble d&#8217;automatisations et de proc\u00e9d\u00e9s dans le but de tirer profit des failles des moteurs de recherche. En d&#8217;autres termes, [&hellip;]<\/p>\n","protected":false},"author":1,"featured_media":0,"parent":29730,"menu_order":0,"comment_status":"closed","ping_status":"closed","template":"","meta":{"_acf_changed":false,"inline_featured_image":false,"footnotes":""},"class_list":["post-30440","page","type-page","status-publish","hentry"],"acf":[],"yoast_head":"<!-- This site is optimized with the Yoast SEO plugin v25.9 - https:\/\/yoast.com\/wordpress\/plugins\/seo\/ -->\n<title>Qu&#039;est-ce que le SEO black hat ? D\u00e9finition - Redacteur.com<\/title>\n<meta name=\"description\" content=\"SEO black hat d\u00e9finition Dans le monde du SEO, on diff\u00e9rencie souvent deux types de r\u00e9f\u00e9rencement, souvent en opposition. Il s&#039;agit du SEO black hat et du\" \/>\n<meta name=\"robots\" content=\"index, follow, max-snippet:-1, max-image-preview:large, max-video-preview:-1\" \/>\n<link rel=\"canonical\" href=\"https:\/\/www.redacteur.com\/blog\/definition\/seo-black-hat\/\" \/>\n<meta property=\"og:locale\" content=\"fr_FR\" \/>\n<meta property=\"og:type\" content=\"article\" \/>\n<meta property=\"og:title\" content=\"Qu&#039;est-ce que le SEO black hat ? D\u00e9finition - Redacteur.com\" \/>\n<meta property=\"og:description\" content=\"SEO black hat d\u00e9finition Dans le monde du SEO, on diff\u00e9rencie souvent deux types de r\u00e9f\u00e9rencement, souvent en opposition. Il s&#039;agit du SEO black hat et du\" \/>\n<meta property=\"og:url\" content=\"https:\/\/www.redacteur.com\/blog\/definition\/seo-black-hat\/\" \/>\n<meta property=\"og:site_name\" content=\"Redacteur.com\" \/>\n<meta property=\"article:publisher\" content=\"https:\/\/www.facebook.com\/redacteurcom\" \/>\n<meta property=\"og:image\" content=\"https:\/\/www.redacteur.com\/blog\/wp-content\/uploads\/2022\/02\/young-hacker-no-face-on-black-background-2021-08-30-06-22-10-utc-300x232.jpg\" \/>\n<meta name=\"twitter:card\" content=\"summary_large_image\" \/>\n<meta name=\"twitter:site\" content=\"@Redacteurcom\" \/>\n<meta name=\"twitter:label1\" content=\"Dur\u00e9e de lecture estim\u00e9e\" \/>\n\t<meta name=\"twitter:data1\" content=\"3 minutes\" \/>\n<script type=\"application\/ld+json\" class=\"yoast-schema-graph\">{\"@context\":\"https:\/\/schema.org\",\"@graph\":[{\"@type\":\"WebPage\",\"@id\":\"https:\/\/www.redacteur.com\/blog\/definition\/seo-black-hat\/\",\"url\":\"https:\/\/www.redacteur.com\/blog\/definition\/seo-black-hat\/\",\"name\":\"Qu'est-ce que le SEO black hat ? D\u00e9finition - Redacteur.com\",\"isPartOf\":{\"@id\":\"https:\/\/www.redacteur.com\/blog\/#website\"},\"primaryImageOfPage\":{\"@id\":\"https:\/\/www.redacteur.com\/blog\/definition\/seo-black-hat\/#primaryimage\"},\"image\":{\"@id\":\"https:\/\/www.redacteur.com\/blog\/definition\/seo-black-hat\/#primaryimage\"},\"thumbnailUrl\":\"https:\/\/www.redacteur.com\/blog\/wp-content\/uploads\/2022\/02\/young-hacker-no-face-on-black-background-2021-08-30-06-22-10-utc-300x232.jpg\",\"datePublished\":\"2022-02-18T08:22:23+00:00\",\"description\":\"SEO black hat d\u00e9finition Dans le monde du SEO, on diff\u00e9rencie souvent deux types de r\u00e9f\u00e9rencement, souvent en opposition. Il s'agit du SEO black hat et du\",\"breadcrumb\":{\"@id\":\"https:\/\/www.redacteur.com\/blog\/definition\/seo-black-hat\/#breadcrumb\"},\"inLanguage\":\"fr-FR\",\"potentialAction\":[{\"@type\":\"ReadAction\",\"target\":[\"https:\/\/www.redacteur.com\/blog\/definition\/seo-black-hat\/\"]}]},{\"@type\":\"ImageObject\",\"inLanguage\":\"fr-FR\",\"@id\":\"https:\/\/www.redacteur.com\/blog\/definition\/seo-black-hat\/#primaryimage\",\"url\":\"https:\/\/www.redacteur.com\/blog\/wp-content\/uploads\/sites\/6\/2022\/02\/young-hacker-no-face-on-black-background-2021-08-30-06-22-10-utc.jpg\",\"contentUrl\":\"https:\/\/www.redacteur.com\/blog\/wp-content\/uploads\/sites\/6\/2022\/02\/young-hacker-no-face-on-black-background-2021-08-30-06-22-10-utc.jpg\",\"width\":700,\"height\":542,\"caption\":\"D\u00e9finition SEO black hat\"},{\"@type\":\"BreadcrumbList\",\"@id\":\"https:\/\/www.redacteur.com\/blog\/definition\/seo-black-hat\/#breadcrumb\",\"itemListElement\":[{\"@type\":\"ListItem\",\"position\":1,\"name\":\"Blog\",\"item\":\"https:\/\/www.redacteur.com\/blog\/\"},{\"@type\":\"ListItem\",\"position\":2,\"name\":\"Lexique SEO\",\"item\":\"https:\/\/www.redacteur.com\/blog\/definition\/\"},{\"@type\":\"ListItem\",\"position\":3,\"name\":\"SEO Black hat\"}]},{\"@type\":\"WebSite\",\"@id\":\"https:\/\/www.redacteur.com\/blog\/#website\",\"url\":\"https:\/\/www.redacteur.com\/blog\/\",\"name\":\"Redacteur.com\",\"description\":\"redacteur\",\"publisher\":{\"@id\":\"https:\/\/www.redacteur.com\/blog\/#organization\"},\"potentialAction\":[{\"@type\":\"SearchAction\",\"target\":{\"@type\":\"EntryPoint\",\"urlTemplate\":\"https:\/\/www.redacteur.com\/blog\/?s={search_term_string}\"},\"query-input\":{\"@type\":\"PropertyValueSpecification\",\"valueRequired\":true,\"valueName\":\"search_term_string\"}}],\"inLanguage\":\"fr-FR\"},{\"@type\":\"Organization\",\"@id\":\"https:\/\/www.redacteur.com\/blog\/#organization\",\"name\":\"Redacteur.com\",\"url\":\"https:\/\/www.redacteur.com\/blog\/\",\"logo\":{\"@type\":\"ImageObject\",\"inLanguage\":\"fr-FR\",\"@id\":\"https:\/\/www.redacteur.com\/blog\/#\/schema\/logo\/image\/\",\"url\":\"https:\/\/www.redacteur.com\/blog\/wp-content\/uploads\/sites\/6\/2022\/10\/logo-redacteur-blog.svg\",\"contentUrl\":\"https:\/\/www.redacteur.com\/blog\/wp-content\/uploads\/sites\/6\/2022\/10\/logo-redacteur-blog.svg\",\"width\":1,\"height\":1,\"caption\":\"Redacteur.com\"},\"image\":{\"@id\":\"https:\/\/www.redacteur.com\/blog\/#\/schema\/logo\/image\/\"},\"sameAs\":[\"https:\/\/www.facebook.com\/redacteurcom\",\"https:\/\/x.com\/Redacteurcom\",\"https:\/\/www.linkedin.com\/company\/redacteur-com\",\"https:\/\/www.youtube.com\/channel\/UCgj9ySM9xy3gdL8qBafl9Uw\/\"]}]}<\/script>\n<!-- \/ Yoast SEO plugin. -->","yoast_head_json":{"title":"Qu'est-ce que le SEO black hat ? D\u00e9finition - Redacteur.com","description":"SEO black hat d\u00e9finition Dans le monde du SEO, on diff\u00e9rencie souvent deux types de r\u00e9f\u00e9rencement, souvent en opposition. Il s'agit du SEO black hat et du","robots":{"index":"index","follow":"follow","max-snippet":"max-snippet:-1","max-image-preview":"max-image-preview:large","max-video-preview":"max-video-preview:-1"},"canonical":"https:\/\/www.redacteur.com\/blog\/definition\/seo-black-hat\/","og_locale":"fr_FR","og_type":"article","og_title":"Qu'est-ce que le SEO black hat ? D\u00e9finition - Redacteur.com","og_description":"SEO black hat d\u00e9finition Dans le monde du SEO, on diff\u00e9rencie souvent deux types de r\u00e9f\u00e9rencement, souvent en opposition. Il s'agit du SEO black hat et du","og_url":"https:\/\/www.redacteur.com\/blog\/definition\/seo-black-hat\/","og_site_name":"Redacteur.com","article_publisher":"https:\/\/www.facebook.com\/redacteurcom","og_image":[{"url":"https:\/\/www.redacteur.com\/blog\/wp-content\/uploads\/2022\/02\/young-hacker-no-face-on-black-background-2021-08-30-06-22-10-utc-300x232.jpg","type":"","width":"","height":""}],"twitter_card":"summary_large_image","twitter_site":"@Redacteurcom","twitter_misc":{"Dur\u00e9e de lecture estim\u00e9e":"3 minutes"},"schema":{"@context":"https:\/\/schema.org","@graph":[{"@type":"WebPage","@id":"https:\/\/www.redacteur.com\/blog\/definition\/seo-black-hat\/","url":"https:\/\/www.redacteur.com\/blog\/definition\/seo-black-hat\/","name":"Qu'est-ce que le SEO black hat ? D\u00e9finition - Redacteur.com","isPartOf":{"@id":"https:\/\/www.redacteur.com\/blog\/#website"},"primaryImageOfPage":{"@id":"https:\/\/www.redacteur.com\/blog\/definition\/seo-black-hat\/#primaryimage"},"image":{"@id":"https:\/\/www.redacteur.com\/blog\/definition\/seo-black-hat\/#primaryimage"},"thumbnailUrl":"https:\/\/www.redacteur.com\/blog\/wp-content\/uploads\/2022\/02\/young-hacker-no-face-on-black-background-2021-08-30-06-22-10-utc-300x232.jpg","datePublished":"2022-02-18T08:22:23+00:00","description":"SEO black hat d\u00e9finition Dans le monde du SEO, on diff\u00e9rencie souvent deux types de r\u00e9f\u00e9rencement, souvent en opposition. Il s'agit du SEO black hat et du","breadcrumb":{"@id":"https:\/\/www.redacteur.com\/blog\/definition\/seo-black-hat\/#breadcrumb"},"inLanguage":"fr-FR","potentialAction":[{"@type":"ReadAction","target":["https:\/\/www.redacteur.com\/blog\/definition\/seo-black-hat\/"]}]},{"@type":"ImageObject","inLanguage":"fr-FR","@id":"https:\/\/www.redacteur.com\/blog\/definition\/seo-black-hat\/#primaryimage","url":"https:\/\/www.redacteur.com\/blog\/wp-content\/uploads\/sites\/6\/2022\/02\/young-hacker-no-face-on-black-background-2021-08-30-06-22-10-utc.jpg","contentUrl":"https:\/\/www.redacteur.com\/blog\/wp-content\/uploads\/sites\/6\/2022\/02\/young-hacker-no-face-on-black-background-2021-08-30-06-22-10-utc.jpg","width":700,"height":542,"caption":"D\u00e9finition SEO black hat"},{"@type":"BreadcrumbList","@id":"https:\/\/www.redacteur.com\/blog\/definition\/seo-black-hat\/#breadcrumb","itemListElement":[{"@type":"ListItem","position":1,"name":"Blog","item":"https:\/\/www.redacteur.com\/blog\/"},{"@type":"ListItem","position":2,"name":"Lexique SEO","item":"https:\/\/www.redacteur.com\/blog\/definition\/"},{"@type":"ListItem","position":3,"name":"SEO Black hat"}]},{"@type":"WebSite","@id":"https:\/\/www.redacteur.com\/blog\/#website","url":"https:\/\/www.redacteur.com\/blog\/","name":"Redacteur.com","description":"redacteur","publisher":{"@id":"https:\/\/www.redacteur.com\/blog\/#organization"},"potentialAction":[{"@type":"SearchAction","target":{"@type":"EntryPoint","urlTemplate":"https:\/\/www.redacteur.com\/blog\/?s={search_term_string}"},"query-input":{"@type":"PropertyValueSpecification","valueRequired":true,"valueName":"search_term_string"}}],"inLanguage":"fr-FR"},{"@type":"Organization","@id":"https:\/\/www.redacteur.com\/blog\/#organization","name":"Redacteur.com","url":"https:\/\/www.redacteur.com\/blog\/","logo":{"@type":"ImageObject","inLanguage":"fr-FR","@id":"https:\/\/www.redacteur.com\/blog\/#\/schema\/logo\/image\/","url":"https:\/\/www.redacteur.com\/blog\/wp-content\/uploads\/sites\/6\/2022\/10\/logo-redacteur-blog.svg","contentUrl":"https:\/\/www.redacteur.com\/blog\/wp-content\/uploads\/sites\/6\/2022\/10\/logo-redacteur-blog.svg","width":1,"height":1,"caption":"Redacteur.com"},"image":{"@id":"https:\/\/www.redacteur.com\/blog\/#\/schema\/logo\/image\/"},"sameAs":["https:\/\/www.facebook.com\/redacteurcom","https:\/\/x.com\/Redacteurcom","https:\/\/www.linkedin.com\/company\/redacteur-com","https:\/\/www.youtube.com\/channel\/UCgj9ySM9xy3gdL8qBafl9Uw\/"]}]}},"_links":{"self":[{"href":"https:\/\/www.redacteur.com\/blog\/wp-json\/wp\/v2\/pages\/30440","targetHints":{"allow":["GET"]}}],"collection":[{"href":"https:\/\/www.redacteur.com\/blog\/wp-json\/wp\/v2\/pages"}],"about":[{"href":"https:\/\/www.redacteur.com\/blog\/wp-json\/wp\/v2\/types\/page"}],"author":[{"embeddable":true,"href":"https:\/\/www.redacteur.com\/blog\/wp-json\/wp\/v2\/users\/1"}],"replies":[{"embeddable":true,"href":"https:\/\/www.redacteur.com\/blog\/wp-json\/wp\/v2\/comments?post=30440"}],"version-history":[{"count":0,"href":"https:\/\/www.redacteur.com\/blog\/wp-json\/wp\/v2\/pages\/30440\/revisions"}],"up":[{"embeddable":true,"href":"https:\/\/www.redacteur.com\/blog\/wp-json\/wp\/v2\/pages\/29730"}],"wp:attachment":[{"href":"https:\/\/www.redacteur.com\/blog\/wp-json\/wp\/v2\/media?parent=30440"}],"curies":[{"name":"wp","href":"https:\/\/api.w.org\/{rel}","templated":true}]}}