{"id":30452,"date":"2022-02-18T10:57:45","date_gmt":"2022-02-18T09:57:45","guid":{"rendered":"https:\/\/www.redacteur.com\/blog\/?page_id=30452"},"modified":"2022-02-18T10:57:45","modified_gmt":"2022-02-18T09:57:45","slug":"featured-snippets","status":"publish","type":"page","link":"https:\/\/www.redacteur.com\/blog\/definition\/featured-snippets\/","title":{"rendered":"Featured snippets"},"content":{"rendered":"<h2>D\u00e9finition featured snippets<\/h2>\n<p><strong>Les featured snippets<\/strong> correspondent \u00e0 des r\u00e9sum\u00e9s de r\u00e9ponse \u00e0 des interrogations fr\u00e9quemment formul\u00e9es par les internautes sur un moteur de recherche comme Google. Les featured snippets demeurent <strong>facilement identifiables<\/strong>, car elles se pr\u00e9sentent sous la forme d&#8217;un bloc distinct plac\u00e9 au-dessus des r\u00e9sultats de recherche traditionnels. Par ailleurs, Google indique syst\u00e9matiquement le lien de sa source, c&#8217;est-\u00e0-dire le site Web r\u00e9pondant \u00e0 la question.<\/p>\n<p>Cette nouvelle fonctionnalit\u00e9 est apparue pour la premi\u00e8re fois aux \u00c9tats-Unis avant de se d\u00e9cliner dans diff\u00e9rents pays europ\u00e9ens \u00e0 partir d&#8217;avril 2016. Il s&#8217;agit d&#8217;une am\u00e9lioration des Quicks Answers mis en place par Google en 2015.<\/p>\n<p><img decoding=\"async\" class=\"aligncenter wp-image-30453 size-large\" src=\"https:\/\/www.redacteur.com\/blog\/wp-content\/uploads\/2022\/02\/Featured-snippets-1024x835.png\" alt=\"D\u00e9finition Featured snippets\" width=\"770\" height=\"628\" srcset=\"https:\/\/www.redacteur.com\/blog\/wp-content\/uploads\/sites\/6\/2022\/02\/Featured-snippets-1024x835.png 1024w, https:\/\/www.redacteur.com\/blog\/wp-content\/uploads\/sites\/6\/2022\/02\/Featured-snippets-300x245.png 300w, https:\/\/www.redacteur.com\/blog\/wp-content\/uploads\/sites\/6\/2022\/02\/Featured-snippets-768x626.png 768w, https:\/\/www.redacteur.com\/blog\/wp-content\/uploads\/sites\/6\/2022\/02\/Featured-snippets-1536x1253.png 1536w, https:\/\/www.redacteur.com\/blog\/wp-content\/uploads\/sites\/6\/2022\/02\/Featured-snippets-60x49.png 60w, https:\/\/www.redacteur.com\/blog\/wp-content\/uploads\/sites\/6\/2022\/02\/Featured-snippets-370x302.png 370w, https:\/\/www.redacteur.com\/blog\/wp-content\/uploads\/sites\/6\/2022\/02\/Featured-snippets-270x220.png 270w, https:\/\/www.redacteur.com\/blog\/wp-content\/uploads\/sites\/6\/2022\/02\/Featured-snippets-570x465.png 570w, https:\/\/www.redacteur.com\/blog\/wp-content\/uploads\/sites\/6\/2022\/02\/Featured-snippets-740x603.png 740w, https:\/\/www.redacteur.com\/blog\/wp-content\/uploads\/sites\/6\/2022\/02\/Featured-snippets.png 1908w\" sizes=\"(max-width: 770px) 100vw, 770px\" \/><\/p>\n<p>&nbsp;<\/p>\n<h2>Quel est l&#8217;int\u00e9r\u00eat de mettre en place des featured snippets&nbsp;?<\/h2>\n<p>Sur le plan du <a href=\"https:\/\/www.redacteur.com\/blog\/definition\/seo\/\">SEO<\/a>, l&#8217;int\u00e9r\u00eat des <strong>featured snippets<\/strong> reste une \u00e9vidence. Lorsque le site est s\u00e9lectionn\u00e9 par Google afin de r\u00e9pondre \u00e0 la question d&#8217;un internaute, il appara\u00eetra automatiquement en <strong>position z\u00e9ro<\/strong>. De ce fait, le site peut r\u00e9colter beaucoup plus de clics et donc augmenter son trafic qualifi\u00e9.<\/p>\n<p>Pour autant, ce n&#8217;est pas le seul avantage des <strong>featured snippets.\u00a0<\/strong>La visibilit\u00e9 reste grandement augment\u00e9e en comparaison avec les simples liens bleus que vous retrouvez dans les r\u00e9sultats de recherche.<\/p>\n<p>De plus, ce n&#8217;est pas parce qu&#8217;un site Internet appara\u00eet d\u00e9j\u00e0 en premi\u00e8re page sur une requ\u00eate naturelle qu\u2019il ne peut pas appara\u00eetre une deuxi\u00e8me fois \u00e0 travers les featured snippets. Ainsi, sa visibilit\u00e9 est une nouvelle fois de plus augment\u00e9e, ce qui contribue \u00e0 am\u00e9liorer son <a href=\"https:\/\/www.redacteur.com\/blog\/definition\/referencement-naturel\/\">r\u00e9f\u00e9rencement naturel<\/a>.<\/p>\n<p>Appara\u00eetre en r\u00e9f\u00e9rence dans les featured snippets est \u00e9galement une reconnaissance par Google, car cela signifie que votre site Internet est alors consid\u00e9r\u00e9 comme <strong>fiable<\/strong>.<\/p>\n<p>N\u00e9anmoins, la position z\u00e9ro ne signifie pas pour autant que l&#8217;internaute va cliquer sur votre site Internet. S&#8217;il obtient directement des \u00e9l\u00e9ments concrets par rapport \u00e0 sa question, il n&#8217;ira pas plus loin.<\/p>\n<h2>Comment int\u00e9grer les featured snippets dans une strat\u00e9gie SEO&nbsp;?<\/h2>\n<p>Si vous souhaitez d\u00e9velopper le r\u00e9f\u00e9rencement de votre site Internet, il para\u00eet judicieux de vous orienter vers les <strong>featured snippets<\/strong>. Mais pour appara\u00eetre en position z\u00e9ro, il faut dans un premier temps d\u00e9terminer des questions simples que les internautes sont susceptibles de se poser.<\/p>\n<p>Utilisez simplement la forme interrogative comme &#8220;Comment faire &#8230;&nbsp;?&#8221;, &#8220;Quel est le prix &#8230;&nbsp;?&#8221; ou encore &#8220;Pourquoi&#8230;&nbsp;?&#8221;.<\/p>\n<p>Si vous avez du mal \u00e0 trouver des questions pertinentes, vous pouvez utiliser diff\u00e9rents outils en ligne comme &#8220;Answer the Public &#8220;. Il s&#8217;agit d&#8217;une plate-forme qui va vous permettre d&#8217;obtenir de nombreuses questions par rapport aux mots-cl\u00e9s que vous avez d\u00e9finis.<br \/>\nMais comme vous pouvez vous en douter, la concurrence est parfois tr\u00e8s rude sur les mots-cl\u00e9s principaux. Il est donc pr\u00e9f\u00e9rable de s&#8217;orienter vers des expressions de <strong>longue tra\u00eene<\/strong> comprenant plus de quatre mots.<\/p>\n<p>La deuxi\u00e8me \u00e9tape consiste \u00e0 r\u00e9diger un contenu permettant d&#8217;obtenir une r\u00e9ponse succincte et une r\u00e9ponse plus d\u00e9taill\u00e9e. Le plus important \u00e9tant de fournir une information claire et pr\u00e9cise \u00e0 la fois pour les internautes, mais \u00e9galement pour les robots de Google. Si jamais vous avez besoin de r\u00e9dacteurs pour la mise en place d&#8217;un contenu sp\u00e9cifique, vous trouverez votre bonheur sur la plate-forme <a href=\"https:\/\/www.redacteur.com\">Redacteur.com<\/a><br \/>\nLa formulation de la r\u00e9ponse doit se faire en 4 &#8211; 5 lignes, correspondant tout simplement \u00e0 la taille des <strong>featured snippets.<\/strong><\/p>\n<p>Pour mettre toutes les chances de votre c\u00f4t\u00e9 et appara\u00eetre en featured snippets, il est \u00e9galement pr\u00e9conis\u00e9 d&#8217;utiliser le <a href=\"https:\/\/www.redacteur.com\/blog\/definition\/balise-html\/\">balisage<\/a> <strong>sch\u00e9ma.org<\/strong>.<br \/>\nIl s&#8217;agit d&#8217;une norme prise en compte par les g\u00e9ants du Web comme Yahoo, Google et Bing depuis 2010. Ce langage utilise diff\u00e9rentes balises de <a href=\"https:\/\/www.redacteur.com\/blog\/definition\/donnees-structurees\/\">donn\u00e9es structur\u00e9es<\/a> pour permettre au robot des moteurs de recherche de comprendre rapidement et facilement un site Web.<\/p>\n","protected":false},"excerpt":{"rendered":"<p>D\u00e9finition featured snippets Les featured snippets correspondent \u00e0 des r\u00e9sum\u00e9s de r\u00e9ponse \u00e0 des interrogations fr\u00e9quemment formul\u00e9es par les internautes sur un moteur de recherche comme Google. Les featured snippets demeurent facilement identifiables, car elles se pr\u00e9sentent sous la forme d&#8217;un bloc distinct plac\u00e9 au-dessus des r\u00e9sultats de recherche traditionnels. Par ailleurs, Google indique syst\u00e9matiquement [&hellip;]<\/p>\n","protected":false},"author":1,"featured_media":0,"parent":29730,"menu_order":0,"comment_status":"closed","ping_status":"closed","template":"","meta":{"_acf_changed":false,"inline_featured_image":false,"footnotes":""},"class_list":["post-30452","page","type-page","status-publish","hentry"],"acf":[],"yoast_head":"<!-- This site is optimized with the Yoast SEO plugin v25.9 - https:\/\/yoast.com\/wordpress\/plugins\/seo\/ -->\n<title>Qu&#039;est-ce que les Featured snippets ? D\u00e9finition - Redacteur.com<\/title>\n<meta name=\"description\" content=\"D\u00e9finition featured snippets Les featured snippets correspondent \u00e0 des r\u00e9sum\u00e9s de r\u00e9ponse \u00e0 des interrogations fr\u00e9quemment formul\u00e9es par les internautes\" \/>\n<meta name=\"robots\" content=\"index, follow, max-snippet:-1, max-image-preview:large, max-video-preview:-1\" \/>\n<link rel=\"canonical\" href=\"https:\/\/www.redacteur.com\/blog\/definition\/featured-snippets\/\" \/>\n<meta property=\"og:locale\" content=\"fr_FR\" \/>\n<meta property=\"og:type\" content=\"article\" \/>\n<meta property=\"og:title\" content=\"Qu&#039;est-ce que les Featured snippets ? D\u00e9finition - Redacteur.com\" \/>\n<meta property=\"og:description\" content=\"D\u00e9finition featured snippets Les featured snippets correspondent \u00e0 des r\u00e9sum\u00e9s de r\u00e9ponse \u00e0 des interrogations fr\u00e9quemment formul\u00e9es par les internautes\" \/>\n<meta property=\"og:url\" content=\"https:\/\/www.redacteur.com\/blog\/definition\/featured-snippets\/\" \/>\n<meta property=\"og:site_name\" content=\"Redacteur.com\" \/>\n<meta property=\"article:publisher\" content=\"https:\/\/www.facebook.com\/redacteurcom\" \/>\n<meta property=\"og:image\" content=\"https:\/\/www.redacteur.com\/blog\/wp-content\/uploads\/2022\/02\/Featured-snippets-1024x835.png\" \/>\n<meta name=\"twitter:card\" content=\"summary_large_image\" \/>\n<meta name=\"twitter:site\" content=\"@Redacteurcom\" \/>\n<meta name=\"twitter:label1\" content=\"Dur\u00e9e de lecture estim\u00e9e\" \/>\n\t<meta name=\"twitter:data1\" content=\"3 minutes\" \/>\n<script type=\"application\/ld+json\" class=\"yoast-schema-graph\">{\"@context\":\"https:\/\/schema.org\",\"@graph\":[{\"@type\":\"WebPage\",\"@id\":\"https:\/\/www.redacteur.com\/blog\/definition\/featured-snippets\/\",\"url\":\"https:\/\/www.redacteur.com\/blog\/definition\/featured-snippets\/\",\"name\":\"Qu'est-ce que les Featured snippets ? D\u00e9finition - Redacteur.com\",\"isPartOf\":{\"@id\":\"https:\/\/www.redacteur.com\/blog\/#website\"},\"primaryImageOfPage\":{\"@id\":\"https:\/\/www.redacteur.com\/blog\/definition\/featured-snippets\/#primaryimage\"},\"image\":{\"@id\":\"https:\/\/www.redacteur.com\/blog\/definition\/featured-snippets\/#primaryimage\"},\"thumbnailUrl\":\"https:\/\/www.redacteur.com\/blog\/wp-content\/uploads\/2022\/02\/Featured-snippets-1024x835.png\",\"datePublished\":\"2022-02-18T09:57:45+00:00\",\"description\":\"D\u00e9finition featured snippets Les featured snippets correspondent \u00e0 des r\u00e9sum\u00e9s de r\u00e9ponse \u00e0 des interrogations fr\u00e9quemment formul\u00e9es par les internautes\",\"breadcrumb\":{\"@id\":\"https:\/\/www.redacteur.com\/blog\/definition\/featured-snippets\/#breadcrumb\"},\"inLanguage\":\"fr-FR\",\"potentialAction\":[{\"@type\":\"ReadAction\",\"target\":[\"https:\/\/www.redacteur.com\/blog\/definition\/featured-snippets\/\"]}]},{\"@type\":\"ImageObject\",\"inLanguage\":\"fr-FR\",\"@id\":\"https:\/\/www.redacteur.com\/blog\/definition\/featured-snippets\/#primaryimage\",\"url\":\"https:\/\/www.redacteur.com\/blog\/wp-content\/uploads\/sites\/6\/2022\/02\/Featured-snippets.png\",\"contentUrl\":\"https:\/\/www.redacteur.com\/blog\/wp-content\/uploads\/sites\/6\/2022\/02\/Featured-snippets.png\",\"width\":1908,\"height\":1556,\"caption\":\"D\u00e9finition Featured snippets\"},{\"@type\":\"BreadcrumbList\",\"@id\":\"https:\/\/www.redacteur.com\/blog\/definition\/featured-snippets\/#breadcrumb\",\"itemListElement\":[{\"@type\":\"ListItem\",\"position\":1,\"name\":\"Blog\",\"item\":\"https:\/\/www.redacteur.com\/blog\/\"},{\"@type\":\"ListItem\",\"position\":2,\"name\":\"Lexique SEO\",\"item\":\"https:\/\/www.redacteur.com\/blog\/definition\/\"},{\"@type\":\"ListItem\",\"position\":3,\"name\":\"Featured snippets\"}]},{\"@type\":\"WebSite\",\"@id\":\"https:\/\/www.redacteur.com\/blog\/#website\",\"url\":\"https:\/\/www.redacteur.com\/blog\/\",\"name\":\"Redacteur.com\",\"description\":\"redacteur\",\"publisher\":{\"@id\":\"https:\/\/www.redacteur.com\/blog\/#organization\"},\"potentialAction\":[{\"@type\":\"SearchAction\",\"target\":{\"@type\":\"EntryPoint\",\"urlTemplate\":\"https:\/\/www.redacteur.com\/blog\/?s={search_term_string}\"},\"query-input\":{\"@type\":\"PropertyValueSpecification\",\"valueRequired\":true,\"valueName\":\"search_term_string\"}}],\"inLanguage\":\"fr-FR\"},{\"@type\":\"Organization\",\"@id\":\"https:\/\/www.redacteur.com\/blog\/#organization\",\"name\":\"Redacteur.com\",\"url\":\"https:\/\/www.redacteur.com\/blog\/\",\"logo\":{\"@type\":\"ImageObject\",\"inLanguage\":\"fr-FR\",\"@id\":\"https:\/\/www.redacteur.com\/blog\/#\/schema\/logo\/image\/\",\"url\":\"https:\/\/www.redacteur.com\/blog\/wp-content\/uploads\/sites\/6\/2022\/10\/logo-redacteur-blog.svg\",\"contentUrl\":\"https:\/\/www.redacteur.com\/blog\/wp-content\/uploads\/sites\/6\/2022\/10\/logo-redacteur-blog.svg\",\"width\":1,\"height\":1,\"caption\":\"Redacteur.com\"},\"image\":{\"@id\":\"https:\/\/www.redacteur.com\/blog\/#\/schema\/logo\/image\/\"},\"sameAs\":[\"https:\/\/www.facebook.com\/redacteurcom\",\"https:\/\/x.com\/Redacteurcom\",\"https:\/\/www.linkedin.com\/company\/redacteur-com\",\"https:\/\/www.youtube.com\/channel\/UCgj9ySM9xy3gdL8qBafl9Uw\/\"]}]}<\/script>\n<!-- \/ Yoast SEO plugin. -->","yoast_head_json":{"title":"Qu'est-ce que les Featured snippets ? D\u00e9finition - Redacteur.com","description":"D\u00e9finition featured snippets Les featured snippets correspondent \u00e0 des r\u00e9sum\u00e9s de r\u00e9ponse \u00e0 des interrogations fr\u00e9quemment formul\u00e9es par les internautes","robots":{"index":"index","follow":"follow","max-snippet":"max-snippet:-1","max-image-preview":"max-image-preview:large","max-video-preview":"max-video-preview:-1"},"canonical":"https:\/\/www.redacteur.com\/blog\/definition\/featured-snippets\/","og_locale":"fr_FR","og_type":"article","og_title":"Qu'est-ce que les Featured snippets ? D\u00e9finition - Redacteur.com","og_description":"D\u00e9finition featured snippets Les featured snippets correspondent \u00e0 des r\u00e9sum\u00e9s de r\u00e9ponse \u00e0 des interrogations fr\u00e9quemment formul\u00e9es par les internautes","og_url":"https:\/\/www.redacteur.com\/blog\/definition\/featured-snippets\/","og_site_name":"Redacteur.com","article_publisher":"https:\/\/www.facebook.com\/redacteurcom","og_image":[{"url":"https:\/\/www.redacteur.com\/blog\/wp-content\/uploads\/2022\/02\/Featured-snippets-1024x835.png","type":"","width":"","height":""}],"twitter_card":"summary_large_image","twitter_site":"@Redacteurcom","twitter_misc":{"Dur\u00e9e de lecture estim\u00e9e":"3 minutes"},"schema":{"@context":"https:\/\/schema.org","@graph":[{"@type":"WebPage","@id":"https:\/\/www.redacteur.com\/blog\/definition\/featured-snippets\/","url":"https:\/\/www.redacteur.com\/blog\/definition\/featured-snippets\/","name":"Qu'est-ce que les Featured snippets ? D\u00e9finition - Redacteur.com","isPartOf":{"@id":"https:\/\/www.redacteur.com\/blog\/#website"},"primaryImageOfPage":{"@id":"https:\/\/www.redacteur.com\/blog\/definition\/featured-snippets\/#primaryimage"},"image":{"@id":"https:\/\/www.redacteur.com\/blog\/definition\/featured-snippets\/#primaryimage"},"thumbnailUrl":"https:\/\/www.redacteur.com\/blog\/wp-content\/uploads\/2022\/02\/Featured-snippets-1024x835.png","datePublished":"2022-02-18T09:57:45+00:00","description":"D\u00e9finition featured snippets Les featured snippets correspondent \u00e0 des r\u00e9sum\u00e9s de r\u00e9ponse \u00e0 des interrogations fr\u00e9quemment formul\u00e9es par les internautes","breadcrumb":{"@id":"https:\/\/www.redacteur.com\/blog\/definition\/featured-snippets\/#breadcrumb"},"inLanguage":"fr-FR","potentialAction":[{"@type":"ReadAction","target":["https:\/\/www.redacteur.com\/blog\/definition\/featured-snippets\/"]}]},{"@type":"ImageObject","inLanguage":"fr-FR","@id":"https:\/\/www.redacteur.com\/blog\/definition\/featured-snippets\/#primaryimage","url":"https:\/\/www.redacteur.com\/blog\/wp-content\/uploads\/sites\/6\/2022\/02\/Featured-snippets.png","contentUrl":"https:\/\/www.redacteur.com\/blog\/wp-content\/uploads\/sites\/6\/2022\/02\/Featured-snippets.png","width":1908,"height":1556,"caption":"D\u00e9finition Featured snippets"},{"@type":"BreadcrumbList","@id":"https:\/\/www.redacteur.com\/blog\/definition\/featured-snippets\/#breadcrumb","itemListElement":[{"@type":"ListItem","position":1,"name":"Blog","item":"https:\/\/www.redacteur.com\/blog\/"},{"@type":"ListItem","position":2,"name":"Lexique SEO","item":"https:\/\/www.redacteur.com\/blog\/definition\/"},{"@type":"ListItem","position":3,"name":"Featured snippets"}]},{"@type":"WebSite","@id":"https:\/\/www.redacteur.com\/blog\/#website","url":"https:\/\/www.redacteur.com\/blog\/","name":"Redacteur.com","description":"redacteur","publisher":{"@id":"https:\/\/www.redacteur.com\/blog\/#organization"},"potentialAction":[{"@type":"SearchAction","target":{"@type":"EntryPoint","urlTemplate":"https:\/\/www.redacteur.com\/blog\/?s={search_term_string}"},"query-input":{"@type":"PropertyValueSpecification","valueRequired":true,"valueName":"search_term_string"}}],"inLanguage":"fr-FR"},{"@type":"Organization","@id":"https:\/\/www.redacteur.com\/blog\/#organization","name":"Redacteur.com","url":"https:\/\/www.redacteur.com\/blog\/","logo":{"@type":"ImageObject","inLanguage":"fr-FR","@id":"https:\/\/www.redacteur.com\/blog\/#\/schema\/logo\/image\/","url":"https:\/\/www.redacteur.com\/blog\/wp-content\/uploads\/sites\/6\/2022\/10\/logo-redacteur-blog.svg","contentUrl":"https:\/\/www.redacteur.com\/blog\/wp-content\/uploads\/sites\/6\/2022\/10\/logo-redacteur-blog.svg","width":1,"height":1,"caption":"Redacteur.com"},"image":{"@id":"https:\/\/www.redacteur.com\/blog\/#\/schema\/logo\/image\/"},"sameAs":["https:\/\/www.facebook.com\/redacteurcom","https:\/\/x.com\/Redacteurcom","https:\/\/www.linkedin.com\/company\/redacteur-com","https:\/\/www.youtube.com\/channel\/UCgj9ySM9xy3gdL8qBafl9Uw\/"]}]}},"_links":{"self":[{"href":"https:\/\/www.redacteur.com\/blog\/wp-json\/wp\/v2\/pages\/30452","targetHints":{"allow":["GET"]}}],"collection":[{"href":"https:\/\/www.redacteur.com\/blog\/wp-json\/wp\/v2\/pages"}],"about":[{"href":"https:\/\/www.redacteur.com\/blog\/wp-json\/wp\/v2\/types\/page"}],"author":[{"embeddable":true,"href":"https:\/\/www.redacteur.com\/blog\/wp-json\/wp\/v2\/users\/1"}],"replies":[{"embeddable":true,"href":"https:\/\/www.redacteur.com\/blog\/wp-json\/wp\/v2\/comments?post=30452"}],"version-history":[{"count":0,"href":"https:\/\/www.redacteur.com\/blog\/wp-json\/wp\/v2\/pages\/30452\/revisions"}],"up":[{"embeddable":true,"href":"https:\/\/www.redacteur.com\/blog\/wp-json\/wp\/v2\/pages\/29730"}],"wp:attachment":[{"href":"https:\/\/www.redacteur.com\/blog\/wp-json\/wp\/v2\/media?parent=30452"}],"curies":[{"name":"wp","href":"https:\/\/api.w.org\/{rel}","templated":true}]}}