{"id":30455,"date":"2022-02-18T14:44:05","date_gmt":"2022-02-18T13:44:05","guid":{"rendered":"https:\/\/www.redacteur.com\/blog\/?page_id=30455"},"modified":"2022-02-18T14:44:05","modified_gmt":"2022-02-18T13:44:05","slug":"inbound-marketing","status":"publish","type":"page","link":"https:\/\/www.redacteur.com\/blog\/definition\/inbound-marketing\/","title":{"rendered":"Inbound marketing"},"content":{"rendered":"<h2>D\u00e9finition de l\u2019inbound marketing<\/h2>\n<p>La d\u00e9finition de l<strong>\u2019inbound marketing<\/strong> correspond au principe par lequel une entit\u00e9 cherche \u00e0 ce que ses clients s&#8217;adressent \u00e0 elle de mani\u00e8re spontan\u00e9e ou naturelle en leur d\u00e9livrant aussi bien des services utiles que des informations dans un cadre \u00e9prouv\u00e9.<\/p>\n<p>Dans ce cas, le principe s&#8217;appuie directement sur les besoins de la cible sous forme de personas. Une notion essentielle dans le but de produire un contenu visant directement un public qualifi\u00e9 permettant de <strong>g\u00e9n\u00e9rer des contacts commerciaux ou des ventes.<\/strong><\/p>\n<p>Mais il faut savoir que la notion d\u2019<strong>inbound marketing<\/strong> s\u2019utilise principalement dans le contexte <strong>B2B<\/strong>. Mais il est \u00e9galement possible de l&#8217;utiliser dans le domaine du <strong>B2C<\/strong> avec une conversion des visites souvent imm\u00e9diates.<\/p>\n<p>Concernant les contenus utilis\u00e9s dans le but de capter du <a href=\"https:\/\/www.redacteur.com\/blog\/definition\/trafic-organique\/\">trafic<\/a> qualifi\u00e9, ils seront variables en fonction des secteurs d&#8217;activit\u00e9. Par ailleurs, sachez qu&#8217;ils peuvent prendre diff\u00e9rentes formes comme un livre blanc, une infographie, des tutoriels, des articles de blog, des vid\u00e9os, des jeux, des \u00e9tudes de cas, des comparatifs ou encore du contenu communautaire.<\/p>\n<p><img decoding=\"async\" class=\"aligncenter wp-image-30460 size-full\" src=\"https:\/\/www.redacteur.com\/blog\/wp-content\/uploads\/2022\/02\/inbound-marketing.jpg\" alt=\"D\u00e9finition Inbound Marketing\" width=\"700\" height=\"700\" srcset=\"https:\/\/www.redacteur.com\/blog\/wp-content\/uploads\/sites\/6\/2022\/02\/inbound-marketing.jpg 700w, https:\/\/www.redacteur.com\/blog\/wp-content\/uploads\/sites\/6\/2022\/02\/inbound-marketing-300x300.jpg 300w, https:\/\/www.redacteur.com\/blog\/wp-content\/uploads\/sites\/6\/2022\/02\/inbound-marketing-150x150.jpg 150w, https:\/\/www.redacteur.com\/blog\/wp-content\/uploads\/sites\/6\/2022\/02\/inbound-marketing-60x60.jpg 60w, https:\/\/www.redacteur.com\/blog\/wp-content\/uploads\/sites\/6\/2022\/02\/inbound-marketing-370x370.jpg 370w, https:\/\/www.redacteur.com\/blog\/wp-content\/uploads\/sites\/6\/2022\/02\/inbound-marketing-270x270.jpg 270w, https:\/\/www.redacteur.com\/blog\/wp-content\/uploads\/sites\/6\/2022\/02\/inbound-marketing-570x570.jpg 570w\" sizes=\"(max-width: 700px) 100vw, 700px\" \/><\/p>\n<p>&nbsp;<\/p>\n<h2>Les avantages de l\u2019inbound marketing<\/h2>\n<p>En modifiant votre perception du <strong>prospect<\/strong> ou du client, l\u2019<strong>inbound marketing<\/strong> vous permettra d&#8217;obtenir de nombreux avantages pour votre entreprise.<\/p>\n<p>Vous avez un r\u00e9el \u00e9change avec vos visiteurs, ce qui vous permet de mieux cerner leur int\u00e9r\u00eat et leurs besoins. Une d\u00e9marche n\u00e9cessaire dans le but de mieux les atteindre.<\/p>\n<p>Dans cette optique, vous d\u00e9veloppez des <strong>contenus originaux<\/strong> et vous renforcez la pr\u00e9sence de votre entreprise sur Internet. Une excellente fa\u00e7on de gagner en visibilit\u00e9 si vous souhaitez renforcer votre <a href=\"https:\/\/www.redacteur.com\/blog\/definition\/referencement-naturel\/\">r\u00e9f\u00e9rencement naturel<\/a>. Mais l\u2019inbound marketing, vous permet \u00e9galement de g\u00e9n\u00e9rer plus de contact, de fid\u00e9liser votre client\u00e8le et cela \u00e0 moindre co\u00fbt.<\/p>\n<h2>Comment fonctionne l\u2019inbound marketing&nbsp;?<\/h2>\n<p>Une strat\u00e9gie d\u2019<strong>inbound marketing<\/strong> varie en fonction du processus d&#8217;achat de la cible. N\u00e9anmoins, il y a quatre \u00e9tapes distinctes \u00e0 respecter&nbsp;:<\/p>\n<ul>\n<li>Dans un premier temps, il faut <strong>attirer de nouveaux visiteurs<\/strong>. Pour un site Internet, il s&#8217;agit d&#8217;augmenter son trafic Web. Il est donc indispensable de r\u00e9aliser une \u00e9tude pr\u00e9alable pour fournir un contenu en ad\u00e9quation avec les attentes de la cible. En d\u00e9finissant des buyers personas, vous \u00eates conscient des attentes de votre audience, vous prenez conscience des d\u00e9fis, des freins et des diff\u00e9rents moyens d&#8217;informations qu&#8217;il faudra d\u00e9velopper. C&#8217;est une \u00e9tape n\u00e9cessaire dans le but de g\u00e9n\u00e9rer un trafic de qualit\u00e9. En effet, une augmentation de trafic n&#8217;est pas le but recherch\u00e9, mais l\u2019augmentation des leads.<\/li>\n<li>La deuxi\u00e8me \u00e9tape consiste \u00e0 <strong>convertir les visiteurs en leads<\/strong>. Une fois que vous avez r\u00e9ussi \u00e0 capter plus de visiteurs sur le site, il faudra maintenir vos efforts afin de les convertir en leads. Il faudra rester en contact avec le visiteur en obtenant au moins une adresse mail ou un num\u00e9ro de t\u00e9l\u00e9phone. Si vous r\u00e9ussissez votre strat\u00e9gie, il vous sera m\u00eame possible d&#8217;obtenir des coordonn\u00e9es compl\u00e8tes. Pour suivre l&#8217;activit\u00e9 des prospects et comprendre leur cheminement, nous vous conseillons de mettre en place des solutions de tracking.<\/li>\n<li>La troisi\u00e8me \u00e9tape repose sur la <strong>conversion des prospects en clients<\/strong>. Si vous avez suivi les diff\u00e9rentes \u00e9tapes pr\u00e9c\u00e9dentes, vous devez normalement disposer d&#8217;un fichier correctement organis\u00e9 comprenant les engagements des contacts ainsi que les informations de profil. Gr\u00e2ce \u00e0 ces informations personnalis\u00e9es, vous allez pouvoir accompagner vos prospects dans leur parcours d&#8217;achat en vous appuyant sur le marketing automation et le <a href=\"https:\/\/www.redacteur.com\/blog\/definition\/lead-nurturing\/\">lead nurturing<\/a>.<\/li>\n<li>Nous arrivons \u00e0 la quatri\u00e8me \u00e9tape, celle de la <strong>fid\u00e9lisation des clients<\/strong>. Maintenant que vos visiteurs sont devenus des clients, votre travail ne s&#8217;arr\u00eate pas l\u00e0. Si vous arrivez \u00e0 les fid\u00e9liser, vos clients deviendront alors des ambassadeurs de votre entreprise. En effet, vous avez <strong>deux fois plus de chances de vendre un service ou un produit \u00e0 un client existant en comparaison \u00e0 un nouveau client<\/strong>.<\/li>\n<\/ul>\n<p>&nbsp;<\/p>\n<h2>Se lancer dans l&#8217;inbound marketing<\/h2>\n<p>Vous pouvez d\u00e8s maintenant commencer \u00e0 mettre en place une strat\u00e9gie d&#8217;inbound marketing pour votre acquisition de trafic.<\/p>\n<p>Rien de plus simple&nbsp;: il vous suffit de commander des textes optimis\u00e9s pour le SEO sur <strong><a href=\"https:\/\/www.redacteur.com\/\">Redacteur.com<\/a>.<\/strong><\/p>\n<p>Si vous ne savez pas par o\u00f9 commencez, vous pouvez opter pour un <a href=\"https:\/\/www.redacteur.com\/packs-strategie-contenu-seo\/?source=redacteur&amp;medium=blog&amp;campaign=launch-packs-seo&amp;content=30455\">pack Strat\u00e9gie de contenu SEO<\/a>.<\/p>\n<p>3 packs sont disponibles et vous proposent entre autre&nbsp;:<\/p>\n<ul>\n<li>un <strong>audit s\u00e9mantique<\/strong> pour faire un \u00e9tat des lieux de votre site et d\u00e9tecter les meilleures opportunit\u00e9s SEO<\/li>\n<li>l&#8217;<strong>\u00e9laboration des sujets<\/strong> de contenu pour vous permettre de gagner en visibilit\u00e9 sur Google rapidement<\/li>\n<li>la <strong>r\u00e9daction des textes<\/strong> par des r\u00e9dacteurs professionnels, optimis\u00e9s pour le SEO et format\u00e9s en HTML<\/li>\n<\/ul>\n<p>Ces packs sont des solutions cl\u00e9s en main pour vous permettre de mettre en place une v\u00e9ritable strat\u00e9gie de contenu SEO tr\u00e8s rapidement, sans avoir \u00e0 trouver vous-m\u00eame des id\u00e9es de sujets et sans avoir \u00e0 les r\u00e9diger. Vous vous concentrez sur votre activit\u00e9 et Redacteur.com s&#8217;occupe du reste.<\/p>\n<p>En fonction du pack s\u00e9lectionn\u00e9, vous recevez <strong>15, 30 ou 60 contenus et jusqu&#8217;\u00e0 3 pages piliers<\/strong>.<\/p>\n<p>Les articles font <strong>800 mots<\/strong> et les pages piliers <strong>2 500 mots<\/strong> pour vous permettre de vous d\u00e9marquer sur des requ\u00eates cl\u00e9s pour votre entreprise.<\/p>\n<p>Prenez contact avec un chef de projet de Redacteur.com pour <a href=\"https:\/\/www.redacteur.com\/packs-strategie-contenu-seo\/?source=redacteur&amp;medium=blog&amp;campaign=launch-packs-seo&amp;content=30455\">d\u00e9finir vos besoins et choisir le pack le plus adapt\u00e9<\/a> \u00e0 votre ambition.<\/p>\n","protected":false},"excerpt":{"rendered":"<p>D\u00e9finition de l\u2019inbound marketing La d\u00e9finition de l\u2019inbound marketing correspond au principe par lequel une entit\u00e9 cherche \u00e0 ce que ses clients s&#8217;adressent \u00e0 elle de mani\u00e8re spontan\u00e9e ou naturelle en leur d\u00e9livrant aussi bien des services utiles que des informations dans un cadre \u00e9prouv\u00e9. Dans ce cas, le principe s&#8217;appuie directement sur les besoins [&hellip;]<\/p>\n","protected":false},"author":1,"featured_media":0,"parent":29730,"menu_order":0,"comment_status":"closed","ping_status":"closed","template":"","meta":{"_acf_changed":false,"inline_featured_image":false,"footnotes":""},"class_list":["post-30455","page","type-page","status-publish","hentry"],"acf":[],"yoast_head":"<!-- This site is optimized with the Yoast SEO plugin v25.9 - https:\/\/yoast.com\/wordpress\/plugins\/seo\/ -->\n<title>Qu&#039;est-ce que l&#039;inbound marketing ? D\u00e9finition - Redacteur.com<\/title>\n<meta name=\"description\" content=\"D\u00e9finition de l\u2019inbound marketing La d\u00e9finition de l\u2019inbound marketing correspond au principe par lequel une entit\u00e9 cherche \u00e0 ce que ses clients\" \/>\n<meta name=\"robots\" content=\"index, follow, max-snippet:-1, max-image-preview:large, max-video-preview:-1\" \/>\n<link rel=\"canonical\" href=\"https:\/\/www.redacteur.com\/blog\/definition\/inbound-marketing\/\" \/>\n<meta property=\"og:locale\" content=\"fr_FR\" \/>\n<meta property=\"og:type\" content=\"article\" \/>\n<meta property=\"og:title\" content=\"Qu&#039;est-ce que l&#039;inbound marketing ? D\u00e9finition - Redacteur.com\" \/>\n<meta property=\"og:description\" content=\"D\u00e9finition de l\u2019inbound marketing La d\u00e9finition de l\u2019inbound marketing correspond au principe par lequel une entit\u00e9 cherche \u00e0 ce que ses clients\" \/>\n<meta property=\"og:url\" content=\"https:\/\/www.redacteur.com\/blog\/definition\/inbound-marketing\/\" \/>\n<meta property=\"og:site_name\" content=\"Redacteur.com\" \/>\n<meta property=\"article:publisher\" content=\"https:\/\/www.facebook.com\/redacteurcom\" \/>\n<meta property=\"og:image\" content=\"https:\/\/www.redacteur.com\/blog\/wp-content\/uploads\/2022\/02\/inbound-marketing.jpg\" \/>\n<meta name=\"twitter:card\" content=\"summary_large_image\" \/>\n<meta name=\"twitter:site\" content=\"@Redacteurcom\" \/>\n<meta name=\"twitter:label1\" content=\"Dur\u00e9e de lecture estim\u00e9e\" \/>\n\t<meta name=\"twitter:data1\" content=\"4 minutes\" \/>\n<script type=\"application\/ld+json\" class=\"yoast-schema-graph\">{\"@context\":\"https:\/\/schema.org\",\"@graph\":[{\"@type\":\"WebPage\",\"@id\":\"https:\/\/www.redacteur.com\/blog\/definition\/inbound-marketing\/\",\"url\":\"https:\/\/www.redacteur.com\/blog\/definition\/inbound-marketing\/\",\"name\":\"Qu'est-ce que l'inbound marketing ? D\u00e9finition - Redacteur.com\",\"isPartOf\":{\"@id\":\"https:\/\/www.redacteur.com\/blog\/#website\"},\"primaryImageOfPage\":{\"@id\":\"https:\/\/www.redacteur.com\/blog\/definition\/inbound-marketing\/#primaryimage\"},\"image\":{\"@id\":\"https:\/\/www.redacteur.com\/blog\/definition\/inbound-marketing\/#primaryimage\"},\"thumbnailUrl\":\"https:\/\/www.redacteur.com\/blog\/wp-content\/uploads\/2022\/02\/inbound-marketing.jpg\",\"datePublished\":\"2022-02-18T13:44:05+00:00\",\"description\":\"D\u00e9finition de l\u2019inbound marketing La d\u00e9finition de l\u2019inbound marketing correspond au principe par lequel une entit\u00e9 cherche \u00e0 ce que ses clients\",\"breadcrumb\":{\"@id\":\"https:\/\/www.redacteur.com\/blog\/definition\/inbound-marketing\/#breadcrumb\"},\"inLanguage\":\"fr-FR\",\"potentialAction\":[{\"@type\":\"ReadAction\",\"target\":[\"https:\/\/www.redacteur.com\/blog\/definition\/inbound-marketing\/\"]}]},{\"@type\":\"ImageObject\",\"inLanguage\":\"fr-FR\",\"@id\":\"https:\/\/www.redacteur.com\/blog\/definition\/inbound-marketing\/#primaryimage\",\"url\":\"https:\/\/www.redacteur.com\/blog\/wp-content\/uploads\/sites\/6\/2022\/02\/inbound-marketing.jpg\",\"contentUrl\":\"https:\/\/www.redacteur.com\/blog\/wp-content\/uploads\/sites\/6\/2022\/02\/inbound-marketing.jpg\",\"width\":700,\"height\":700,\"caption\":\"D\u00e9finition Inbound Marketing\"},{\"@type\":\"BreadcrumbList\",\"@id\":\"https:\/\/www.redacteur.com\/blog\/definition\/inbound-marketing\/#breadcrumb\",\"itemListElement\":[{\"@type\":\"ListItem\",\"position\":1,\"name\":\"Blog\",\"item\":\"https:\/\/www.redacteur.com\/blog\/\"},{\"@type\":\"ListItem\",\"position\":2,\"name\":\"Lexique SEO\",\"item\":\"https:\/\/www.redacteur.com\/blog\/definition\/\"},{\"@type\":\"ListItem\",\"position\":3,\"name\":\"Inbound marketing\"}]},{\"@type\":\"WebSite\",\"@id\":\"https:\/\/www.redacteur.com\/blog\/#website\",\"url\":\"https:\/\/www.redacteur.com\/blog\/\",\"name\":\"Redacteur.com\",\"description\":\"redacteur\",\"publisher\":{\"@id\":\"https:\/\/www.redacteur.com\/blog\/#organization\"},\"potentialAction\":[{\"@type\":\"SearchAction\",\"target\":{\"@type\":\"EntryPoint\",\"urlTemplate\":\"https:\/\/www.redacteur.com\/blog\/?s={search_term_string}\"},\"query-input\":{\"@type\":\"PropertyValueSpecification\",\"valueRequired\":true,\"valueName\":\"search_term_string\"}}],\"inLanguage\":\"fr-FR\"},{\"@type\":\"Organization\",\"@id\":\"https:\/\/www.redacteur.com\/blog\/#organization\",\"name\":\"Redacteur.com\",\"url\":\"https:\/\/www.redacteur.com\/blog\/\",\"logo\":{\"@type\":\"ImageObject\",\"inLanguage\":\"fr-FR\",\"@id\":\"https:\/\/www.redacteur.com\/blog\/#\/schema\/logo\/image\/\",\"url\":\"https:\/\/www.redacteur.com\/blog\/wp-content\/uploads\/sites\/6\/2022\/10\/logo-redacteur-blog.svg\",\"contentUrl\":\"https:\/\/www.redacteur.com\/blog\/wp-content\/uploads\/sites\/6\/2022\/10\/logo-redacteur-blog.svg\",\"width\":1,\"height\":1,\"caption\":\"Redacteur.com\"},\"image\":{\"@id\":\"https:\/\/www.redacteur.com\/blog\/#\/schema\/logo\/image\/\"},\"sameAs\":[\"https:\/\/www.facebook.com\/redacteurcom\",\"https:\/\/x.com\/Redacteurcom\",\"https:\/\/www.linkedin.com\/company\/redacteur-com\",\"https:\/\/www.youtube.com\/channel\/UCgj9ySM9xy3gdL8qBafl9Uw\/\"]}]}<\/script>\n<!-- \/ Yoast SEO plugin. -->","yoast_head_json":{"title":"Qu'est-ce que l'inbound marketing ? D\u00e9finition - Redacteur.com","description":"D\u00e9finition de l\u2019inbound marketing La d\u00e9finition de l\u2019inbound marketing correspond au principe par lequel une entit\u00e9 cherche \u00e0 ce que ses clients","robots":{"index":"index","follow":"follow","max-snippet":"max-snippet:-1","max-image-preview":"max-image-preview:large","max-video-preview":"max-video-preview:-1"},"canonical":"https:\/\/www.redacteur.com\/blog\/definition\/inbound-marketing\/","og_locale":"fr_FR","og_type":"article","og_title":"Qu'est-ce que l'inbound marketing ? D\u00e9finition - Redacteur.com","og_description":"D\u00e9finition de l\u2019inbound marketing La d\u00e9finition de l\u2019inbound marketing correspond au principe par lequel une entit\u00e9 cherche \u00e0 ce que ses clients","og_url":"https:\/\/www.redacteur.com\/blog\/definition\/inbound-marketing\/","og_site_name":"Redacteur.com","article_publisher":"https:\/\/www.facebook.com\/redacteurcom","og_image":[{"url":"https:\/\/www.redacteur.com\/blog\/wp-content\/uploads\/2022\/02\/inbound-marketing.jpg","type":"","width":"","height":""}],"twitter_card":"summary_large_image","twitter_site":"@Redacteurcom","twitter_misc":{"Dur\u00e9e de lecture estim\u00e9e":"4 minutes"},"schema":{"@context":"https:\/\/schema.org","@graph":[{"@type":"WebPage","@id":"https:\/\/www.redacteur.com\/blog\/definition\/inbound-marketing\/","url":"https:\/\/www.redacteur.com\/blog\/definition\/inbound-marketing\/","name":"Qu'est-ce que l'inbound marketing ? D\u00e9finition - Redacteur.com","isPartOf":{"@id":"https:\/\/www.redacteur.com\/blog\/#website"},"primaryImageOfPage":{"@id":"https:\/\/www.redacteur.com\/blog\/definition\/inbound-marketing\/#primaryimage"},"image":{"@id":"https:\/\/www.redacteur.com\/blog\/definition\/inbound-marketing\/#primaryimage"},"thumbnailUrl":"https:\/\/www.redacteur.com\/blog\/wp-content\/uploads\/2022\/02\/inbound-marketing.jpg","datePublished":"2022-02-18T13:44:05+00:00","description":"D\u00e9finition de l\u2019inbound marketing La d\u00e9finition de l\u2019inbound marketing correspond au principe par lequel une entit\u00e9 cherche \u00e0 ce que ses clients","breadcrumb":{"@id":"https:\/\/www.redacteur.com\/blog\/definition\/inbound-marketing\/#breadcrumb"},"inLanguage":"fr-FR","potentialAction":[{"@type":"ReadAction","target":["https:\/\/www.redacteur.com\/blog\/definition\/inbound-marketing\/"]}]},{"@type":"ImageObject","inLanguage":"fr-FR","@id":"https:\/\/www.redacteur.com\/blog\/definition\/inbound-marketing\/#primaryimage","url":"https:\/\/www.redacteur.com\/blog\/wp-content\/uploads\/sites\/6\/2022\/02\/inbound-marketing.jpg","contentUrl":"https:\/\/www.redacteur.com\/blog\/wp-content\/uploads\/sites\/6\/2022\/02\/inbound-marketing.jpg","width":700,"height":700,"caption":"D\u00e9finition Inbound Marketing"},{"@type":"BreadcrumbList","@id":"https:\/\/www.redacteur.com\/blog\/definition\/inbound-marketing\/#breadcrumb","itemListElement":[{"@type":"ListItem","position":1,"name":"Blog","item":"https:\/\/www.redacteur.com\/blog\/"},{"@type":"ListItem","position":2,"name":"Lexique SEO","item":"https:\/\/www.redacteur.com\/blog\/definition\/"},{"@type":"ListItem","position":3,"name":"Inbound marketing"}]},{"@type":"WebSite","@id":"https:\/\/www.redacteur.com\/blog\/#website","url":"https:\/\/www.redacteur.com\/blog\/","name":"Redacteur.com","description":"redacteur","publisher":{"@id":"https:\/\/www.redacteur.com\/blog\/#organization"},"potentialAction":[{"@type":"SearchAction","target":{"@type":"EntryPoint","urlTemplate":"https:\/\/www.redacteur.com\/blog\/?s={search_term_string}"},"query-input":{"@type":"PropertyValueSpecification","valueRequired":true,"valueName":"search_term_string"}}],"inLanguage":"fr-FR"},{"@type":"Organization","@id":"https:\/\/www.redacteur.com\/blog\/#organization","name":"Redacteur.com","url":"https:\/\/www.redacteur.com\/blog\/","logo":{"@type":"ImageObject","inLanguage":"fr-FR","@id":"https:\/\/www.redacteur.com\/blog\/#\/schema\/logo\/image\/","url":"https:\/\/www.redacteur.com\/blog\/wp-content\/uploads\/sites\/6\/2022\/10\/logo-redacteur-blog.svg","contentUrl":"https:\/\/www.redacteur.com\/blog\/wp-content\/uploads\/sites\/6\/2022\/10\/logo-redacteur-blog.svg","width":1,"height":1,"caption":"Redacteur.com"},"image":{"@id":"https:\/\/www.redacteur.com\/blog\/#\/schema\/logo\/image\/"},"sameAs":["https:\/\/www.facebook.com\/redacteurcom","https:\/\/x.com\/Redacteurcom","https:\/\/www.linkedin.com\/company\/redacteur-com","https:\/\/www.youtube.com\/channel\/UCgj9ySM9xy3gdL8qBafl9Uw\/"]}]}},"_links":{"self":[{"href":"https:\/\/www.redacteur.com\/blog\/wp-json\/wp\/v2\/pages\/30455","targetHints":{"allow":["GET"]}}],"collection":[{"href":"https:\/\/www.redacteur.com\/blog\/wp-json\/wp\/v2\/pages"}],"about":[{"href":"https:\/\/www.redacteur.com\/blog\/wp-json\/wp\/v2\/types\/page"}],"author":[{"embeddable":true,"href":"https:\/\/www.redacteur.com\/blog\/wp-json\/wp\/v2\/users\/1"}],"replies":[{"embeddable":true,"href":"https:\/\/www.redacteur.com\/blog\/wp-json\/wp\/v2\/comments?post=30455"}],"version-history":[{"count":0,"href":"https:\/\/www.redacteur.com\/blog\/wp-json\/wp\/v2\/pages\/30455\/revisions"}],"up":[{"embeddable":true,"href":"https:\/\/www.redacteur.com\/blog\/wp-json\/wp\/v2\/pages\/29730"}],"wp:attachment":[{"href":"https:\/\/www.redacteur.com\/blog\/wp-json\/wp\/v2\/media?parent=30455"}],"curies":[{"name":"wp","href":"https:\/\/api.w.org\/{rel}","templated":true}]}}