{"id":30462,"date":"2022-02-18T15:03:48","date_gmt":"2022-02-18T14:03:48","guid":{"rendered":"https:\/\/www.redacteur.com\/blog\/?page_id=30462"},"modified":"2022-02-18T15:03:48","modified_gmt":"2022-02-18T14:03:48","slug":"indexer","status":"publish","type":"page","link":"https:\/\/www.redacteur.com\/blog\/definition\/indexer\/","title":{"rendered":"Indexer"},"content":{"rendered":"<h2>D\u00e9finition indexer<\/h2>\n<p><strong>L\u2019indexation<\/strong> d\u2019un site Internet d\u00e9signe le processus employ\u00e9 par Google ou par un autre moteur de recherche pour d\u00e9tecter, analyser et classifier le contenu. Une op\u00e9ration absolument indispensable afin d\u2019affiner les r\u00e9sultats d\u2019une page de recherche. En effet, en l\u2019absence de l\u2019indexation, il est impossible pour qu\u2019une page ou un site Internet dans sa globalit\u00e9 apparaisse apr\u00e8s la recherche d\u2019un internaute.<\/p>\n<p>Voil\u00e0 pourquoi, <strong>indexer son site Internet<\/strong> est une phase primordiale dans le <a href=\"https:\/\/www.redacteur.com\/blog\/definition\/referencement-naturel\/\">r\u00e9f\u00e9rencement naturel<\/a>. C\u2019est un pr\u00e9requis n\u00e9cessaire, mais non suffisant pour assurer le positionnement des pages dans le classement des moteurs de recherche. Alors pour qu\u2019un site soit correctement index\u00e9, il est indispensable d\u2019\u00e9liminer les diff\u00e9rents facteurs bloquants, sous peine d\u2019avoir une prise en compte partielle.<\/p>\n<p><img decoding=\"async\" class=\"aligncenter wp-image-30463 size-full\" src=\"https:\/\/www.redacteur.com\/blog\/wp-content\/uploads\/2022\/02\/SEO-indexer.jpg\" alt=\"D\u00e9finition indexer SEO\" width=\"700\" height=\"467\" srcset=\"https:\/\/www.redacteur.com\/blog\/wp-content\/uploads\/sites\/6\/2022\/02\/SEO-indexer.jpg 700w, https:\/\/www.redacteur.com\/blog\/wp-content\/uploads\/sites\/6\/2022\/02\/SEO-indexer-300x200.jpg 300w, https:\/\/www.redacteur.com\/blog\/wp-content\/uploads\/sites\/6\/2022\/02\/SEO-indexer-60x40.jpg 60w, https:\/\/www.redacteur.com\/blog\/wp-content\/uploads\/sites\/6\/2022\/02\/SEO-indexer-370x247.jpg 370w, https:\/\/www.redacteur.com\/blog\/wp-content\/uploads\/sites\/6\/2022\/02\/SEO-indexer-270x180.jpg 270w, https:\/\/www.redacteur.com\/blog\/wp-content\/uploads\/sites\/6\/2022\/02\/SEO-indexer-570x380.jpg 570w\" sizes=\"(max-width: 700px) 100vw, 700px\" \/><\/p>\n<p>&nbsp;<\/p>\n<h2>Pourquoi utiliser l\u2019indexation pour le SEO&nbsp;?<\/h2>\n<p>Des milliards de milliards d\u2019URL sont d\u00e9j\u00e0 \u00e9t\u00e9 index\u00e9es par Google. Gr\u00e2ce \u00e0 l\u2019\u00e9tape d\u2019indexation, le moteur de recherche est capable de fournir une r\u00e9ponse pertinente aux internautes. Au cours de la soumission d\u2019un site, les robots de Google vont le <a href=\"https:\/\/www.redacteur.com\/blog\/definition\/crawler\/\">crawler<\/a> et l\u2019analyser dans son int\u00e9gralit\u00e9, lien par lien et page par page. Puis ces diff\u00e9rentes informations vont \u00eatre regroup\u00e9es dans une base sp\u00e9cifique selon la th\u00e9matique du site.<\/p>\n<p>Une fois ces diff\u00e9rents \u00e9l\u00e9ments r\u00e9unis, le site sera alors visible dans les r\u00e9sultats de recherche et b\u00e9n\u00e9ficiera d\u2019un positionnement plus ou moins correct en fonction du travail de r\u00e9f\u00e9rencement.<\/p>\n<p>Mais le travail d\u2019indexation ne s\u2019arr\u00eate pas l\u00e0. R\u00e9guli\u00e8rement, les robots de Google vont revenir afin d\u2019actualiser leurs donn\u00e9es et prendre en compte les diff\u00e9rentes mises \u00e0 jour que vous avez faites sur votre site Web.<\/p>\n<p>Si vous venez de publier votre site Internet, il y a de fortes chances que celui-ci soit noy\u00e9 dans les m\u00e9andres de l\u2019indexation. Mais en appliquant ensuite une strat\u00e9gie de r\u00e9f\u00e9rencement naturel et en utilisant les diff\u00e9rents leviers <a href=\"https:\/\/www.redacteur.com\/blog\/definition\/seo\/\">SEO<\/a>, votre site progressera.<br \/>\nComme nous venons de le voir, l\u2019\u00e9tape de l\u2019<strong>indexation est absolument indispensable<\/strong> pour accro\u00eetre votre visibilit\u00e9 \u00e0 travers un moteur de recherche.<\/p>\n<h2>Comment faire pour indexer un site Web&nbsp;?<\/h2>\n<p>Maintenant que vous comprenez mieux le processus d\u2019indexation, vous savez sans doute que votre site ne sera pas automatiquement pris en compte par Google une fois que celui-ci est en ligne. Si les robots s\u2019occupant de crawler les pages Web ne sont pas encore pass\u00e9s sur votre site, diff\u00e9rentes actions peuvent \u00eatre men\u00e9es. Dans le cas contraire, <strong>l\u2019indexation est parfois longue<\/strong>, c\u2019est-\u00e0-dire de plusieurs mois.<\/p>\n<p>Mais si vous obtenez des <a href=\"https:\/\/www.redacteur.com\/blog\/definition\/ancre-de-lien\/\">liens<\/a> de qualit\u00e9 en provenance d\u2019autres sites Internet, c\u2019est-\u00e0-dire des <a href=\"https:\/\/www.redacteur.com\/blog\/definition\/backlink\/\">backlinks<\/a>, votre indexation sera plus rapide, car vous envoyez des signaux positifs \u00e0 Google.<br \/>\nUne autre solution consiste \u00e0 envoyer un <a href=\"https:\/\/www.redacteur.com\/blog\/definition\/sitemap\/\"><strong>fichier sitemap<\/strong><\/a> que vous positionnez \u00e0 la racine de votre FTP. Ensuite, vous utilisez la <strong>Google Search Console<\/strong> pour indiquer la pr\u00e9sence de ce fichier.<\/p>\n<p>Si malgr\u00e9 vos diff\u00e9rentes tentatives, vous constatez que votre site Internet n\u2019est toujours pas r\u00e9f\u00e9renc\u00e9, vous avez certainement des facteurs bloquants qui emp\u00eachent cette op\u00e9ration. Il est donc n\u00e9cessaire de les identifier le plus rapidement possible, sous peine de manquer de visibilit\u00e9.<\/p>\n<p>Afin de savoir si les pages de votre site Internet sont pr\u00e9sentes dans l<strong>\u2019index de Google<\/strong>, il suffira dans un premier temps de vous rendre sur votre moteur de recherche favori. Ensuite, vous tapez la requ\u00eate suivante&nbsp;: <strong>\u00ab site:www.votresite.fr \u00bb<\/strong>. Si vous n\u2019avez aucun r\u00e9sultat, cela signifie que votre site n\u2019est pas encore index\u00e9. Dans le cas contraire, vous devriez obtenir un nombre de r\u00e9sultats correspondant au nombre de pages index\u00e9es.<\/p>\n<p>Pour corriger d\u2019\u00e9ventuels probl\u00e8mes, n\u2019oubliez pas de consulter r\u00e9guli\u00e8rement la <strong>Search Console<\/strong>. M\u00eame des changements mineurs peuvent avoir de lourdes cons\u00e9quences. D\u2019o\u00f9 la n\u00e9cessit\u00e9 d\u2019\u00eatre vigilant.<\/p>\n","protected":false},"excerpt":{"rendered":"<p>D\u00e9finition indexer L\u2019indexation d\u2019un site Internet d\u00e9signe le processus employ\u00e9 par Google ou par un autre moteur de recherche pour d\u00e9tecter, analyser et classifier le contenu. Une op\u00e9ration absolument indispensable afin d\u2019affiner les r\u00e9sultats d\u2019une page de recherche. En effet, en l\u2019absence de l\u2019indexation, il est impossible pour qu\u2019une page ou un site Internet dans [&hellip;]<\/p>\n","protected":false},"author":1,"featured_media":0,"parent":29730,"menu_order":0,"comment_status":"closed","ping_status":"closed","template":"","meta":{"_acf_changed":false,"inline_featured_image":false,"footnotes":""},"class_list":["post-30462","page","type-page","status-publish","hentry"],"acf":[],"yoast_head":"<!-- This site is optimized with the Yoast SEO plugin v25.9 - https:\/\/yoast.com\/wordpress\/plugins\/seo\/ -->\n<title>Qu&#039;est ce que l&#039;indexation ? D\u00e9finition - Redacteur.com<\/title>\n<meta name=\"description\" content=\"D\u00e9finition indexer L\u2019indexation d\u2019un site Internet d\u00e9signe le processus employ\u00e9 par Google ou par un autre moteur de recherche pour d\u00e9tecter, analyser et\" \/>\n<meta name=\"robots\" content=\"index, follow, max-snippet:-1, max-image-preview:large, max-video-preview:-1\" \/>\n<link rel=\"canonical\" href=\"https:\/\/www.redacteur.com\/blog\/definition\/indexer\/\" \/>\n<meta property=\"og:locale\" content=\"fr_FR\" \/>\n<meta property=\"og:type\" content=\"article\" \/>\n<meta property=\"og:title\" content=\"Qu&#039;est ce que l&#039;indexation ? D\u00e9finition - Redacteur.com\" \/>\n<meta property=\"og:description\" content=\"D\u00e9finition indexer L\u2019indexation d\u2019un site Internet d\u00e9signe le processus employ\u00e9 par Google ou par un autre moteur de recherche pour d\u00e9tecter, analyser et\" \/>\n<meta property=\"og:url\" content=\"https:\/\/www.redacteur.com\/blog\/definition\/indexer\/\" \/>\n<meta property=\"og:site_name\" content=\"Redacteur.com\" \/>\n<meta property=\"article:publisher\" content=\"https:\/\/www.facebook.com\/redacteurcom\" \/>\n<meta property=\"og:image\" content=\"https:\/\/www.redacteur.com\/blog\/wp-content\/uploads\/2022\/02\/SEO-indexer.jpg\" \/>\n<meta name=\"twitter:card\" content=\"summary_large_image\" \/>\n<meta name=\"twitter:site\" content=\"@Redacteurcom\" \/>\n<meta name=\"twitter:label1\" content=\"Dur\u00e9e de lecture estim\u00e9e\" \/>\n\t<meta name=\"twitter:data1\" content=\"4 minutes\" \/>\n<script type=\"application\/ld+json\" class=\"yoast-schema-graph\">{\"@context\":\"https:\/\/schema.org\",\"@graph\":[{\"@type\":\"WebPage\",\"@id\":\"https:\/\/www.redacteur.com\/blog\/definition\/indexer\/\",\"url\":\"https:\/\/www.redacteur.com\/blog\/definition\/indexer\/\",\"name\":\"Qu'est ce que l'indexation ? D\u00e9finition - Redacteur.com\",\"isPartOf\":{\"@id\":\"https:\/\/www.redacteur.com\/blog\/#website\"},\"primaryImageOfPage\":{\"@id\":\"https:\/\/www.redacteur.com\/blog\/definition\/indexer\/#primaryimage\"},\"image\":{\"@id\":\"https:\/\/www.redacteur.com\/blog\/definition\/indexer\/#primaryimage\"},\"thumbnailUrl\":\"https:\/\/www.redacteur.com\/blog\/wp-content\/uploads\/2022\/02\/SEO-indexer.jpg\",\"datePublished\":\"2022-02-18T14:03:48+00:00\",\"description\":\"D\u00e9finition indexer L\u2019indexation d\u2019un site Internet d\u00e9signe le processus employ\u00e9 par Google ou par un autre moteur de recherche pour d\u00e9tecter, analyser et\",\"breadcrumb\":{\"@id\":\"https:\/\/www.redacteur.com\/blog\/definition\/indexer\/#breadcrumb\"},\"inLanguage\":\"fr-FR\",\"potentialAction\":[{\"@type\":\"ReadAction\",\"target\":[\"https:\/\/www.redacteur.com\/blog\/definition\/indexer\/\"]}]},{\"@type\":\"ImageObject\",\"inLanguage\":\"fr-FR\",\"@id\":\"https:\/\/www.redacteur.com\/blog\/definition\/indexer\/#primaryimage\",\"url\":\"https:\/\/www.redacteur.com\/blog\/wp-content\/uploads\/sites\/6\/2022\/02\/SEO-indexer.jpg\",\"contentUrl\":\"https:\/\/www.redacteur.com\/blog\/wp-content\/uploads\/sites\/6\/2022\/02\/SEO-indexer.jpg\",\"width\":700,\"height\":467,\"caption\":\"D\u00e9finition indexer SEO\"},{\"@type\":\"BreadcrumbList\",\"@id\":\"https:\/\/www.redacteur.com\/blog\/definition\/indexer\/#breadcrumb\",\"itemListElement\":[{\"@type\":\"ListItem\",\"position\":1,\"name\":\"Blog\",\"item\":\"https:\/\/www.redacteur.com\/blog\/\"},{\"@type\":\"ListItem\",\"position\":2,\"name\":\"Lexique SEO\",\"item\":\"https:\/\/www.redacteur.com\/blog\/definition\/\"},{\"@type\":\"ListItem\",\"position\":3,\"name\":\"Indexer\"}]},{\"@type\":\"WebSite\",\"@id\":\"https:\/\/www.redacteur.com\/blog\/#website\",\"url\":\"https:\/\/www.redacteur.com\/blog\/\",\"name\":\"Redacteur.com\",\"description\":\"redacteur\",\"publisher\":{\"@id\":\"https:\/\/www.redacteur.com\/blog\/#organization\"},\"potentialAction\":[{\"@type\":\"SearchAction\",\"target\":{\"@type\":\"EntryPoint\",\"urlTemplate\":\"https:\/\/www.redacteur.com\/blog\/?s={search_term_string}\"},\"query-input\":{\"@type\":\"PropertyValueSpecification\",\"valueRequired\":true,\"valueName\":\"search_term_string\"}}],\"inLanguage\":\"fr-FR\"},{\"@type\":\"Organization\",\"@id\":\"https:\/\/www.redacteur.com\/blog\/#organization\",\"name\":\"Redacteur.com\",\"url\":\"https:\/\/www.redacteur.com\/blog\/\",\"logo\":{\"@type\":\"ImageObject\",\"inLanguage\":\"fr-FR\",\"@id\":\"https:\/\/www.redacteur.com\/blog\/#\/schema\/logo\/image\/\",\"url\":\"https:\/\/www.redacteur.com\/blog\/wp-content\/uploads\/sites\/6\/2022\/10\/logo-redacteur-blog.svg\",\"contentUrl\":\"https:\/\/www.redacteur.com\/blog\/wp-content\/uploads\/sites\/6\/2022\/10\/logo-redacteur-blog.svg\",\"width\":1,\"height\":1,\"caption\":\"Redacteur.com\"},\"image\":{\"@id\":\"https:\/\/www.redacteur.com\/blog\/#\/schema\/logo\/image\/\"},\"sameAs\":[\"https:\/\/www.facebook.com\/redacteurcom\",\"https:\/\/x.com\/Redacteurcom\",\"https:\/\/www.linkedin.com\/company\/redacteur-com\",\"https:\/\/www.youtube.com\/channel\/UCgj9ySM9xy3gdL8qBafl9Uw\/\"]}]}<\/script>\n<!-- \/ Yoast SEO plugin. -->","yoast_head_json":{"title":"Qu'est ce que l'indexation ? D\u00e9finition - Redacteur.com","description":"D\u00e9finition indexer L\u2019indexation d\u2019un site Internet d\u00e9signe le processus employ\u00e9 par Google ou par un autre moteur de recherche pour d\u00e9tecter, analyser et","robots":{"index":"index","follow":"follow","max-snippet":"max-snippet:-1","max-image-preview":"max-image-preview:large","max-video-preview":"max-video-preview:-1"},"canonical":"https:\/\/www.redacteur.com\/blog\/definition\/indexer\/","og_locale":"fr_FR","og_type":"article","og_title":"Qu'est ce que l'indexation ? D\u00e9finition - Redacteur.com","og_description":"D\u00e9finition indexer L\u2019indexation d\u2019un site Internet d\u00e9signe le processus employ\u00e9 par Google ou par un autre moteur de recherche pour d\u00e9tecter, analyser et","og_url":"https:\/\/www.redacteur.com\/blog\/definition\/indexer\/","og_site_name":"Redacteur.com","article_publisher":"https:\/\/www.facebook.com\/redacteurcom","og_image":[{"url":"https:\/\/www.redacteur.com\/blog\/wp-content\/uploads\/2022\/02\/SEO-indexer.jpg","type":"","width":"","height":""}],"twitter_card":"summary_large_image","twitter_site":"@Redacteurcom","twitter_misc":{"Dur\u00e9e de lecture estim\u00e9e":"4 minutes"},"schema":{"@context":"https:\/\/schema.org","@graph":[{"@type":"WebPage","@id":"https:\/\/www.redacteur.com\/blog\/definition\/indexer\/","url":"https:\/\/www.redacteur.com\/blog\/definition\/indexer\/","name":"Qu'est ce que l'indexation ? D\u00e9finition - Redacteur.com","isPartOf":{"@id":"https:\/\/www.redacteur.com\/blog\/#website"},"primaryImageOfPage":{"@id":"https:\/\/www.redacteur.com\/blog\/definition\/indexer\/#primaryimage"},"image":{"@id":"https:\/\/www.redacteur.com\/blog\/definition\/indexer\/#primaryimage"},"thumbnailUrl":"https:\/\/www.redacteur.com\/blog\/wp-content\/uploads\/2022\/02\/SEO-indexer.jpg","datePublished":"2022-02-18T14:03:48+00:00","description":"D\u00e9finition indexer L\u2019indexation d\u2019un site Internet d\u00e9signe le processus employ\u00e9 par Google ou par un autre moteur de recherche pour d\u00e9tecter, analyser et","breadcrumb":{"@id":"https:\/\/www.redacteur.com\/blog\/definition\/indexer\/#breadcrumb"},"inLanguage":"fr-FR","potentialAction":[{"@type":"ReadAction","target":["https:\/\/www.redacteur.com\/blog\/definition\/indexer\/"]}]},{"@type":"ImageObject","inLanguage":"fr-FR","@id":"https:\/\/www.redacteur.com\/blog\/definition\/indexer\/#primaryimage","url":"https:\/\/www.redacteur.com\/blog\/wp-content\/uploads\/sites\/6\/2022\/02\/SEO-indexer.jpg","contentUrl":"https:\/\/www.redacteur.com\/blog\/wp-content\/uploads\/sites\/6\/2022\/02\/SEO-indexer.jpg","width":700,"height":467,"caption":"D\u00e9finition indexer SEO"},{"@type":"BreadcrumbList","@id":"https:\/\/www.redacteur.com\/blog\/definition\/indexer\/#breadcrumb","itemListElement":[{"@type":"ListItem","position":1,"name":"Blog","item":"https:\/\/www.redacteur.com\/blog\/"},{"@type":"ListItem","position":2,"name":"Lexique SEO","item":"https:\/\/www.redacteur.com\/blog\/definition\/"},{"@type":"ListItem","position":3,"name":"Indexer"}]},{"@type":"WebSite","@id":"https:\/\/www.redacteur.com\/blog\/#website","url":"https:\/\/www.redacteur.com\/blog\/","name":"Redacteur.com","description":"redacteur","publisher":{"@id":"https:\/\/www.redacteur.com\/blog\/#organization"},"potentialAction":[{"@type":"SearchAction","target":{"@type":"EntryPoint","urlTemplate":"https:\/\/www.redacteur.com\/blog\/?s={search_term_string}"},"query-input":{"@type":"PropertyValueSpecification","valueRequired":true,"valueName":"search_term_string"}}],"inLanguage":"fr-FR"},{"@type":"Organization","@id":"https:\/\/www.redacteur.com\/blog\/#organization","name":"Redacteur.com","url":"https:\/\/www.redacteur.com\/blog\/","logo":{"@type":"ImageObject","inLanguage":"fr-FR","@id":"https:\/\/www.redacteur.com\/blog\/#\/schema\/logo\/image\/","url":"https:\/\/www.redacteur.com\/blog\/wp-content\/uploads\/sites\/6\/2022\/10\/logo-redacteur-blog.svg","contentUrl":"https:\/\/www.redacteur.com\/blog\/wp-content\/uploads\/sites\/6\/2022\/10\/logo-redacteur-blog.svg","width":1,"height":1,"caption":"Redacteur.com"},"image":{"@id":"https:\/\/www.redacteur.com\/blog\/#\/schema\/logo\/image\/"},"sameAs":["https:\/\/www.facebook.com\/redacteurcom","https:\/\/x.com\/Redacteurcom","https:\/\/www.linkedin.com\/company\/redacteur-com","https:\/\/www.youtube.com\/channel\/UCgj9ySM9xy3gdL8qBafl9Uw\/"]}]}},"_links":{"self":[{"href":"https:\/\/www.redacteur.com\/blog\/wp-json\/wp\/v2\/pages\/30462","targetHints":{"allow":["GET"]}}],"collection":[{"href":"https:\/\/www.redacteur.com\/blog\/wp-json\/wp\/v2\/pages"}],"about":[{"href":"https:\/\/www.redacteur.com\/blog\/wp-json\/wp\/v2\/types\/page"}],"author":[{"embeddable":true,"href":"https:\/\/www.redacteur.com\/blog\/wp-json\/wp\/v2\/users\/1"}],"replies":[{"embeddable":true,"href":"https:\/\/www.redacteur.com\/blog\/wp-json\/wp\/v2\/comments?post=30462"}],"version-history":[{"count":0,"href":"https:\/\/www.redacteur.com\/blog\/wp-json\/wp\/v2\/pages\/30462\/revisions"}],"up":[{"embeddable":true,"href":"https:\/\/www.redacteur.com\/blog\/wp-json\/wp\/v2\/pages\/29730"}],"wp:attachment":[{"href":"https:\/\/www.redacteur.com\/blog\/wp-json\/wp\/v2\/media?parent=30462"}],"curies":[{"name":"wp","href":"https:\/\/api.w.org\/{rel}","templated":true}]}}