{"id":30470,"date":"2022-02-18T15:48:25","date_gmt":"2022-02-18T14:48:25","guid":{"rendered":"https:\/\/www.redacteur.com\/blog\/?page_id=30470"},"modified":"2022-02-18T15:48:25","modified_gmt":"2022-02-18T14:48:25","slug":"longue-traine","status":"publish","type":"page","link":"https:\/\/www.redacteur.com\/blog\/definition\/longue-traine\/","title":{"rendered":"Longue tra\u00eene"},"content":{"rendered":"<h2>D\u00e9finition de la longue tra\u00eene<\/h2>\n<p>Chris Anderson, r\u00e9dacteur en chef de la revue am\u00e9ricaine Wired utilise pour la premi\u00e8re fois ce terme en 2004. En <a href=\"https:\/\/www.redacteur.com\/blog\/definition\/referencement-naturel\/\">r\u00e9f\u00e9rencement naturel<\/a>, <strong>la longue tra\u00eene<\/strong> correspond \u00e0 un ensemble de mots-cl\u00e9s pr\u00e9sentant un faible volume de recherche, mais une fois cumul\u00e9, ils sont capables de g\u00e9n\u00e9rer une source de <a href=\"https:\/\/www.redacteur.com\/blog\/definition\/trafic-organique\/\">trafic<\/a> parfois plus importante qu\u2019<strong>un mot-cl\u00e9 principal<\/strong>.<\/p>\n<p>G\u00e9n\u00e9ralement, <strong>la longue tra\u00eene<\/strong> est alors constitu\u00e9e d\u2019expressions de plus de cinq mots correspondant \u00e0 une recherche tr\u00e8s pr\u00e9cise de la part de l\u2019internaute. Par exemple <strong>\u00ab comment trouver un r\u00e9dacteur Web&nbsp;? \u00bb.<\/strong><\/p>\n<p>En centrant le r\u00e9f\u00e9rencement sur une longue tra\u00eene et non pas un simple mot cl\u00e9, il est possible de mieux cibler les lecteurs ce qui permet d\u2019arriver \u00e0 se positionner facilement dans les premiers r\u00e9sultats tout en pouvant b\u00e9n\u00e9ficier de visiteurs plus qualifi\u00e9s et donc plus susceptibles d\u2019\u00eatre convertis.<\/p>\n<p>Bien que poss\u00e9dant un trafic moins important, les longues tra\u00eenes repr\u00e9sentent pr\u00e8s de 70% de volume total de requ\u00eates. C\u2019est pourquoi de plus en plus de sites se tournent vers cette solution d\u2019acquisition de trafic qui permet de se d\u00e9tacher d\u2019une concurrence forte tout en profitant des avantages d\u2019un trafic constant et stable.<\/p>\n<p>En revenant \u00e0 la d\u00e9finition de la longue tra\u00eene SEO, il est \u00e9galement important de pr\u00e9ciser que tous les encha\u00eenements de mots-cl\u00e9s ne sont pas forc\u00e9ment bons \u00e0 travailler. C\u2019est pourquoi il est essentiel de bien \u00e9tudier chaque longue tra\u00eene et ainsi identifier celles qui ont le plus de potentiel.<\/p>\n<p>La d\u00e9finition de la longue tra\u00eene SEO id\u00e9ale demande en effet un travail en amont indispensable pour obtenir les meilleurs r\u00e9sultats. La d\u00e9finition d\u2019une longue tra\u00eene se fait souvent en fonction d\u2019une autre page dans le but de cr\u00e9er une arborescence.. C\u2019est pourquoi celles-ci ne sont pas choisies au hasard. Le d\u00e9ploiement multiple de pages optimis\u00e9es sur des longues tra\u00eenes est particuli\u00e8rement efficace pour les foires aux questions ou les cocons s\u00e9mantiques afin de couvrir la plus large zone possible et ainsi capter le plus de trafic possible avec des pages positionn\u00e9es sur toutes les requ\u00eates les plus utilis\u00e9es autour d\u2019un sujet.<\/p>\n<p><img decoding=\"async\" class=\"aligncenter wp-image-30472 size-full\" src=\"https:\/\/www.redacteur.com\/blog\/wp-content\/uploads\/2022\/02\/longue-traine.jpg\" alt=\"D\u00e9finition Longue tra\u00eene\" width=\"700\" height=\"525\" srcset=\"https:\/\/www.redacteur.com\/blog\/wp-content\/uploads\/sites\/6\/2022\/02\/longue-traine.jpg 700w, https:\/\/www.redacteur.com\/blog\/wp-content\/uploads\/sites\/6\/2022\/02\/longue-traine-300x225.jpg 300w, https:\/\/www.redacteur.com\/blog\/wp-content\/uploads\/sites\/6\/2022\/02\/longue-traine-60x45.jpg 60w, https:\/\/www.redacteur.com\/blog\/wp-content\/uploads\/sites\/6\/2022\/02\/longue-traine-370x278.jpg 370w, https:\/\/www.redacteur.com\/blog\/wp-content\/uploads\/sites\/6\/2022\/02\/longue-traine-270x203.jpg 270w, https:\/\/www.redacteur.com\/blog\/wp-content\/uploads\/sites\/6\/2022\/02\/longue-traine-570x428.jpg 570w, https:\/\/www.redacteur.com\/blog\/wp-content\/uploads\/sites\/6\/2022\/02\/longue-traine-80x60.jpg 80w\" sizes=\"(max-width: 700px) 100vw, 700px\" \/><\/p>\n<h2>D\u00e9finition de la long tail<\/h2>\n<p>Long tail est un terme issu de l\u2019anglais qui d\u00e9signe la longue tra\u00eene. Ce concept est avant tout retrouv\u00e9 en marketing et r\u00e9sulte d\u2019une repr\u00e9sentation graphique bien pr\u00e9cise qui d\u00e9signe souvent un grand nombre de r\u00e9f\u00e9rences qui g\u00e9n\u00e8rent peu de ventes, mais qui ensemble forment la plus grande partie du chiffre d\u2019affaires d\u2019un commer\u00e7ant. Le concept est donc une inversion directe du principe des 20% des produits qui produisent 80% du chiffre.<\/p>\n<p>Face \u00e0 la croissance exponentielle du digital, ce concept s\u2019est \u00e9galement transpos\u00e9 dans le r\u00e9f\u00e9rencement. En particulier le r\u00e9f\u00e9rencement naturel ou la d\u00e9finition de la longue tra\u00eene SEO id\u00e9ale est encore vague. L\u2019id\u00e9e est ici d\u2019isoler les longues tra\u00eenes qui ont le plus gros potentiel pour g\u00e9n\u00e9rer du trafic et de les travailler afin de positionner des pages de son site sur ces combinaisons de mots-cl\u00e9s.<\/p>\n<p>La long tail est la partie qui regroupe le plus grand nombre de longues tra\u00eenes avec les trafics les plus faibles. Elle repr\u00e9sente \u00e9galement la plus grande partie du volume de requ\u00eate avec les longues tra\u00eene \u00e0 faible concurrence. Mettre en place une strat\u00e9gie sur la long tail n\u00e9cessite donc plus de travail mais est bien plus facile d\u2019acc\u00e8s.<\/p>\n<p>Plus en amont dans la d\u00e9finition de la longue tra\u00eene SEO, on trouve \u00e9galement la top tail et la mid tail. La top tail regroupe les mots-cl\u00e9s les plus populaires qui g\u00e9n\u00e8rent le plus de requ\u00eates et donc le plus de trafic. Ils sont tr\u00e8s concurrentiels pour le r\u00e9f\u00e9rencement et demandent des moyens importants pour pouvoir se positionner correctement.<\/p>\n<p>La mid tail de son c\u00f4t\u00e9 est un \u00e9quilibre entre la top tail et la long tail. Les longues tra\u00eenes sont plus courtes, le trafic est moins important que pour les mots-cl\u00e9s en top tail tout comme la concurrence. Cette zone permet d\u2019\u00e9tablir une strat\u00e9gie interm\u00e9diaire moins co\u00fbteuse qui se base sur des longues tra\u00eenes populaires qui regroupent un important volume de requ\u00eates.<\/p>\n<p>&nbsp;<\/p>\n<h2>Quels sont les avantages de la longue tra\u00eene sur le plan du SEO&nbsp;?<\/h2>\n<p>\u00c9tant donn\u00e9 la pr\u00e9cision des requ\u00eates pr\u00e9sentes dans <strong>la longue tra\u00eene<\/strong>, ces derni\u00e8res sont rarement utilis\u00e9es par les internautes. Cependant, si on additionne le nombre de ses recherches appartenant \u00e0 la longue tra\u00eene, on se rend compte que le volume est <strong>sup\u00e9rieur<\/strong> aux requ\u00eates g\u00e9n\u00e9riques.<\/p>\n<p>Partant de ce principe de volume, il est parfois plus int\u00e9ressant d\u2019acheter une dizaine de mots-cl\u00e9s g\u00e9n\u00e9rant une dizaine de visites, plut\u00f4t que de concentrer sur un seul mot-cl\u00e9 qui g\u00e9n\u00e8re une cinquantaine de visites. L\u2019int\u00e9r\u00eat majeur de la longue tra\u00eene est alors \u00e9vident, car si vous arrivez \u00e0 vous positionner correctement, vous allez <strong>d\u00e9velopper le trafic de votre site Internet<\/strong>.<\/p>\n<p>Mais ce n\u2019est pas son seul avantage. En effet, le <a href=\"https:\/\/www.redacteur.com\/blog\/ecommerce-boostez-taux-conversion-content-marketing\/\"><strong>taux de conversion<\/strong><\/a> est \u00e9galement bien meilleur. Lorsqu\u2019un internaute effectue une recherche pr\u00e9cise, il s\u2019engage indirectement dans un processus d\u2019achat. Donc avec une requ\u00eate de type <strong>\u00ab r\u00e9dacteur Web sp\u00e9cialis\u00e9 dans le marketing \u00bb<\/strong>, cela suppose que l\u2019internaute a un besoin plus pr\u00e9cis que s\u2019il avait recherch\u00e9 <strong>\u00ab r\u00e9dacteur Web \u00bb<\/strong>. Si de votre c\u00f4t\u00e9 vous arrivez \u00e0 vous positionner sur cette requ\u00eate, vous avez un <strong>taux de transformation<\/strong> grandement am\u00e9lior\u00e9. Rappelons que le taux de transformation correspond au pourcentage des visiteurs effectuant l\u2019achat d\u2019un produit ou d\u2019un service.<\/p>\n<p>Enfin, le dernier avantage repose sur la <strong>concurrence<\/strong>. \u00c9tant donn\u00e9 qu\u2019il s\u2019agit d\u2019une requ\u00eate peu demand\u00e9e en comparaison avec les requ\u00eates g\u00e9n\u00e9riques, la concurrence y est beaucoup moins forte. R\u00e9sultat, vous allez pouvoir positionner beaucoup plus facilement votre site Internet. Id\u00e9al pour d\u00e9velopper votre notori\u00e9t\u00e9, plut\u00f4t que de cibler syst\u00e9matiquement des mots-cl\u00e9s g\u00e9n\u00e9riques avec un niveau de <strong>concurrence forc\u00e9ment plus fort.<\/strong><\/p>\n<p>Si vous d\u00e9cidez d\u2019inclure la longue tra\u00eene votre strat\u00e9gie <a href=\"https:\/\/www.redacteur.com\/blog\/definition\/seo\/\">SEO<\/a>, vous obtiendrez plus de visiteurs et surtout avec des internautes qui convertissent beaucoup mieux. Id\u00e9al pour soigner votre <strong>retour sur investissement.<\/strong><\/p>\n<p>&nbsp;<\/p>\n<h2>D\u00e9finir vos mots-cl\u00e9s longue tra\u00eene<\/h2>\n<p>La d\u00e9finition d\u2019un mot-cl\u00e9s longue tra\u00eene SEO demande du temps et du travail. Heureusement, il existe certains outils qui permettent d\u2019analyser assez rapidement les longues tra\u00eenes avec le plus fort potentiel en fonction de votre activit\u00e9. L&#8217;algorithme compare les trafics g\u00e9n\u00e9r\u00e9s par chaque requ\u00eate et identifie en m\u00eame temps les forces et les faiblesses de la concurrence afin d\u2019identifier des niches ou il serait judicieux de positionner une page r\u00e9f\u00e9renc\u00e9e.<\/p>\n<p>Une fois la longue tra\u00eene d\u00e9finie, il faut cr\u00e9er la page et r\u00e9diger le contenu appropri\u00e9. La r\u00e9daction d\u2019un contenu optimis\u00e9 pour une longue tra\u00eene peut se r\u00e9v\u00e9ler difficile et trop souvent le texte perd de sa qualit\u00e9 au d\u00e9triment du r\u00e9f\u00e9rencement. C\u2019est pourquoi il peut \u00eatre judicieux de faire appel \u00e0 un sp\u00e9cialiste SEO qui sera en mesure de r\u00e9aliser un contenu de page complet optimis\u00e9 selon vos objectifs de positionnement.<\/p>\n<p>La d\u00e9finition d\u2019une longue tra\u00eene SEO se fait souvent autour d\u2019une page m\u00e8re qui est optimis\u00e9e sur un mot-cl\u00e9s. Plusieurs longues tra\u00eenes lu sont ensuite rattach\u00e9es afin de cr\u00e9er une synergie entre les pages et ainsi booster le trafic g\u00e9n\u00e9ral du site en multipliant les canaux d\u2019acquisition et en construisant une arborescence logique qui permet aux robots et aux algorithmes des moteurs de recherche de mieux comprendre les sujets trait\u00e9s sur votre site.<\/p>\n<p>Pour \u00eatre efficace, l\u2019optimisation autour d\u2019une longue tra\u00eene doit se faire avec d\u2019autres longues tra\u00eenes similaires qui permettent de couvrir une plus large plage de requ\u00eates tout en renfor\u00e7ant le positionnement de la page existante. C\u2019est par le nombre de positionnement sur des longues tra\u00eenes centr\u00e9es autour d\u2019un m\u00eame sujet que l\u2019on peut profiter de tout le potentiel des longues tra\u00eenes et ainsi g\u00e9n\u00e9rer un trafic passif important avec une concurrence plus faible ce qui le rend de ce fait plus stable dans le temps.<\/p>\n<p>Il est possible de r\u00e9aliser \u00e0 travers la d\u00e9finition d\u2019une longue tra\u00eene SEO une multitude de pages optimis\u00e9es afin de couvrir une zone tr\u00e8s large. Le seul facteur limitant reste la quantit\u00e9 de travail qui doit \u00eatre accompli afin de couvrir la zone la plus large possible. L\u2019objectif de tout site est de pouvoir couvrir le plus de requ\u00eates possible qui est en rapport avec son activit\u00e9 afin de gagner en visibilit\u00e9 tout en entretenant les contenus d\u00e9j\u00e0 cr\u00e9\u00e9s afin que leur bon positionnement soit maintenu dans les r\u00e9sultats de moteurs de recherche.<\/p>\n<p>Il vous faut donc d\u00e9finir le nombre de longues tra\u00eenes sur lesquelles vous souhaitez vous positionner en fonction de vos capacit\u00e9s, mais \u00e9galement de votre budget afin de ne pas vous retrouver submerg\u00e9 par le travail et les co\u00fbts engendr\u00e9s.<\/p>\n<p>&nbsp;<\/p>\n<h2>Quelques conseils pour trouver des mots-cl\u00e9s issus de la longue tra\u00eene<\/h2>\n<ul>\n<li>Dans un premier temps, nous vous conseillons de vous rabattre sur les <strong>suggestions de recherche Google<\/strong>. En effet, le moteur de recherche dispose d\u2019une fonctionnalit\u00e9 de <strong>\u00ab compl\u00e9tion \u00bb<\/strong> afin de trouver des requ\u00eates g\u00e9n\u00e9riques lorsque vous tapez un mot-cl\u00e9.<\/li>\n<li>Autre astuce, l\u2019utilisation des <strong>recherches associ\u00e9es<\/strong>. Encore une fois vous tapez un mot-cl\u00e9 sp\u00e9cifique sur Google et vous avez de nombreuses suggestions apparaissant en bas des r\u00e9sultats de recherche. Cela correspond \u00e0 des mots-cl\u00e9s similaires \u00e0 votre requ\u00eate initiale, vous permettant de trouver des mots-cl\u00e9s pour la longue tra\u00eene.<\/li>\n<li>Mais d\u2019autres outils \u00e9galement \u00eatre utilis\u00e9s comme <strong>Google Trends ou <a href=\"https:\/\/www.redacteur.com\/blog\/utiliser-google-keyword-planner\/\">Google Keyword Planner<\/a><\/strong>. Ce sont des outils gratuits permettant d\u2019obtenir des informations sur la popularit\u00e9 d\u2019un mot-cl\u00e9 ou d\u2019identifier plus facilement des expressions \u00e0 inclure.<\/li>\n<li>Vous pouvez \u00e9galement vous orienter vers des outils payants comme <strong>Ubersuggest ou SEMRush<\/strong>. Gr\u00e2ce \u00e0 eux, vous allez non seulement obtenir des id\u00e9es suppl\u00e9mentaires, mais \u00e9galement conna\u00eetre les diff\u00e9rents <strong>volumes de recherche.<\/strong> D\u2019ailleurs, ces outils vous proposent \u00e9galement des fonctionnalit\u00e9s compl\u00e9mentaires, vous permettant d\u2019am\u00e9liorer votre r\u00e9f\u00e9rencement naturel.<\/li>\n<\/ul>\n","protected":false},"excerpt":{"rendered":"<p>D\u00e9finition de la longue tra\u00eene Chris Anderson, r\u00e9dacteur en chef de la revue am\u00e9ricaine Wired utilise pour la premi\u00e8re fois ce terme en 2004. En r\u00e9f\u00e9rencement naturel, la longue tra\u00eene correspond \u00e0 un ensemble de mots-cl\u00e9s pr\u00e9sentant un faible volume de recherche, mais une fois cumul\u00e9, ils sont capables de g\u00e9n\u00e9rer une source de trafic [&hellip;]<\/p>\n","protected":false},"author":1,"featured_media":0,"parent":29730,"menu_order":0,"comment_status":"closed","ping_status":"closed","template":"","meta":{"_acf_changed":false,"inline_featured_image":false,"footnotes":""},"class_list":["post-30470","page","type-page","status-publish","hentry"],"acf":[],"yoast_head":"<!-- This site is optimized with the Yoast SEO plugin v25.9 - https:\/\/yoast.com\/wordpress\/plugins\/seo\/ -->\n<title>Qu&#039;est-ce que la longue tra\u00eene ? D\u00e9finition - Redacteur.com<\/title>\n<meta name=\"description\" content=\"D\u00e9finition de la longue tra\u00eene Chris Anderson, r\u00e9dacteur en chef de la revue am\u00e9ricaine Wired utilise pour la premi\u00e8re fois ce terme en 2004. En\" \/>\n<meta name=\"robots\" content=\"index, follow, max-snippet:-1, max-image-preview:large, max-video-preview:-1\" \/>\n<link rel=\"canonical\" href=\"https:\/\/www.redacteur.com\/blog\/definition\/longue-traine\/\" \/>\n<meta property=\"og:locale\" content=\"fr_FR\" \/>\n<meta property=\"og:type\" content=\"article\" \/>\n<meta property=\"og:title\" content=\"Qu&#039;est-ce que la longue tra\u00eene ? D\u00e9finition - Redacteur.com\" \/>\n<meta property=\"og:description\" content=\"D\u00e9finition de la longue tra\u00eene Chris Anderson, r\u00e9dacteur en chef de la revue am\u00e9ricaine Wired utilise pour la premi\u00e8re fois ce terme en 2004. En\" \/>\n<meta property=\"og:url\" content=\"https:\/\/www.redacteur.com\/blog\/definition\/longue-traine\/\" \/>\n<meta property=\"og:site_name\" content=\"Redacteur.com\" \/>\n<meta property=\"article:publisher\" content=\"https:\/\/www.facebook.com\/redacteurcom\" \/>\n<meta property=\"og:image\" content=\"https:\/\/www.redacteur.com\/blog\/wp-content\/uploads\/2022\/02\/longue-traine.jpg\" \/>\n<meta name=\"twitter:card\" content=\"summary_large_image\" \/>\n<meta name=\"twitter:site\" content=\"@Redacteurcom\" \/>\n<meta name=\"twitter:label1\" content=\"Dur\u00e9e de lecture estim\u00e9e\" \/>\n\t<meta name=\"twitter:data1\" content=\"9 minutes\" \/>\n<script type=\"application\/ld+json\" class=\"yoast-schema-graph\">{\"@context\":\"https:\/\/schema.org\",\"@graph\":[{\"@type\":\"WebPage\",\"@id\":\"https:\/\/www.redacteur.com\/blog\/definition\/longue-traine\/\",\"url\":\"https:\/\/www.redacteur.com\/blog\/definition\/longue-traine\/\",\"name\":\"Qu'est-ce que la longue tra\u00eene ? D\u00e9finition - Redacteur.com\",\"isPartOf\":{\"@id\":\"https:\/\/www.redacteur.com\/blog\/#website\"},\"primaryImageOfPage\":{\"@id\":\"https:\/\/www.redacteur.com\/blog\/definition\/longue-traine\/#primaryimage\"},\"image\":{\"@id\":\"https:\/\/www.redacteur.com\/blog\/definition\/longue-traine\/#primaryimage\"},\"thumbnailUrl\":\"https:\/\/www.redacteur.com\/blog\/wp-content\/uploads\/2022\/02\/longue-traine.jpg\",\"datePublished\":\"2022-02-18T14:48:25+00:00\",\"description\":\"D\u00e9finition de la longue tra\u00eene Chris Anderson, r\u00e9dacteur en chef de la revue am\u00e9ricaine Wired utilise pour la premi\u00e8re fois ce terme en 2004. En\",\"breadcrumb\":{\"@id\":\"https:\/\/www.redacteur.com\/blog\/definition\/longue-traine\/#breadcrumb\"},\"inLanguage\":\"fr-FR\",\"potentialAction\":[{\"@type\":\"ReadAction\",\"target\":[\"https:\/\/www.redacteur.com\/blog\/definition\/longue-traine\/\"]}]},{\"@type\":\"ImageObject\",\"inLanguage\":\"fr-FR\",\"@id\":\"https:\/\/www.redacteur.com\/blog\/definition\/longue-traine\/#primaryimage\",\"url\":\"https:\/\/www.redacteur.com\/blog\/wp-content\/uploads\/sites\/6\/2022\/02\/longue-traine.jpg\",\"contentUrl\":\"https:\/\/www.redacteur.com\/blog\/wp-content\/uploads\/sites\/6\/2022\/02\/longue-traine.jpg\",\"width\":700,\"height\":525,\"caption\":\"D\u00e9finition Longue tra\u00eene\"},{\"@type\":\"BreadcrumbList\",\"@id\":\"https:\/\/www.redacteur.com\/blog\/definition\/longue-traine\/#breadcrumb\",\"itemListElement\":[{\"@type\":\"ListItem\",\"position\":1,\"name\":\"Blog\",\"item\":\"https:\/\/www.redacteur.com\/blog\/\"},{\"@type\":\"ListItem\",\"position\":2,\"name\":\"Lexique SEO\",\"item\":\"https:\/\/www.redacteur.com\/blog\/definition\/\"},{\"@type\":\"ListItem\",\"position\":3,\"name\":\"Longue tra\u00eene\"}]},{\"@type\":\"WebSite\",\"@id\":\"https:\/\/www.redacteur.com\/blog\/#website\",\"url\":\"https:\/\/www.redacteur.com\/blog\/\",\"name\":\"Redacteur.com\",\"description\":\"redacteur\",\"publisher\":{\"@id\":\"https:\/\/www.redacteur.com\/blog\/#organization\"},\"potentialAction\":[{\"@type\":\"SearchAction\",\"target\":{\"@type\":\"EntryPoint\",\"urlTemplate\":\"https:\/\/www.redacteur.com\/blog\/?s={search_term_string}\"},\"query-input\":{\"@type\":\"PropertyValueSpecification\",\"valueRequired\":true,\"valueName\":\"search_term_string\"}}],\"inLanguage\":\"fr-FR\"},{\"@type\":\"Organization\",\"@id\":\"https:\/\/www.redacteur.com\/blog\/#organization\",\"name\":\"Redacteur.com\",\"url\":\"https:\/\/www.redacteur.com\/blog\/\",\"logo\":{\"@type\":\"ImageObject\",\"inLanguage\":\"fr-FR\",\"@id\":\"https:\/\/www.redacteur.com\/blog\/#\/schema\/logo\/image\/\",\"url\":\"https:\/\/www.redacteur.com\/blog\/wp-content\/uploads\/sites\/6\/2022\/10\/logo-redacteur-blog.svg\",\"contentUrl\":\"https:\/\/www.redacteur.com\/blog\/wp-content\/uploads\/sites\/6\/2022\/10\/logo-redacteur-blog.svg\",\"width\":1,\"height\":1,\"caption\":\"Redacteur.com\"},\"image\":{\"@id\":\"https:\/\/www.redacteur.com\/blog\/#\/schema\/logo\/image\/\"},\"sameAs\":[\"https:\/\/www.facebook.com\/redacteurcom\",\"https:\/\/x.com\/Redacteurcom\",\"https:\/\/www.linkedin.com\/company\/redacteur-com\",\"https:\/\/www.youtube.com\/channel\/UCgj9ySM9xy3gdL8qBafl9Uw\/\"]}]}<\/script>\n<!-- \/ Yoast SEO plugin. -->","yoast_head_json":{"title":"Qu'est-ce que la longue tra\u00eene ? D\u00e9finition - Redacteur.com","description":"D\u00e9finition de la longue tra\u00eene Chris Anderson, r\u00e9dacteur en chef de la revue am\u00e9ricaine Wired utilise pour la premi\u00e8re fois ce terme en 2004. En","robots":{"index":"index","follow":"follow","max-snippet":"max-snippet:-1","max-image-preview":"max-image-preview:large","max-video-preview":"max-video-preview:-1"},"canonical":"https:\/\/www.redacteur.com\/blog\/definition\/longue-traine\/","og_locale":"fr_FR","og_type":"article","og_title":"Qu'est-ce que la longue tra\u00eene ? D\u00e9finition - Redacteur.com","og_description":"D\u00e9finition de la longue tra\u00eene Chris Anderson, r\u00e9dacteur en chef de la revue am\u00e9ricaine Wired utilise pour la premi\u00e8re fois ce terme en 2004. En","og_url":"https:\/\/www.redacteur.com\/blog\/definition\/longue-traine\/","og_site_name":"Redacteur.com","article_publisher":"https:\/\/www.facebook.com\/redacteurcom","og_image":[{"url":"https:\/\/www.redacteur.com\/blog\/wp-content\/uploads\/2022\/02\/longue-traine.jpg","type":"","width":"","height":""}],"twitter_card":"summary_large_image","twitter_site":"@Redacteurcom","twitter_misc":{"Dur\u00e9e de lecture estim\u00e9e":"9 minutes"},"schema":{"@context":"https:\/\/schema.org","@graph":[{"@type":"WebPage","@id":"https:\/\/www.redacteur.com\/blog\/definition\/longue-traine\/","url":"https:\/\/www.redacteur.com\/blog\/definition\/longue-traine\/","name":"Qu'est-ce que la longue tra\u00eene ? D\u00e9finition - Redacteur.com","isPartOf":{"@id":"https:\/\/www.redacteur.com\/blog\/#website"},"primaryImageOfPage":{"@id":"https:\/\/www.redacteur.com\/blog\/definition\/longue-traine\/#primaryimage"},"image":{"@id":"https:\/\/www.redacteur.com\/blog\/definition\/longue-traine\/#primaryimage"},"thumbnailUrl":"https:\/\/www.redacteur.com\/blog\/wp-content\/uploads\/2022\/02\/longue-traine.jpg","datePublished":"2022-02-18T14:48:25+00:00","description":"D\u00e9finition de la longue tra\u00eene Chris Anderson, r\u00e9dacteur en chef de la revue am\u00e9ricaine Wired utilise pour la premi\u00e8re fois ce terme en 2004. En","breadcrumb":{"@id":"https:\/\/www.redacteur.com\/blog\/definition\/longue-traine\/#breadcrumb"},"inLanguage":"fr-FR","potentialAction":[{"@type":"ReadAction","target":["https:\/\/www.redacteur.com\/blog\/definition\/longue-traine\/"]}]},{"@type":"ImageObject","inLanguage":"fr-FR","@id":"https:\/\/www.redacteur.com\/blog\/definition\/longue-traine\/#primaryimage","url":"https:\/\/www.redacteur.com\/blog\/wp-content\/uploads\/sites\/6\/2022\/02\/longue-traine.jpg","contentUrl":"https:\/\/www.redacteur.com\/blog\/wp-content\/uploads\/sites\/6\/2022\/02\/longue-traine.jpg","width":700,"height":525,"caption":"D\u00e9finition Longue tra\u00eene"},{"@type":"BreadcrumbList","@id":"https:\/\/www.redacteur.com\/blog\/definition\/longue-traine\/#breadcrumb","itemListElement":[{"@type":"ListItem","position":1,"name":"Blog","item":"https:\/\/www.redacteur.com\/blog\/"},{"@type":"ListItem","position":2,"name":"Lexique SEO","item":"https:\/\/www.redacteur.com\/blog\/definition\/"},{"@type":"ListItem","position":3,"name":"Longue tra\u00eene"}]},{"@type":"WebSite","@id":"https:\/\/www.redacteur.com\/blog\/#website","url":"https:\/\/www.redacteur.com\/blog\/","name":"Redacteur.com","description":"redacteur","publisher":{"@id":"https:\/\/www.redacteur.com\/blog\/#organization"},"potentialAction":[{"@type":"SearchAction","target":{"@type":"EntryPoint","urlTemplate":"https:\/\/www.redacteur.com\/blog\/?s={search_term_string}"},"query-input":{"@type":"PropertyValueSpecification","valueRequired":true,"valueName":"search_term_string"}}],"inLanguage":"fr-FR"},{"@type":"Organization","@id":"https:\/\/www.redacteur.com\/blog\/#organization","name":"Redacteur.com","url":"https:\/\/www.redacteur.com\/blog\/","logo":{"@type":"ImageObject","inLanguage":"fr-FR","@id":"https:\/\/www.redacteur.com\/blog\/#\/schema\/logo\/image\/","url":"https:\/\/www.redacteur.com\/blog\/wp-content\/uploads\/sites\/6\/2022\/10\/logo-redacteur-blog.svg","contentUrl":"https:\/\/www.redacteur.com\/blog\/wp-content\/uploads\/sites\/6\/2022\/10\/logo-redacteur-blog.svg","width":1,"height":1,"caption":"Redacteur.com"},"image":{"@id":"https:\/\/www.redacteur.com\/blog\/#\/schema\/logo\/image\/"},"sameAs":["https:\/\/www.facebook.com\/redacteurcom","https:\/\/x.com\/Redacteurcom","https:\/\/www.linkedin.com\/company\/redacteur-com","https:\/\/www.youtube.com\/channel\/UCgj9ySM9xy3gdL8qBafl9Uw\/"]}]}},"_links":{"self":[{"href":"https:\/\/www.redacteur.com\/blog\/wp-json\/wp\/v2\/pages\/30470","targetHints":{"allow":["GET"]}}],"collection":[{"href":"https:\/\/www.redacteur.com\/blog\/wp-json\/wp\/v2\/pages"}],"about":[{"href":"https:\/\/www.redacteur.com\/blog\/wp-json\/wp\/v2\/types\/page"}],"author":[{"embeddable":true,"href":"https:\/\/www.redacteur.com\/blog\/wp-json\/wp\/v2\/users\/1"}],"replies":[{"embeddable":true,"href":"https:\/\/www.redacteur.com\/blog\/wp-json\/wp\/v2\/comments?post=30470"}],"version-history":[{"count":0,"href":"https:\/\/www.redacteur.com\/blog\/wp-json\/wp\/v2\/pages\/30470\/revisions"}],"up":[{"embeddable":true,"href":"https:\/\/www.redacteur.com\/blog\/wp-json\/wp\/v2\/pages\/29730"}],"wp:attachment":[{"href":"https:\/\/www.redacteur.com\/blog\/wp-json\/wp\/v2\/media?parent=30470"}],"curies":[{"name":"wp","href":"https:\/\/api.w.org\/{rel}","templated":true}]}}