{"id":30474,"date":"2022-02-18T16:08:48","date_gmt":"2022-02-18T15:08:48","guid":{"rendered":"https:\/\/www.redacteur.com\/blog\/?page_id=30474"},"modified":"2022-02-18T16:08:48","modified_gmt":"2022-02-18T15:08:48","slug":"netlinking","status":"publish","type":"page","link":"https:\/\/www.redacteur.com\/blog\/definition\/netlinking\/","title":{"rendered":"Netlinking"},"content":{"rendered":"<h2>D\u00e9finition du netlinking<\/h2>\n<p>Le terme <strong>\u00ab linking externe \u00bb<\/strong> ou <strong>\u00ab link building \u00bb<\/strong> est \u00e9galement utilis\u00e9 pour d\u00e9signer le <strong>netlinking<\/strong>. Une technique fondamentale dans le r\u00e9f\u00e9rencement consistant \u00e0 multiplier les <a href=\"https:\/\/www.redacteur.com\/blog\/definition\/backlink\/\">backlinks<\/a> (lien pointant vers un site Internet ) dans le but de d\u00e9velopper la visibilit\u00e9 de votre propre site.<br \/>\nAux yeux des moteurs de recherche comme <strong>Bing, Google ou Yahoo<\/strong>, les liens re\u00e7us par votre site Internet d\u00e9notent une certaine popularit\u00e9, d\u2019autant plus lorsqu\u2019ils proviennent de sites de r\u00e9f\u00e9rence sur une th\u00e9matique connexe. C\u2019est un crit\u00e8re de popularit\u00e9 qu\u2019il faut absolument ma\u00eetriser dans une strat\u00e9gie <a href=\"https:\/\/www.redacteur.com\/blog\/definition\/seo\/\">SEO<\/a>.<\/p>\n<p>De ce fait, si vous souhaitez monter dans les SERPs, il est indispensable de lancer une campagne de <strong>netlinking<\/strong> le plus rapidement possible.<\/p>\n<p><img decoding=\"async\" class=\"aligncenter wp-image-30475 size-full\" src=\"https:\/\/www.redacteur.com\/blog\/wp-content\/uploads\/2022\/02\/netlinking.jpg\" alt=\"D\u00e9finition du netlinking\" width=\"700\" height=\"467\" srcset=\"https:\/\/www.redacteur.com\/blog\/wp-content\/uploads\/sites\/6\/2022\/02\/netlinking.jpg 700w, https:\/\/www.redacteur.com\/blog\/wp-content\/uploads\/sites\/6\/2022\/02\/netlinking-300x200.jpg 300w, https:\/\/www.redacteur.com\/blog\/wp-content\/uploads\/sites\/6\/2022\/02\/netlinking-60x40.jpg 60w, https:\/\/www.redacteur.com\/blog\/wp-content\/uploads\/sites\/6\/2022\/02\/netlinking-370x247.jpg 370w, https:\/\/www.redacteur.com\/blog\/wp-content\/uploads\/sites\/6\/2022\/02\/netlinking-270x180.jpg 270w, https:\/\/www.redacteur.com\/blog\/wp-content\/uploads\/sites\/6\/2022\/02\/netlinking-570x380.jpg 570w\" sizes=\"(max-width: 700px) 100vw, 700px\" \/><\/p>\n<p>&nbsp;<\/p>\n<h2>L\u2019int\u00e9r\u00eat du netlinking d\u2019un point de vue SEO<\/h2>\n<p>C\u2019est une m\u00e9thode pr\u00e9sentant de nombreux avantages pour le <a href=\"https:\/\/www.redacteur.com\/blog\/definition\/referencement-naturel\/\">r\u00e9f\u00e9rencement naturel<\/a>, mais \u00e9galement pour le moteur de recherche.<\/p>\n<p>En d\u00e9veloppant une v\u00e9ritable <strong>strat\u00e9gie de netlinking<\/strong>, vous allez pouvoir d\u00e9velopper le <a href=\"https:\/\/www.redacteur.com\/blog\/definition\/trafic-organique\/\">trafic<\/a> de votre site Internet de mani\u00e8re qualitative. C\u2019est une fa\u00e7on d\u2019offrir une opportunit\u00e9 suppl\u00e9mentaire aux internautes d\u2019acc\u00e9der \u00e0 votre contenu. Cependant, il ne s\u2019agit pas de mettre en place le <strong>netlinking<\/strong> n\u2019importe comment, certains principes doivent \u00eatre respect\u00e9s dans le but d\u2019obtenir un <strong>trafic qualifi\u00e9<\/strong>.<\/p>\n<p>Par ailleurs, le <strong>netlinking<\/strong> est une excellente approche dans le but de d\u00e9velopper votre popularit\u00e9. En jouant sur ce levier, vous renforcez votre <strong>r\u00e9f\u00e9rencement naturel<\/strong>. Car il faut garder \u00e0 l\u2019esprit qu\u2019une campagne de netlinking vise l\u2019am\u00e9lioration du positionnement des pages de votre site Internet. Donc, si vous avez certaines pages cibles, il sera n\u00e9cessaire de rediriger une partie de vos backlins vers elles.<\/p>\n<p>Le dernier avantage est de permettre aux robots des moteurs de recherche c\u2019est-\u00e0-dire les <a href=\"https:\/\/www.redacteur.com\/blog\/definition\/crawler\/\">crawlers<\/a> de d\u00e9couvrir plus rapidement de nouvelles pages. Les liens sont des vecteurs de d\u00e9couverte pour les crawlers. En utilisant les liens externes, ils pourront alors d\u00e9couvrir de nouvelles pages pr\u00e9sentes sur votre site Internet.<\/p>\n<h2>Comment mettre en place une compagne de netlinking&nbsp;?<\/h2>\n<p>Plusieurs solutions existent dans le but d\u2019obtenir des <strong>liens entrants<\/strong>. N\u00e9anmoins, les liens ne disposent pas de la m\u00eame valeur il faut donc \u00e0 la fois prendre en consid\u00e9ration la qualit\u00e9 de ces derniers ainsi que les moyens pour leur acquisition.<\/p>\n<p>Il est fortement recommand\u00e9 de privil\u00e9gier les <strong>liens naturels<\/strong> plut\u00f4t que de s\u2019orienter vers des liens artificiels. Pour le deuxi\u00e8me cas, il s\u2019agit d\u2019acheter des backlinks dans le but de gonfler artificiellement les liens pointant vers votre site Internet. N\u00e9anmoins, c\u2019est une technique proscrite par Google et la qualit\u00e9 des backlinks n\u2019est pas syst\u00e9matiquement au rendez-vous.<\/p>\n<p>La meilleure strat\u00e9gie \u00e0 privil\u00e9gier correspond au <strong>link baiting<\/strong>. C\u2019est une technique permettant de capter des liens externes de fa\u00e7on naturelle, sans la n\u00e9cessit\u00e9 d\u2019en demander la cr\u00e9ation. Pour y parvenir, il est imp\u00e9ratif de produire du contenu int\u00e9ressant pour le visiteur et ensuite d\u2019en assurer la promotion. Dans cette strat\u00e9gie, il est fortement recommand\u00e9 de passer par des r\u00e9dacteurs exp\u00e9riment\u00e9s que vous pouvez d\u2019ailleurs trouver sur la plate-forme <a href=\"https:\/\/www.redacteur.com\">Redacteur.com<\/a>.<\/p>\n<p>Une fois que vous avez d\u00e9fini et mis en place une <strong>strat\u00e9gie de netlinking<\/strong>, vous devez suivre r\u00e9guli\u00e8rement vos liens entrants. Cela permet de contr\u00f4ler si des liens artificiels sont pr\u00e9sents, d\u2019analyser la qualit\u00e9 de ces derniers ainsi que leur pertinence. Surtout, n\u2019h\u00e9sitez pas \u00e0 <strong>d\u00e9noncer des <a href=\"https:\/\/www.redacteur.com\/blog\/seo-comment-defaire-backlinks-toxiques\/\">backlinks ind\u00e9sirables<\/a><\/strong>, car ils peuvent malheureusement nuire \u00e0 votre r\u00e9f\u00e9rencement.<\/p>\n<p>Enfin, le suivi de votre campagne de netlinking vous permettra de contr\u00f4ler la progression de liens naturels. Vous n\u2019avez pas besoin d\u2019avoir recours \u00e0 un logiciel payant, il vous suffira d\u2019utiliser <strong>Google Search Console<\/strong>.<\/p>\n","protected":false},"excerpt":{"rendered":"<p>D\u00e9finition du netlinking Le terme \u00ab linking externe \u00bb ou \u00ab link building \u00bb est \u00e9galement utilis\u00e9 pour d\u00e9signer le netlinking. Une technique fondamentale dans le r\u00e9f\u00e9rencement consistant \u00e0 multiplier les backlinks (lien pointant vers un site Internet ) dans le but de d\u00e9velopper la visibilit\u00e9 de votre propre site. Aux yeux des moteurs de [&hellip;]<\/p>\n","protected":false},"author":1,"featured_media":0,"parent":29730,"menu_order":0,"comment_status":"closed","ping_status":"closed","template":"","meta":{"_acf_changed":false,"inline_featured_image":false,"footnotes":""},"class_list":["post-30474","page","type-page","status-publish","hentry"],"acf":[],"yoast_head":"<!-- This site is optimized with the Yoast SEO plugin v25.9 - https:\/\/yoast.com\/wordpress\/plugins\/seo\/ -->\n<title>Qu&#039;est-ce que le Netlinking ? D\u00e9finition - Redacteur.com<\/title>\n<meta name=\"description\" content=\"D\u00e9finition du netlinking Le terme \u00ab linking externe \u00bb ou \u00ab link building \u00bb est \u00e9galement utilis\u00e9 pour d\u00e9signer le netlinking. Une technique fondamentale\" \/>\n<meta name=\"robots\" content=\"index, follow, max-snippet:-1, max-image-preview:large, max-video-preview:-1\" \/>\n<link rel=\"canonical\" href=\"https:\/\/www.redacteur.com\/blog\/definition\/netlinking\/\" \/>\n<meta property=\"og:locale\" content=\"fr_FR\" \/>\n<meta property=\"og:type\" content=\"article\" \/>\n<meta property=\"og:title\" content=\"Qu&#039;est-ce que le Netlinking ? D\u00e9finition - Redacteur.com\" \/>\n<meta property=\"og:description\" content=\"D\u00e9finition du netlinking Le terme \u00ab linking externe \u00bb ou \u00ab link building \u00bb est \u00e9galement utilis\u00e9 pour d\u00e9signer le netlinking. Une technique fondamentale\" \/>\n<meta property=\"og:url\" content=\"https:\/\/www.redacteur.com\/blog\/definition\/netlinking\/\" \/>\n<meta property=\"og:site_name\" content=\"Redacteur.com\" \/>\n<meta property=\"article:publisher\" content=\"https:\/\/www.facebook.com\/redacteurcom\" \/>\n<meta property=\"og:image\" content=\"https:\/\/www.redacteur.com\/blog\/wp-content\/uploads\/2022\/02\/netlinking.jpg\" \/>\n<meta name=\"twitter:card\" content=\"summary_large_image\" \/>\n<meta name=\"twitter:site\" content=\"@Redacteurcom\" \/>\n<meta name=\"twitter:label1\" content=\"Dur\u00e9e de lecture estim\u00e9e\" \/>\n\t<meta name=\"twitter:data1\" content=\"3 minutes\" \/>\n<script type=\"application\/ld+json\" class=\"yoast-schema-graph\">{\"@context\":\"https:\/\/schema.org\",\"@graph\":[{\"@type\":\"WebPage\",\"@id\":\"https:\/\/www.redacteur.com\/blog\/definition\/netlinking\/\",\"url\":\"https:\/\/www.redacteur.com\/blog\/definition\/netlinking\/\",\"name\":\"Qu'est-ce que le Netlinking ? D\u00e9finition - Redacteur.com\",\"isPartOf\":{\"@id\":\"https:\/\/www.redacteur.com\/blog\/#website\"},\"primaryImageOfPage\":{\"@id\":\"https:\/\/www.redacteur.com\/blog\/definition\/netlinking\/#primaryimage\"},\"image\":{\"@id\":\"https:\/\/www.redacteur.com\/blog\/definition\/netlinking\/#primaryimage\"},\"thumbnailUrl\":\"https:\/\/www.redacteur.com\/blog\/wp-content\/uploads\/2022\/02\/netlinking.jpg\",\"datePublished\":\"2022-02-18T15:08:48+00:00\",\"description\":\"D\u00e9finition du netlinking Le terme \u00ab linking externe \u00bb ou \u00ab link building \u00bb est \u00e9galement utilis\u00e9 pour d\u00e9signer le netlinking. Une technique fondamentale\",\"breadcrumb\":{\"@id\":\"https:\/\/www.redacteur.com\/blog\/definition\/netlinking\/#breadcrumb\"},\"inLanguage\":\"fr-FR\",\"potentialAction\":[{\"@type\":\"ReadAction\",\"target\":[\"https:\/\/www.redacteur.com\/blog\/definition\/netlinking\/\"]}]},{\"@type\":\"ImageObject\",\"inLanguage\":\"fr-FR\",\"@id\":\"https:\/\/www.redacteur.com\/blog\/definition\/netlinking\/#primaryimage\",\"url\":\"https:\/\/www.redacteur.com\/blog\/wp-content\/uploads\/sites\/6\/2022\/02\/netlinking.jpg\",\"contentUrl\":\"https:\/\/www.redacteur.com\/blog\/wp-content\/uploads\/sites\/6\/2022\/02\/netlinking.jpg\",\"width\":700,\"height\":467,\"caption\":\"D\u00e9finition du netlinking\"},{\"@type\":\"BreadcrumbList\",\"@id\":\"https:\/\/www.redacteur.com\/blog\/definition\/netlinking\/#breadcrumb\",\"itemListElement\":[{\"@type\":\"ListItem\",\"position\":1,\"name\":\"Blog\",\"item\":\"https:\/\/www.redacteur.com\/blog\/\"},{\"@type\":\"ListItem\",\"position\":2,\"name\":\"Lexique SEO\",\"item\":\"https:\/\/www.redacteur.com\/blog\/definition\/\"},{\"@type\":\"ListItem\",\"position\":3,\"name\":\"Netlinking\"}]},{\"@type\":\"WebSite\",\"@id\":\"https:\/\/www.redacteur.com\/blog\/#website\",\"url\":\"https:\/\/www.redacteur.com\/blog\/\",\"name\":\"Redacteur.com\",\"description\":\"redacteur\",\"publisher\":{\"@id\":\"https:\/\/www.redacteur.com\/blog\/#organization\"},\"potentialAction\":[{\"@type\":\"SearchAction\",\"target\":{\"@type\":\"EntryPoint\",\"urlTemplate\":\"https:\/\/www.redacteur.com\/blog\/?s={search_term_string}\"},\"query-input\":{\"@type\":\"PropertyValueSpecification\",\"valueRequired\":true,\"valueName\":\"search_term_string\"}}],\"inLanguage\":\"fr-FR\"},{\"@type\":\"Organization\",\"@id\":\"https:\/\/www.redacteur.com\/blog\/#organization\",\"name\":\"Redacteur.com\",\"url\":\"https:\/\/www.redacteur.com\/blog\/\",\"logo\":{\"@type\":\"ImageObject\",\"inLanguage\":\"fr-FR\",\"@id\":\"https:\/\/www.redacteur.com\/blog\/#\/schema\/logo\/image\/\",\"url\":\"https:\/\/www.redacteur.com\/blog\/wp-content\/uploads\/sites\/6\/2022\/10\/logo-redacteur-blog.svg\",\"contentUrl\":\"https:\/\/www.redacteur.com\/blog\/wp-content\/uploads\/sites\/6\/2022\/10\/logo-redacteur-blog.svg\",\"width\":1,\"height\":1,\"caption\":\"Redacteur.com\"},\"image\":{\"@id\":\"https:\/\/www.redacteur.com\/blog\/#\/schema\/logo\/image\/\"},\"sameAs\":[\"https:\/\/www.facebook.com\/redacteurcom\",\"https:\/\/x.com\/Redacteurcom\",\"https:\/\/www.linkedin.com\/company\/redacteur-com\",\"https:\/\/www.youtube.com\/channel\/UCgj9ySM9xy3gdL8qBafl9Uw\/\"]}]}<\/script>\n<!-- \/ Yoast SEO plugin. -->","yoast_head_json":{"title":"Qu'est-ce que le Netlinking ? D\u00e9finition - Redacteur.com","description":"D\u00e9finition du netlinking Le terme \u00ab linking externe \u00bb ou \u00ab link building \u00bb est \u00e9galement utilis\u00e9 pour d\u00e9signer le netlinking. Une technique fondamentale","robots":{"index":"index","follow":"follow","max-snippet":"max-snippet:-1","max-image-preview":"max-image-preview:large","max-video-preview":"max-video-preview:-1"},"canonical":"https:\/\/www.redacteur.com\/blog\/definition\/netlinking\/","og_locale":"fr_FR","og_type":"article","og_title":"Qu'est-ce que le Netlinking ? D\u00e9finition - Redacteur.com","og_description":"D\u00e9finition du netlinking Le terme \u00ab linking externe \u00bb ou \u00ab link building \u00bb est \u00e9galement utilis\u00e9 pour d\u00e9signer le netlinking. Une technique fondamentale","og_url":"https:\/\/www.redacteur.com\/blog\/definition\/netlinking\/","og_site_name":"Redacteur.com","article_publisher":"https:\/\/www.facebook.com\/redacteurcom","og_image":[{"url":"https:\/\/www.redacteur.com\/blog\/wp-content\/uploads\/2022\/02\/netlinking.jpg","type":"","width":"","height":""}],"twitter_card":"summary_large_image","twitter_site":"@Redacteurcom","twitter_misc":{"Dur\u00e9e de lecture estim\u00e9e":"3 minutes"},"schema":{"@context":"https:\/\/schema.org","@graph":[{"@type":"WebPage","@id":"https:\/\/www.redacteur.com\/blog\/definition\/netlinking\/","url":"https:\/\/www.redacteur.com\/blog\/definition\/netlinking\/","name":"Qu'est-ce que le Netlinking ? D\u00e9finition - Redacteur.com","isPartOf":{"@id":"https:\/\/www.redacteur.com\/blog\/#website"},"primaryImageOfPage":{"@id":"https:\/\/www.redacteur.com\/blog\/definition\/netlinking\/#primaryimage"},"image":{"@id":"https:\/\/www.redacteur.com\/blog\/definition\/netlinking\/#primaryimage"},"thumbnailUrl":"https:\/\/www.redacteur.com\/blog\/wp-content\/uploads\/2022\/02\/netlinking.jpg","datePublished":"2022-02-18T15:08:48+00:00","description":"D\u00e9finition du netlinking Le terme \u00ab linking externe \u00bb ou \u00ab link building \u00bb est \u00e9galement utilis\u00e9 pour d\u00e9signer le netlinking. Une technique fondamentale","breadcrumb":{"@id":"https:\/\/www.redacteur.com\/blog\/definition\/netlinking\/#breadcrumb"},"inLanguage":"fr-FR","potentialAction":[{"@type":"ReadAction","target":["https:\/\/www.redacteur.com\/blog\/definition\/netlinking\/"]}]},{"@type":"ImageObject","inLanguage":"fr-FR","@id":"https:\/\/www.redacteur.com\/blog\/definition\/netlinking\/#primaryimage","url":"https:\/\/www.redacteur.com\/blog\/wp-content\/uploads\/sites\/6\/2022\/02\/netlinking.jpg","contentUrl":"https:\/\/www.redacteur.com\/blog\/wp-content\/uploads\/sites\/6\/2022\/02\/netlinking.jpg","width":700,"height":467,"caption":"D\u00e9finition du netlinking"},{"@type":"BreadcrumbList","@id":"https:\/\/www.redacteur.com\/blog\/definition\/netlinking\/#breadcrumb","itemListElement":[{"@type":"ListItem","position":1,"name":"Blog","item":"https:\/\/www.redacteur.com\/blog\/"},{"@type":"ListItem","position":2,"name":"Lexique SEO","item":"https:\/\/www.redacteur.com\/blog\/definition\/"},{"@type":"ListItem","position":3,"name":"Netlinking"}]},{"@type":"WebSite","@id":"https:\/\/www.redacteur.com\/blog\/#website","url":"https:\/\/www.redacteur.com\/blog\/","name":"Redacteur.com","description":"redacteur","publisher":{"@id":"https:\/\/www.redacteur.com\/blog\/#organization"},"potentialAction":[{"@type":"SearchAction","target":{"@type":"EntryPoint","urlTemplate":"https:\/\/www.redacteur.com\/blog\/?s={search_term_string}"},"query-input":{"@type":"PropertyValueSpecification","valueRequired":true,"valueName":"search_term_string"}}],"inLanguage":"fr-FR"},{"@type":"Organization","@id":"https:\/\/www.redacteur.com\/blog\/#organization","name":"Redacteur.com","url":"https:\/\/www.redacteur.com\/blog\/","logo":{"@type":"ImageObject","inLanguage":"fr-FR","@id":"https:\/\/www.redacteur.com\/blog\/#\/schema\/logo\/image\/","url":"https:\/\/www.redacteur.com\/blog\/wp-content\/uploads\/sites\/6\/2022\/10\/logo-redacteur-blog.svg","contentUrl":"https:\/\/www.redacteur.com\/blog\/wp-content\/uploads\/sites\/6\/2022\/10\/logo-redacteur-blog.svg","width":1,"height":1,"caption":"Redacteur.com"},"image":{"@id":"https:\/\/www.redacteur.com\/blog\/#\/schema\/logo\/image\/"},"sameAs":["https:\/\/www.facebook.com\/redacteurcom","https:\/\/x.com\/Redacteurcom","https:\/\/www.linkedin.com\/company\/redacteur-com","https:\/\/www.youtube.com\/channel\/UCgj9ySM9xy3gdL8qBafl9Uw\/"]}]}},"_links":{"self":[{"href":"https:\/\/www.redacteur.com\/blog\/wp-json\/wp\/v2\/pages\/30474","targetHints":{"allow":["GET"]}}],"collection":[{"href":"https:\/\/www.redacteur.com\/blog\/wp-json\/wp\/v2\/pages"}],"about":[{"href":"https:\/\/www.redacteur.com\/blog\/wp-json\/wp\/v2\/types\/page"}],"author":[{"embeddable":true,"href":"https:\/\/www.redacteur.com\/blog\/wp-json\/wp\/v2\/users\/1"}],"replies":[{"embeddable":true,"href":"https:\/\/www.redacteur.com\/blog\/wp-json\/wp\/v2\/comments?post=30474"}],"version-history":[{"count":0,"href":"https:\/\/www.redacteur.com\/blog\/wp-json\/wp\/v2\/pages\/30474\/revisions"}],"up":[{"embeddable":true,"href":"https:\/\/www.redacteur.com\/blog\/wp-json\/wp\/v2\/pages\/29730"}],"wp:attachment":[{"href":"https:\/\/www.redacteur.com\/blog\/wp-json\/wp\/v2\/media?parent=30474"}],"curies":[{"name":"wp","href":"https:\/\/api.w.org\/{rel}","templated":true}]}}