{"id":30477,"date":"2022-02-18T16:24:20","date_gmt":"2022-02-18T15:24:20","guid":{"rendered":"https:\/\/www.redacteur.com\/blog\/?page_id=30477"},"modified":"2022-02-18T16:24:20","modified_gmt":"2022-02-18T15:24:20","slug":"page-rank","status":"publish","type":"page","link":"https:\/\/www.redacteur.com\/blog\/definition\/page-rank\/","title":{"rendered":"Page Rank"},"content":{"rendered":"<h2>Page Rank d\u00e9finition<\/h2>\n<p>Le <strong>Page Rank<\/strong> est un terme utilis\u00e9 par Google sous la forme d\u2019un algorithme permettant de calculer la <strong>popularit\u00e9 d\u2019une page ou d\u2019un site Web<\/strong> dans sa globalit\u00e9. Initialement, la technologie a \u00e9t\u00e9 invent\u00e9e par l\u2019un des cofondateurs de Google, \u00e0 savoir Larry Page.<\/p>\n<p>En d\u2019autres termes il s\u2019agit d\u2019une <strong>notation<\/strong> sur une \u00e9chelle de 1 \u00e0 10 s\u2019affichant sur la TBPR. Afin d\u2019augmenter cette popularit\u00e9, il \u00e9tait utile d\u2019augmenter les liens externes pointant vers une m\u00eame page Internet. Le <strong>Page Rank<\/strong> \u00e9tait couramment utilis\u00e9 au cours des ann\u00e9es 2000 et c\u2019\u00e9tait un crit\u00e8re fondamental dans le r\u00e9f\u00e9rencement.<\/p>\n<p>Bien que cet indicateur ait totalement disparu de la ToolBar Page Rank, cela ne signifie pas qu\u2019il n\u2019existe plus. N\u00e9anmoins, depuis 2016, Google a pris la d\u00e9cision de supprimer cet indicateur, car indirectement il encourageait la <strong>cr\u00e9ation massive de liens artificiels<\/strong>.<\/p>\n<p><img decoding=\"async\" class=\"wp-image-30479 size-full aligncenter\" src=\"https:\/\/www.redacteur.com\/blog\/wp-content\/uploads\/2022\/02\/page-rank.jpg\" alt=\"Page Rank d\u00e9finition\" width=\"700\" height=\"525\" srcset=\"https:\/\/www.redacteur.com\/blog\/wp-content\/uploads\/sites\/6\/2022\/02\/page-rank.jpg 700w, https:\/\/www.redacteur.com\/blog\/wp-content\/uploads\/sites\/6\/2022\/02\/page-rank-300x225.jpg 300w, https:\/\/www.redacteur.com\/blog\/wp-content\/uploads\/sites\/6\/2022\/02\/page-rank-60x45.jpg 60w, https:\/\/www.redacteur.com\/blog\/wp-content\/uploads\/sites\/6\/2022\/02\/page-rank-370x278.jpg 370w, https:\/\/www.redacteur.com\/blog\/wp-content\/uploads\/sites\/6\/2022\/02\/page-rank-270x203.jpg 270w, https:\/\/www.redacteur.com\/blog\/wp-content\/uploads\/sites\/6\/2022\/02\/page-rank-570x428.jpg 570w, https:\/\/www.redacteur.com\/blog\/wp-content\/uploads\/sites\/6\/2022\/02\/page-rank-80x60.jpg 80w\" sizes=\"(max-width: 700px) 100vw, 700px\" \/><\/p>\n<p>&nbsp;<\/p>\n<h2>Comment fonctionne le Page Rank&nbsp;?<\/h2>\n<p>La multiplication des <a href=\"https:\/\/www.redacteur.com\/blog\/definition\/backlink\/\">backlinks<\/a> de qualit\u00e9 permet d\u2019augmenter la popularit\u00e9 de votre site Internet. Ce sont des liens entrants visant les pages les plus pertinentes de votre site Internet. Mais la qualit\u00e9 d\u2019un backlink d\u00e9pend \u00e0 la fois du nombre de liens contenus depuis le site effectuant le lien entrant et bien \u00e9videmment de sa qualit\u00e9.<\/p>\n<p>Le <strong>Page Rank<\/strong> se base sur un concept de jus de liens dans lequel chaque site Internet \u00e0 son propre r\u00f4le \u00e0 jouer. Mais depuis 2016, il est impossible de conna\u00eetre la valeur de votre Page Rank, car c\u2019est une information qui n\u2019est malheureusement plus publique.<\/p>\n<p>N\u00e9anmoins, le <a href=\"https:\/\/www.redacteur.com\/blog\/definition\/netlinking\/\">netlinking<\/a> reste un crit\u00e8re primordial dans le <a href=\"https:\/\/www.redacteur.com\/blog\/definition\/seo\/\">SEO<\/a> dans le but d\u2019atteindre le haut du classement dans les r\u00e9sultats de recherche Google. D\u2019autres notions sont alors apparues comme l\u2019<strong>indice Moz<\/strong>, permettant de donner une indication de l\u2019autorit\u00e9 d\u2019un site Internet. C\u2019est une valeur comprise entre 1 et 100. Tous les mois, cette valeur est mise \u00e0 jour.<\/p>\n<p>Il y a \u00e9galement l\u2019indicateur <strong>Ahrefs<\/strong> qui est utilis\u00e9 par de nombreux r\u00e9f\u00e9renceurs. Encore une fois, il s\u2019agit d\u2019une notation entre 0 et 100 permettant de d\u00e9finir la popularit\u00e9 d\u2019un site Internet en prenant en compte le nombre de liens pointant vers celui-ci.<\/p>\n<p>Sachez qu\u2019\u00e0 titre indicatif, il existe \u00e9galement d\u2019autres indicateurs comme <strong>SEMrush ou encore Majectic<\/strong>. Mais il faut savoir que les diff\u00e9rentes valeurs que vous allez obtenir sont ind\u00e9pendantes de Google.<\/p>\n<p>N\u00e9anmoins, ces diff\u00e9rentes informations sont toujours utiles afin d\u2019\u00e9valuer la qualit\u00e9 d\u2019un site Internet. Mais ne vous attardez pas uniquement sur ses valeurs, il s\u2019agit simplement d\u2019une indication et non d\u2019une v\u00e9rit\u00e9 absolue.<\/p>\n<h2>Comment am\u00e9liorer votre Page Rank&nbsp;?<\/h2>\n<p>Si vous d\u00e9sirez obtenir un site Internet plus populaire, synonyme de meilleur classement dans les r\u00e9sultats de recherche, vous devez cr\u00e9er un maillage interne intelligent. De cette fa\u00e7on, votre site Web est construit de mani\u00e8re intuitive pour les moteurs de recherche, mais surtout pour les visiteurs.<\/p>\n<p>Mais le <strong>netlinking<\/strong> reste incontestablement le meilleur moyen d\u2019augmenter votre visibilit\u00e9. Pour cela, vous devez vous tisser un r\u00e9seau de liens entrants issus de sites Internet avec une th\u00e9matique connexe et b\u00e9n\u00e9ficiant d\u2019une bonne popularit\u00e9.<\/p>\n<p>Ne visez pas syst\u00e9matiquement la m\u00eame <a href=\"https:\/\/www.redacteur.com\/blog\/definition\/ancre-de-lien\/\">ancre de lien<\/a>, sous peine de vous retrouver dans le viseur de Google. Il est important de <strong>varier au maximum ces ancres de liens<\/strong>. Pour ce faire, vous pouvez utiliser diff\u00e9rents moyens comme l\u2019\u00e9criture d\u2019articles invit\u00e9s, r\u00e9aliser des interviews, multiplier la publication d\u2019infographie, utiliser les r\u00e9seaux sociaux ou tisser des liens partenaires.<\/p>\n<p>Toujours est-il que pour la cr\u00e9ation de <strong>liens naturels<\/strong>, il faut privil\u00e9gier un contenu de qualit\u00e9 sur votre site Internet. Soit vous \u00eates en mesure de le faire par vos propres soins, soit vous d\u00e9l\u00e9guez cette op\u00e9ration \u00e0 des <strong>r\u00e9dacteurs sp\u00e9cialis\u00e9s<\/strong> que vous pouvez d\u2019ailleurs trouver sur la plate-forme <a href=\"https:\/\/www.redacteur.com\">Redacteur.com<\/a><\/p>\n","protected":false},"excerpt":{"rendered":"<p>Page Rank d\u00e9finition Le Page Rank est un terme utilis\u00e9 par Google sous la forme d\u2019un algorithme permettant de calculer la popularit\u00e9 d\u2019une page ou d\u2019un site Web dans sa globalit\u00e9. Initialement, la technologie a \u00e9t\u00e9 invent\u00e9e par l\u2019un des cofondateurs de Google, \u00e0 savoir Larry Page. En d\u2019autres termes il s\u2019agit d\u2019une notation sur [&hellip;]<\/p>\n","protected":false},"author":1,"featured_media":0,"parent":29730,"menu_order":0,"comment_status":"closed","ping_status":"closed","template":"","meta":{"_acf_changed":false,"inline_featured_image":false,"footnotes":""},"class_list":["post-30477","page","type-page","status-publish","hentry"],"acf":[],"yoast_head":"<!-- This site is optimized with the Yoast SEO plugin v25.9 - https:\/\/yoast.com\/wordpress\/plugins\/seo\/ -->\n<title>Qu&#039;est-ce qu&#039;un Page Rank ? D\u00e9finition - Redacteur.com<\/title>\n<meta name=\"description\" content=\"Page Rank d\u00e9finition Le Page Rank est un terme utilis\u00e9 par Google sous la forme d\u2019un algorithme permettant de calculer la popularit\u00e9 d\u2019une page ou d\u2019un\" \/>\n<meta name=\"robots\" content=\"index, follow, max-snippet:-1, max-image-preview:large, max-video-preview:-1\" \/>\n<link rel=\"canonical\" href=\"https:\/\/www.redacteur.com\/blog\/definition\/page-rank\/\" \/>\n<meta property=\"og:locale\" content=\"fr_FR\" \/>\n<meta property=\"og:type\" content=\"article\" \/>\n<meta property=\"og:title\" content=\"Qu&#039;est-ce qu&#039;un Page Rank ? D\u00e9finition - Redacteur.com\" \/>\n<meta property=\"og:description\" content=\"Page Rank d\u00e9finition Le Page Rank est un terme utilis\u00e9 par Google sous la forme d\u2019un algorithme permettant de calculer la popularit\u00e9 d\u2019une page ou d\u2019un\" \/>\n<meta property=\"og:url\" content=\"https:\/\/www.redacteur.com\/blog\/definition\/page-rank\/\" \/>\n<meta property=\"og:site_name\" content=\"Redacteur.com\" \/>\n<meta property=\"article:publisher\" content=\"https:\/\/www.facebook.com\/redacteurcom\" \/>\n<meta property=\"og:image\" content=\"https:\/\/www.redacteur.com\/blog\/wp-content\/uploads\/2022\/02\/page-rank.jpg\" \/>\n<meta name=\"twitter:card\" content=\"summary_large_image\" \/>\n<meta name=\"twitter:site\" content=\"@Redacteurcom\" \/>\n<meta name=\"twitter:label1\" content=\"Dur\u00e9e de lecture estim\u00e9e\" \/>\n\t<meta name=\"twitter:data1\" content=\"4 minutes\" \/>\n<script type=\"application\/ld+json\" class=\"yoast-schema-graph\">{\"@context\":\"https:\/\/schema.org\",\"@graph\":[{\"@type\":\"WebPage\",\"@id\":\"https:\/\/www.redacteur.com\/blog\/definition\/page-rank\/\",\"url\":\"https:\/\/www.redacteur.com\/blog\/definition\/page-rank\/\",\"name\":\"Qu'est-ce qu'un Page Rank ? D\u00e9finition - Redacteur.com\",\"isPartOf\":{\"@id\":\"https:\/\/www.redacteur.com\/blog\/#website\"},\"primaryImageOfPage\":{\"@id\":\"https:\/\/www.redacteur.com\/blog\/definition\/page-rank\/#primaryimage\"},\"image\":{\"@id\":\"https:\/\/www.redacteur.com\/blog\/definition\/page-rank\/#primaryimage\"},\"thumbnailUrl\":\"https:\/\/www.redacteur.com\/blog\/wp-content\/uploads\/2022\/02\/page-rank.jpg\",\"datePublished\":\"2022-02-18T15:24:20+00:00\",\"description\":\"Page Rank d\u00e9finition Le Page Rank est un terme utilis\u00e9 par Google sous la forme d\u2019un algorithme permettant de calculer la popularit\u00e9 d\u2019une page ou d\u2019un\",\"breadcrumb\":{\"@id\":\"https:\/\/www.redacteur.com\/blog\/definition\/page-rank\/#breadcrumb\"},\"inLanguage\":\"fr-FR\",\"potentialAction\":[{\"@type\":\"ReadAction\",\"target\":[\"https:\/\/www.redacteur.com\/blog\/definition\/page-rank\/\"]}]},{\"@type\":\"ImageObject\",\"inLanguage\":\"fr-FR\",\"@id\":\"https:\/\/www.redacteur.com\/blog\/definition\/page-rank\/#primaryimage\",\"url\":\"https:\/\/www.redacteur.com\/blog\/wp-content\/uploads\/sites\/6\/2022\/02\/page-rank.jpg\",\"contentUrl\":\"https:\/\/www.redacteur.com\/blog\/wp-content\/uploads\/sites\/6\/2022\/02\/page-rank.jpg\",\"width\":700,\"height\":525,\"caption\":\"Page Rank d\u00e9finition\"},{\"@type\":\"BreadcrumbList\",\"@id\":\"https:\/\/www.redacteur.com\/blog\/definition\/page-rank\/#breadcrumb\",\"itemListElement\":[{\"@type\":\"ListItem\",\"position\":1,\"name\":\"Blog\",\"item\":\"https:\/\/www.redacteur.com\/blog\/\"},{\"@type\":\"ListItem\",\"position\":2,\"name\":\"Lexique SEO\",\"item\":\"https:\/\/www.redacteur.com\/blog\/definition\/\"},{\"@type\":\"ListItem\",\"position\":3,\"name\":\"Page Rank\"}]},{\"@type\":\"WebSite\",\"@id\":\"https:\/\/www.redacteur.com\/blog\/#website\",\"url\":\"https:\/\/www.redacteur.com\/blog\/\",\"name\":\"Redacteur.com\",\"description\":\"redacteur\",\"publisher\":{\"@id\":\"https:\/\/www.redacteur.com\/blog\/#organization\"},\"potentialAction\":[{\"@type\":\"SearchAction\",\"target\":{\"@type\":\"EntryPoint\",\"urlTemplate\":\"https:\/\/www.redacteur.com\/blog\/?s={search_term_string}\"},\"query-input\":{\"@type\":\"PropertyValueSpecification\",\"valueRequired\":true,\"valueName\":\"search_term_string\"}}],\"inLanguage\":\"fr-FR\"},{\"@type\":\"Organization\",\"@id\":\"https:\/\/www.redacteur.com\/blog\/#organization\",\"name\":\"Redacteur.com\",\"url\":\"https:\/\/www.redacteur.com\/blog\/\",\"logo\":{\"@type\":\"ImageObject\",\"inLanguage\":\"fr-FR\",\"@id\":\"https:\/\/www.redacteur.com\/blog\/#\/schema\/logo\/image\/\",\"url\":\"https:\/\/www.redacteur.com\/blog\/wp-content\/uploads\/sites\/6\/2022\/10\/logo-redacteur-blog.svg\",\"contentUrl\":\"https:\/\/www.redacteur.com\/blog\/wp-content\/uploads\/sites\/6\/2022\/10\/logo-redacteur-blog.svg\",\"width\":1,\"height\":1,\"caption\":\"Redacteur.com\"},\"image\":{\"@id\":\"https:\/\/www.redacteur.com\/blog\/#\/schema\/logo\/image\/\"},\"sameAs\":[\"https:\/\/www.facebook.com\/redacteurcom\",\"https:\/\/x.com\/Redacteurcom\",\"https:\/\/www.linkedin.com\/company\/redacteur-com\",\"https:\/\/www.youtube.com\/channel\/UCgj9ySM9xy3gdL8qBafl9Uw\/\"]}]}<\/script>\n<!-- \/ Yoast SEO plugin. -->","yoast_head_json":{"title":"Qu'est-ce qu'un Page Rank ? D\u00e9finition - Redacteur.com","description":"Page Rank d\u00e9finition Le Page Rank est un terme utilis\u00e9 par Google sous la forme d\u2019un algorithme permettant de calculer la popularit\u00e9 d\u2019une page ou d\u2019un","robots":{"index":"index","follow":"follow","max-snippet":"max-snippet:-1","max-image-preview":"max-image-preview:large","max-video-preview":"max-video-preview:-1"},"canonical":"https:\/\/www.redacteur.com\/blog\/definition\/page-rank\/","og_locale":"fr_FR","og_type":"article","og_title":"Qu'est-ce qu'un Page Rank ? D\u00e9finition - Redacteur.com","og_description":"Page Rank d\u00e9finition Le Page Rank est un terme utilis\u00e9 par Google sous la forme d\u2019un algorithme permettant de calculer la popularit\u00e9 d\u2019une page ou d\u2019un","og_url":"https:\/\/www.redacteur.com\/blog\/definition\/page-rank\/","og_site_name":"Redacteur.com","article_publisher":"https:\/\/www.facebook.com\/redacteurcom","og_image":[{"url":"https:\/\/www.redacteur.com\/blog\/wp-content\/uploads\/2022\/02\/page-rank.jpg","type":"","width":"","height":""}],"twitter_card":"summary_large_image","twitter_site":"@Redacteurcom","twitter_misc":{"Dur\u00e9e de lecture estim\u00e9e":"4 minutes"},"schema":{"@context":"https:\/\/schema.org","@graph":[{"@type":"WebPage","@id":"https:\/\/www.redacteur.com\/blog\/definition\/page-rank\/","url":"https:\/\/www.redacteur.com\/blog\/definition\/page-rank\/","name":"Qu'est-ce qu'un Page Rank ? D\u00e9finition - Redacteur.com","isPartOf":{"@id":"https:\/\/www.redacteur.com\/blog\/#website"},"primaryImageOfPage":{"@id":"https:\/\/www.redacteur.com\/blog\/definition\/page-rank\/#primaryimage"},"image":{"@id":"https:\/\/www.redacteur.com\/blog\/definition\/page-rank\/#primaryimage"},"thumbnailUrl":"https:\/\/www.redacteur.com\/blog\/wp-content\/uploads\/2022\/02\/page-rank.jpg","datePublished":"2022-02-18T15:24:20+00:00","description":"Page Rank d\u00e9finition Le Page Rank est un terme utilis\u00e9 par Google sous la forme d\u2019un algorithme permettant de calculer la popularit\u00e9 d\u2019une page ou d\u2019un","breadcrumb":{"@id":"https:\/\/www.redacteur.com\/blog\/definition\/page-rank\/#breadcrumb"},"inLanguage":"fr-FR","potentialAction":[{"@type":"ReadAction","target":["https:\/\/www.redacteur.com\/blog\/definition\/page-rank\/"]}]},{"@type":"ImageObject","inLanguage":"fr-FR","@id":"https:\/\/www.redacteur.com\/blog\/definition\/page-rank\/#primaryimage","url":"https:\/\/www.redacteur.com\/blog\/wp-content\/uploads\/sites\/6\/2022\/02\/page-rank.jpg","contentUrl":"https:\/\/www.redacteur.com\/blog\/wp-content\/uploads\/sites\/6\/2022\/02\/page-rank.jpg","width":700,"height":525,"caption":"Page Rank d\u00e9finition"},{"@type":"BreadcrumbList","@id":"https:\/\/www.redacteur.com\/blog\/definition\/page-rank\/#breadcrumb","itemListElement":[{"@type":"ListItem","position":1,"name":"Blog","item":"https:\/\/www.redacteur.com\/blog\/"},{"@type":"ListItem","position":2,"name":"Lexique SEO","item":"https:\/\/www.redacteur.com\/blog\/definition\/"},{"@type":"ListItem","position":3,"name":"Page Rank"}]},{"@type":"WebSite","@id":"https:\/\/www.redacteur.com\/blog\/#website","url":"https:\/\/www.redacteur.com\/blog\/","name":"Redacteur.com","description":"redacteur","publisher":{"@id":"https:\/\/www.redacteur.com\/blog\/#organization"},"potentialAction":[{"@type":"SearchAction","target":{"@type":"EntryPoint","urlTemplate":"https:\/\/www.redacteur.com\/blog\/?s={search_term_string}"},"query-input":{"@type":"PropertyValueSpecification","valueRequired":true,"valueName":"search_term_string"}}],"inLanguage":"fr-FR"},{"@type":"Organization","@id":"https:\/\/www.redacteur.com\/blog\/#organization","name":"Redacteur.com","url":"https:\/\/www.redacteur.com\/blog\/","logo":{"@type":"ImageObject","inLanguage":"fr-FR","@id":"https:\/\/www.redacteur.com\/blog\/#\/schema\/logo\/image\/","url":"https:\/\/www.redacteur.com\/blog\/wp-content\/uploads\/sites\/6\/2022\/10\/logo-redacteur-blog.svg","contentUrl":"https:\/\/www.redacteur.com\/blog\/wp-content\/uploads\/sites\/6\/2022\/10\/logo-redacteur-blog.svg","width":1,"height":1,"caption":"Redacteur.com"},"image":{"@id":"https:\/\/www.redacteur.com\/blog\/#\/schema\/logo\/image\/"},"sameAs":["https:\/\/www.facebook.com\/redacteurcom","https:\/\/x.com\/Redacteurcom","https:\/\/www.linkedin.com\/company\/redacteur-com","https:\/\/www.youtube.com\/channel\/UCgj9ySM9xy3gdL8qBafl9Uw\/"]}]}},"_links":{"self":[{"href":"https:\/\/www.redacteur.com\/blog\/wp-json\/wp\/v2\/pages\/30477","targetHints":{"allow":["GET"]}}],"collection":[{"href":"https:\/\/www.redacteur.com\/blog\/wp-json\/wp\/v2\/pages"}],"about":[{"href":"https:\/\/www.redacteur.com\/blog\/wp-json\/wp\/v2\/types\/page"}],"author":[{"embeddable":true,"href":"https:\/\/www.redacteur.com\/blog\/wp-json\/wp\/v2\/users\/1"}],"replies":[{"embeddable":true,"href":"https:\/\/www.redacteur.com\/blog\/wp-json\/wp\/v2\/comments?post=30477"}],"version-history":[{"count":0,"href":"https:\/\/www.redacteur.com\/blog\/wp-json\/wp\/v2\/pages\/30477\/revisions"}],"up":[{"embeddable":true,"href":"https:\/\/www.redacteur.com\/blog\/wp-json\/wp\/v2\/pages\/29730"}],"wp:attachment":[{"href":"https:\/\/www.redacteur.com\/blog\/wp-json\/wp\/v2\/media?parent=30477"}],"curies":[{"name":"wp","href":"https:\/\/api.w.org\/{rel}","templated":true}]}}