{"id":30483,"date":"2022-02-18T16:56:56","date_gmt":"2022-02-18T15:56:56","guid":{"rendered":"https:\/\/www.redacteur.com\/blog\/?page_id=30483"},"modified":"2022-02-18T16:56:56","modified_gmt":"2022-02-18T15:56:56","slug":"sem","status":"publish","type":"page","link":"https:\/\/www.redacteur.com\/blog\/definition\/sem\/","title":{"rendered":"SEM"},"content":{"rendered":"<h2>SEM d\u00e9finition<\/h2>\n<p>Le <strong>SEM<\/strong> est l\u2019acronyme de l\u2019expression <strong>Search Engine Marketing<\/strong>. En fran\u00e7ais, l\u2019expression peut \u00eatre traduite par <strong>\u00ab marketing des moteurs de recherche \u00bb<\/strong>. Il s\u2019agit d\u2019une discipline \u00e0 part enti\u00e8re dans le r\u00e9f\u00e9rencement dans le but de d\u00e9velopper le <a href=\"https:\/\/www.redacteur.com\/blog\/definition\/trafic-organique\/\">trafic<\/a> d\u2019un site Internet. Il s\u2019agit \u00e0 la fois de la combinaison du <strong>SEA<\/strong> ( Search Engine Advertising ) et du <a href=\"https:\/\/www.redacteur.com\/blog\/definition\/seo\/\">SEO<\/a> ( Search Engine Optimization ).<\/p>\n<p>C\u2019est un important <strong>canal de communication<\/strong> en se distinguant du marketing traditionnel, car son approche se base sur le fait que ce soit le client qui vienne \u00e0 l\u2019entreprise ( <strong>pull marketing<\/strong> ) plut\u00f4t que de le pousser \u00e0 une d\u00e9cision d\u2019achat (<strong>push marketing<\/strong> ). Son objectif se base alors sur une r\u00e9ponse sp\u00e9cifique par rapport \u00e0 une intention d\u2019achat d\u00e9j\u00e0 pr\u00e9sente plut\u00f4t que de pousser le consommateur \u00e0 consommer, comme c\u2019est le cas avec le marketing traditionnel.<\/p>\n<p><img decoding=\"async\" class=\"aligncenter wp-image-30484 size-full\" src=\"https:\/\/www.redacteur.com\/blog\/wp-content\/uploads\/2022\/02\/sem.jpg\" alt=\"D\u00e9finition SEM\" width=\"700\" height=\"467\" srcset=\"https:\/\/www.redacteur.com\/blog\/wp-content\/uploads\/sites\/6\/2022\/02\/sem.jpg 700w, https:\/\/www.redacteur.com\/blog\/wp-content\/uploads\/sites\/6\/2022\/02\/sem-300x200.jpg 300w, https:\/\/www.redacteur.com\/blog\/wp-content\/uploads\/sites\/6\/2022\/02\/sem-60x40.jpg 60w, https:\/\/www.redacteur.com\/blog\/wp-content\/uploads\/sites\/6\/2022\/02\/sem-370x247.jpg 370w, https:\/\/www.redacteur.com\/blog\/wp-content\/uploads\/sites\/6\/2022\/02\/sem-270x180.jpg 270w, https:\/\/www.redacteur.com\/blog\/wp-content\/uploads\/sites\/6\/2022\/02\/sem-570x380.jpg 570w\" sizes=\"(max-width: 700px) 100vw, 700px\" \/><\/p>\n<p>&nbsp;<\/p>\n<h2>Pourquoi utiliser le SEM dans le r\u00e9f\u00e9rencement&nbsp;?<\/h2>\n<p>L\u2019avantage majeur des <strong>publicit\u00e9s en SEM<\/strong> repose sur la facturation \u00e0 la performance. C\u2019est-\u00e0-dire que vous payez par rapport \u00e0 une action sp\u00e9cifique ou par rapport \u00e0 un clic. De ce fait, vous pilotez minutieusement vos campagnes marketing avec un <strong>co\u00fbt par clic<\/strong> de quelques centimes \u00e0 plusieurs dizaines d\u2019euros en fonction de votre secteur d\u2019activit\u00e9.<\/p>\n<p>C\u2019est une <strong>strat\u00e9gie publicitaire<\/strong> efficace afin de toucher une audience cibl\u00e9e. Par exemple si vous utilisez des publicit\u00e9s sur <strong>Facebook<\/strong>, vous pouvez potentiellement toucher l\u2019int\u00e9gralit\u00e9 de la communaut\u00e9 soit plus d\u2019un milliard d\u2019utilisateurs. M\u00eame chose concernant <strong>Google<\/strong>.<br \/>\nLa force du <strong>SEM<\/strong> repose sur le fait de toucher un internaute dans un contexte pr\u00e9d\u00e9fini. De ce fait, si celui-ci effectue une recherche d\u2019information sur les sites de voiture, il sera g\u00e9n\u00e9ralement confront\u00e9 \u00e0 des publicit\u00e9s connexes.<\/p>\n<p>Autre avantage du <strong>SEM<\/strong>, la possibilit\u00e9 pour l\u2019annonceur de <strong>ma\u00eetriser parfaitement son budget<\/strong>. Il suffit alors de d\u00e9finir une d\u00e9pense quotidienne et ensuite de mesurer l\u2019impact de ces diff\u00e9rentes actions marketing. Suite \u00e0 cela, le <strong>ROI<\/strong> des d\u00e9penses est alors analys\u00e9 et affin\u00e9.<\/p>\n<h2>Les avantages du SEM<\/h2>\n<p>Une campagne publicitaire payante est un formidable levier pour <strong>d\u00e9velopper la visibilit\u00e9 d\u2019une marque ou d\u2019un service<\/strong> en tr\u00e8s peu de temps. De ce fait, si vous menez correctement cette campagne, vous allez \u00e9tablir de tr\u00e8s nombreux contacts commerciaux.<\/p>\n<h3>D\u00e9finir des budgets SEM<\/h3>\n<p>Parmi les avantages des <strong>campagnes SEM<\/strong>, vous retrouvez le <strong>contr\u00f4le<\/strong> absolu de votre budget en d\u00e9finissant d\u00e8s le d\u00e9part un montant fixe.<\/p>\n<p>\u00c0 court terme, vous obtenez des r\u00e9sultats concrets, tant que le <a href=\"https:\/\/www.redacteur.com\/blog\/definition\/referencement-naturel\/\">r\u00e9f\u00e9rencement naturel<\/a> se d\u00e9veloppe davantage.<\/p>\n<h3>Campagnes SEM g\u00e9olocalis\u00e9es<\/h3>\n<p>Les campagnes marketing sont \u00e9galement <a href=\"https:\/\/www.redacteur.com\/blog\/simulateurs-de-serp-seo-local\/\"><strong>g\u00e9olocalis\u00e9es<\/strong><\/a>, un param\u00e8tre indispensable pour le suivi de la dynamique des clics.<\/p>\n<p>Pour les internautes ayant d\u00e9j\u00e0 fait part de leur intention d\u2019achat, vous r\u00e9pondez pr\u00e9cis\u00e9ment \u00e0 leurs besoins, ce qui augmente vos chances de les <strong>convertir en clients<\/strong>.<\/p>\n<p>Par ailleurs, une <strong>campagne SEM<\/strong> cible directement des visiteurs enclins \u00e0 acheter et il vous sera possible de concurrencer des grands acteurs du secteur, ce qui n\u2019est pas forc\u00e9ment le cas avec un <strong>positionnement naturel<\/strong>.<\/p>\n<h3>Mesurer les performances et le ROI<\/h3>\n<p>En mesurant votre retour sur investissement, il vous sera possible d\u2019augmenter les ench\u00e8res sur les mots-cl\u00e9s avec un meilleur retour et d\u2019exclure certaines expressions qui consomment inutilement votre budget.<\/p>\n<p>Rapidement, vous obtenez une \u00e9valuation pr\u00e9cise entre le taux de clic et le taux de conversion par rapport aux co\u00fbts.<\/p>\n<p>Mais pour vous lancer dans une <strong>campagne SEM<\/strong>, il est imp\u00e9ratif de disposer d\u2019un capital de d\u00e9part. D\u00e8s que votre budget est \u00e9puis\u00e9, les effets de la campagne s\u2019arr\u00eatent imm\u00e9diatement. Pour pouvoir exploiter ce formidable levier d\u2019acquisition de <a href=\"https:\/\/www.redacteur.com\/blog\/definition\/trafic-organique\/\">trafic<\/a>, il est imp\u00e9ratif de disposer d\u2019une certaine expertise d\u2019o\u00f9 la n\u00e9cessit\u00e9 de <a href=\"https:\/\/www.codeur.com\">d\u00e9l\u00e9guer cette op\u00e9ration<\/a> ou de se former.<\/p>\n","protected":false},"excerpt":{"rendered":"<p>SEM d\u00e9finition Le SEM est l\u2019acronyme de l\u2019expression Search Engine Marketing. En fran\u00e7ais, l\u2019expression peut \u00eatre traduite par \u00ab marketing des moteurs de recherche \u00bb. Il s\u2019agit d\u2019une discipline \u00e0 part enti\u00e8re dans le r\u00e9f\u00e9rencement dans le but de d\u00e9velopper le trafic d\u2019un site Internet. Il s\u2019agit \u00e0 la fois de la combinaison du SEA [&hellip;]<\/p>\n","protected":false},"author":1,"featured_media":0,"parent":29730,"menu_order":0,"comment_status":"closed","ping_status":"closed","template":"","meta":{"_acf_changed":false,"inline_featured_image":false,"footnotes":""},"class_list":["post-30483","page","type-page","status-publish","hentry"],"acf":[],"yoast_head":"<!-- This site is optimized with the Yoast SEO plugin v25.9 - https:\/\/yoast.com\/wordpress\/plugins\/seo\/ -->\n<title>Qu&#039;est-ce que le SEM ? D\u00e9finition - Redacteur.com<\/title>\n<meta name=\"description\" content=\"SEM d\u00e9finition Le SEM est l\u2019acronyme de l\u2019expression Search Engine Marketing. En fran\u00e7ais, l\u2019expression peut \u00eatre traduite par \u00ab marketing des moteurs de\" \/>\n<meta name=\"robots\" content=\"index, follow, max-snippet:-1, max-image-preview:large, max-video-preview:-1\" \/>\n<link rel=\"canonical\" href=\"https:\/\/www.redacteur.com\/blog\/definition\/sem\/\" \/>\n<meta property=\"og:locale\" content=\"fr_FR\" \/>\n<meta property=\"og:type\" content=\"article\" \/>\n<meta property=\"og:title\" content=\"Qu&#039;est-ce que le SEM ? D\u00e9finition - Redacteur.com\" \/>\n<meta property=\"og:description\" content=\"SEM d\u00e9finition Le SEM est l\u2019acronyme de l\u2019expression Search Engine Marketing. En fran\u00e7ais, l\u2019expression peut \u00eatre traduite par \u00ab marketing des moteurs de\" \/>\n<meta property=\"og:url\" content=\"https:\/\/www.redacteur.com\/blog\/definition\/sem\/\" \/>\n<meta property=\"og:site_name\" content=\"Redacteur.com\" \/>\n<meta property=\"article:publisher\" content=\"https:\/\/www.facebook.com\/redacteurcom\" \/>\n<meta property=\"og:image\" content=\"https:\/\/www.redacteur.com\/blog\/wp-content\/uploads\/2022\/02\/sem.jpg\" \/>\n<meta name=\"twitter:card\" content=\"summary_large_image\" \/>\n<meta name=\"twitter:site\" content=\"@Redacteurcom\" \/>\n<meta name=\"twitter:label1\" content=\"Dur\u00e9e de lecture estim\u00e9e\" \/>\n\t<meta name=\"twitter:data1\" content=\"4 minutes\" \/>\n<script type=\"application\/ld+json\" class=\"yoast-schema-graph\">{\"@context\":\"https:\/\/schema.org\",\"@graph\":[{\"@type\":\"WebPage\",\"@id\":\"https:\/\/www.redacteur.com\/blog\/definition\/sem\/\",\"url\":\"https:\/\/www.redacteur.com\/blog\/definition\/sem\/\",\"name\":\"Qu'est-ce que le SEM ? D\u00e9finition - Redacteur.com\",\"isPartOf\":{\"@id\":\"https:\/\/www.redacteur.com\/blog\/#website\"},\"primaryImageOfPage\":{\"@id\":\"https:\/\/www.redacteur.com\/blog\/definition\/sem\/#primaryimage\"},\"image\":{\"@id\":\"https:\/\/www.redacteur.com\/blog\/definition\/sem\/#primaryimage\"},\"thumbnailUrl\":\"https:\/\/www.redacteur.com\/blog\/wp-content\/uploads\/2022\/02\/sem.jpg\",\"datePublished\":\"2022-02-18T15:56:56+00:00\",\"description\":\"SEM d\u00e9finition Le SEM est l\u2019acronyme de l\u2019expression Search Engine Marketing. En fran\u00e7ais, l\u2019expression peut \u00eatre traduite par \u00ab marketing des moteurs de\",\"breadcrumb\":{\"@id\":\"https:\/\/www.redacteur.com\/blog\/definition\/sem\/#breadcrumb\"},\"inLanguage\":\"fr-FR\",\"potentialAction\":[{\"@type\":\"ReadAction\",\"target\":[\"https:\/\/www.redacteur.com\/blog\/definition\/sem\/\"]}]},{\"@type\":\"ImageObject\",\"inLanguage\":\"fr-FR\",\"@id\":\"https:\/\/www.redacteur.com\/blog\/definition\/sem\/#primaryimage\",\"url\":\"https:\/\/www.redacteur.com\/blog\/wp-content\/uploads\/sites\/6\/2022\/02\/sem.jpg\",\"contentUrl\":\"https:\/\/www.redacteur.com\/blog\/wp-content\/uploads\/sites\/6\/2022\/02\/sem.jpg\",\"width\":700,\"height\":467,\"caption\":\"D\u00e9finition SEM\"},{\"@type\":\"BreadcrumbList\",\"@id\":\"https:\/\/www.redacteur.com\/blog\/definition\/sem\/#breadcrumb\",\"itemListElement\":[{\"@type\":\"ListItem\",\"position\":1,\"name\":\"Blog\",\"item\":\"https:\/\/www.redacteur.com\/blog\/\"},{\"@type\":\"ListItem\",\"position\":2,\"name\":\"Lexique SEO\",\"item\":\"https:\/\/www.redacteur.com\/blog\/definition\/\"},{\"@type\":\"ListItem\",\"position\":3,\"name\":\"SEM\"}]},{\"@type\":\"WebSite\",\"@id\":\"https:\/\/www.redacteur.com\/blog\/#website\",\"url\":\"https:\/\/www.redacteur.com\/blog\/\",\"name\":\"Redacteur.com\",\"description\":\"redacteur\",\"publisher\":{\"@id\":\"https:\/\/www.redacteur.com\/blog\/#organization\"},\"potentialAction\":[{\"@type\":\"SearchAction\",\"target\":{\"@type\":\"EntryPoint\",\"urlTemplate\":\"https:\/\/www.redacteur.com\/blog\/?s={search_term_string}\"},\"query-input\":{\"@type\":\"PropertyValueSpecification\",\"valueRequired\":true,\"valueName\":\"search_term_string\"}}],\"inLanguage\":\"fr-FR\"},{\"@type\":\"Organization\",\"@id\":\"https:\/\/www.redacteur.com\/blog\/#organization\",\"name\":\"Redacteur.com\",\"url\":\"https:\/\/www.redacteur.com\/blog\/\",\"logo\":{\"@type\":\"ImageObject\",\"inLanguage\":\"fr-FR\",\"@id\":\"https:\/\/www.redacteur.com\/blog\/#\/schema\/logo\/image\/\",\"url\":\"https:\/\/www.redacteur.com\/blog\/wp-content\/uploads\/sites\/6\/2022\/10\/logo-redacteur-blog.svg\",\"contentUrl\":\"https:\/\/www.redacteur.com\/blog\/wp-content\/uploads\/sites\/6\/2022\/10\/logo-redacteur-blog.svg\",\"width\":1,\"height\":1,\"caption\":\"Redacteur.com\"},\"image\":{\"@id\":\"https:\/\/www.redacteur.com\/blog\/#\/schema\/logo\/image\/\"},\"sameAs\":[\"https:\/\/www.facebook.com\/redacteurcom\",\"https:\/\/x.com\/Redacteurcom\",\"https:\/\/www.linkedin.com\/company\/redacteur-com\",\"https:\/\/www.youtube.com\/channel\/UCgj9ySM9xy3gdL8qBafl9Uw\/\"]}]}<\/script>\n<!-- \/ Yoast SEO plugin. -->","yoast_head_json":{"title":"Qu'est-ce que le SEM ? D\u00e9finition - Redacteur.com","description":"SEM d\u00e9finition Le SEM est l\u2019acronyme de l\u2019expression Search Engine Marketing. En fran\u00e7ais, l\u2019expression peut \u00eatre traduite par \u00ab marketing des moteurs de","robots":{"index":"index","follow":"follow","max-snippet":"max-snippet:-1","max-image-preview":"max-image-preview:large","max-video-preview":"max-video-preview:-1"},"canonical":"https:\/\/www.redacteur.com\/blog\/definition\/sem\/","og_locale":"fr_FR","og_type":"article","og_title":"Qu'est-ce que le SEM ? D\u00e9finition - Redacteur.com","og_description":"SEM d\u00e9finition Le SEM est l\u2019acronyme de l\u2019expression Search Engine Marketing. En fran\u00e7ais, l\u2019expression peut \u00eatre traduite par \u00ab marketing des moteurs de","og_url":"https:\/\/www.redacteur.com\/blog\/definition\/sem\/","og_site_name":"Redacteur.com","article_publisher":"https:\/\/www.facebook.com\/redacteurcom","og_image":[{"url":"https:\/\/www.redacteur.com\/blog\/wp-content\/uploads\/2022\/02\/sem.jpg","type":"","width":"","height":""}],"twitter_card":"summary_large_image","twitter_site":"@Redacteurcom","twitter_misc":{"Dur\u00e9e de lecture estim\u00e9e":"4 minutes"},"schema":{"@context":"https:\/\/schema.org","@graph":[{"@type":"WebPage","@id":"https:\/\/www.redacteur.com\/blog\/definition\/sem\/","url":"https:\/\/www.redacteur.com\/blog\/definition\/sem\/","name":"Qu'est-ce que le SEM ? D\u00e9finition - Redacteur.com","isPartOf":{"@id":"https:\/\/www.redacteur.com\/blog\/#website"},"primaryImageOfPage":{"@id":"https:\/\/www.redacteur.com\/blog\/definition\/sem\/#primaryimage"},"image":{"@id":"https:\/\/www.redacteur.com\/blog\/definition\/sem\/#primaryimage"},"thumbnailUrl":"https:\/\/www.redacteur.com\/blog\/wp-content\/uploads\/2022\/02\/sem.jpg","datePublished":"2022-02-18T15:56:56+00:00","description":"SEM d\u00e9finition Le SEM est l\u2019acronyme de l\u2019expression Search Engine Marketing. En fran\u00e7ais, l\u2019expression peut \u00eatre traduite par \u00ab marketing des moteurs de","breadcrumb":{"@id":"https:\/\/www.redacteur.com\/blog\/definition\/sem\/#breadcrumb"},"inLanguage":"fr-FR","potentialAction":[{"@type":"ReadAction","target":["https:\/\/www.redacteur.com\/blog\/definition\/sem\/"]}]},{"@type":"ImageObject","inLanguage":"fr-FR","@id":"https:\/\/www.redacteur.com\/blog\/definition\/sem\/#primaryimage","url":"https:\/\/www.redacteur.com\/blog\/wp-content\/uploads\/sites\/6\/2022\/02\/sem.jpg","contentUrl":"https:\/\/www.redacteur.com\/blog\/wp-content\/uploads\/sites\/6\/2022\/02\/sem.jpg","width":700,"height":467,"caption":"D\u00e9finition SEM"},{"@type":"BreadcrumbList","@id":"https:\/\/www.redacteur.com\/blog\/definition\/sem\/#breadcrumb","itemListElement":[{"@type":"ListItem","position":1,"name":"Blog","item":"https:\/\/www.redacteur.com\/blog\/"},{"@type":"ListItem","position":2,"name":"Lexique SEO","item":"https:\/\/www.redacteur.com\/blog\/definition\/"},{"@type":"ListItem","position":3,"name":"SEM"}]},{"@type":"WebSite","@id":"https:\/\/www.redacteur.com\/blog\/#website","url":"https:\/\/www.redacteur.com\/blog\/","name":"Redacteur.com","description":"redacteur","publisher":{"@id":"https:\/\/www.redacteur.com\/blog\/#organization"},"potentialAction":[{"@type":"SearchAction","target":{"@type":"EntryPoint","urlTemplate":"https:\/\/www.redacteur.com\/blog\/?s={search_term_string}"},"query-input":{"@type":"PropertyValueSpecification","valueRequired":true,"valueName":"search_term_string"}}],"inLanguage":"fr-FR"},{"@type":"Organization","@id":"https:\/\/www.redacteur.com\/blog\/#organization","name":"Redacteur.com","url":"https:\/\/www.redacteur.com\/blog\/","logo":{"@type":"ImageObject","inLanguage":"fr-FR","@id":"https:\/\/www.redacteur.com\/blog\/#\/schema\/logo\/image\/","url":"https:\/\/www.redacteur.com\/blog\/wp-content\/uploads\/sites\/6\/2022\/10\/logo-redacteur-blog.svg","contentUrl":"https:\/\/www.redacteur.com\/blog\/wp-content\/uploads\/sites\/6\/2022\/10\/logo-redacteur-blog.svg","width":1,"height":1,"caption":"Redacteur.com"},"image":{"@id":"https:\/\/www.redacteur.com\/blog\/#\/schema\/logo\/image\/"},"sameAs":["https:\/\/www.facebook.com\/redacteurcom","https:\/\/x.com\/Redacteurcom","https:\/\/www.linkedin.com\/company\/redacteur-com","https:\/\/www.youtube.com\/channel\/UCgj9ySM9xy3gdL8qBafl9Uw\/"]}]}},"_links":{"self":[{"href":"https:\/\/www.redacteur.com\/blog\/wp-json\/wp\/v2\/pages\/30483","targetHints":{"allow":["GET"]}}],"collection":[{"href":"https:\/\/www.redacteur.com\/blog\/wp-json\/wp\/v2\/pages"}],"about":[{"href":"https:\/\/www.redacteur.com\/blog\/wp-json\/wp\/v2\/types\/page"}],"author":[{"embeddable":true,"href":"https:\/\/www.redacteur.com\/blog\/wp-json\/wp\/v2\/users\/1"}],"replies":[{"embeddable":true,"href":"https:\/\/www.redacteur.com\/blog\/wp-json\/wp\/v2\/comments?post=30483"}],"version-history":[{"count":0,"href":"https:\/\/www.redacteur.com\/blog\/wp-json\/wp\/v2\/pages\/30483\/revisions"}],"up":[{"embeddable":true,"href":"https:\/\/www.redacteur.com\/blog\/wp-json\/wp\/v2\/pages\/29730"}],"wp:attachment":[{"href":"https:\/\/www.redacteur.com\/blog\/wp-json\/wp\/v2\/media?parent=30483"}],"curies":[{"name":"wp","href":"https:\/\/api.w.org\/{rel}","templated":true}]}}