{"id":30589,"date":"2022-03-01T10:50:22","date_gmt":"2022-03-01T09:50:22","guid":{"rendered":"https:\/\/www.redacteur.com\/blog\/?page_id=30589"},"modified":"2022-03-01T10:50:22","modified_gmt":"2022-03-01T09:50:22","slug":"topic-cluster","status":"publish","type":"page","link":"https:\/\/www.redacteur.com\/blog\/definition\/topic-cluster\/","title":{"rendered":"Topic cluster"},"content":{"rendered":"<h2>Topic cluster d\u00e9finition<\/h2>\n<p>Un <strong>topic cluster<\/strong> est \u00e9galement connu sous le terme de <strong>\u00ab grappe de contenus \u00bb<\/strong>. Derri\u00e8re cette expression se cache une grande th\u00e9matique qui sera directement en lien avec l\u2019activit\u00e9 de la soci\u00e9t\u00e9 et pour laquelle les clients cibles effectuent des recherches sp\u00e9cifiques sur Internet. En effet, les personas recherchent des expressions ou des <a href=\"https:\/\/www.redacteur.com\/blog\/definition\/longue-traine\/\">mots-cl\u00e9s<\/a> et vos topic clusters devront alors vous permettre d\u2019obtenir une meilleure visibilit\u00e9 au sein des moteurs de recherche.<\/p>\n<p>Si le terme <strong>Clustering<\/strong> est utilis\u00e9 en anglais, c\u2019est parce que la m\u00e9thode correspond \u00e0 une analyse statistique, tout en prenant en consid\u00e9ration la r\u00e9partition de donn\u00e9es. L\u2019objectif est d\u2019\u00e9tablir une structure d\u2019un ensemble d\u2019informations r\u00e9partie en diff\u00e9rentes cat\u00e9gories. Par ailleurs, chaque cat\u00e9gorie comprend ses propres sous cat\u00e9gories avec des caract\u00e9ristiques communes.<\/p>\n<p>C\u2019est une technique qui se base sur des crit\u00e8res de similarit\u00e9 dans le but de cat\u00e9goriser les <a href=\"https:\/\/www.redacteur.com\/blog\/definition\/donnees-structurees\/\">donn\u00e9es<\/a>. Le principe est alors beaucoup plus compr\u00e9hensible et simple, se basant sur la hi\u00e9rarchisation des donn\u00e9es par rapport \u00e0 des cat\u00e9gories sp\u00e9cifiques en prenant en consid\u00e9ration les similarit\u00e9s de chaque \u00e9l\u00e9ment du groupe.<\/p>\n<p><img decoding=\"async\" class=\"aligncenter wp-image-30595\" src=\"https:\/\/www.redacteur.com\/blog\/wp-content\/uploads\/2022\/03\/topic-cluster.jpg\" alt=\"D\u00e9finition Topic cluster\" width=\"700\" height=\"488\" srcset=\"https:\/\/www.redacteur.com\/blog\/wp-content\/uploads\/sites\/6\/2022\/03\/topic-cluster.jpg 1000w, https:\/\/www.redacteur.com\/blog\/wp-content\/uploads\/sites\/6\/2022\/03\/topic-cluster-300x209.jpg 300w, https:\/\/www.redacteur.com\/blog\/wp-content\/uploads\/sites\/6\/2022\/03\/topic-cluster-768x535.jpg 768w, https:\/\/www.redacteur.com\/blog\/wp-content\/uploads\/sites\/6\/2022\/03\/topic-cluster-60x42.jpg 60w, https:\/\/www.redacteur.com\/blog\/wp-content\/uploads\/sites\/6\/2022\/03\/topic-cluster-370x258.jpg 370w, https:\/\/www.redacteur.com\/blog\/wp-content\/uploads\/sites\/6\/2022\/03\/topic-cluster-270x188.jpg 270w, https:\/\/www.redacteur.com\/blog\/wp-content\/uploads\/sites\/6\/2022\/03\/topic-cluster-570x397.jpg 570w, https:\/\/www.redacteur.com\/blog\/wp-content\/uploads\/sites\/6\/2022\/03\/topic-cluster-740x516.jpg 740w\" sizes=\"(max-width: 700px) 100vw, 700px\" \/><\/p>\n<h2>L\u2019int\u00e9r\u00eat du topic cluster dans une strat\u00e9gie SEO<\/h2>\n<p>L\u2019utilisation des topic clusters est absolument indispensable dans une strat\u00e9gie de contenu. En effet, si vous utilisez correctement ce levier, vous allez pouvoir d\u00e9velopper la visibilit\u00e9 de votre site Internet.<\/p>\n<p>D\u2019une mani\u00e8re globale, il faut voir les grappes contenues comme une strat\u00e9gie visant \u00e0 optimiser le <a href=\"https:\/\/www.redacteur.com\/blog\/definition\/referencement-naturel\/\">r\u00e9f\u00e9rencement naturel<\/a> d\u2019un site Internet. De ce fait, la mise en place des <strong>topic clusters<\/strong> pr\u00e9sente plusieurs avantages comme&nbsp;:<\/p>\n<ul>\n<li>L\u2019am\u00e9lioration globale du <a href=\"https:\/\/www.redacteur.com\/blog\/definition\/seo\/\">SEO<\/a> d\u2019un site Internet.<\/li>\n<li>Optimiser l\u2019organisation concernant la publication des articles.<\/li>\n<li>Offrir aux visiteurs une meilleure exp\u00e9rience sur le site Web.<\/li>\n<li>Comme vous pouvez le voir, les avantages sont nombreux et directement palpables. Mais en plus de cela, l\u2019utilisation des <strong>topic clusters<\/strong> vous permettra de mettre en place un calendrier \u00e9ditorial.<\/li>\n<\/ul>\n<h2>Comment utiliser des topic clusters sur votre site Internet&nbsp;?<\/h2>\n<p>Si vous \u00eates convaincu de l\u2019utilit\u00e9 des <strong>topic clusters<\/strong>, il vous reste une derni\u00e8re \u00e9tape en proc\u00e9dant \u00e0 leur mise en place. Vous l\u2019aurez compris, les topic clusters correspondent \u00e0 une strat\u00e9gie efficace pour d\u00e9velopper le r\u00e9f\u00e9rencement de votre site Internet.<\/p>\n<p>Il faut donc d\u00e9finir correctement votre th\u00e9matique non pas par rapport \u00e0 vous, mais en vous basant sur le <strong>comportement de vos personas<\/strong>. Envisagez \u00e9galement les diff\u00e9rentes interrogations que vos clients cibles peuvent avoir.<\/p>\n<p>Suite \u00e0 cela, assurez-vous que les services ou les produits mis \u00e0 disposition sur votre site Internet soient en corr\u00e9lation avec les attentes des personas. Dans le cas contraire, le contenu mis en place n\u2019aura malheureusement pas les effets escompt\u00e9s.<\/p>\n<p>N\u2019oubliez pas \u00e9galement d\u2019utiliser des outils sp\u00e9cifiques afin de <strong>d\u00e9finir les mots-cl\u00e9s et les expressions propres \u00e0 votre sujet<\/strong>. En effet, votre strat\u00e9gie va se baser sur cette recherche et c\u2019est un pilier essentiel \u00e0 ne surtout pas n\u00e9gliger.<\/p>\n<p>Choisissez un format appropri\u00e9 pour votre page sommaire, \u00e9galement appel\u00e9e <a href=\"https:\/\/www.redacteur.com\/blog\/pillar-page-topic-cluster-seo\/\"><strong>\u00ab Pillar Page \u00bb ou \u00ab Page Pilier \u00bb<\/strong><\/a> en fran\u00e7ais.<\/p>\n<p>Avant de cr\u00e9er les diff\u00e9rentes pages, il vous sera n\u00e9cessaire de compiler l\u2019int\u00e9gralit\u00e9 des informations et ensuite de d\u00e9finir une <strong>arborescence coh\u00e9rente<\/strong>.<\/p>\n<p>Le nom de votre topic cluster devra alors syst\u00e9matiquement appara\u00eetre au niveau du titre de chaque article.<\/p>\n<p>Bien \u00e9videmment, le contenu de votre article a une importance capitale et celui-ci devra pr\u00e9senter des informations coh\u00e9rentes en rapport avec vos personas. Si vous \u00eates en panne d\u2019inspiration, il est inutile d\u2019\u00e9crire un article sans aucune valeur ajout\u00e9e. Mais vous pouvez utiliser la plate-forme <a href=\"https:\/\/www.redacteur.com\">Redacteur.com<\/a> afin de trouver un <strong>r\u00e9dacteur sp\u00e9cialis\u00e9 dans votre domaine<\/strong>.<\/p>\n<p>D\u00e9sormais, le <strong>topic cluster<\/strong> n\u2019a plus de secret pour vous et il vous restera \u00e0 le mettre en pratique pour d\u00e9velopper la visibilit\u00e9 de votre site Internet.<\/p>\n","protected":false},"excerpt":{"rendered":"<p>Topic cluster d\u00e9finition Un topic cluster est \u00e9galement connu sous le terme de \u00ab grappe de contenus \u00bb. Derri\u00e8re cette expression se cache une grande th\u00e9matique qui sera directement en lien avec l\u2019activit\u00e9 de la soci\u00e9t\u00e9 et pour laquelle les clients cibles effectuent des recherches sp\u00e9cifiques sur Internet. En effet, les personas recherchent des expressions [&hellip;]<\/p>\n","protected":false},"author":1,"featured_media":0,"parent":29730,"menu_order":0,"comment_status":"closed","ping_status":"closed","template":"","meta":{"_acf_changed":false,"inline_featured_image":false,"footnotes":""},"class_list":["post-30589","page","type-page","status-publish","hentry"],"acf":[],"yoast_head":"<!-- This site is optimized with the Yoast SEO plugin v25.9 - https:\/\/yoast.com\/wordpress\/plugins\/seo\/ -->\n<title>Qu&#039;est-ce qu&#039;un topic cluster ? D\u00e9finition - Redacteur.com<\/title>\n<meta name=\"description\" content=\"Topic cluster d\u00e9finition Un topic cluster est \u00e9galement connu sous le terme de \u00ab grappe de contenus \u00bb. Derri\u00e8re cette expression se cache une grande\" \/>\n<meta name=\"robots\" content=\"index, follow, max-snippet:-1, max-image-preview:large, max-video-preview:-1\" \/>\n<link rel=\"canonical\" href=\"https:\/\/www.redacteur.com\/blog\/definition\/topic-cluster\/\" \/>\n<meta property=\"og:locale\" content=\"fr_FR\" \/>\n<meta property=\"og:type\" content=\"article\" \/>\n<meta property=\"og:title\" content=\"Qu&#039;est-ce qu&#039;un topic cluster ? D\u00e9finition - Redacteur.com\" \/>\n<meta property=\"og:description\" content=\"Topic cluster d\u00e9finition Un topic cluster est \u00e9galement connu sous le terme de \u00ab grappe de contenus \u00bb. Derri\u00e8re cette expression se cache une grande\" \/>\n<meta property=\"og:url\" content=\"https:\/\/www.redacteur.com\/blog\/definition\/topic-cluster\/\" \/>\n<meta property=\"og:site_name\" content=\"Redacteur.com\" \/>\n<meta property=\"article:publisher\" content=\"https:\/\/www.facebook.com\/redacteurcom\" \/>\n<meta property=\"og:image\" content=\"https:\/\/www.redacteur.com\/blog\/wp-content\/uploads\/2022\/03\/topic-cluster.jpg\" \/>\n<meta name=\"twitter:card\" content=\"summary_large_image\" \/>\n<meta name=\"twitter:site\" content=\"@Redacteurcom\" \/>\n<meta name=\"twitter:label1\" content=\"Dur\u00e9e de lecture estim\u00e9e\" \/>\n\t<meta name=\"twitter:data1\" content=\"4 minutes\" \/>\n<script type=\"application\/ld+json\" class=\"yoast-schema-graph\">{\"@context\":\"https:\/\/schema.org\",\"@graph\":[{\"@type\":\"WebPage\",\"@id\":\"https:\/\/www.redacteur.com\/blog\/definition\/topic-cluster\/\",\"url\":\"https:\/\/www.redacteur.com\/blog\/definition\/topic-cluster\/\",\"name\":\"Qu'est-ce qu'un topic cluster ? D\u00e9finition - Redacteur.com\",\"isPartOf\":{\"@id\":\"https:\/\/www.redacteur.com\/blog\/#website\"},\"primaryImageOfPage\":{\"@id\":\"https:\/\/www.redacteur.com\/blog\/definition\/topic-cluster\/#primaryimage\"},\"image\":{\"@id\":\"https:\/\/www.redacteur.com\/blog\/definition\/topic-cluster\/#primaryimage\"},\"thumbnailUrl\":\"https:\/\/www.redacteur.com\/blog\/wp-content\/uploads\/2022\/03\/topic-cluster.jpg\",\"datePublished\":\"2022-03-01T09:50:22+00:00\",\"description\":\"Topic cluster d\u00e9finition Un topic cluster est \u00e9galement connu sous le terme de \u00ab grappe de contenus \u00bb. Derri\u00e8re cette expression se cache une grande\",\"breadcrumb\":{\"@id\":\"https:\/\/www.redacteur.com\/blog\/definition\/topic-cluster\/#breadcrumb\"},\"inLanguage\":\"fr-FR\",\"potentialAction\":[{\"@type\":\"ReadAction\",\"target\":[\"https:\/\/www.redacteur.com\/blog\/definition\/topic-cluster\/\"]}]},{\"@type\":\"ImageObject\",\"inLanguage\":\"fr-FR\",\"@id\":\"https:\/\/www.redacteur.com\/blog\/definition\/topic-cluster\/#primaryimage\",\"url\":\"https:\/\/www.redacteur.com\/blog\/wp-content\/uploads\/sites\/6\/2022\/03\/topic-cluster.jpg\",\"contentUrl\":\"https:\/\/www.redacteur.com\/blog\/wp-content\/uploads\/sites\/6\/2022\/03\/topic-cluster.jpg\",\"width\":1000,\"height\":697,\"caption\":\"D\u00e9finition Topic cluster\"},{\"@type\":\"BreadcrumbList\",\"@id\":\"https:\/\/www.redacteur.com\/blog\/definition\/topic-cluster\/#breadcrumb\",\"itemListElement\":[{\"@type\":\"ListItem\",\"position\":1,\"name\":\"Blog\",\"item\":\"https:\/\/www.redacteur.com\/blog\/\"},{\"@type\":\"ListItem\",\"position\":2,\"name\":\"Lexique SEO\",\"item\":\"https:\/\/www.redacteur.com\/blog\/definition\/\"},{\"@type\":\"ListItem\",\"position\":3,\"name\":\"Topic cluster\"}]},{\"@type\":\"WebSite\",\"@id\":\"https:\/\/www.redacteur.com\/blog\/#website\",\"url\":\"https:\/\/www.redacteur.com\/blog\/\",\"name\":\"Redacteur.com\",\"description\":\"redacteur\",\"publisher\":{\"@id\":\"https:\/\/www.redacteur.com\/blog\/#organization\"},\"potentialAction\":[{\"@type\":\"SearchAction\",\"target\":{\"@type\":\"EntryPoint\",\"urlTemplate\":\"https:\/\/www.redacteur.com\/blog\/?s={search_term_string}\"},\"query-input\":{\"@type\":\"PropertyValueSpecification\",\"valueRequired\":true,\"valueName\":\"search_term_string\"}}],\"inLanguage\":\"fr-FR\"},{\"@type\":\"Organization\",\"@id\":\"https:\/\/www.redacteur.com\/blog\/#organization\",\"name\":\"Redacteur.com\",\"url\":\"https:\/\/www.redacteur.com\/blog\/\",\"logo\":{\"@type\":\"ImageObject\",\"inLanguage\":\"fr-FR\",\"@id\":\"https:\/\/www.redacteur.com\/blog\/#\/schema\/logo\/image\/\",\"url\":\"https:\/\/www.redacteur.com\/blog\/wp-content\/uploads\/sites\/6\/2022\/10\/logo-redacteur-blog.svg\",\"contentUrl\":\"https:\/\/www.redacteur.com\/blog\/wp-content\/uploads\/sites\/6\/2022\/10\/logo-redacteur-blog.svg\",\"width\":1,\"height\":1,\"caption\":\"Redacteur.com\"},\"image\":{\"@id\":\"https:\/\/www.redacteur.com\/blog\/#\/schema\/logo\/image\/\"},\"sameAs\":[\"https:\/\/www.facebook.com\/redacteurcom\",\"https:\/\/x.com\/Redacteurcom\",\"https:\/\/www.linkedin.com\/company\/redacteur-com\",\"https:\/\/www.youtube.com\/channel\/UCgj9ySM9xy3gdL8qBafl9Uw\/\"]}]}<\/script>\n<!-- \/ Yoast SEO plugin. -->","yoast_head_json":{"title":"Qu'est-ce qu'un topic cluster ? D\u00e9finition - Redacteur.com","description":"Topic cluster d\u00e9finition Un topic cluster est \u00e9galement connu sous le terme de \u00ab grappe de contenus \u00bb. Derri\u00e8re cette expression se cache une grande","robots":{"index":"index","follow":"follow","max-snippet":"max-snippet:-1","max-image-preview":"max-image-preview:large","max-video-preview":"max-video-preview:-1"},"canonical":"https:\/\/www.redacteur.com\/blog\/definition\/topic-cluster\/","og_locale":"fr_FR","og_type":"article","og_title":"Qu'est-ce qu'un topic cluster ? D\u00e9finition - Redacteur.com","og_description":"Topic cluster d\u00e9finition Un topic cluster est \u00e9galement connu sous le terme de \u00ab grappe de contenus \u00bb. Derri\u00e8re cette expression se cache une grande","og_url":"https:\/\/www.redacteur.com\/blog\/definition\/topic-cluster\/","og_site_name":"Redacteur.com","article_publisher":"https:\/\/www.facebook.com\/redacteurcom","og_image":[{"url":"https:\/\/www.redacteur.com\/blog\/wp-content\/uploads\/2022\/03\/topic-cluster.jpg","type":"","width":"","height":""}],"twitter_card":"summary_large_image","twitter_site":"@Redacteurcom","twitter_misc":{"Dur\u00e9e de lecture estim\u00e9e":"4 minutes"},"schema":{"@context":"https:\/\/schema.org","@graph":[{"@type":"WebPage","@id":"https:\/\/www.redacteur.com\/blog\/definition\/topic-cluster\/","url":"https:\/\/www.redacteur.com\/blog\/definition\/topic-cluster\/","name":"Qu'est-ce qu'un topic cluster ? D\u00e9finition - Redacteur.com","isPartOf":{"@id":"https:\/\/www.redacteur.com\/blog\/#website"},"primaryImageOfPage":{"@id":"https:\/\/www.redacteur.com\/blog\/definition\/topic-cluster\/#primaryimage"},"image":{"@id":"https:\/\/www.redacteur.com\/blog\/definition\/topic-cluster\/#primaryimage"},"thumbnailUrl":"https:\/\/www.redacteur.com\/blog\/wp-content\/uploads\/2022\/03\/topic-cluster.jpg","datePublished":"2022-03-01T09:50:22+00:00","description":"Topic cluster d\u00e9finition Un topic cluster est \u00e9galement connu sous le terme de \u00ab grappe de contenus \u00bb. Derri\u00e8re cette expression se cache une grande","breadcrumb":{"@id":"https:\/\/www.redacteur.com\/blog\/definition\/topic-cluster\/#breadcrumb"},"inLanguage":"fr-FR","potentialAction":[{"@type":"ReadAction","target":["https:\/\/www.redacteur.com\/blog\/definition\/topic-cluster\/"]}]},{"@type":"ImageObject","inLanguage":"fr-FR","@id":"https:\/\/www.redacteur.com\/blog\/definition\/topic-cluster\/#primaryimage","url":"https:\/\/www.redacteur.com\/blog\/wp-content\/uploads\/sites\/6\/2022\/03\/topic-cluster.jpg","contentUrl":"https:\/\/www.redacteur.com\/blog\/wp-content\/uploads\/sites\/6\/2022\/03\/topic-cluster.jpg","width":1000,"height":697,"caption":"D\u00e9finition Topic cluster"},{"@type":"BreadcrumbList","@id":"https:\/\/www.redacteur.com\/blog\/definition\/topic-cluster\/#breadcrumb","itemListElement":[{"@type":"ListItem","position":1,"name":"Blog","item":"https:\/\/www.redacteur.com\/blog\/"},{"@type":"ListItem","position":2,"name":"Lexique SEO","item":"https:\/\/www.redacteur.com\/blog\/definition\/"},{"@type":"ListItem","position":3,"name":"Topic cluster"}]},{"@type":"WebSite","@id":"https:\/\/www.redacteur.com\/blog\/#website","url":"https:\/\/www.redacteur.com\/blog\/","name":"Redacteur.com","description":"redacteur","publisher":{"@id":"https:\/\/www.redacteur.com\/blog\/#organization"},"potentialAction":[{"@type":"SearchAction","target":{"@type":"EntryPoint","urlTemplate":"https:\/\/www.redacteur.com\/blog\/?s={search_term_string}"},"query-input":{"@type":"PropertyValueSpecification","valueRequired":true,"valueName":"search_term_string"}}],"inLanguage":"fr-FR"},{"@type":"Organization","@id":"https:\/\/www.redacteur.com\/blog\/#organization","name":"Redacteur.com","url":"https:\/\/www.redacteur.com\/blog\/","logo":{"@type":"ImageObject","inLanguage":"fr-FR","@id":"https:\/\/www.redacteur.com\/blog\/#\/schema\/logo\/image\/","url":"https:\/\/www.redacteur.com\/blog\/wp-content\/uploads\/sites\/6\/2022\/10\/logo-redacteur-blog.svg","contentUrl":"https:\/\/www.redacteur.com\/blog\/wp-content\/uploads\/sites\/6\/2022\/10\/logo-redacteur-blog.svg","width":1,"height":1,"caption":"Redacteur.com"},"image":{"@id":"https:\/\/www.redacteur.com\/blog\/#\/schema\/logo\/image\/"},"sameAs":["https:\/\/www.facebook.com\/redacteurcom","https:\/\/x.com\/Redacteurcom","https:\/\/www.linkedin.com\/company\/redacteur-com","https:\/\/www.youtube.com\/channel\/UCgj9ySM9xy3gdL8qBafl9Uw\/"]}]}},"_links":{"self":[{"href":"https:\/\/www.redacteur.com\/blog\/wp-json\/wp\/v2\/pages\/30589","targetHints":{"allow":["GET"]}}],"collection":[{"href":"https:\/\/www.redacteur.com\/blog\/wp-json\/wp\/v2\/pages"}],"about":[{"href":"https:\/\/www.redacteur.com\/blog\/wp-json\/wp\/v2\/types\/page"}],"author":[{"embeddable":true,"href":"https:\/\/www.redacteur.com\/blog\/wp-json\/wp\/v2\/users\/1"}],"replies":[{"embeddable":true,"href":"https:\/\/www.redacteur.com\/blog\/wp-json\/wp\/v2\/comments?post=30589"}],"version-history":[{"count":0,"href":"https:\/\/www.redacteur.com\/blog\/wp-json\/wp\/v2\/pages\/30589\/revisions"}],"up":[{"embeddable":true,"href":"https:\/\/www.redacteur.com\/blog\/wp-json\/wp\/v2\/pages\/29730"}],"wp:attachment":[{"href":"https:\/\/www.redacteur.com\/blog\/wp-json\/wp\/v2\/media?parent=30589"}],"curies":[{"name":"wp","href":"https:\/\/api.w.org\/{rel}","templated":true}]}}