{"id":30611,"date":"2022-03-01T12:08:10","date_gmt":"2022-03-01T11:08:10","guid":{"rendered":"https:\/\/www.redacteur.com\/blog\/?page_id=30611"},"modified":"2022-03-01T12:08:10","modified_gmt":"2022-03-01T11:08:10","slug":"maillage-interne","status":"publish","type":"page","link":"https:\/\/www.redacteur.com\/blog\/definition\/maillage-interne\/","title":{"rendered":"Maillage interne"},"content":{"rendered":"<p>Avant d&#8217;\u00eatre utilis\u00e9 en <a href=\"https:\/\/www.redacteur.com\/blog\/definition\/seo\/\">SEO<\/a>, le maillage consiste \u00e0 assembler des mailles constituant un filet ou un ouvrage en laine pour former un pull-over par exemple. Quand on parle de <strong>maillage en SEO<\/strong>, on parle d&#8217;un ensemble de liens renvoyant vers des articles choisis. Cela m\u00e9rite quelques explications&#8230;<\/p>\n<h2>Qu&#8217;est-ce que le maillage interne&nbsp;?<\/h2>\n<p>Le <strong>maillage<\/strong> donc, permet de cr\u00e9er des liens entre les articles de votre site ou avec d&#8217;autres sites.<\/p>\n<p>Le <strong>maillage interne<\/strong> est le nom donn\u00e9 \u00e0 la technique consistant \u00e0 int\u00e9grer des <a href=\"https:\/\/www.redacteur.com\/blog\/definition\/netlinking\/\">liens internes<\/a> dans les articles de votre site web pour lier les pages entre elles.<br \/>\nLorsque l&#8217;on int\u00e8gre des liens renvoyant vers d&#8217;autres sites, on parle de <a href=\"https:\/\/www.redacteur.com\/blog\/definition\/backlink\/\">maillage externe<\/a>.<br \/>\nLe maillage interne permet donc \u00e0 l&#8217;internaute de naviguer entre vos pages selon les liens que vous avez ajout\u00e9s strat\u00e9giquement dans vos articles.<\/p>\n<p>C&#8217;est une technique SEO \u00e0 part enti\u00e8re vous permettant d&#8217;optimiser votre <a href=\"https:\/\/www.redacteur.com\/blog\/definition\/referencement-naturel\/\">r\u00e9f\u00e9rencement naturel<\/a>.<\/p>\n<p><img decoding=\"async\" class=\"aligncenter size-full wp-image-30450\" src=\"https:\/\/www.redacteur.com\/blog\/wp-content\/uploads\/2022\/02\/NKL_M322_010.jpg\" alt=\"D\u00e9finition cocon s\u00e9mantique\" width=\"700\" height=\"467\" srcset=\"https:\/\/www.redacteur.com\/blog\/wp-content\/uploads\/sites\/6\/2022\/02\/NKL_M322_010.jpg 700w, https:\/\/www.redacteur.com\/blog\/wp-content\/uploads\/sites\/6\/2022\/02\/NKL_M322_010-300x200.jpg 300w, https:\/\/www.redacteur.com\/blog\/wp-content\/uploads\/sites\/6\/2022\/02\/NKL_M322_010-60x40.jpg 60w, https:\/\/www.redacteur.com\/blog\/wp-content\/uploads\/sites\/6\/2022\/02\/NKL_M322_010-370x247.jpg 370w, https:\/\/www.redacteur.com\/blog\/wp-content\/uploads\/sites\/6\/2022\/02\/NKL_M322_010-270x180.jpg 270w, https:\/\/www.redacteur.com\/blog\/wp-content\/uploads\/sites\/6\/2022\/02\/NKL_M322_010-570x380.jpg 570w\" sizes=\"(max-width: 700px) 100vw, 700px\" \/><\/p>\n<p>&nbsp;<\/p>\n<h2>L&#8217;importance du maillage interne pour votre r\u00e9f\u00e9rencement<\/h2>\n<p>Le <strong>maillage interne<\/strong> apporte une structure \u00e0 votre site et permet donc de lier certains articles entre eux, notamment quand il s&#8217;agit de sujets connexes. Ces liens sont inclus \u00e0 l&#8217;aide d&#8217;<a href=\"https:\/\/www.redacteur.com\/blog\/definition\/ancre-de-lien\/\">ancres<\/a> (mot ou expression sous lequel est int\u00e9gr\u00e9 le lien vers l&#8217;article concern\u00e9). Ces ancres doivent \u00eatre plac\u00e9es de mani\u00e8re \u00e0 former une <strong>suite logique entre les articles<\/strong>.<br \/>\nA l&#8217;aide de ce maillage interne, les <a href=\"https:\/\/www.redacteur.com\/blog\/definition\/crawler\/\">robots d&#8217;indexation<\/a> vont r\u00e9f\u00e9renc\u00e9s vos articles plus facilement puisqu&#8217;ils comprendront le contenu des pages qui y sont li\u00e9es. Ainsi, ils permettent l&#8217;affichage des pages les plus importantes.<br \/>\nEn effet, le <strong>r\u00e9f\u00e9rencement naturel<\/strong> est ainsi optimis\u00e9 et votre site remonte dans les r\u00e9sultats de recherche. Vous augmentez votre visibilit\u00e9.<br \/>\nPour l&#8217;internaute, vous augmentez son exp\u00e9rience utilisateur en lui permettant de rester plus longtemps sur votre site pour obtenir les r\u00e9ponses dont il a besoin. Le <strong>maillage interne<\/strong> est une strat\u00e9gie de navigation qui, quand elle est bien pens\u00e9e, permet \u00e0 l&#8217;utilisateur d&#8217;\u00eatre dirig\u00e9 vers tous les articles r\u00e9pondant \u00e0 sa requ\u00eate, contenus sur votre site apr\u00e8s avoir consulter la page de destination depuis le r\u00e9sultat du <strong>moteur de recherche<\/strong>.<\/p>\n<h2>Comment optimiser son maillage interne&nbsp;?<\/h2>\n<p>Nous l&#8217;avons vu, le <strong>maillage interne<\/strong> permet la structuration de votre site. Par cons\u00e9quent la premi\u00e8re chose \u00e0 faire est de <strong>regrouper vos articles ou pages par th\u00e8me<\/strong> et visualiser l&#8217;architecture de votre site.<\/p>\n<p>Ensuite, il vous faut d\u00e9finir les ancres les plus pertinentes en rapport avec le th\u00e8me et appartenant au m\u00eame champ lexical. Le choix se fait en fonction de vos mots cl\u00e9s que le moteur de recherche reconnait.<\/p>\n<p>Puis, vous ajouter ces ancres dans vos articles de mani\u00e8re structur\u00e9e et r\u00e9fl\u00e9chie.<\/p>\n<p>En effet, il est important d&#8217;adopter une strat\u00e9gie logique, le but du <strong>maillage interne<\/strong> \u00e9tant de permettre \u00e0 l&#8217;internaute de trouver ses r\u00e9ponses, pas de le perdre en l&#8217;envoyant vers des articles qui n&#8217;ont rien \u00e0 voir avec son besoin.<\/p>\n<p>En r\u00e9sum\u00e9, il vous faut donc r\u00e9fl\u00e9chir \u00e0 votre strat\u00e9gie de maillage interne depuis la constitution de vos textes en y ajoutant des termes pr\u00e9cis, des mots ou expressions cl\u00e9 pour les li\u00e9s entre eux. Ainsi, vous obtiendrez un maillage interne permettant une bonne <a href=\"https:\/\/www.redacteur.com\/blog\/definition\/indexer\/\">indexation<\/a> par les robots d&#8217;indexation des navigateurs et donc un r\u00e9f\u00e9rencement naturel optimis\u00e9.<\/p>\n<p>Cela vous para\u00eet complexe, mais sachez que vous n&#8217;\u00eates pas seul. Vous pouvez faire appel \u00e0 des <strong>professionnels de la r\u00e9daction web<\/strong> pour vous aider. D&#8217;ailleurs, nos <a href=\"https:\/\/www.redacteur.com\">r\u00e9dacteurs sont experts en SEO<\/a> et vous pr\u00eateront main-forte pour optimiser votre <strong>maillage interne<\/strong>.<\/p>\n","protected":false},"excerpt":{"rendered":"<p>Avant d&#8217;\u00eatre utilis\u00e9 en SEO, le maillage consiste \u00e0 assembler des mailles constituant un filet ou un ouvrage en laine pour former un pull-over par exemple. Quand on parle de maillage en SEO, on parle d&#8217;un ensemble de liens renvoyant vers des articles choisis. Cela m\u00e9rite quelques explications&#8230; Qu&#8217;est-ce que le maillage interne&nbsp;? Le maillage [&hellip;]<\/p>\n","protected":false},"author":1,"featured_media":0,"parent":29730,"menu_order":0,"comment_status":"closed","ping_status":"closed","template":"","meta":{"_acf_changed":false,"inline_featured_image":false,"footnotes":""},"class_list":["post-30611","page","type-page","status-publish","hentry"],"acf":[],"yoast_head":"<!-- This site is optimized with the Yoast SEO plugin v25.9 - https:\/\/yoast.com\/wordpress\/plugins\/seo\/ -->\n<title>Qu&#039;est-ce que le maillage interne ? D\u00e9finition - Redacteur.com<\/title>\n<meta name=\"description\" content=\"Avant d&#039;\u00eatre utilis\u00e9 en SEO, le maillage consiste \u00e0 assembler des mailles constituant un filet ou un ouvrage en laine pour former un pull-over par\" \/>\n<meta name=\"robots\" content=\"index, follow, max-snippet:-1, max-image-preview:large, max-video-preview:-1\" \/>\n<link rel=\"canonical\" href=\"https:\/\/www.redacteur.com\/blog\/definition\/maillage-interne\/\" \/>\n<meta property=\"og:locale\" content=\"fr_FR\" \/>\n<meta property=\"og:type\" content=\"article\" \/>\n<meta property=\"og:title\" content=\"Qu&#039;est-ce que le maillage interne ? D\u00e9finition - Redacteur.com\" \/>\n<meta property=\"og:description\" content=\"Avant d&#039;\u00eatre utilis\u00e9 en SEO, le maillage consiste \u00e0 assembler des mailles constituant un filet ou un ouvrage en laine pour former un pull-over par\" \/>\n<meta property=\"og:url\" content=\"https:\/\/www.redacteur.com\/blog\/definition\/maillage-interne\/\" \/>\n<meta property=\"og:site_name\" content=\"Redacteur.com\" \/>\n<meta property=\"article:publisher\" content=\"https:\/\/www.facebook.com\/redacteurcom\" \/>\n<meta property=\"og:image\" content=\"https:\/\/www.redacteur.com\/blog\/wp-content\/uploads\/2022\/02\/NKL_M322_010.jpg\" \/>\n<meta name=\"twitter:card\" content=\"summary_large_image\" \/>\n<meta name=\"twitter:site\" content=\"@Redacteurcom\" \/>\n<meta name=\"twitter:label1\" content=\"Dur\u00e9e de lecture estim\u00e9e\" \/>\n\t<meta name=\"twitter:data1\" content=\"3 minutes\" \/>\n<script type=\"application\/ld+json\" class=\"yoast-schema-graph\">{\"@context\":\"https:\/\/schema.org\",\"@graph\":[{\"@type\":\"WebPage\",\"@id\":\"https:\/\/www.redacteur.com\/blog\/definition\/maillage-interne\/\",\"url\":\"https:\/\/www.redacteur.com\/blog\/definition\/maillage-interne\/\",\"name\":\"Qu'est-ce que le maillage interne ? D\u00e9finition - Redacteur.com\",\"isPartOf\":{\"@id\":\"https:\/\/www.redacteur.com\/blog\/#website\"},\"primaryImageOfPage\":{\"@id\":\"https:\/\/www.redacteur.com\/blog\/definition\/maillage-interne\/#primaryimage\"},\"image\":{\"@id\":\"https:\/\/www.redacteur.com\/blog\/definition\/maillage-interne\/#primaryimage\"},\"thumbnailUrl\":\"https:\/\/www.redacteur.com\/blog\/wp-content\/uploads\/2022\/02\/NKL_M322_010.jpg\",\"datePublished\":\"2022-03-01T11:08:10+00:00\",\"description\":\"Avant d'\u00eatre utilis\u00e9 en SEO, le maillage consiste \u00e0 assembler des mailles constituant un filet ou un ouvrage en laine pour former un pull-over par\",\"breadcrumb\":{\"@id\":\"https:\/\/www.redacteur.com\/blog\/definition\/maillage-interne\/#breadcrumb\"},\"inLanguage\":\"fr-FR\",\"potentialAction\":[{\"@type\":\"ReadAction\",\"target\":[\"https:\/\/www.redacteur.com\/blog\/definition\/maillage-interne\/\"]}]},{\"@type\":\"ImageObject\",\"inLanguage\":\"fr-FR\",\"@id\":\"https:\/\/www.redacteur.com\/blog\/definition\/maillage-interne\/#primaryimage\",\"url\":\"https:\/\/www.redacteur.com\/blog\/wp-content\/uploads\/sites\/6\/2022\/02\/NKL_M322_010.jpg\",\"contentUrl\":\"https:\/\/www.redacteur.com\/blog\/wp-content\/uploads\/sites\/6\/2022\/02\/NKL_M322_010.jpg\",\"width\":700,\"height\":467,\"caption\":\"D\u00e9finition cocon s\u00e9mantique\"},{\"@type\":\"BreadcrumbList\",\"@id\":\"https:\/\/www.redacteur.com\/blog\/definition\/maillage-interne\/#breadcrumb\",\"itemListElement\":[{\"@type\":\"ListItem\",\"position\":1,\"name\":\"Blog\",\"item\":\"https:\/\/www.redacteur.com\/blog\/\"},{\"@type\":\"ListItem\",\"position\":2,\"name\":\"Lexique SEO\",\"item\":\"https:\/\/www.redacteur.com\/blog\/definition\/\"},{\"@type\":\"ListItem\",\"position\":3,\"name\":\"Maillage interne\"}]},{\"@type\":\"WebSite\",\"@id\":\"https:\/\/www.redacteur.com\/blog\/#website\",\"url\":\"https:\/\/www.redacteur.com\/blog\/\",\"name\":\"Redacteur.com\",\"description\":\"redacteur\",\"publisher\":{\"@id\":\"https:\/\/www.redacteur.com\/blog\/#organization\"},\"potentialAction\":[{\"@type\":\"SearchAction\",\"target\":{\"@type\":\"EntryPoint\",\"urlTemplate\":\"https:\/\/www.redacteur.com\/blog\/?s={search_term_string}\"},\"query-input\":{\"@type\":\"PropertyValueSpecification\",\"valueRequired\":true,\"valueName\":\"search_term_string\"}}],\"inLanguage\":\"fr-FR\"},{\"@type\":\"Organization\",\"@id\":\"https:\/\/www.redacteur.com\/blog\/#organization\",\"name\":\"Redacteur.com\",\"url\":\"https:\/\/www.redacteur.com\/blog\/\",\"logo\":{\"@type\":\"ImageObject\",\"inLanguage\":\"fr-FR\",\"@id\":\"https:\/\/www.redacteur.com\/blog\/#\/schema\/logo\/image\/\",\"url\":\"https:\/\/www.redacteur.com\/blog\/wp-content\/uploads\/sites\/6\/2022\/10\/logo-redacteur-blog.svg\",\"contentUrl\":\"https:\/\/www.redacteur.com\/blog\/wp-content\/uploads\/sites\/6\/2022\/10\/logo-redacteur-blog.svg\",\"width\":1,\"height\":1,\"caption\":\"Redacteur.com\"},\"image\":{\"@id\":\"https:\/\/www.redacteur.com\/blog\/#\/schema\/logo\/image\/\"},\"sameAs\":[\"https:\/\/www.facebook.com\/redacteurcom\",\"https:\/\/x.com\/Redacteurcom\",\"https:\/\/www.linkedin.com\/company\/redacteur-com\",\"https:\/\/www.youtube.com\/channel\/UCgj9ySM9xy3gdL8qBafl9Uw\/\"]}]}<\/script>\n<!-- \/ Yoast SEO plugin. -->","yoast_head_json":{"title":"Qu'est-ce que le maillage interne ? D\u00e9finition - Redacteur.com","description":"Avant d'\u00eatre utilis\u00e9 en SEO, le maillage consiste \u00e0 assembler des mailles constituant un filet ou un ouvrage en laine pour former un pull-over par","robots":{"index":"index","follow":"follow","max-snippet":"max-snippet:-1","max-image-preview":"max-image-preview:large","max-video-preview":"max-video-preview:-1"},"canonical":"https:\/\/www.redacteur.com\/blog\/definition\/maillage-interne\/","og_locale":"fr_FR","og_type":"article","og_title":"Qu'est-ce que le maillage interne ? D\u00e9finition - Redacteur.com","og_description":"Avant d'\u00eatre utilis\u00e9 en SEO, le maillage consiste \u00e0 assembler des mailles constituant un filet ou un ouvrage en laine pour former un pull-over par","og_url":"https:\/\/www.redacteur.com\/blog\/definition\/maillage-interne\/","og_site_name":"Redacteur.com","article_publisher":"https:\/\/www.facebook.com\/redacteurcom","og_image":[{"url":"https:\/\/www.redacteur.com\/blog\/wp-content\/uploads\/2022\/02\/NKL_M322_010.jpg","type":"","width":"","height":""}],"twitter_card":"summary_large_image","twitter_site":"@Redacteurcom","twitter_misc":{"Dur\u00e9e de lecture estim\u00e9e":"3 minutes"},"schema":{"@context":"https:\/\/schema.org","@graph":[{"@type":"WebPage","@id":"https:\/\/www.redacteur.com\/blog\/definition\/maillage-interne\/","url":"https:\/\/www.redacteur.com\/blog\/definition\/maillage-interne\/","name":"Qu'est-ce que le maillage interne ? D\u00e9finition - Redacteur.com","isPartOf":{"@id":"https:\/\/www.redacteur.com\/blog\/#website"},"primaryImageOfPage":{"@id":"https:\/\/www.redacteur.com\/blog\/definition\/maillage-interne\/#primaryimage"},"image":{"@id":"https:\/\/www.redacteur.com\/blog\/definition\/maillage-interne\/#primaryimage"},"thumbnailUrl":"https:\/\/www.redacteur.com\/blog\/wp-content\/uploads\/2022\/02\/NKL_M322_010.jpg","datePublished":"2022-03-01T11:08:10+00:00","description":"Avant d'\u00eatre utilis\u00e9 en SEO, le maillage consiste \u00e0 assembler des mailles constituant un filet ou un ouvrage en laine pour former un pull-over par","breadcrumb":{"@id":"https:\/\/www.redacteur.com\/blog\/definition\/maillage-interne\/#breadcrumb"},"inLanguage":"fr-FR","potentialAction":[{"@type":"ReadAction","target":["https:\/\/www.redacteur.com\/blog\/definition\/maillage-interne\/"]}]},{"@type":"ImageObject","inLanguage":"fr-FR","@id":"https:\/\/www.redacteur.com\/blog\/definition\/maillage-interne\/#primaryimage","url":"https:\/\/www.redacteur.com\/blog\/wp-content\/uploads\/sites\/6\/2022\/02\/NKL_M322_010.jpg","contentUrl":"https:\/\/www.redacteur.com\/blog\/wp-content\/uploads\/sites\/6\/2022\/02\/NKL_M322_010.jpg","width":700,"height":467,"caption":"D\u00e9finition cocon s\u00e9mantique"},{"@type":"BreadcrumbList","@id":"https:\/\/www.redacteur.com\/blog\/definition\/maillage-interne\/#breadcrumb","itemListElement":[{"@type":"ListItem","position":1,"name":"Blog","item":"https:\/\/www.redacteur.com\/blog\/"},{"@type":"ListItem","position":2,"name":"Lexique SEO","item":"https:\/\/www.redacteur.com\/blog\/definition\/"},{"@type":"ListItem","position":3,"name":"Maillage interne"}]},{"@type":"WebSite","@id":"https:\/\/www.redacteur.com\/blog\/#website","url":"https:\/\/www.redacteur.com\/blog\/","name":"Redacteur.com","description":"redacteur","publisher":{"@id":"https:\/\/www.redacteur.com\/blog\/#organization"},"potentialAction":[{"@type":"SearchAction","target":{"@type":"EntryPoint","urlTemplate":"https:\/\/www.redacteur.com\/blog\/?s={search_term_string}"},"query-input":{"@type":"PropertyValueSpecification","valueRequired":true,"valueName":"search_term_string"}}],"inLanguage":"fr-FR"},{"@type":"Organization","@id":"https:\/\/www.redacteur.com\/blog\/#organization","name":"Redacteur.com","url":"https:\/\/www.redacteur.com\/blog\/","logo":{"@type":"ImageObject","inLanguage":"fr-FR","@id":"https:\/\/www.redacteur.com\/blog\/#\/schema\/logo\/image\/","url":"https:\/\/www.redacteur.com\/blog\/wp-content\/uploads\/sites\/6\/2022\/10\/logo-redacteur-blog.svg","contentUrl":"https:\/\/www.redacteur.com\/blog\/wp-content\/uploads\/sites\/6\/2022\/10\/logo-redacteur-blog.svg","width":1,"height":1,"caption":"Redacteur.com"},"image":{"@id":"https:\/\/www.redacteur.com\/blog\/#\/schema\/logo\/image\/"},"sameAs":["https:\/\/www.facebook.com\/redacteurcom","https:\/\/x.com\/Redacteurcom","https:\/\/www.linkedin.com\/company\/redacteur-com","https:\/\/www.youtube.com\/channel\/UCgj9ySM9xy3gdL8qBafl9Uw\/"]}]}},"_links":{"self":[{"href":"https:\/\/www.redacteur.com\/blog\/wp-json\/wp\/v2\/pages\/30611","targetHints":{"allow":["GET"]}}],"collection":[{"href":"https:\/\/www.redacteur.com\/blog\/wp-json\/wp\/v2\/pages"}],"about":[{"href":"https:\/\/www.redacteur.com\/blog\/wp-json\/wp\/v2\/types\/page"}],"author":[{"embeddable":true,"href":"https:\/\/www.redacteur.com\/blog\/wp-json\/wp\/v2\/users\/1"}],"replies":[{"embeddable":true,"href":"https:\/\/www.redacteur.com\/blog\/wp-json\/wp\/v2\/comments?post=30611"}],"version-history":[{"count":0,"href":"https:\/\/www.redacteur.com\/blog\/wp-json\/wp\/v2\/pages\/30611\/revisions"}],"up":[{"embeddable":true,"href":"https:\/\/www.redacteur.com\/blog\/wp-json\/wp\/v2\/pages\/29730"}],"wp:attachment":[{"href":"https:\/\/www.redacteur.com\/blog\/wp-json\/wp\/v2\/media?parent=30611"}],"curies":[{"name":"wp","href":"https:\/\/api.w.org\/{rel}","templated":true}]}}