{"id":30632,"date":"2022-03-01T15:36:21","date_gmt":"2022-03-01T14:36:21","guid":{"rendered":"https:\/\/www.redacteur.com\/blog\/?page_id=30632"},"modified":"2022-03-01T15:36:21","modified_gmt":"2022-03-01T14:36:21","slug":"sitelinks","status":"publish","type":"page","link":"https:\/\/www.redacteur.com\/blog\/definition\/sitelinks\/","title":{"rendered":"Sitelinks"},"content":{"rendered":"<p>Il existe beaucoup d\u2019outils sur les moteurs de recherches pouvant \u00eatre utilis\u00e9s pour optimiser le <a href=\"https:\/\/www.redacteur.com\/blog\/definition\/referencement-naturel\/\">r\u00e9f\u00e9rencement<\/a> de son propre site en <a href=\"https:\/\/www.redacteur.com\/blog\/definition\/seo\/\">SEO<\/a>. Dans cet article, nous nous centrerons sur un article qui est utilis\u00e9 par la majorit\u00e9 sans que celle-ci ne s\u00e2che r\u00e9ellement ce que c\u2019est&nbsp;: <strong>les sitelinks<\/strong>. Voyons ensemble ce que signifie et repr\u00e9sente ce terme, ce qu\u2019il va nous apporter en <strong>SEO<\/strong> et comment l\u2019utiliser.<\/p>\n<p>&nbsp;<\/p>\n<h2>Les sitelinks&nbsp;: Qu\u2019est-ce que c\u2019est&nbsp;?<\/h2>\n<p><img decoding=\"async\" class=\"aligncenter size-full wp-image-30633\" src=\"https:\/\/www.redacteur.com\/blog\/wp-content\/uploads\/2022\/03\/definition-sitelinks.png\" alt=\"D\u00e9finition sitelinks\" width=\"700\" height=\"512\" srcset=\"https:\/\/www.redacteur.com\/blog\/wp-content\/uploads\/sites\/6\/2022\/03\/definition-sitelinks.png 700w, https:\/\/www.redacteur.com\/blog\/wp-content\/uploads\/sites\/6\/2022\/03\/definition-sitelinks-300x219.png 300w, https:\/\/www.redacteur.com\/blog\/wp-content\/uploads\/sites\/6\/2022\/03\/definition-sitelinks-60x44.png 60w, https:\/\/www.redacteur.com\/blog\/wp-content\/uploads\/sites\/6\/2022\/03\/definition-sitelinks-370x271.png 370w, https:\/\/www.redacteur.com\/blog\/wp-content\/uploads\/sites\/6\/2022\/03\/definition-sitelinks-270x197.png 270w, https:\/\/www.redacteur.com\/blog\/wp-content\/uploads\/sites\/6\/2022\/03\/definition-sitelinks-570x417.png 570w, https:\/\/www.redacteur.com\/blog\/wp-content\/uploads\/sites\/6\/2022\/03\/definition-sitelinks-80x60.png 80w\" sizes=\"(max-width: 700px) 100vw, 700px\" \/><\/p>\n<p><strong>Les sitelinks<\/strong>, signifiant litt\u00e9ralement \u00ab lien de site \u00bb en fran\u00e7ais, sont les liens pr\u00e9sents sous celui de la page d\u2019accueil du site dans le <a href=\"https:\/\/www.redacteur.com\/blog\/definition\/serp\/\">SERP<\/a>, permettant de diriger l\u2019internaute vers une page sp\u00e9cifique du site en fonction de sa recherche. Ils permettent ainsi un gain de temps pour l\u2019utilisateur. Bien souvent, les <strong>sitelinks<\/strong> sont pr\u00e9sents uniquement pour la premi\u00e8re proposition de site faite par Google, en haut de page. Mais il est tout de m\u00eame possible d\u2019en retrouver pour les liens suivants. Les <strong>sitelinks<\/strong> se pr\u00e9sentant sous deux formes&nbsp;: en ligne ou en colonne.<\/p>\n<h3>Sitelinks horizontaux&nbsp;:<\/h3>\n<p>Cette premi\u00e8re version des sitelinks s\u2019affichent g\u00e9n\u00e9ralement pour les sites secondaires, ceux qui ne sont pas en haut de tableau. Ils s\u2019affichent en dessous de la <a href=\"https:\/\/www.redacteur.com\/blog\/definition\/meta-description\/\">m\u00e9ta-description<\/a> du site et redirigent souvent vers trois ou quatre liens diff\u00e9rents, permettant encore une fois d\u2019aller sur une page pertinente, pour l\u2019utilisateur, du site.<\/p>\n<h3>Sitelinks sous forme de colonnes&nbsp;:<\/h3>\n<p>Ceux dispos\u00e9s en colonnes sont principalement pr\u00e9sents pour le premier lien s\u2019affichant sur les <strong>SERP<\/strong>. Ils sont donc dispos\u00e9s en colonnes avec un nombre de 2 \u00e0 6. Encore une fois, le but est d\u2019accro\u00eetre la pertinence des r\u00e9sultats pour l\u2019utilisateur, mais ceux-ci sont bien plus visibles que ceux en colonnes, et apportent encore plus de visibilit\u00e9s au site en haute de page. Pour pouvoir \u00eatre affich\u00e9s, la recherche effectu\u00e9e par l\u2019utilisateur doit se trouver dans le <a href=\"https:\/\/www.redacteur.com\/blog\/definition\/nom-de-domaine\/\">nom de domaine<\/a> du site.<\/p>\n<p>Les <strong>sitelinks<\/strong> affich\u00e9s ne peuvent \u00eatre choisis ou modifi\u00e9s par vous-m\u00eame, seul Google en \u00e0 le pouvoir.<\/p>\n<p>&nbsp;<\/p>\n<h2>Que peuvent apporter les sitelinks&nbsp;?<\/h2>\n<p>\u00c9tant un outil bien plus concret, l\u2019int\u00e9r\u00eat de ce dernier est \u00e9galement bien plus facile \u00e0 trouver&nbsp;:<\/p>\n<p>Le premier est bien \u00e9videmment de la <strong>visibilit\u00e9 pour le site<\/strong>. Dans le meilleur des cas, il se situe en premi\u00e8re page, et les diff\u00e9rentes pages de votre site pertinentes pour l\u2019internaute s\u2019affichent, ce qui donne un \u00ab point \u00bb de visibilit\u00e9 en plus pour chaque <strong>sitelinks<\/strong><\/p>\n<p>Cela permet \u00e9videmment de rediriger les internautes directement vers diff\u00e9rentes pages du site. Ainsi, le visiteur \u00e0 directement acc\u00e8s un choix de pages pouvant l\u2019int\u00e9resser, ce qui augmente son int\u00e9r\u00eat pour le site. Le <a href=\"https:\/\/www.redacteur.com\/blog\/definition\/taux-de-rebond\/\">taux de rebond<\/a> via cette m\u00e9thode est directement moins \u00e9lev\u00e9, l\u2019utilisateur trouvant rapidement ce qu\u2019il souhaite.<\/p>\n<p>Enfin, cela montre que Google porte un int\u00e9r\u00eat \u00e0 votre site. Pour mettre autant un site en avant, ce dernier doit probablement \u00eatre tr\u00e8s bien optimis\u00e9, proposant du contenu extr\u00eamement pertinent, sans quoi Google ne prendrait pas le risque de le mettre presque 7 fois plus en avant.<\/p>\n<p>&nbsp;<\/p>\n<h2>Comment avoir des sitelinks de notre site&nbsp;?<\/h2>\n<p>Pour esp\u00e9rer pouvoir proposer des <strong>sitelinks<\/strong>, la m\u00e9thode est en grande partie la m\u00eame que beaucoup d\u2019autres outils compl\u00e9mentaires. Comme dit pr\u00e9c\u00e9demment, Google doit avoir confiance en votre site, il doit donc \u00eatre optimis\u00e9 de diverses mani\u00e8res&nbsp;:<\/p>\n<ul>\n<li>Parfaire la structure du site (permettre aux <a href=\"https:\/\/www.redacteur.com\/blog\/definition\/crawler\/\">robots<\/a> de se d\u00e9placer efficacement).<\/li>\n<li>Utilisation de balise (<a href=\"https:\/\/www.redacteur.com\/blog\/definition\/balise-canonical\/\">canonical<\/a>, <a href=\"https:\/\/www.redacteur.com\/blog\/definition\/noindex\/\">NoIndex<\/a>, etc. Ce sont les <a href=\"https:\/\/www.redacteur.com\/blog\/definition\/donnees-structurees\/\">donn\u00e9es structur\u00e9es<\/a>).<\/li>\n<li>Optimiser au mieux le <a href=\"https:\/\/www.redacteur.com\/blog\/definition\/maillage-interne\/\">maillage interne<\/a>, et l\u2019utilisation des <a href=\"https:\/\/www.redacteur.com\/blog\/definition\/balise-title\/\">balises Title<\/a> et de la Meta-Description.<\/li>\n<li>Proposer continuellement du contenu pertinent et effectuer des mises \u00e0 jour.<\/li>\n<li>Utiliser toutes les m\u00e9thodes principales pour optimiser un site en SEO (notamment le <a href=\"https:\/\/www.redacteur.com\/blog\/definition\/cocon-semantique\/\">cocon s\u00e9mantique<\/a>).<\/li>\n<\/ul>\n","protected":false},"excerpt":{"rendered":"<p>Il existe beaucoup d\u2019outils sur les moteurs de recherches pouvant \u00eatre utilis\u00e9s pour optimiser le r\u00e9f\u00e9rencement de son propre site en SEO. Dans cet article, nous nous centrerons sur un article qui est utilis\u00e9 par la majorit\u00e9 sans que celle-ci ne s\u00e2che r\u00e9ellement ce que c\u2019est&nbsp;: les sitelinks. Voyons ensemble ce que signifie et repr\u00e9sente [&hellip;]<\/p>\n","protected":false},"author":1,"featured_media":0,"parent":29730,"menu_order":0,"comment_status":"closed","ping_status":"closed","template":"","meta":{"_acf_changed":false,"inline_featured_image":false,"footnotes":""},"class_list":["post-30632","page","type-page","status-publish","hentry"],"acf":[],"yoast_head":"<!-- This site is optimized with the Yoast SEO plugin v25.9 - https:\/\/yoast.com\/wordpress\/plugins\/seo\/ -->\n<title>Qu&#039;est-ce que les sitelinks ? D\u00e9finition - Redacteur.com<\/title>\n<meta name=\"description\" content=\"Il existe beaucoup d\u2019outils sur les moteurs de recherches pouvant \u00eatre utilis\u00e9s pour optimiser le r\u00e9f\u00e9rencement de son propre site en SEO. Dans cet\" \/>\n<meta name=\"robots\" content=\"index, follow, max-snippet:-1, max-image-preview:large, max-video-preview:-1\" \/>\n<link rel=\"canonical\" href=\"https:\/\/www.redacteur.com\/blog\/definition\/sitelinks\/\" \/>\n<meta property=\"og:locale\" content=\"fr_FR\" \/>\n<meta property=\"og:type\" content=\"article\" \/>\n<meta property=\"og:title\" content=\"Qu&#039;est-ce que les sitelinks ? D\u00e9finition - Redacteur.com\" \/>\n<meta property=\"og:description\" content=\"Il existe beaucoup d\u2019outils sur les moteurs de recherches pouvant \u00eatre utilis\u00e9s pour optimiser le r\u00e9f\u00e9rencement de son propre site en SEO. Dans cet\" \/>\n<meta property=\"og:url\" content=\"https:\/\/www.redacteur.com\/blog\/definition\/sitelinks\/\" \/>\n<meta property=\"og:site_name\" content=\"Redacteur.com\" \/>\n<meta property=\"article:publisher\" content=\"https:\/\/www.facebook.com\/redacteurcom\" \/>\n<meta property=\"og:image\" content=\"https:\/\/www.redacteur.com\/blog\/wp-content\/uploads\/2022\/03\/definition-sitelinks.png\" \/>\n<meta name=\"twitter:card\" content=\"summary_large_image\" \/>\n<meta name=\"twitter:site\" content=\"@Redacteurcom\" \/>\n<meta name=\"twitter:label1\" content=\"Dur\u00e9e de lecture estim\u00e9e\" \/>\n\t<meta name=\"twitter:data1\" content=\"4 minutes\" \/>\n<script type=\"application\/ld+json\" class=\"yoast-schema-graph\">{\"@context\":\"https:\/\/schema.org\",\"@graph\":[{\"@type\":\"WebPage\",\"@id\":\"https:\/\/www.redacteur.com\/blog\/definition\/sitelinks\/\",\"url\":\"https:\/\/www.redacteur.com\/blog\/definition\/sitelinks\/\",\"name\":\"Qu'est-ce que les sitelinks ? D\u00e9finition - Redacteur.com\",\"isPartOf\":{\"@id\":\"https:\/\/www.redacteur.com\/blog\/#website\"},\"primaryImageOfPage\":{\"@id\":\"https:\/\/www.redacteur.com\/blog\/definition\/sitelinks\/#primaryimage\"},\"image\":{\"@id\":\"https:\/\/www.redacteur.com\/blog\/definition\/sitelinks\/#primaryimage\"},\"thumbnailUrl\":\"https:\/\/www.redacteur.com\/blog\/wp-content\/uploads\/2022\/03\/definition-sitelinks.png\",\"datePublished\":\"2022-03-01T14:36:21+00:00\",\"description\":\"Il existe beaucoup d\u2019outils sur les moteurs de recherches pouvant \u00eatre utilis\u00e9s pour optimiser le r\u00e9f\u00e9rencement de son propre site en SEO. Dans cet\",\"breadcrumb\":{\"@id\":\"https:\/\/www.redacteur.com\/blog\/definition\/sitelinks\/#breadcrumb\"},\"inLanguage\":\"fr-FR\",\"potentialAction\":[{\"@type\":\"ReadAction\",\"target\":[\"https:\/\/www.redacteur.com\/blog\/definition\/sitelinks\/\"]}]},{\"@type\":\"ImageObject\",\"inLanguage\":\"fr-FR\",\"@id\":\"https:\/\/www.redacteur.com\/blog\/definition\/sitelinks\/#primaryimage\",\"url\":\"https:\/\/www.redacteur.com\/blog\/wp-content\/uploads\/sites\/6\/2022\/03\/definition-sitelinks.png\",\"contentUrl\":\"https:\/\/www.redacteur.com\/blog\/wp-content\/uploads\/sites\/6\/2022\/03\/definition-sitelinks.png\",\"width\":700,\"height\":512,\"caption\":\"D\u00e9finition sitelinks\"},{\"@type\":\"BreadcrumbList\",\"@id\":\"https:\/\/www.redacteur.com\/blog\/definition\/sitelinks\/#breadcrumb\",\"itemListElement\":[{\"@type\":\"ListItem\",\"position\":1,\"name\":\"Blog\",\"item\":\"https:\/\/www.redacteur.com\/blog\/\"},{\"@type\":\"ListItem\",\"position\":2,\"name\":\"Lexique SEO\",\"item\":\"https:\/\/www.redacteur.com\/blog\/definition\/\"},{\"@type\":\"ListItem\",\"position\":3,\"name\":\"Sitelinks\"}]},{\"@type\":\"WebSite\",\"@id\":\"https:\/\/www.redacteur.com\/blog\/#website\",\"url\":\"https:\/\/www.redacteur.com\/blog\/\",\"name\":\"Redacteur.com\",\"description\":\"redacteur\",\"publisher\":{\"@id\":\"https:\/\/www.redacteur.com\/blog\/#organization\"},\"potentialAction\":[{\"@type\":\"SearchAction\",\"target\":{\"@type\":\"EntryPoint\",\"urlTemplate\":\"https:\/\/www.redacteur.com\/blog\/?s={search_term_string}\"},\"query-input\":{\"@type\":\"PropertyValueSpecification\",\"valueRequired\":true,\"valueName\":\"search_term_string\"}}],\"inLanguage\":\"fr-FR\"},{\"@type\":\"Organization\",\"@id\":\"https:\/\/www.redacteur.com\/blog\/#organization\",\"name\":\"Redacteur.com\",\"url\":\"https:\/\/www.redacteur.com\/blog\/\",\"logo\":{\"@type\":\"ImageObject\",\"inLanguage\":\"fr-FR\",\"@id\":\"https:\/\/www.redacteur.com\/blog\/#\/schema\/logo\/image\/\",\"url\":\"https:\/\/www.redacteur.com\/blog\/wp-content\/uploads\/sites\/6\/2022\/10\/logo-redacteur-blog.svg\",\"contentUrl\":\"https:\/\/www.redacteur.com\/blog\/wp-content\/uploads\/sites\/6\/2022\/10\/logo-redacteur-blog.svg\",\"width\":1,\"height\":1,\"caption\":\"Redacteur.com\"},\"image\":{\"@id\":\"https:\/\/www.redacteur.com\/blog\/#\/schema\/logo\/image\/\"},\"sameAs\":[\"https:\/\/www.facebook.com\/redacteurcom\",\"https:\/\/x.com\/Redacteurcom\",\"https:\/\/www.linkedin.com\/company\/redacteur-com\",\"https:\/\/www.youtube.com\/channel\/UCgj9ySM9xy3gdL8qBafl9Uw\/\"]}]}<\/script>\n<!-- \/ Yoast SEO plugin. -->","yoast_head_json":{"title":"Qu'est-ce que les sitelinks ? D\u00e9finition - Redacteur.com","description":"Il existe beaucoup d\u2019outils sur les moteurs de recherches pouvant \u00eatre utilis\u00e9s pour optimiser le r\u00e9f\u00e9rencement de son propre site en SEO. Dans cet","robots":{"index":"index","follow":"follow","max-snippet":"max-snippet:-1","max-image-preview":"max-image-preview:large","max-video-preview":"max-video-preview:-1"},"canonical":"https:\/\/www.redacteur.com\/blog\/definition\/sitelinks\/","og_locale":"fr_FR","og_type":"article","og_title":"Qu'est-ce que les sitelinks ? D\u00e9finition - Redacteur.com","og_description":"Il existe beaucoup d\u2019outils sur les moteurs de recherches pouvant \u00eatre utilis\u00e9s pour optimiser le r\u00e9f\u00e9rencement de son propre site en SEO. Dans cet","og_url":"https:\/\/www.redacteur.com\/blog\/definition\/sitelinks\/","og_site_name":"Redacteur.com","article_publisher":"https:\/\/www.facebook.com\/redacteurcom","og_image":[{"url":"https:\/\/www.redacteur.com\/blog\/wp-content\/uploads\/2022\/03\/definition-sitelinks.png","type":"","width":"","height":""}],"twitter_card":"summary_large_image","twitter_site":"@Redacteurcom","twitter_misc":{"Dur\u00e9e de lecture estim\u00e9e":"4 minutes"},"schema":{"@context":"https:\/\/schema.org","@graph":[{"@type":"WebPage","@id":"https:\/\/www.redacteur.com\/blog\/definition\/sitelinks\/","url":"https:\/\/www.redacteur.com\/blog\/definition\/sitelinks\/","name":"Qu'est-ce que les sitelinks ? D\u00e9finition - Redacteur.com","isPartOf":{"@id":"https:\/\/www.redacteur.com\/blog\/#website"},"primaryImageOfPage":{"@id":"https:\/\/www.redacteur.com\/blog\/definition\/sitelinks\/#primaryimage"},"image":{"@id":"https:\/\/www.redacteur.com\/blog\/definition\/sitelinks\/#primaryimage"},"thumbnailUrl":"https:\/\/www.redacteur.com\/blog\/wp-content\/uploads\/2022\/03\/definition-sitelinks.png","datePublished":"2022-03-01T14:36:21+00:00","description":"Il existe beaucoup d\u2019outils sur les moteurs de recherches pouvant \u00eatre utilis\u00e9s pour optimiser le r\u00e9f\u00e9rencement de son propre site en SEO. Dans cet","breadcrumb":{"@id":"https:\/\/www.redacteur.com\/blog\/definition\/sitelinks\/#breadcrumb"},"inLanguage":"fr-FR","potentialAction":[{"@type":"ReadAction","target":["https:\/\/www.redacteur.com\/blog\/definition\/sitelinks\/"]}]},{"@type":"ImageObject","inLanguage":"fr-FR","@id":"https:\/\/www.redacteur.com\/blog\/definition\/sitelinks\/#primaryimage","url":"https:\/\/www.redacteur.com\/blog\/wp-content\/uploads\/sites\/6\/2022\/03\/definition-sitelinks.png","contentUrl":"https:\/\/www.redacteur.com\/blog\/wp-content\/uploads\/sites\/6\/2022\/03\/definition-sitelinks.png","width":700,"height":512,"caption":"D\u00e9finition sitelinks"},{"@type":"BreadcrumbList","@id":"https:\/\/www.redacteur.com\/blog\/definition\/sitelinks\/#breadcrumb","itemListElement":[{"@type":"ListItem","position":1,"name":"Blog","item":"https:\/\/www.redacteur.com\/blog\/"},{"@type":"ListItem","position":2,"name":"Lexique SEO","item":"https:\/\/www.redacteur.com\/blog\/definition\/"},{"@type":"ListItem","position":3,"name":"Sitelinks"}]},{"@type":"WebSite","@id":"https:\/\/www.redacteur.com\/blog\/#website","url":"https:\/\/www.redacteur.com\/blog\/","name":"Redacteur.com","description":"redacteur","publisher":{"@id":"https:\/\/www.redacteur.com\/blog\/#organization"},"potentialAction":[{"@type":"SearchAction","target":{"@type":"EntryPoint","urlTemplate":"https:\/\/www.redacteur.com\/blog\/?s={search_term_string}"},"query-input":{"@type":"PropertyValueSpecification","valueRequired":true,"valueName":"search_term_string"}}],"inLanguage":"fr-FR"},{"@type":"Organization","@id":"https:\/\/www.redacteur.com\/blog\/#organization","name":"Redacteur.com","url":"https:\/\/www.redacteur.com\/blog\/","logo":{"@type":"ImageObject","inLanguage":"fr-FR","@id":"https:\/\/www.redacteur.com\/blog\/#\/schema\/logo\/image\/","url":"https:\/\/www.redacteur.com\/blog\/wp-content\/uploads\/sites\/6\/2022\/10\/logo-redacteur-blog.svg","contentUrl":"https:\/\/www.redacteur.com\/blog\/wp-content\/uploads\/sites\/6\/2022\/10\/logo-redacteur-blog.svg","width":1,"height":1,"caption":"Redacteur.com"},"image":{"@id":"https:\/\/www.redacteur.com\/blog\/#\/schema\/logo\/image\/"},"sameAs":["https:\/\/www.facebook.com\/redacteurcom","https:\/\/x.com\/Redacteurcom","https:\/\/www.linkedin.com\/company\/redacteur-com","https:\/\/www.youtube.com\/channel\/UCgj9ySM9xy3gdL8qBafl9Uw\/"]}]}},"_links":{"self":[{"href":"https:\/\/www.redacteur.com\/blog\/wp-json\/wp\/v2\/pages\/30632","targetHints":{"allow":["GET"]}}],"collection":[{"href":"https:\/\/www.redacteur.com\/blog\/wp-json\/wp\/v2\/pages"}],"about":[{"href":"https:\/\/www.redacteur.com\/blog\/wp-json\/wp\/v2\/types\/page"}],"author":[{"embeddable":true,"href":"https:\/\/www.redacteur.com\/blog\/wp-json\/wp\/v2\/users\/1"}],"replies":[{"embeddable":true,"href":"https:\/\/www.redacteur.com\/blog\/wp-json\/wp\/v2\/comments?post=30632"}],"version-history":[{"count":0,"href":"https:\/\/www.redacteur.com\/blog\/wp-json\/wp\/v2\/pages\/30632\/revisions"}],"up":[{"embeddable":true,"href":"https:\/\/www.redacteur.com\/blog\/wp-json\/wp\/v2\/pages\/29730"}],"wp:attachment":[{"href":"https:\/\/www.redacteur.com\/blog\/wp-json\/wp\/v2\/media?parent=30632"}],"curies":[{"name":"wp","href":"https:\/\/api.w.org\/{rel}","templated":true}]}}