{"id":30635,"date":"2022-03-01T15:56:27","date_gmt":"2022-03-01T14:56:27","guid":{"rendered":"https:\/\/www.redacteur.com\/blog\/?page_id=30635"},"modified":"2022-03-01T15:56:27","modified_gmt":"2022-03-01T14:56:27","slug":"sea","status":"publish","type":"page","link":"https:\/\/www.redacteur.com\/blog\/definition\/sea\/","title":{"rendered":"SEA"},"content":{"rendered":"<p>Bien que de nombreux outils soient tourn\u00e9s vers des strat\u00e9gies de <a href=\"https:\/\/www.redacteur.com\/blog\/definition\/referencement-naturel\/\">r\u00e9f\u00e9rencement naturel<\/a>, d\u2019autres apportent de nouvelles solutions pour am\u00e9liorer sa visibilit\u00e9 en ligne de mani\u00e8re simple et rapide. C\u2019est notamment le cas du <strong>SEA<\/strong>. Voyons ensemble sa d\u00e9finition, puis nous nous attarderons sur son utilisation.<\/p>\n<p>&nbsp;<\/p>\n<h2>Le SEA&nbsp;: Qu\u2019est-ce-que c\u2019est&nbsp;?<\/h2>\n<p><img decoding=\"async\" class=\"aligncenter wp-image-30636\" src=\"https:\/\/www.redacteur.com\/blog\/wp-content\/uploads\/2022\/03\/definition-sea.jpg\" alt=\"D\u00e9finition SEA\" width=\"700\" height=\"546\" srcset=\"https:\/\/www.redacteur.com\/blog\/wp-content\/uploads\/sites\/6\/2022\/03\/definition-sea.jpg 1000w, https:\/\/www.redacteur.com\/blog\/wp-content\/uploads\/sites\/6\/2022\/03\/definition-sea-300x234.jpg 300w, https:\/\/www.redacteur.com\/blog\/wp-content\/uploads\/sites\/6\/2022\/03\/definition-sea-768x599.jpg 768w, https:\/\/www.redacteur.com\/blog\/wp-content\/uploads\/sites\/6\/2022\/03\/definition-sea-60x47.jpg 60w, https:\/\/www.redacteur.com\/blog\/wp-content\/uploads\/sites\/6\/2022\/03\/definition-sea-370x289.jpg 370w, https:\/\/www.redacteur.com\/blog\/wp-content\/uploads\/sites\/6\/2022\/03\/definition-sea-270x211.jpg 270w, https:\/\/www.redacteur.com\/blog\/wp-content\/uploads\/sites\/6\/2022\/03\/definition-sea-385x300.jpg 385w, https:\/\/www.redacteur.com\/blog\/wp-content\/uploads\/sites\/6\/2022\/03\/definition-sea-570x445.jpg 570w, https:\/\/www.redacteur.com\/blog\/wp-content\/uploads\/sites\/6\/2022\/03\/definition-sea-740x577.jpg 740w\" sizes=\"(max-width: 700px) 100vw, 700px\" \/><\/p>\n<p>SEA signifie <strong>Search Engine Advertising<\/strong> en anglais et <strong>r\u00e9f\u00e9rencement payant<\/strong> en fran\u00e7ais. Ce nom est tr\u00e8s explicite, car, l\u00e0 o\u00f9 le <a href=\"https:\/\/www.redacteur.com\/blog\/definition\/seo\/\">SEO<\/a> (Search Engine Optmized) est utilis\u00e9 pour am\u00e9liorer le r\u00e9f\u00e9rencement d\u2019un site ou d\u2019une page de mani\u00e8re naturelle en utilisant diverses techniques d\u2019optimisation, le <strong>SEA<\/strong>, lui, consiste \u00e0 s\u2019\u00e9pargner ce travail en <strong>payant pour \u00eatre appara\u00eetre en haut de la page de r\u00e9sultats<\/strong>. En effet, lorsque vous faites une recherche sur un navigateur, les premiers r\u00e9sultats sont souvent marqu\u00e9s d\u2019un encadr\u00e9 \u00ab annonce \u00bb. Celui-ci signifie que le propri\u00e9taire du site a pay\u00e9 pour appara\u00eetre en haut de page lors de cette recherche.<\/p>\n<p>Ainsi, les sites ayant pay\u00e9 se retrouvent en haut de page, puis viennent les sites les mieux r\u00e9f\u00e9renc\u00e9s via <strong>SEO<\/strong>, donc naturellement. Pour acheter du SEA, le propri\u00e9taire du site ach\u00e8te une \u00ab place \u00bb en haut de page, mais seulement sur certains mots-cl\u00e9s choisis au pr\u00e9alable. Plus le nombre de mots-cl\u00e9s souhait\u00e9 augmente, plus le prix monte \u00e9galement. Comme toute solution, la m\u00e9thode <strong>SEA<\/strong> \u00e0 des points forts et des points faibles que nous allons \u00e9tudier.<\/p>\n<h3>Points forts du SEA<\/h3>\n<ul>\n<li>R\u00e9f\u00e9rencement imm\u00e9diat, pas de d\u00e9lai avant que le r\u00e9f\u00e9rencement soit efficient<\/li>\n<li>le site est affich\u00e9 directement en haut de page<\/li>\n<li>C\u2019est un gain de temps, car toute la pr\u00e9paration naturelle n\u2019est pas \u00e0 faire<\/li>\n<li>Beaucoup plus de visibilit\u00e9 offerte par Google avec des <a href=\"https:\/\/www.redacteur.com\/blog\/definition\/sitelinks\/\">sitelinks<\/a> ou du <a href=\"https:\/\/www.redacteur.com\/blog\/definition\/knowledge-graph\/\">Knowledge graph<\/a>.<\/li>\n<li>Cela permet de mieux d\u00e9terminer le <a href=\"https:\/\/www.redacteur.com\/blog\/definition\/budget-crawl\/\">budget<\/a> voulant \u00eatre investi qu\u2019en SEO<\/li>\n<\/ul>\n<h3>Points faibles du SEA<\/h3>\n<ul>\n<li>Doit \u00eatre pay\u00e9<\/li>\n<li>Forte concurrence sur certains mots-cl\u00e9s\/certaines recherches ce qui peut amener \u00e0 proposer plusieurs annonces en haut de page<\/li>\n<li>En cas de forte concurrence, la \u00ab place \u00bb est offerte au(x) plus offrant(s)<\/li>\n<li>Le statut \u00ab annonce \u00bb bloque bien souvent les utilisateurs \u00e0 cliquer dessus, donc peut-\u00eatre dangereux<\/li>\n<li>Le r\u00e9f\u00e9rencement dispara\u00eet apr\u00e8s avoir stopp\u00e9 les paiements, \u00e0 moins que le site ne soit optimis\u00e9 en SEO<\/li>\n<\/ul>\n<p>Pour faire simple, en grande partie, les d\u00e9fauts de l\u2019un sont les points forts de l\u2019autre, dans le cas du <strong>SEO et SEA<\/strong>.<\/p>\n<p>&nbsp;<\/p>\n<h2>Comment utiliser le SEA avec le SEO<\/h2>\n<p>Comme nous venons de le sous-entendre, ces deux techniques de r\u00e9f\u00e9rencement se compl\u00e8tent. Ainsi, le SEA peut \u00eatre consid\u00e9r\u00e9 comme <strong>un outil de SEO<\/strong>. Mais il faut l&#8217;utiliser judicieusement. Nous savons que le SEA est limit\u00e9 dans le temps et s\u2019applique \u00e0 des recherches s\u00e9lectionn\u00e9es. Par cons\u00e9quent, il peut permettre de mettre en avant votre site internet pendant une certaine p\u00e9riode, et en parall\u00e8le de ce paiement r\u00e9gulier, vous pouvez travailler sur la partie SEO de votre site \u00e0 partir de tous les outils pr\u00e9sent\u00e9s dans ce guide.<\/p>\n<p>Le SEO prend en effet du temps \u00e0 \u00eatre mis en place et le <strong>SEA<\/strong> permet d\u2019acc\u00e9l\u00e9rer cette mise en place tout en offrant une visibilit\u00e9 imm\u00e9diate. En revanche, si votre site est d\u00e9j\u00e0 optimis\u00e9, il y a peu de chance que cela soit r\u00e9ellement utile, votre objectif \u00e9tant, dans le pire des cas, d\u2019\u00eatre pr\u00e9sent en premi\u00e8re page, et dans le meilleur d\u2019\u00eatre en haut de liste. De plus, si vous \u00eates une grande entreprise tr\u00e8s reconnue, que vous lancez un nouveau produit, vous pouvez certainement vous permettre d\u2019effectuer un paiement pour du <strong>SEA<\/strong> afin de passer devant les sites sp\u00e9cialis\u00e9s sur ces produits.<\/p>\n","protected":false},"excerpt":{"rendered":"<p>Bien que de nombreux outils soient tourn\u00e9s vers des strat\u00e9gies de r\u00e9f\u00e9rencement naturel, d\u2019autres apportent de nouvelles solutions pour am\u00e9liorer sa visibilit\u00e9 en ligne de mani\u00e8re simple et rapide. C\u2019est notamment le cas du SEA. Voyons ensemble sa d\u00e9finition, puis nous nous attarderons sur son utilisation. &nbsp; Le SEA&nbsp;: Qu\u2019est-ce-que c\u2019est&nbsp;? SEA signifie Search Engine [&hellip;]<\/p>\n","protected":false},"author":1,"featured_media":0,"parent":29730,"menu_order":0,"comment_status":"closed","ping_status":"closed","template":"","meta":{"_acf_changed":false,"inline_featured_image":false,"footnotes":""},"class_list":["post-30635","page","type-page","status-publish","hentry"],"acf":[],"yoast_head":"<!-- This site is optimized with the Yoast SEO plugin v25.9 - https:\/\/yoast.com\/wordpress\/plugins\/seo\/ -->\n<title>Qu&#039;est-ce que le SEA ? D\u00e9finition- Redacteur.com<\/title>\n<meta name=\"description\" content=\"Bien que de nombreux outils soient tourn\u00e9s vers des strat\u00e9gies de r\u00e9f\u00e9rencement naturel, d\u2019autres apportent de nouvelles solutions pour am\u00e9liorer sa\" \/>\n<meta name=\"robots\" content=\"index, follow, max-snippet:-1, max-image-preview:large, max-video-preview:-1\" \/>\n<link rel=\"canonical\" href=\"https:\/\/www.redacteur.com\/blog\/definition\/sea\/\" \/>\n<meta property=\"og:locale\" content=\"fr_FR\" \/>\n<meta property=\"og:type\" content=\"article\" \/>\n<meta property=\"og:title\" content=\"Qu&#039;est-ce que le SEA ? D\u00e9finition- Redacteur.com\" \/>\n<meta property=\"og:description\" content=\"Bien que de nombreux outils soient tourn\u00e9s vers des strat\u00e9gies de r\u00e9f\u00e9rencement naturel, d\u2019autres apportent de nouvelles solutions pour am\u00e9liorer sa\" \/>\n<meta property=\"og:url\" content=\"https:\/\/www.redacteur.com\/blog\/definition\/sea\/\" \/>\n<meta property=\"og:site_name\" content=\"Redacteur.com\" \/>\n<meta property=\"article:publisher\" content=\"https:\/\/www.facebook.com\/redacteurcom\" \/>\n<meta property=\"og:image\" content=\"https:\/\/www.redacteur.com\/blog\/wp-content\/uploads\/2022\/03\/definition-sea.jpg\" \/>\n<meta name=\"twitter:card\" content=\"summary_large_image\" \/>\n<meta name=\"twitter:site\" content=\"@Redacteurcom\" \/>\n<meta name=\"twitter:label1\" content=\"Dur\u00e9e de lecture estim\u00e9e\" \/>\n\t<meta name=\"twitter:data1\" content=\"3 minutes\" \/>\n<script type=\"application\/ld+json\" class=\"yoast-schema-graph\">{\"@context\":\"https:\/\/schema.org\",\"@graph\":[{\"@type\":\"WebPage\",\"@id\":\"https:\/\/www.redacteur.com\/blog\/definition\/sea\/\",\"url\":\"https:\/\/www.redacteur.com\/blog\/definition\/sea\/\",\"name\":\"Qu'est-ce que le SEA ? D\u00e9finition- Redacteur.com\",\"isPartOf\":{\"@id\":\"https:\/\/www.redacteur.com\/blog\/#website\"},\"primaryImageOfPage\":{\"@id\":\"https:\/\/www.redacteur.com\/blog\/definition\/sea\/#primaryimage\"},\"image\":{\"@id\":\"https:\/\/www.redacteur.com\/blog\/definition\/sea\/#primaryimage\"},\"thumbnailUrl\":\"https:\/\/www.redacteur.com\/blog\/wp-content\/uploads\/2022\/03\/definition-sea.jpg\",\"datePublished\":\"2022-03-01T14:56:27+00:00\",\"description\":\"Bien que de nombreux outils soient tourn\u00e9s vers des strat\u00e9gies de r\u00e9f\u00e9rencement naturel, d\u2019autres apportent de nouvelles solutions pour am\u00e9liorer sa\",\"breadcrumb\":{\"@id\":\"https:\/\/www.redacteur.com\/blog\/definition\/sea\/#breadcrumb\"},\"inLanguage\":\"fr-FR\",\"potentialAction\":[{\"@type\":\"ReadAction\",\"target\":[\"https:\/\/www.redacteur.com\/blog\/definition\/sea\/\"]}]},{\"@type\":\"ImageObject\",\"inLanguage\":\"fr-FR\",\"@id\":\"https:\/\/www.redacteur.com\/blog\/definition\/sea\/#primaryimage\",\"url\":\"https:\/\/www.redacteur.com\/blog\/wp-content\/uploads\/sites\/6\/2022\/03\/definition-sea.jpg\",\"contentUrl\":\"https:\/\/www.redacteur.com\/blog\/wp-content\/uploads\/sites\/6\/2022\/03\/definition-sea.jpg\",\"width\":1000,\"height\":780,\"caption\":\"D\u00e9finition SEA\"},{\"@type\":\"BreadcrumbList\",\"@id\":\"https:\/\/www.redacteur.com\/blog\/definition\/sea\/#breadcrumb\",\"itemListElement\":[{\"@type\":\"ListItem\",\"position\":1,\"name\":\"Blog\",\"item\":\"https:\/\/www.redacteur.com\/blog\/\"},{\"@type\":\"ListItem\",\"position\":2,\"name\":\"Lexique SEO\",\"item\":\"https:\/\/www.redacteur.com\/blog\/definition\/\"},{\"@type\":\"ListItem\",\"position\":3,\"name\":\"SEA\"}]},{\"@type\":\"WebSite\",\"@id\":\"https:\/\/www.redacteur.com\/blog\/#website\",\"url\":\"https:\/\/www.redacteur.com\/blog\/\",\"name\":\"Redacteur.com\",\"description\":\"redacteur\",\"publisher\":{\"@id\":\"https:\/\/www.redacteur.com\/blog\/#organization\"},\"potentialAction\":[{\"@type\":\"SearchAction\",\"target\":{\"@type\":\"EntryPoint\",\"urlTemplate\":\"https:\/\/www.redacteur.com\/blog\/?s={search_term_string}\"},\"query-input\":{\"@type\":\"PropertyValueSpecification\",\"valueRequired\":true,\"valueName\":\"search_term_string\"}}],\"inLanguage\":\"fr-FR\"},{\"@type\":\"Organization\",\"@id\":\"https:\/\/www.redacteur.com\/blog\/#organization\",\"name\":\"Redacteur.com\",\"url\":\"https:\/\/www.redacteur.com\/blog\/\",\"logo\":{\"@type\":\"ImageObject\",\"inLanguage\":\"fr-FR\",\"@id\":\"https:\/\/www.redacteur.com\/blog\/#\/schema\/logo\/image\/\",\"url\":\"https:\/\/www.redacteur.com\/blog\/wp-content\/uploads\/sites\/6\/2022\/10\/logo-redacteur-blog.svg\",\"contentUrl\":\"https:\/\/www.redacteur.com\/blog\/wp-content\/uploads\/sites\/6\/2022\/10\/logo-redacteur-blog.svg\",\"width\":1,\"height\":1,\"caption\":\"Redacteur.com\"},\"image\":{\"@id\":\"https:\/\/www.redacteur.com\/blog\/#\/schema\/logo\/image\/\"},\"sameAs\":[\"https:\/\/www.facebook.com\/redacteurcom\",\"https:\/\/x.com\/Redacteurcom\",\"https:\/\/www.linkedin.com\/company\/redacteur-com\",\"https:\/\/www.youtube.com\/channel\/UCgj9ySM9xy3gdL8qBafl9Uw\/\"]}]}<\/script>\n<!-- \/ Yoast SEO plugin. -->","yoast_head_json":{"title":"Qu'est-ce que le SEA ? D\u00e9finition- Redacteur.com","description":"Bien que de nombreux outils soient tourn\u00e9s vers des strat\u00e9gies de r\u00e9f\u00e9rencement naturel, d\u2019autres apportent de nouvelles solutions pour am\u00e9liorer sa","robots":{"index":"index","follow":"follow","max-snippet":"max-snippet:-1","max-image-preview":"max-image-preview:large","max-video-preview":"max-video-preview:-1"},"canonical":"https:\/\/www.redacteur.com\/blog\/definition\/sea\/","og_locale":"fr_FR","og_type":"article","og_title":"Qu'est-ce que le SEA ? D\u00e9finition- Redacteur.com","og_description":"Bien que de nombreux outils soient tourn\u00e9s vers des strat\u00e9gies de r\u00e9f\u00e9rencement naturel, d\u2019autres apportent de nouvelles solutions pour am\u00e9liorer sa","og_url":"https:\/\/www.redacteur.com\/blog\/definition\/sea\/","og_site_name":"Redacteur.com","article_publisher":"https:\/\/www.facebook.com\/redacteurcom","og_image":[{"url":"https:\/\/www.redacteur.com\/blog\/wp-content\/uploads\/2022\/03\/definition-sea.jpg","type":"","width":"","height":""}],"twitter_card":"summary_large_image","twitter_site":"@Redacteurcom","twitter_misc":{"Dur\u00e9e de lecture estim\u00e9e":"3 minutes"},"schema":{"@context":"https:\/\/schema.org","@graph":[{"@type":"WebPage","@id":"https:\/\/www.redacteur.com\/blog\/definition\/sea\/","url":"https:\/\/www.redacteur.com\/blog\/definition\/sea\/","name":"Qu'est-ce que le SEA ? D\u00e9finition- Redacteur.com","isPartOf":{"@id":"https:\/\/www.redacteur.com\/blog\/#website"},"primaryImageOfPage":{"@id":"https:\/\/www.redacteur.com\/blog\/definition\/sea\/#primaryimage"},"image":{"@id":"https:\/\/www.redacteur.com\/blog\/definition\/sea\/#primaryimage"},"thumbnailUrl":"https:\/\/www.redacteur.com\/blog\/wp-content\/uploads\/2022\/03\/definition-sea.jpg","datePublished":"2022-03-01T14:56:27+00:00","description":"Bien que de nombreux outils soient tourn\u00e9s vers des strat\u00e9gies de r\u00e9f\u00e9rencement naturel, d\u2019autres apportent de nouvelles solutions pour am\u00e9liorer sa","breadcrumb":{"@id":"https:\/\/www.redacteur.com\/blog\/definition\/sea\/#breadcrumb"},"inLanguage":"fr-FR","potentialAction":[{"@type":"ReadAction","target":["https:\/\/www.redacteur.com\/blog\/definition\/sea\/"]}]},{"@type":"ImageObject","inLanguage":"fr-FR","@id":"https:\/\/www.redacteur.com\/blog\/definition\/sea\/#primaryimage","url":"https:\/\/www.redacteur.com\/blog\/wp-content\/uploads\/sites\/6\/2022\/03\/definition-sea.jpg","contentUrl":"https:\/\/www.redacteur.com\/blog\/wp-content\/uploads\/sites\/6\/2022\/03\/definition-sea.jpg","width":1000,"height":780,"caption":"D\u00e9finition SEA"},{"@type":"BreadcrumbList","@id":"https:\/\/www.redacteur.com\/blog\/definition\/sea\/#breadcrumb","itemListElement":[{"@type":"ListItem","position":1,"name":"Blog","item":"https:\/\/www.redacteur.com\/blog\/"},{"@type":"ListItem","position":2,"name":"Lexique SEO","item":"https:\/\/www.redacteur.com\/blog\/definition\/"},{"@type":"ListItem","position":3,"name":"SEA"}]},{"@type":"WebSite","@id":"https:\/\/www.redacteur.com\/blog\/#website","url":"https:\/\/www.redacteur.com\/blog\/","name":"Redacteur.com","description":"redacteur","publisher":{"@id":"https:\/\/www.redacteur.com\/blog\/#organization"},"potentialAction":[{"@type":"SearchAction","target":{"@type":"EntryPoint","urlTemplate":"https:\/\/www.redacteur.com\/blog\/?s={search_term_string}"},"query-input":{"@type":"PropertyValueSpecification","valueRequired":true,"valueName":"search_term_string"}}],"inLanguage":"fr-FR"},{"@type":"Organization","@id":"https:\/\/www.redacteur.com\/blog\/#organization","name":"Redacteur.com","url":"https:\/\/www.redacteur.com\/blog\/","logo":{"@type":"ImageObject","inLanguage":"fr-FR","@id":"https:\/\/www.redacteur.com\/blog\/#\/schema\/logo\/image\/","url":"https:\/\/www.redacteur.com\/blog\/wp-content\/uploads\/sites\/6\/2022\/10\/logo-redacteur-blog.svg","contentUrl":"https:\/\/www.redacteur.com\/blog\/wp-content\/uploads\/sites\/6\/2022\/10\/logo-redacteur-blog.svg","width":1,"height":1,"caption":"Redacteur.com"},"image":{"@id":"https:\/\/www.redacteur.com\/blog\/#\/schema\/logo\/image\/"},"sameAs":["https:\/\/www.facebook.com\/redacteurcom","https:\/\/x.com\/Redacteurcom","https:\/\/www.linkedin.com\/company\/redacteur-com","https:\/\/www.youtube.com\/channel\/UCgj9ySM9xy3gdL8qBafl9Uw\/"]}]}},"_links":{"self":[{"href":"https:\/\/www.redacteur.com\/blog\/wp-json\/wp\/v2\/pages\/30635","targetHints":{"allow":["GET"]}}],"collection":[{"href":"https:\/\/www.redacteur.com\/blog\/wp-json\/wp\/v2\/pages"}],"about":[{"href":"https:\/\/www.redacteur.com\/blog\/wp-json\/wp\/v2\/types\/page"}],"author":[{"embeddable":true,"href":"https:\/\/www.redacteur.com\/blog\/wp-json\/wp\/v2\/users\/1"}],"replies":[{"embeddable":true,"href":"https:\/\/www.redacteur.com\/blog\/wp-json\/wp\/v2\/comments?post=30635"}],"version-history":[{"count":0,"href":"https:\/\/www.redacteur.com\/blog\/wp-json\/wp\/v2\/pages\/30635\/revisions"}],"up":[{"embeddable":true,"href":"https:\/\/www.redacteur.com\/blog\/wp-json\/wp\/v2\/pages\/29730"}],"wp:attachment":[{"href":"https:\/\/www.redacteur.com\/blog\/wp-json\/wp\/v2\/media?parent=30635"}],"curies":[{"name":"wp","href":"https:\/\/api.w.org\/{rel}","templated":true}]}}