{"id":30638,"date":"2022-03-01T16:08:44","date_gmt":"2022-03-01T15:08:44","guid":{"rendered":"https:\/\/www.redacteur.com\/blog\/?page_id=30638"},"modified":"2022-03-01T16:08:44","modified_gmt":"2022-03-01T15:08:44","slug":"mot-cle","status":"publish","type":"page","link":"https:\/\/www.redacteur.com\/blog\/definition\/mot-cle\/","title":{"rendered":"Mot cl\u00e9"},"content":{"rendered":"<p><strong>Les mots cl\u00e9s<\/strong> sont les \u00e9l\u00e9ments les plus utilis\u00e9s dans les strat\u00e9gies d\u2019optimisation du <a href=\"https:\/\/www.redacteur.com\/blog\/definition\/referencement-naturel\/\">r\u00e9f\u00e9rencement<\/a>. Des cha\u00eenes de caract\u00e8res simples \u00e0 int\u00e9grer dans son contenu afin de faciliter le travail des moteurs de recherche. D\u00e9couvrez tout ce qu\u2019il y a \u00e0 savoir sur cet outil <a href=\"https:\/\/www.redacteur.com\/blog\/definition\/seo\/\">SEO<\/a> particuli\u00e8rement efficace lorsqu\u2019il est bien utilis\u00e9.<\/p>\n<p><img decoding=\"async\" class=\"aligncenter wp-image-30639\" src=\"https:\/\/www.redacteur.com\/blog\/wp-content\/uploads\/2022\/03\/definition-mot-cle.jpg\" alt=\"D\u00e9finition mot cl\u00e9\" width=\"700\" height=\"467\" srcset=\"https:\/\/www.redacteur.com\/blog\/wp-content\/uploads\/sites\/6\/2022\/03\/definition-mot-cle.jpg 900w, https:\/\/www.redacteur.com\/blog\/wp-content\/uploads\/sites\/6\/2022\/03\/definition-mot-cle-300x200.jpg 300w, https:\/\/www.redacteur.com\/blog\/wp-content\/uploads\/sites\/6\/2022\/03\/definition-mot-cle-768x512.jpg 768w, https:\/\/www.redacteur.com\/blog\/wp-content\/uploads\/sites\/6\/2022\/03\/definition-mot-cle-60x40.jpg 60w, https:\/\/www.redacteur.com\/blog\/wp-content\/uploads\/sites\/6\/2022\/03\/definition-mot-cle-370x247.jpg 370w, https:\/\/www.redacteur.com\/blog\/wp-content\/uploads\/sites\/6\/2022\/03\/definition-mot-cle-270x180.jpg 270w, https:\/\/www.redacteur.com\/blog\/wp-content\/uploads\/sites\/6\/2022\/03\/definition-mot-cle-570x380.jpg 570w, https:\/\/www.redacteur.com\/blog\/wp-content\/uploads\/sites\/6\/2022\/03\/definition-mot-cle-740x493.jpg 740w\" sizes=\"(max-width: 700px) 100vw, 700px\" \/><\/p>\n<h2>Les mots-cl\u00e9s, qu\u2019est ce que c\u2019est&nbsp;?<\/h2>\n<p><strong>Les mots-cl\u00e9s<\/strong> sont par d\u00e9finition des mots qui ont un rapport plus ou moins direct avec le contenu que vous proposez. Ces termes peuvent \u00eatre utilis\u00e9s dans le contenu par les propri\u00e9taires d\u2019un site web afin d\u2019am\u00e9liorer sa position sur certains mots-cl\u00e9s bien d\u00e9finis. Toute recherche tap\u00e9e sur un moteur de recherche est compos\u00e9e de <strong>mots cl\u00e9s<\/strong>, c\u2019est alors \u00e0 ces moteurs de proposer des pages qui sont en ad\u00e9quation avec la demande en analysant le contenu de chaque page, et donc les <strong>mots-cl\u00e9s<\/strong>. Un texte enrichi de mots cl\u00e9s permet aux <a href=\"https:\/\/www.redacteur.com\/blog\/definition\/crawler\/\">robots<\/a> de Google par exemple de mieux identifier le sujet qui est trait\u00e9 par la page. Ils seront donc plus \u00e0 m\u00eame de comprendre le contenu et donc de le proposer lorsqu\u2019un utilisateur en aura besoin. Les <strong>mots cl\u00e9s<\/strong> ne sont donc pas simplement l\u00e0 pour faire plaisir \u00e0 vos lecteurs, c\u2019est \u00e9galement la garantie pour les moteurs de recherches que vous abordez bien tous les sujets dont les utilisateurs ont besoin lorsqu\u2019ils effectuent une recherche via leurs services.<\/p>\n<p>&nbsp;<\/p>\n<h2>Pourquoi utiliser des mots cl\u00e9s&nbsp;?<\/h2>\n<p>Il est tr\u00e8s important d\u2019int\u00e9grer les <strong>mots-cl\u00e9s<\/strong> dans son contenu afin d\u2019optimiser son r\u00e9f\u00e9rencement sur des recherches cibl\u00e9es. Les mots-cl\u00e9s sont particuli\u00e8rement utilis\u00e9s en marketing afin de faire entrer le site concern\u00e9 dans les bonnes gr\u00e2ces des moteurs de recherche. L\u2019optimisation des mots-cl\u00e9s dans le contenu est une strat\u00e9gie \u00e0 moyen ou long terme dans le but de g\u00e9n\u00e9rer du <a href=\"https:\/\/www.redacteur.com\/blog\/definition\/trafic-organique\/\">trafic<\/a> de mani\u00e8re gratuite et totalement passive une fois mise en place.<\/p>\n<p>Pour acc\u00e9l\u00e9rer le bon positionnement d\u2019un site web, certains marketeurs vont jusqu\u2019\u00e0 investir de l\u2019argent afin que le site soit mis en avant lorsqu&#8217;un utilisateur tape des mots-cl\u00e9s cibl\u00e9s. Cette solution est possible gr\u00e2ce aux services de Google Ads qui permettent d\u2019<a href=\"https:\/\/www.redacteur.com\/blog\/definition\/sea\/\">acheter les places les plus hautes<\/a> dans les r\u00e9sultats des moteurs de recherche. Certains mots-cl\u00e9s sont plus demand\u00e9s que d\u2019autres, au point de cr\u00e9er un syst\u00e8me d\u2019ench\u00e8res.<\/p>\n<p>&nbsp;<\/p>\n<h2>Comment bien choisir ses mots cl\u00e9s&nbsp;?<\/h2>\n<p>Avant de se positionner sur certains <strong>mots-cl\u00e9s<\/strong>, il est n\u00e9cessaire d\u2019<a href=\"https:\/\/www.redacteur.com\/blog\/outils-trouver-des-mots-cles\/\">identifier ceux qui correspondent le plus \u00e0 l\u2019audience cibl\u00e9e<\/a>. Les mots cl\u00e9s peuvent \u00eatre per\u00e7us par une entreprise comme une strat\u00e9gie. En effet, vous allez devoir mener un combat sur chacun d\u2019entre eux afin de convaincre les moteurs de recherches que votre site apporte plus de valeur que vos concurrents. Pour se faire, il est indispensable d\u2019<strong>enrichir son contenu avec le mot cl\u00e9 cibl\u00e9<\/strong>, mais aussi de termes proches et des synonymes autour du th\u00e8me qui permettront aux robots de ces m\u00eames moteurs de parfaitement comprendre de quoi traite votre page. De cette mani\u00e8re, ils seront plus \u00e0 m\u00eame de la proposer lorsque des internautes effectuent une recherche en utilisant les mots cl\u00e9s sur lesquels vous vous \u00eates positionn\u00e9es.<\/p>\n<p>Lorsque l\u2019on effectue l\u2019analyse d\u2019un site web, il est possible de voir les mots cl\u00e9s pour lesquels le site est tr\u00e8s bien positionn\u00e9 et ceux pour lesquels il l\u2019est moins. Il est ainsi possible d\u2019am\u00e9liorer les points faibles du site pour augmenter d\u2019autant plus le trafic naturel. Il est cependant pr\u00e9f\u00e9rable d\u2019\u00eatre excellent sur des mots cl\u00e9s pr\u00e9cis plut\u00f4t que moyens partout, en effet, <strong>60% des utilisateurs cliquent sur les 3 premiers liens suite \u00e0 leur recherche<\/strong>. Vous avez donc tout int\u00e9r\u00eat \u00e0 \u00eatre bien positionn\u00e9 pour attirer du trafic.<\/p>\n","protected":false},"excerpt":{"rendered":"<p>Les mots cl\u00e9s sont les \u00e9l\u00e9ments les plus utilis\u00e9s dans les strat\u00e9gies d\u2019optimisation du r\u00e9f\u00e9rencement. Des cha\u00eenes de caract\u00e8res simples \u00e0 int\u00e9grer dans son contenu afin de faciliter le travail des moteurs de recherche. D\u00e9couvrez tout ce qu\u2019il y a \u00e0 savoir sur cet outil SEO particuli\u00e8rement efficace lorsqu\u2019il est bien utilis\u00e9. Les mots-cl\u00e9s, qu\u2019est [&hellip;]<\/p>\n","protected":false},"author":1,"featured_media":0,"parent":29730,"menu_order":0,"comment_status":"closed","ping_status":"closed","template":"","meta":{"_acf_changed":false,"inline_featured_image":false,"footnotes":""},"class_list":["post-30638","page","type-page","status-publish","hentry"],"acf":[],"yoast_head":"<!-- This site is optimized with the Yoast SEO plugin v25.9 - https:\/\/yoast.com\/wordpress\/plugins\/seo\/ -->\n<title>Qu&#039;est-ce qu&#039;un mot cl\u00e9 ? D\u00e9finition - Redacteur.com<\/title>\n<meta name=\"description\" content=\"Les mots cl\u00e9s sont les \u00e9l\u00e9ments les plus utilis\u00e9s dans les strat\u00e9gies d\u2019optimisation du r\u00e9f\u00e9rencement. Des cha\u00eenes de caract\u00e8res simples \u00e0 int\u00e9grer dans\" \/>\n<meta name=\"robots\" content=\"index, follow, max-snippet:-1, max-image-preview:large, max-video-preview:-1\" \/>\n<link rel=\"canonical\" href=\"https:\/\/www.redacteur.com\/blog\/definition\/mot-cle\/\" \/>\n<meta property=\"og:locale\" content=\"fr_FR\" \/>\n<meta property=\"og:type\" content=\"article\" \/>\n<meta property=\"og:title\" content=\"Qu&#039;est-ce qu&#039;un mot cl\u00e9 ? D\u00e9finition - Redacteur.com\" \/>\n<meta property=\"og:description\" content=\"Les mots cl\u00e9s sont les \u00e9l\u00e9ments les plus utilis\u00e9s dans les strat\u00e9gies d\u2019optimisation du r\u00e9f\u00e9rencement. Des cha\u00eenes de caract\u00e8res simples \u00e0 int\u00e9grer dans\" \/>\n<meta property=\"og:url\" content=\"https:\/\/www.redacteur.com\/blog\/definition\/mot-cle\/\" \/>\n<meta property=\"og:site_name\" content=\"Redacteur.com\" \/>\n<meta property=\"article:publisher\" content=\"https:\/\/www.facebook.com\/redacteurcom\" \/>\n<meta property=\"og:image\" content=\"https:\/\/www.redacteur.com\/blog\/wp-content\/uploads\/2022\/03\/definition-mot-cle.jpg\" \/>\n<meta name=\"twitter:card\" content=\"summary_large_image\" \/>\n<meta name=\"twitter:site\" content=\"@Redacteurcom\" \/>\n<meta name=\"twitter:label1\" content=\"Dur\u00e9e de lecture estim\u00e9e\" \/>\n\t<meta name=\"twitter:data1\" content=\"3 minutes\" \/>\n<script type=\"application\/ld+json\" class=\"yoast-schema-graph\">{\"@context\":\"https:\/\/schema.org\",\"@graph\":[{\"@type\":\"WebPage\",\"@id\":\"https:\/\/www.redacteur.com\/blog\/definition\/mot-cle\/\",\"url\":\"https:\/\/www.redacteur.com\/blog\/definition\/mot-cle\/\",\"name\":\"Qu'est-ce qu'un mot cl\u00e9 ? D\u00e9finition - Redacteur.com\",\"isPartOf\":{\"@id\":\"https:\/\/www.redacteur.com\/blog\/#website\"},\"primaryImageOfPage\":{\"@id\":\"https:\/\/www.redacteur.com\/blog\/definition\/mot-cle\/#primaryimage\"},\"image\":{\"@id\":\"https:\/\/www.redacteur.com\/blog\/definition\/mot-cle\/#primaryimage\"},\"thumbnailUrl\":\"https:\/\/www.redacteur.com\/blog\/wp-content\/uploads\/2022\/03\/definition-mot-cle.jpg\",\"datePublished\":\"2022-03-01T15:08:44+00:00\",\"description\":\"Les mots cl\u00e9s sont les \u00e9l\u00e9ments les plus utilis\u00e9s dans les strat\u00e9gies d\u2019optimisation du r\u00e9f\u00e9rencement. Des cha\u00eenes de caract\u00e8res simples \u00e0 int\u00e9grer dans\",\"breadcrumb\":{\"@id\":\"https:\/\/www.redacteur.com\/blog\/definition\/mot-cle\/#breadcrumb\"},\"inLanguage\":\"fr-FR\",\"potentialAction\":[{\"@type\":\"ReadAction\",\"target\":[\"https:\/\/www.redacteur.com\/blog\/definition\/mot-cle\/\"]}]},{\"@type\":\"ImageObject\",\"inLanguage\":\"fr-FR\",\"@id\":\"https:\/\/www.redacteur.com\/blog\/definition\/mot-cle\/#primaryimage\",\"url\":\"https:\/\/www.redacteur.com\/blog\/wp-content\/uploads\/sites\/6\/2022\/03\/definition-mot-cle.jpg\",\"contentUrl\":\"https:\/\/www.redacteur.com\/blog\/wp-content\/uploads\/sites\/6\/2022\/03\/definition-mot-cle.jpg\",\"width\":900,\"height\":600,\"caption\":\"D\u00e9finition mot cl\u00e9\"},{\"@type\":\"BreadcrumbList\",\"@id\":\"https:\/\/www.redacteur.com\/blog\/definition\/mot-cle\/#breadcrumb\",\"itemListElement\":[{\"@type\":\"ListItem\",\"position\":1,\"name\":\"Blog\",\"item\":\"https:\/\/www.redacteur.com\/blog\/\"},{\"@type\":\"ListItem\",\"position\":2,\"name\":\"Lexique SEO\",\"item\":\"https:\/\/www.redacteur.com\/blog\/definition\/\"},{\"@type\":\"ListItem\",\"position\":3,\"name\":\"Mot cl\u00e9\"}]},{\"@type\":\"WebSite\",\"@id\":\"https:\/\/www.redacteur.com\/blog\/#website\",\"url\":\"https:\/\/www.redacteur.com\/blog\/\",\"name\":\"Redacteur.com\",\"description\":\"redacteur\",\"publisher\":{\"@id\":\"https:\/\/www.redacteur.com\/blog\/#organization\"},\"potentialAction\":[{\"@type\":\"SearchAction\",\"target\":{\"@type\":\"EntryPoint\",\"urlTemplate\":\"https:\/\/www.redacteur.com\/blog\/?s={search_term_string}\"},\"query-input\":{\"@type\":\"PropertyValueSpecification\",\"valueRequired\":true,\"valueName\":\"search_term_string\"}}],\"inLanguage\":\"fr-FR\"},{\"@type\":\"Organization\",\"@id\":\"https:\/\/www.redacteur.com\/blog\/#organization\",\"name\":\"Redacteur.com\",\"url\":\"https:\/\/www.redacteur.com\/blog\/\",\"logo\":{\"@type\":\"ImageObject\",\"inLanguage\":\"fr-FR\",\"@id\":\"https:\/\/www.redacteur.com\/blog\/#\/schema\/logo\/image\/\",\"url\":\"https:\/\/www.redacteur.com\/blog\/wp-content\/uploads\/sites\/6\/2022\/10\/logo-redacteur-blog.svg\",\"contentUrl\":\"https:\/\/www.redacteur.com\/blog\/wp-content\/uploads\/sites\/6\/2022\/10\/logo-redacteur-blog.svg\",\"width\":1,\"height\":1,\"caption\":\"Redacteur.com\"},\"image\":{\"@id\":\"https:\/\/www.redacteur.com\/blog\/#\/schema\/logo\/image\/\"},\"sameAs\":[\"https:\/\/www.facebook.com\/redacteurcom\",\"https:\/\/x.com\/Redacteurcom\",\"https:\/\/www.linkedin.com\/company\/redacteur-com\",\"https:\/\/www.youtube.com\/channel\/UCgj9ySM9xy3gdL8qBafl9Uw\/\"]}]}<\/script>\n<!-- \/ Yoast SEO plugin. -->","yoast_head_json":{"title":"Qu'est-ce qu'un mot cl\u00e9 ? D\u00e9finition - Redacteur.com","description":"Les mots cl\u00e9s sont les \u00e9l\u00e9ments les plus utilis\u00e9s dans les strat\u00e9gies d\u2019optimisation du r\u00e9f\u00e9rencement. Des cha\u00eenes de caract\u00e8res simples \u00e0 int\u00e9grer dans","robots":{"index":"index","follow":"follow","max-snippet":"max-snippet:-1","max-image-preview":"max-image-preview:large","max-video-preview":"max-video-preview:-1"},"canonical":"https:\/\/www.redacteur.com\/blog\/definition\/mot-cle\/","og_locale":"fr_FR","og_type":"article","og_title":"Qu'est-ce qu'un mot cl\u00e9 ? D\u00e9finition - Redacteur.com","og_description":"Les mots cl\u00e9s sont les \u00e9l\u00e9ments les plus utilis\u00e9s dans les strat\u00e9gies d\u2019optimisation du r\u00e9f\u00e9rencement. Des cha\u00eenes de caract\u00e8res simples \u00e0 int\u00e9grer dans","og_url":"https:\/\/www.redacteur.com\/blog\/definition\/mot-cle\/","og_site_name":"Redacteur.com","article_publisher":"https:\/\/www.facebook.com\/redacteurcom","og_image":[{"url":"https:\/\/www.redacteur.com\/blog\/wp-content\/uploads\/2022\/03\/definition-mot-cle.jpg","type":"","width":"","height":""}],"twitter_card":"summary_large_image","twitter_site":"@Redacteurcom","twitter_misc":{"Dur\u00e9e de lecture estim\u00e9e":"3 minutes"},"schema":{"@context":"https:\/\/schema.org","@graph":[{"@type":"WebPage","@id":"https:\/\/www.redacteur.com\/blog\/definition\/mot-cle\/","url":"https:\/\/www.redacteur.com\/blog\/definition\/mot-cle\/","name":"Qu'est-ce qu'un mot cl\u00e9 ? D\u00e9finition - Redacteur.com","isPartOf":{"@id":"https:\/\/www.redacteur.com\/blog\/#website"},"primaryImageOfPage":{"@id":"https:\/\/www.redacteur.com\/blog\/definition\/mot-cle\/#primaryimage"},"image":{"@id":"https:\/\/www.redacteur.com\/blog\/definition\/mot-cle\/#primaryimage"},"thumbnailUrl":"https:\/\/www.redacteur.com\/blog\/wp-content\/uploads\/2022\/03\/definition-mot-cle.jpg","datePublished":"2022-03-01T15:08:44+00:00","description":"Les mots cl\u00e9s sont les \u00e9l\u00e9ments les plus utilis\u00e9s dans les strat\u00e9gies d\u2019optimisation du r\u00e9f\u00e9rencement. Des cha\u00eenes de caract\u00e8res simples \u00e0 int\u00e9grer dans","breadcrumb":{"@id":"https:\/\/www.redacteur.com\/blog\/definition\/mot-cle\/#breadcrumb"},"inLanguage":"fr-FR","potentialAction":[{"@type":"ReadAction","target":["https:\/\/www.redacteur.com\/blog\/definition\/mot-cle\/"]}]},{"@type":"ImageObject","inLanguage":"fr-FR","@id":"https:\/\/www.redacteur.com\/blog\/definition\/mot-cle\/#primaryimage","url":"https:\/\/www.redacteur.com\/blog\/wp-content\/uploads\/sites\/6\/2022\/03\/definition-mot-cle.jpg","contentUrl":"https:\/\/www.redacteur.com\/blog\/wp-content\/uploads\/sites\/6\/2022\/03\/definition-mot-cle.jpg","width":900,"height":600,"caption":"D\u00e9finition mot cl\u00e9"},{"@type":"BreadcrumbList","@id":"https:\/\/www.redacteur.com\/blog\/definition\/mot-cle\/#breadcrumb","itemListElement":[{"@type":"ListItem","position":1,"name":"Blog","item":"https:\/\/www.redacteur.com\/blog\/"},{"@type":"ListItem","position":2,"name":"Lexique SEO","item":"https:\/\/www.redacteur.com\/blog\/definition\/"},{"@type":"ListItem","position":3,"name":"Mot cl\u00e9"}]},{"@type":"WebSite","@id":"https:\/\/www.redacteur.com\/blog\/#website","url":"https:\/\/www.redacteur.com\/blog\/","name":"Redacteur.com","description":"redacteur","publisher":{"@id":"https:\/\/www.redacteur.com\/blog\/#organization"},"potentialAction":[{"@type":"SearchAction","target":{"@type":"EntryPoint","urlTemplate":"https:\/\/www.redacteur.com\/blog\/?s={search_term_string}"},"query-input":{"@type":"PropertyValueSpecification","valueRequired":true,"valueName":"search_term_string"}}],"inLanguage":"fr-FR"},{"@type":"Organization","@id":"https:\/\/www.redacteur.com\/blog\/#organization","name":"Redacteur.com","url":"https:\/\/www.redacteur.com\/blog\/","logo":{"@type":"ImageObject","inLanguage":"fr-FR","@id":"https:\/\/www.redacteur.com\/blog\/#\/schema\/logo\/image\/","url":"https:\/\/www.redacteur.com\/blog\/wp-content\/uploads\/sites\/6\/2022\/10\/logo-redacteur-blog.svg","contentUrl":"https:\/\/www.redacteur.com\/blog\/wp-content\/uploads\/sites\/6\/2022\/10\/logo-redacteur-blog.svg","width":1,"height":1,"caption":"Redacteur.com"},"image":{"@id":"https:\/\/www.redacteur.com\/blog\/#\/schema\/logo\/image\/"},"sameAs":["https:\/\/www.facebook.com\/redacteurcom","https:\/\/x.com\/Redacteurcom","https:\/\/www.linkedin.com\/company\/redacteur-com","https:\/\/www.youtube.com\/channel\/UCgj9ySM9xy3gdL8qBafl9Uw\/"]}]}},"_links":{"self":[{"href":"https:\/\/www.redacteur.com\/blog\/wp-json\/wp\/v2\/pages\/30638","targetHints":{"allow":["GET"]}}],"collection":[{"href":"https:\/\/www.redacteur.com\/blog\/wp-json\/wp\/v2\/pages"}],"about":[{"href":"https:\/\/www.redacteur.com\/blog\/wp-json\/wp\/v2\/types\/page"}],"author":[{"embeddable":true,"href":"https:\/\/www.redacteur.com\/blog\/wp-json\/wp\/v2\/users\/1"}],"replies":[{"embeddable":true,"href":"https:\/\/www.redacteur.com\/blog\/wp-json\/wp\/v2\/comments?post=30638"}],"version-history":[{"count":0,"href":"https:\/\/www.redacteur.com\/blog\/wp-json\/wp\/v2\/pages\/30638\/revisions"}],"up":[{"embeddable":true,"href":"https:\/\/www.redacteur.com\/blog\/wp-json\/wp\/v2\/pages\/29730"}],"wp:attachment":[{"href":"https:\/\/www.redacteur.com\/blog\/wp-json\/wp\/v2\/media?parent=30638"}],"curies":[{"name":"wp","href":"https:\/\/api.w.org\/{rel}","templated":true}]}}