{"id":30641,"date":"2022-03-01T16:18:57","date_gmt":"2022-03-01T15:18:57","guid":{"rendered":"https:\/\/www.redacteur.com\/blog\/?page_id=30641"},"modified":"2022-03-01T16:18:57","modified_gmt":"2022-03-01T15:18:57","slug":"content-marketing","status":"publish","type":"page","link":"https:\/\/www.redacteur.com\/blog\/definition\/content-marketing\/","title":{"rendered":"Content marketing"},"content":{"rendered":"<p>Le <strong>content marketing<\/strong> est un terme qui revient souvent dans les strat\u00e9gies digitales, mais que se cache-t-il derri\u00e8re ces mots sur toutes les l\u00e8vres&nbsp;? Nous vous d\u00e9voilons tout sur le content marketing \u00e0 commencer par sa d\u00e9finition un peu plus bas.<\/p>\n<p>&nbsp;<\/p>\n<h2>Qu\u2019entendons-nous par content marketing&nbsp;?<\/h2>\n<p>Le content marketing aussi appel\u00e9 <strong>marketing de contenu<\/strong> repose sur une strat\u00e9gie qui consiste \u00e0 cr\u00e9er et \u00e0 diffuser des contenus qui apportent de la valeur. C&#8217;est-\u00e0-dire que ces contenus doivent <strong>apporter des informations utiles<\/strong> envers une audience cibl\u00e9e afin de se rendre visible aupr\u00e8s des personnes vis\u00e9es. Le <strong>marketing de contenu<\/strong> cherche \u00e0 attirer de nouveaux visiteurs sur un site web afin de les convertir en client \u00e0 travers des <a href=\"https:\/\/www.redacteur.com\/blog\/definition\/ligne-editoriale\/\">strat\u00e9gies \u00e9ditoriales<\/a>, des m\u00e9thodes de narration et un apport de valeur qui va susciter l\u2019int\u00e9r\u00eat des visiteurs. Une fois bien mis en place, le <strong>content marketing<\/strong> permet d\u2019am\u00e9liorer de mani\u00e8re durable sa visibilit\u00e9, aussi bien sur l\u2019audience cibl\u00e9e que sur les moteurs de recherche en visant des mots cl\u00e9s pr\u00e9cis.<\/p>\n<p>C\u2019est une <strong>alternative \u00e0 la publicit\u00e9 standard<\/strong> qui est jug\u00e9e trop agressive et avec un c\u00f4t\u00e9 tr\u00e8s intrusif. En cr\u00e9ant des contenus qui int\u00e9ressent le lecteur, celui-ci d\u00e9cide de lui-m\u00eame accorder du temps \u00e0 la lecture qui pourra alors jouer sur ses \u00e9motions et inciter \u00e0 un comportement o\u00f9 une action.<\/p>\n<p><img decoding=\"async\" class=\"aligncenter size-full wp-image-30460\" src=\"https:\/\/www.redacteur.com\/blog\/wp-content\/uploads\/2022\/02\/inbound-marketing.jpg\" alt=\"D\u00e9finition Inbound Marketing\" width=\"700\" height=\"700\" srcset=\"https:\/\/www.redacteur.com\/blog\/wp-content\/uploads\/sites\/6\/2022\/02\/inbound-marketing.jpg 700w, https:\/\/www.redacteur.com\/blog\/wp-content\/uploads\/sites\/6\/2022\/02\/inbound-marketing-300x300.jpg 300w, https:\/\/www.redacteur.com\/blog\/wp-content\/uploads\/sites\/6\/2022\/02\/inbound-marketing-150x150.jpg 150w, https:\/\/www.redacteur.com\/blog\/wp-content\/uploads\/sites\/6\/2022\/02\/inbound-marketing-60x60.jpg 60w, https:\/\/www.redacteur.com\/blog\/wp-content\/uploads\/sites\/6\/2022\/02\/inbound-marketing-370x370.jpg 370w, https:\/\/www.redacteur.com\/blog\/wp-content\/uploads\/sites\/6\/2022\/02\/inbound-marketing-270x270.jpg 270w, https:\/\/www.redacteur.com\/blog\/wp-content\/uploads\/sites\/6\/2022\/02\/inbound-marketing-570x570.jpg 570w\" sizes=\"(max-width: 700px) 100vw, 700px\" \/><\/p>\n<h2>Pourquoi adopter une strat\u00e9gie de content marketing pour le SEO<\/h2>\n<p>En optimisant son contenu pour plaire aux moteurs de recherche, un site web se verra mieux <a href=\"https:\/\/www.redacteur.com\/blog\/definition\/referencement-naturel\/\">r\u00e9f\u00e9renc\u00e9<\/a> et donc mieux class\u00e9 en comparaison de ses concurrents. Le <strong>content marketing<\/strong> est une partie du marketing dont le but est de guider le visiteur d\u2019un site web vers un tunnel de vente. Tout cela au travers de contenu utile \u00e0 forte valeur ajout\u00e9e qui va int\u00e9resser le lecteur. Une bonne strat\u00e9gie de content marketing coupl\u00e9e avec un haut niveau de r\u00e9f\u00e9rencement permet d\u2019obtenir d&#8217;excellents r\u00e9sultats de mani\u00e8re totalement passive avec un <a href=\"https:\/\/www.redacteur.com\/blog\/definition\/trafic-organique\/\">trafic naturel<\/a> qui est automatiquement converti par votre contenu, quelle que soit l\u2019heure et l\u2019endroit o\u00f9 se situe votre prospect. C\u2019est \u00e9galement une tr\u00e8s bonne solution pour favoriser la <strong>fid\u00e9lit\u00e9<\/strong> de ses clients et les faire <strong>adh\u00e9rer \u00e0 votre entreprise<\/strong>.<\/p>\n<p>Il est possible d\u2019amener le prospect \u00e0 une conversion de plusieurs mani\u00e8res. La vente peut se faire totalement en ligne, ou vous pouvez pousser le visiteur \u00e0 rentrer ses donn\u00e9es personnelles pour avoir acc\u00e8s \u00e0 plus d\u2019informations comme un livre blanc. De cette mani\u00e8re, vous serez libre de contacter votre prospect au travers d\u2019une <strong>\u00e9quipe commerciale<\/strong> qui prendra en charge la suite du tunnel de vente.<\/p>\n<p>Pour une strat\u00e9gie efficace, il est judicieux de coupler le content marketing avec le r\u00e9f\u00e9rencement naturel. Un content marketing qui convertit ne suffira pas si vous n\u2019avez pas de trafic, mais un trafic qui ne se convertit pas non plus.<\/p>\n<p>&nbsp;<\/p>\n<h2>Conseils pour un bon content marketing<\/h2>\n<p>Pour r\u00e9ussir votre <strong>content marketing<\/strong>, vous devez avant tout pr\u00eater attention \u00e0 la qualit\u00e9 du contenu propos\u00e9. En apportant de la valeur \u00e0 vos contenus, celle-ci va \u00eatre per\u00e7ue par vos lecteurs et ils continueront donc d\u2019eux-m\u00eames \u00e0 avancer dans le tunnel de vente pour en obtenir plus.<br \/>\nAutre point, si vous souhaitez d\u00e9velopper et mettre en place une strat\u00e9gie de <strong>content marketing<\/strong> efficace, vous devez avant tout conna\u00eetre votre cible sous tous les angles. Votre contenu doit s\u2019adresser \u00e0 une personne bien pr\u00e9cise qui a des envies, des passions, un train de vie et autant de param\u00e8tres que possible afin que votre contenu lui parle directement. Si vous rencontrez des difficult\u00e9s \u00e0 cibler votre audience, <a href=\"https:\/\/www.redacteur.com\/packs-strategie-contenu-seo\/index.html\">des professionnels peuvent vous aider<\/a> afin de vous aiguiller dans la direction \u00e0 suivre.<\/p>\n","protected":false},"excerpt":{"rendered":"<p>Le content marketing est un terme qui revient souvent dans les strat\u00e9gies digitales, mais que se cache-t-il derri\u00e8re ces mots sur toutes les l\u00e8vres&nbsp;? Nous vous d\u00e9voilons tout sur le content marketing \u00e0 commencer par sa d\u00e9finition un peu plus bas. &nbsp; Qu\u2019entendons-nous par content marketing&nbsp;? Le content marketing aussi appel\u00e9 marketing de contenu repose [&hellip;]<\/p>\n","protected":false},"author":1,"featured_media":0,"parent":29730,"menu_order":0,"comment_status":"closed","ping_status":"closed","template":"","meta":{"_acf_changed":false,"inline_featured_image":false,"footnotes":""},"class_list":["post-30641","page","type-page","status-publish","hentry"],"acf":[],"yoast_head":"<!-- This site is optimized with the Yoast SEO plugin v25.9 - https:\/\/yoast.com\/wordpress\/plugins\/seo\/ -->\n<title>Qu&#039;est-ce que le content marketing ? D\u00e9finition - Redacteur.com<\/title>\n<meta name=\"description\" content=\"Le content marketing est un terme qui revient souvent dans les strat\u00e9gies digitales, mais que se cache-t-il derri\u00e8re ces mots sur toutes les l\u00e8vres ? Nous\" \/>\n<meta name=\"robots\" content=\"index, follow, max-snippet:-1, max-image-preview:large, max-video-preview:-1\" \/>\n<link rel=\"canonical\" href=\"https:\/\/www.redacteur.com\/blog\/definition\/content-marketing\/\" \/>\n<meta property=\"og:locale\" content=\"fr_FR\" \/>\n<meta property=\"og:type\" content=\"article\" \/>\n<meta property=\"og:title\" content=\"Qu&#039;est-ce que le content marketing ? D\u00e9finition - Redacteur.com\" \/>\n<meta property=\"og:description\" content=\"Le content marketing est un terme qui revient souvent dans les strat\u00e9gies digitales, mais que se cache-t-il derri\u00e8re ces mots sur toutes les l\u00e8vres ? Nous\" \/>\n<meta property=\"og:url\" content=\"https:\/\/www.redacteur.com\/blog\/definition\/content-marketing\/\" \/>\n<meta property=\"og:site_name\" content=\"Redacteur.com\" \/>\n<meta property=\"article:publisher\" content=\"https:\/\/www.facebook.com\/redacteurcom\" \/>\n<meta property=\"og:image\" content=\"https:\/\/www.redacteur.com\/blog\/wp-content\/uploads\/2022\/02\/inbound-marketing.jpg\" \/>\n<meta name=\"twitter:card\" content=\"summary_large_image\" \/>\n<meta name=\"twitter:site\" content=\"@Redacteurcom\" \/>\n<meta name=\"twitter:label1\" content=\"Dur\u00e9e de lecture estim\u00e9e\" \/>\n\t<meta name=\"twitter:data1\" content=\"3 minutes\" \/>\n<script type=\"application\/ld+json\" class=\"yoast-schema-graph\">{\"@context\":\"https:\/\/schema.org\",\"@graph\":[{\"@type\":\"WebPage\",\"@id\":\"https:\/\/www.redacteur.com\/blog\/definition\/content-marketing\/\",\"url\":\"https:\/\/www.redacteur.com\/blog\/definition\/content-marketing\/\",\"name\":\"Qu'est-ce que le content marketing ? D\u00e9finition - Redacteur.com\",\"isPartOf\":{\"@id\":\"https:\/\/www.redacteur.com\/blog\/#website\"},\"primaryImageOfPage\":{\"@id\":\"https:\/\/www.redacteur.com\/blog\/definition\/content-marketing\/#primaryimage\"},\"image\":{\"@id\":\"https:\/\/www.redacteur.com\/blog\/definition\/content-marketing\/#primaryimage\"},\"thumbnailUrl\":\"https:\/\/www.redacteur.com\/blog\/wp-content\/uploads\/2022\/02\/inbound-marketing.jpg\",\"datePublished\":\"2022-03-01T15:18:57+00:00\",\"description\":\"Le content marketing est un terme qui revient souvent dans les strat\u00e9gies digitales, mais que se cache-t-il derri\u00e8re ces mots sur toutes les l\u00e8vres ? Nous\",\"breadcrumb\":{\"@id\":\"https:\/\/www.redacteur.com\/blog\/definition\/content-marketing\/#breadcrumb\"},\"inLanguage\":\"fr-FR\",\"potentialAction\":[{\"@type\":\"ReadAction\",\"target\":[\"https:\/\/www.redacteur.com\/blog\/definition\/content-marketing\/\"]}]},{\"@type\":\"ImageObject\",\"inLanguage\":\"fr-FR\",\"@id\":\"https:\/\/www.redacteur.com\/blog\/definition\/content-marketing\/#primaryimage\",\"url\":\"https:\/\/www.redacteur.com\/blog\/wp-content\/uploads\/sites\/6\/2022\/02\/inbound-marketing.jpg\",\"contentUrl\":\"https:\/\/www.redacteur.com\/blog\/wp-content\/uploads\/sites\/6\/2022\/02\/inbound-marketing.jpg\",\"width\":700,\"height\":700,\"caption\":\"D\u00e9finition Inbound Marketing\"},{\"@type\":\"BreadcrumbList\",\"@id\":\"https:\/\/www.redacteur.com\/blog\/definition\/content-marketing\/#breadcrumb\",\"itemListElement\":[{\"@type\":\"ListItem\",\"position\":1,\"name\":\"Blog\",\"item\":\"https:\/\/www.redacteur.com\/blog\/\"},{\"@type\":\"ListItem\",\"position\":2,\"name\":\"Lexique SEO\",\"item\":\"https:\/\/www.redacteur.com\/blog\/definition\/\"},{\"@type\":\"ListItem\",\"position\":3,\"name\":\"Content marketing\"}]},{\"@type\":\"WebSite\",\"@id\":\"https:\/\/www.redacteur.com\/blog\/#website\",\"url\":\"https:\/\/www.redacteur.com\/blog\/\",\"name\":\"Redacteur.com\",\"description\":\"redacteur\",\"publisher\":{\"@id\":\"https:\/\/www.redacteur.com\/blog\/#organization\"},\"potentialAction\":[{\"@type\":\"SearchAction\",\"target\":{\"@type\":\"EntryPoint\",\"urlTemplate\":\"https:\/\/www.redacteur.com\/blog\/?s={search_term_string}\"},\"query-input\":{\"@type\":\"PropertyValueSpecification\",\"valueRequired\":true,\"valueName\":\"search_term_string\"}}],\"inLanguage\":\"fr-FR\"},{\"@type\":\"Organization\",\"@id\":\"https:\/\/www.redacteur.com\/blog\/#organization\",\"name\":\"Redacteur.com\",\"url\":\"https:\/\/www.redacteur.com\/blog\/\",\"logo\":{\"@type\":\"ImageObject\",\"inLanguage\":\"fr-FR\",\"@id\":\"https:\/\/www.redacteur.com\/blog\/#\/schema\/logo\/image\/\",\"url\":\"https:\/\/www.redacteur.com\/blog\/wp-content\/uploads\/sites\/6\/2022\/10\/logo-redacteur-blog.svg\",\"contentUrl\":\"https:\/\/www.redacteur.com\/blog\/wp-content\/uploads\/sites\/6\/2022\/10\/logo-redacteur-blog.svg\",\"width\":1,\"height\":1,\"caption\":\"Redacteur.com\"},\"image\":{\"@id\":\"https:\/\/www.redacteur.com\/blog\/#\/schema\/logo\/image\/\"},\"sameAs\":[\"https:\/\/www.facebook.com\/redacteurcom\",\"https:\/\/x.com\/Redacteurcom\",\"https:\/\/www.linkedin.com\/company\/redacteur-com\",\"https:\/\/www.youtube.com\/channel\/UCgj9ySM9xy3gdL8qBafl9Uw\/\"]}]}<\/script>\n<!-- \/ Yoast SEO plugin. -->","yoast_head_json":{"title":"Qu'est-ce que le content marketing ? D\u00e9finition - Redacteur.com","description":"Le content marketing est un terme qui revient souvent dans les strat\u00e9gies digitales, mais que se cache-t-il derri\u00e8re ces mots sur toutes les l\u00e8vres ? Nous","robots":{"index":"index","follow":"follow","max-snippet":"max-snippet:-1","max-image-preview":"max-image-preview:large","max-video-preview":"max-video-preview:-1"},"canonical":"https:\/\/www.redacteur.com\/blog\/definition\/content-marketing\/","og_locale":"fr_FR","og_type":"article","og_title":"Qu'est-ce que le content marketing ? D\u00e9finition - Redacteur.com","og_description":"Le content marketing est un terme qui revient souvent dans les strat\u00e9gies digitales, mais que se cache-t-il derri\u00e8re ces mots sur toutes les l\u00e8vres ? Nous","og_url":"https:\/\/www.redacteur.com\/blog\/definition\/content-marketing\/","og_site_name":"Redacteur.com","article_publisher":"https:\/\/www.facebook.com\/redacteurcom","og_image":[{"url":"https:\/\/www.redacteur.com\/blog\/wp-content\/uploads\/2022\/02\/inbound-marketing.jpg","type":"","width":"","height":""}],"twitter_card":"summary_large_image","twitter_site":"@Redacteurcom","twitter_misc":{"Dur\u00e9e de lecture estim\u00e9e":"3 minutes"},"schema":{"@context":"https:\/\/schema.org","@graph":[{"@type":"WebPage","@id":"https:\/\/www.redacteur.com\/blog\/definition\/content-marketing\/","url":"https:\/\/www.redacteur.com\/blog\/definition\/content-marketing\/","name":"Qu'est-ce que le content marketing ? D\u00e9finition - Redacteur.com","isPartOf":{"@id":"https:\/\/www.redacteur.com\/blog\/#website"},"primaryImageOfPage":{"@id":"https:\/\/www.redacteur.com\/blog\/definition\/content-marketing\/#primaryimage"},"image":{"@id":"https:\/\/www.redacteur.com\/blog\/definition\/content-marketing\/#primaryimage"},"thumbnailUrl":"https:\/\/www.redacteur.com\/blog\/wp-content\/uploads\/2022\/02\/inbound-marketing.jpg","datePublished":"2022-03-01T15:18:57+00:00","description":"Le content marketing est un terme qui revient souvent dans les strat\u00e9gies digitales, mais que se cache-t-il derri\u00e8re ces mots sur toutes les l\u00e8vres ? Nous","breadcrumb":{"@id":"https:\/\/www.redacteur.com\/blog\/definition\/content-marketing\/#breadcrumb"},"inLanguage":"fr-FR","potentialAction":[{"@type":"ReadAction","target":["https:\/\/www.redacteur.com\/blog\/definition\/content-marketing\/"]}]},{"@type":"ImageObject","inLanguage":"fr-FR","@id":"https:\/\/www.redacteur.com\/blog\/definition\/content-marketing\/#primaryimage","url":"https:\/\/www.redacteur.com\/blog\/wp-content\/uploads\/sites\/6\/2022\/02\/inbound-marketing.jpg","contentUrl":"https:\/\/www.redacteur.com\/blog\/wp-content\/uploads\/sites\/6\/2022\/02\/inbound-marketing.jpg","width":700,"height":700,"caption":"D\u00e9finition Inbound Marketing"},{"@type":"BreadcrumbList","@id":"https:\/\/www.redacteur.com\/blog\/definition\/content-marketing\/#breadcrumb","itemListElement":[{"@type":"ListItem","position":1,"name":"Blog","item":"https:\/\/www.redacteur.com\/blog\/"},{"@type":"ListItem","position":2,"name":"Lexique SEO","item":"https:\/\/www.redacteur.com\/blog\/definition\/"},{"@type":"ListItem","position":3,"name":"Content marketing"}]},{"@type":"WebSite","@id":"https:\/\/www.redacteur.com\/blog\/#website","url":"https:\/\/www.redacteur.com\/blog\/","name":"Redacteur.com","description":"redacteur","publisher":{"@id":"https:\/\/www.redacteur.com\/blog\/#organization"},"potentialAction":[{"@type":"SearchAction","target":{"@type":"EntryPoint","urlTemplate":"https:\/\/www.redacteur.com\/blog\/?s={search_term_string}"},"query-input":{"@type":"PropertyValueSpecification","valueRequired":true,"valueName":"search_term_string"}}],"inLanguage":"fr-FR"},{"@type":"Organization","@id":"https:\/\/www.redacteur.com\/blog\/#organization","name":"Redacteur.com","url":"https:\/\/www.redacteur.com\/blog\/","logo":{"@type":"ImageObject","inLanguage":"fr-FR","@id":"https:\/\/www.redacteur.com\/blog\/#\/schema\/logo\/image\/","url":"https:\/\/www.redacteur.com\/blog\/wp-content\/uploads\/sites\/6\/2022\/10\/logo-redacteur-blog.svg","contentUrl":"https:\/\/www.redacteur.com\/blog\/wp-content\/uploads\/sites\/6\/2022\/10\/logo-redacteur-blog.svg","width":1,"height":1,"caption":"Redacteur.com"},"image":{"@id":"https:\/\/www.redacteur.com\/blog\/#\/schema\/logo\/image\/"},"sameAs":["https:\/\/www.facebook.com\/redacteurcom","https:\/\/x.com\/Redacteurcom","https:\/\/www.linkedin.com\/company\/redacteur-com","https:\/\/www.youtube.com\/channel\/UCgj9ySM9xy3gdL8qBafl9Uw\/"]}]}},"_links":{"self":[{"href":"https:\/\/www.redacteur.com\/blog\/wp-json\/wp\/v2\/pages\/30641","targetHints":{"allow":["GET"]}}],"collection":[{"href":"https:\/\/www.redacteur.com\/blog\/wp-json\/wp\/v2\/pages"}],"about":[{"href":"https:\/\/www.redacteur.com\/blog\/wp-json\/wp\/v2\/types\/page"}],"author":[{"embeddable":true,"href":"https:\/\/www.redacteur.com\/blog\/wp-json\/wp\/v2\/users\/1"}],"replies":[{"embeddable":true,"href":"https:\/\/www.redacteur.com\/blog\/wp-json\/wp\/v2\/comments?post=30641"}],"version-history":[{"count":0,"href":"https:\/\/www.redacteur.com\/blog\/wp-json\/wp\/v2\/pages\/30641\/revisions"}],"up":[{"embeddable":true,"href":"https:\/\/www.redacteur.com\/blog\/wp-json\/wp\/v2\/pages\/29730"}],"wp:attachment":[{"href":"https:\/\/www.redacteur.com\/blog\/wp-json\/wp\/v2\/media?parent=30641"}],"curies":[{"name":"wp","href":"https:\/\/api.w.org\/{rel}","templated":true}]}}