{"id":30643,"date":"2022-03-01T16:30:55","date_gmt":"2022-03-01T15:30:55","guid":{"rendered":"https:\/\/www.redacteur.com\/blog\/?page_id=30643"},"modified":"2022-03-01T16:30:55","modified_gmt":"2022-03-01T15:30:55","slug":"url-canonique","status":"publish","type":"page","link":"https:\/\/www.redacteur.com\/blog\/definition\/url-canonique\/","title":{"rendered":"URL canonique"},"content":{"rendered":"<p><strong>L\u2019URL canonique<\/strong> est relativement peu travaill\u00e9e en <a href=\"https:\/\/www.redacteur.com\/blog\/definition\/seo\/\">SEO<\/a>. Cependant, ce n\u2019est pas parce qu&#8217;elle est moins connue que les autres outils qu\u2019elle est moins efficace, bien au contraire. D\u00e9couvrez dans la suite de l\u2019article tout ce que l\u2019<strong>URL canonique<\/strong> peut apporter \u00e0 votre site web.<\/p>\n<p>&nbsp;<\/p>\n<h2>Qu\u2019est-ce qu\u2019une URL canonique&nbsp;?<\/h2>\n<p>En tant que <a href=\"https:\/\/www.redacteur.com\/blog\/definition\/balise-canonical\/\">balise<\/a>, l\u2019<strong>URL canonique<\/strong> va notifier au moteur de recherche <strong>l\u2019URL<\/strong> qu\u2019il va devoir assimiler dans ces donn\u00e9es pour r\u00e9aliser <a href=\"https:\/\/www.redacteur.com\/blog\/definition\/indexer\/\">l\u2019indexation<\/a> de votre site. Un \u00e9l\u00e9ment tr\u00e8s utile si vous vous retrouvez avec des pages qui poss\u00e8dent des contenus similaires, car vous pouvez notifier aux <a href=\"https:\/\/www.redacteur.com\/blog\/definition\/crawler\/\">robots<\/a> de Google par o\u00f9 commencer au lieu de les laisser d\u00e9cider par eux-m\u00eames.<\/p>\n<p>L\u2019<strong>URL canonique<\/strong> sert donc d\u2019URL de r\u00e9f\u00e9rence pour les moteurs de recherche. En effet, il est tout \u00e0 fait possible de retrouver plusieurs URL \u00e0 destination d\u2019un seul et m\u00eame article. Les moteurs de recherches vont donc choisir une des URL disponibles pour la mettre en r\u00e9f\u00e9rence et laisser les autres de c\u00f4t\u00e9. Tout cela dans le but de ne pas surcharger inutilement les serveurs. En pla\u00e7ant votre <strong>URL canonique<\/strong>, vous avez la certitude que les moteurs de recherches int\u00e8grent la bonne <a href=\"https:\/\/www.redacteur.com\/blog\/definition\/balise-html\/\">balise<\/a> dans leur base de donn\u00e9es, et donc la bonne page d\u2019origine de votre site web.<\/p>\n<p><img decoding=\"async\" class=\"aligncenter wp-image-30018 size-large\" src=\"https:\/\/www.redacteur.com\/blog\/wp-content\/uploads\/2022\/02\/screenshot2177-1024x55.jpg\" alt=\"balise canonical\" width=\"770\" height=\"41\" srcset=\"https:\/\/www.redacteur.com\/blog\/wp-content\/uploads\/sites\/6\/2022\/02\/screenshot2177-1024x55.jpg 1024w, https:\/\/www.redacteur.com\/blog\/wp-content\/uploads\/sites\/6\/2022\/02\/screenshot2177-300x16.jpg 300w, https:\/\/www.redacteur.com\/blog\/wp-content\/uploads\/sites\/6\/2022\/02\/screenshot2177-768x41.jpg 768w, https:\/\/www.redacteur.com\/blog\/wp-content\/uploads\/sites\/6\/2022\/02\/screenshot2177-1536x82.jpg 1536w, https:\/\/www.redacteur.com\/blog\/wp-content\/uploads\/sites\/6\/2022\/02\/screenshot2177-2048x109.jpg 2048w, https:\/\/www.redacteur.com\/blog\/wp-content\/uploads\/sites\/6\/2022\/02\/screenshot2177-60x3.jpg 60w, https:\/\/www.redacteur.com\/blog\/wp-content\/uploads\/sites\/6\/2022\/02\/screenshot2177-370x20.jpg 370w, https:\/\/www.redacteur.com\/blog\/wp-content\/uploads\/sites\/6\/2022\/02\/screenshot2177-270x14.jpg 270w, https:\/\/www.redacteur.com\/blog\/wp-content\/uploads\/sites\/6\/2022\/02\/screenshot2177-570x30.jpg 570w, https:\/\/www.redacteur.com\/blog\/wp-content\/uploads\/sites\/6\/2022\/02\/screenshot2177-740x39.jpg 740w\" sizes=\"(max-width: 770px) 100vw, 770px\" \/><\/p>\n<h2>L\u2019URL canonique&nbsp;: comment \u00e7a fonctionne&nbsp;?<\/h2>\n<p>Malheureusement, les moteurs de recherche doivent faire face \u00e0 une tr\u00e8s grande quantit\u00e9 de <a href=\"https:\/\/www.redacteur.com\/blog\/definition\/duplicate-content\/\">contenus dupliqu\u00e9s<\/a> sur internet. Ils ne peuvent donc pas indexer l\u2019ensemble de ces pages, car elles n\u2019apportent pas de valeurs ajout\u00e9es et prennent de la place. Il va alors falloir faire un choix parmi la liste des pages disponibles. Cependant, le propri\u00e9taire d\u2019un site web a la possibilit\u00e9 d\u2019indiquer quelle page doit servir de r\u00e9f\u00e9rence en utilisant la <strong>balise de l\u2019URL canonique<\/strong>. Cela \u00e9vite ainsi que deux pages identiques n\u2019entrent en concurrence et ne se sabotent entre elles pour le <a href=\"https:\/\/www.redacteur.com\/blog\/definition\/referencement-naturel\/\">r\u00e9f\u00e9rencement<\/a>.<\/p>\n<p>De plus, l\u2019URL canonique apporte un v\u00e9ritable plus au niveau du r\u00e9f\u00e9rencement. En effet, au lieu de faire entrer en concurrence les diff\u00e9rentes pages analys\u00e9es et de n\u2019en s\u00e9lectionner qu\u2019une, les robots des moteurs de recherche vont se centrer sur l\u2019<strong>URL canonique<\/strong> et y ajouter toute la \u201cforce\u201d des pages similaires du site. Tout est donc concentr\u00e9 en un m\u00eame point et non plus dispers\u00e9, ce qui facilite non seulement le travail des moteurs de recherche, mais permet aussi \u00e0 votre site d&#8217;\u00eatre mieux r\u00e9f\u00e9renc\u00e9.<\/p>\n<p>&nbsp;<\/p>\n<h2>Nos conseils pour utiliser les URL canoniques<\/h2>\n<p>Pour optimiser au mieux les <strong>URL canoniques<\/strong> de votre site web, nous vous conseillons d\u2019utiliser des adresses dites absolues dans le param\u00e9trage de votre URL canonique. En effet, il peut arriver que certaines URL soient mal comprises par les moteurs de recherche ce qui peut nuire au r\u00e9f\u00e9rencement de la page concentr\u00e9e et donc du site web.<\/p>\n<p>Les URL canoniques qui retournent un code d\u2019erreur ne pourront pas emp\u00eacher que les moteurs indexent la page. Ils chercheront donc une <strong>URL canonique<\/strong> \u00e0 attribuer \u00e0 cette page, ce qui peut donc modifier le niveau de r\u00e9f\u00e9rencement de votre site si vous ne faites pas en sorte de placer correctement vos balises.<\/p>\n<p>Les propri\u00e9taires de site web ne peuvent malheureusement pas contr\u00f4ler le niveau de r\u00e9f\u00e9rencement. Tout d\u00e9pend du bon vouloir et de l\u2019appr\u00e9ciation des moteurs de recherche. C\u2019est pourquoi il est primordial de faire bien attention \u00e0 l\u2019\u00e9tat de ses <strong>URL canoniques.<\/strong> Vous pouvez explorer vous-m\u00eame l\u2019ensemble de liens et v\u00e9rifier que tout est en ordre ou vous pouvez aussi demander \u00e0 <a href=\"https:\/\/www.redacteur.com\/packs-strategie-contenu-seo\/index.html\">r\u00e9aliser un audit<\/a> aupr\u00e8s d\u2019une agence professionnelle afin de vous faire accompagner.<\/p>\n<blockquote><p><strong>\u00c0 lire aussi&nbsp;:<\/strong> <a href=\"https:\/\/www.redacteur.com\/blog\/seo-comment-utiliser-balise-canonical\/\">Comment utiliser la balise canonical&nbsp;?<\/a><\/p><\/blockquote>\n","protected":false},"excerpt":{"rendered":"<p>L\u2019URL canonique est relativement peu travaill\u00e9e en SEO. Cependant, ce n\u2019est pas parce qu&#8217;elle est moins connue que les autres outils qu\u2019elle est moins efficace, bien au contraire. D\u00e9couvrez dans la suite de l\u2019article tout ce que l\u2019URL canonique peut apporter \u00e0 votre site web. &nbsp; Qu\u2019est-ce qu\u2019une URL canonique&nbsp;? En tant que balise, l\u2019URL [&hellip;]<\/p>\n","protected":false},"author":1,"featured_media":0,"parent":29730,"menu_order":0,"comment_status":"closed","ping_status":"closed","template":"","meta":{"_acf_changed":false,"inline_featured_image":false,"footnotes":""},"class_list":["post-30643","page","type-page","status-publish","hentry"],"acf":[],"yoast_head":"<!-- This site is optimized with the Yoast SEO plugin v25.9 - https:\/\/yoast.com\/wordpress\/plugins\/seo\/ -->\n<title>Qu&#039;est-ce qu&#039;une URL canonique ? D\u00e9finition - Redacteur.com<\/title>\n<meta name=\"description\" content=\"L\u2019URL canonique est relativement peu travaill\u00e9e en SEO. Cependant, ce n\u2019est pas parce qu&#039;elle est moins connue que les autres outils qu\u2019elle est moins\" \/>\n<meta name=\"robots\" content=\"index, follow, max-snippet:-1, max-image-preview:large, max-video-preview:-1\" \/>\n<link rel=\"canonical\" href=\"https:\/\/www.redacteur.com\/blog\/definition\/url-canonique\/\" \/>\n<meta property=\"og:locale\" content=\"fr_FR\" \/>\n<meta property=\"og:type\" content=\"article\" \/>\n<meta property=\"og:title\" content=\"Qu&#039;est-ce qu&#039;une URL canonique ? D\u00e9finition - Redacteur.com\" \/>\n<meta property=\"og:description\" content=\"L\u2019URL canonique est relativement peu travaill\u00e9e en SEO. Cependant, ce n\u2019est pas parce qu&#039;elle est moins connue que les autres outils qu\u2019elle est moins\" \/>\n<meta property=\"og:url\" content=\"https:\/\/www.redacteur.com\/blog\/definition\/url-canonique\/\" \/>\n<meta property=\"og:site_name\" content=\"Redacteur.com\" \/>\n<meta property=\"article:publisher\" content=\"https:\/\/www.facebook.com\/redacteurcom\" \/>\n<meta property=\"og:image\" content=\"https:\/\/www.redacteur.com\/blog\/wp-content\/uploads\/2022\/02\/screenshot2177-1024x55.jpg\" \/>\n<meta name=\"twitter:card\" content=\"summary_large_image\" \/>\n<meta name=\"twitter:site\" content=\"@Redacteurcom\" \/>\n<meta name=\"twitter:label1\" content=\"Dur\u00e9e de lecture estim\u00e9e\" \/>\n\t<meta name=\"twitter:data1\" content=\"4 minutes\" \/>\n<script type=\"application\/ld+json\" class=\"yoast-schema-graph\">{\"@context\":\"https:\/\/schema.org\",\"@graph\":[{\"@type\":\"WebPage\",\"@id\":\"https:\/\/www.redacteur.com\/blog\/definition\/url-canonique\/\",\"url\":\"https:\/\/www.redacteur.com\/blog\/definition\/url-canonique\/\",\"name\":\"Qu'est-ce qu'une URL canonique ? D\u00e9finition - Redacteur.com\",\"isPartOf\":{\"@id\":\"https:\/\/www.redacteur.com\/blog\/#website\"},\"primaryImageOfPage\":{\"@id\":\"https:\/\/www.redacteur.com\/blog\/definition\/url-canonique\/#primaryimage\"},\"image\":{\"@id\":\"https:\/\/www.redacteur.com\/blog\/definition\/url-canonique\/#primaryimage\"},\"thumbnailUrl\":\"https:\/\/www.redacteur.com\/blog\/wp-content\/uploads\/2022\/02\/screenshot2177-1024x55.jpg\",\"datePublished\":\"2022-03-01T15:30:55+00:00\",\"description\":\"L\u2019URL canonique est relativement peu travaill\u00e9e en SEO. Cependant, ce n\u2019est pas parce qu'elle est moins connue que les autres outils qu\u2019elle est moins\",\"breadcrumb\":{\"@id\":\"https:\/\/www.redacteur.com\/blog\/definition\/url-canonique\/#breadcrumb\"},\"inLanguage\":\"fr-FR\",\"potentialAction\":[{\"@type\":\"ReadAction\",\"target\":[\"https:\/\/www.redacteur.com\/blog\/definition\/url-canonique\/\"]}]},{\"@type\":\"ImageObject\",\"inLanguage\":\"fr-FR\",\"@id\":\"https:\/\/www.redacteur.com\/blog\/definition\/url-canonique\/#primaryimage\",\"url\":\"https:\/\/www.redacteur.com\/blog\/wp-content\/uploads\/sites\/6\/2022\/02\/screenshot2177.jpg\",\"contentUrl\":\"https:\/\/www.redacteur.com\/blog\/wp-content\/uploads\/sites\/6\/2022\/02\/screenshot2177.jpg\",\"width\":2530,\"height\":135,\"caption\":\"La balise canonical sur cette page indique que l'url https:\/\/www.redacteur.com est la page officielle et originale du site\"},{\"@type\":\"BreadcrumbList\",\"@id\":\"https:\/\/www.redacteur.com\/blog\/definition\/url-canonique\/#breadcrumb\",\"itemListElement\":[{\"@type\":\"ListItem\",\"position\":1,\"name\":\"Blog\",\"item\":\"https:\/\/www.redacteur.com\/blog\/\"},{\"@type\":\"ListItem\",\"position\":2,\"name\":\"Lexique SEO\",\"item\":\"https:\/\/www.redacteur.com\/blog\/definition\/\"},{\"@type\":\"ListItem\",\"position\":3,\"name\":\"URL canonique\"}]},{\"@type\":\"WebSite\",\"@id\":\"https:\/\/www.redacteur.com\/blog\/#website\",\"url\":\"https:\/\/www.redacteur.com\/blog\/\",\"name\":\"Redacteur.com\",\"description\":\"redacteur\",\"publisher\":{\"@id\":\"https:\/\/www.redacteur.com\/blog\/#organization\"},\"potentialAction\":[{\"@type\":\"SearchAction\",\"target\":{\"@type\":\"EntryPoint\",\"urlTemplate\":\"https:\/\/www.redacteur.com\/blog\/?s={search_term_string}\"},\"query-input\":{\"@type\":\"PropertyValueSpecification\",\"valueRequired\":true,\"valueName\":\"search_term_string\"}}],\"inLanguage\":\"fr-FR\"},{\"@type\":\"Organization\",\"@id\":\"https:\/\/www.redacteur.com\/blog\/#organization\",\"name\":\"Redacteur.com\",\"url\":\"https:\/\/www.redacteur.com\/blog\/\",\"logo\":{\"@type\":\"ImageObject\",\"inLanguage\":\"fr-FR\",\"@id\":\"https:\/\/www.redacteur.com\/blog\/#\/schema\/logo\/image\/\",\"url\":\"https:\/\/www.redacteur.com\/blog\/wp-content\/uploads\/sites\/6\/2022\/10\/logo-redacteur-blog.svg\",\"contentUrl\":\"https:\/\/www.redacteur.com\/blog\/wp-content\/uploads\/sites\/6\/2022\/10\/logo-redacteur-blog.svg\",\"width\":1,\"height\":1,\"caption\":\"Redacteur.com\"},\"image\":{\"@id\":\"https:\/\/www.redacteur.com\/blog\/#\/schema\/logo\/image\/\"},\"sameAs\":[\"https:\/\/www.facebook.com\/redacteurcom\",\"https:\/\/x.com\/Redacteurcom\",\"https:\/\/www.linkedin.com\/company\/redacteur-com\",\"https:\/\/www.youtube.com\/channel\/UCgj9ySM9xy3gdL8qBafl9Uw\/\"]}]}<\/script>\n<!-- \/ Yoast SEO plugin. -->","yoast_head_json":{"title":"Qu'est-ce qu'une URL canonique ? D\u00e9finition - Redacteur.com","description":"L\u2019URL canonique est relativement peu travaill\u00e9e en SEO. Cependant, ce n\u2019est pas parce qu'elle est moins connue que les autres outils qu\u2019elle est moins","robots":{"index":"index","follow":"follow","max-snippet":"max-snippet:-1","max-image-preview":"max-image-preview:large","max-video-preview":"max-video-preview:-1"},"canonical":"https:\/\/www.redacteur.com\/blog\/definition\/url-canonique\/","og_locale":"fr_FR","og_type":"article","og_title":"Qu'est-ce qu'une URL canonique ? D\u00e9finition - Redacteur.com","og_description":"L\u2019URL canonique est relativement peu travaill\u00e9e en SEO. Cependant, ce n\u2019est pas parce qu'elle est moins connue que les autres outils qu\u2019elle est moins","og_url":"https:\/\/www.redacteur.com\/blog\/definition\/url-canonique\/","og_site_name":"Redacteur.com","article_publisher":"https:\/\/www.facebook.com\/redacteurcom","og_image":[{"url":"https:\/\/www.redacteur.com\/blog\/wp-content\/uploads\/2022\/02\/screenshot2177-1024x55.jpg","type":"","width":"","height":""}],"twitter_card":"summary_large_image","twitter_site":"@Redacteurcom","twitter_misc":{"Dur\u00e9e de lecture estim\u00e9e":"4 minutes"},"schema":{"@context":"https:\/\/schema.org","@graph":[{"@type":"WebPage","@id":"https:\/\/www.redacteur.com\/blog\/definition\/url-canonique\/","url":"https:\/\/www.redacteur.com\/blog\/definition\/url-canonique\/","name":"Qu'est-ce qu'une URL canonique ? D\u00e9finition - Redacteur.com","isPartOf":{"@id":"https:\/\/www.redacteur.com\/blog\/#website"},"primaryImageOfPage":{"@id":"https:\/\/www.redacteur.com\/blog\/definition\/url-canonique\/#primaryimage"},"image":{"@id":"https:\/\/www.redacteur.com\/blog\/definition\/url-canonique\/#primaryimage"},"thumbnailUrl":"https:\/\/www.redacteur.com\/blog\/wp-content\/uploads\/2022\/02\/screenshot2177-1024x55.jpg","datePublished":"2022-03-01T15:30:55+00:00","description":"L\u2019URL canonique est relativement peu travaill\u00e9e en SEO. Cependant, ce n\u2019est pas parce qu'elle est moins connue que les autres outils qu\u2019elle est moins","breadcrumb":{"@id":"https:\/\/www.redacteur.com\/blog\/definition\/url-canonique\/#breadcrumb"},"inLanguage":"fr-FR","potentialAction":[{"@type":"ReadAction","target":["https:\/\/www.redacteur.com\/blog\/definition\/url-canonique\/"]}]},{"@type":"ImageObject","inLanguage":"fr-FR","@id":"https:\/\/www.redacteur.com\/blog\/definition\/url-canonique\/#primaryimage","url":"https:\/\/www.redacteur.com\/blog\/wp-content\/uploads\/sites\/6\/2022\/02\/screenshot2177.jpg","contentUrl":"https:\/\/www.redacteur.com\/blog\/wp-content\/uploads\/sites\/6\/2022\/02\/screenshot2177.jpg","width":2530,"height":135,"caption":"La balise canonical sur cette page indique que l'url https:\/\/www.redacteur.com est la page officielle et originale du site"},{"@type":"BreadcrumbList","@id":"https:\/\/www.redacteur.com\/blog\/definition\/url-canonique\/#breadcrumb","itemListElement":[{"@type":"ListItem","position":1,"name":"Blog","item":"https:\/\/www.redacteur.com\/blog\/"},{"@type":"ListItem","position":2,"name":"Lexique SEO","item":"https:\/\/www.redacteur.com\/blog\/definition\/"},{"@type":"ListItem","position":3,"name":"URL canonique"}]},{"@type":"WebSite","@id":"https:\/\/www.redacteur.com\/blog\/#website","url":"https:\/\/www.redacteur.com\/blog\/","name":"Redacteur.com","description":"redacteur","publisher":{"@id":"https:\/\/www.redacteur.com\/blog\/#organization"},"potentialAction":[{"@type":"SearchAction","target":{"@type":"EntryPoint","urlTemplate":"https:\/\/www.redacteur.com\/blog\/?s={search_term_string}"},"query-input":{"@type":"PropertyValueSpecification","valueRequired":true,"valueName":"search_term_string"}}],"inLanguage":"fr-FR"},{"@type":"Organization","@id":"https:\/\/www.redacteur.com\/blog\/#organization","name":"Redacteur.com","url":"https:\/\/www.redacteur.com\/blog\/","logo":{"@type":"ImageObject","inLanguage":"fr-FR","@id":"https:\/\/www.redacteur.com\/blog\/#\/schema\/logo\/image\/","url":"https:\/\/www.redacteur.com\/blog\/wp-content\/uploads\/sites\/6\/2022\/10\/logo-redacteur-blog.svg","contentUrl":"https:\/\/www.redacteur.com\/blog\/wp-content\/uploads\/sites\/6\/2022\/10\/logo-redacteur-blog.svg","width":1,"height":1,"caption":"Redacteur.com"},"image":{"@id":"https:\/\/www.redacteur.com\/blog\/#\/schema\/logo\/image\/"},"sameAs":["https:\/\/www.facebook.com\/redacteurcom","https:\/\/x.com\/Redacteurcom","https:\/\/www.linkedin.com\/company\/redacteur-com","https:\/\/www.youtube.com\/channel\/UCgj9ySM9xy3gdL8qBafl9Uw\/"]}]}},"_links":{"self":[{"href":"https:\/\/www.redacteur.com\/blog\/wp-json\/wp\/v2\/pages\/30643","targetHints":{"allow":["GET"]}}],"collection":[{"href":"https:\/\/www.redacteur.com\/blog\/wp-json\/wp\/v2\/pages"}],"about":[{"href":"https:\/\/www.redacteur.com\/blog\/wp-json\/wp\/v2\/types\/page"}],"author":[{"embeddable":true,"href":"https:\/\/www.redacteur.com\/blog\/wp-json\/wp\/v2\/users\/1"}],"replies":[{"embeddable":true,"href":"https:\/\/www.redacteur.com\/blog\/wp-json\/wp\/v2\/comments?post=30643"}],"version-history":[{"count":0,"href":"https:\/\/www.redacteur.com\/blog\/wp-json\/wp\/v2\/pages\/30643\/revisions"}],"up":[{"embeddable":true,"href":"https:\/\/www.redacteur.com\/blog\/wp-json\/wp\/v2\/pages\/29730"}],"wp:attachment":[{"href":"https:\/\/www.redacteur.com\/blog\/wp-json\/wp\/v2\/media?parent=30643"}],"curies":[{"name":"wp","href":"https:\/\/api.w.org\/{rel}","templated":true}]}}