{"id":30646,"date":"2022-03-01T16:42:35","date_gmt":"2022-03-01T15:42:35","guid":{"rendered":"https:\/\/www.redacteur.com\/blog\/?page_id=30646"},"modified":"2022-03-01T16:42:35","modified_gmt":"2022-03-01T15:42:35","slug":"link-building","status":"publish","type":"page","link":"https:\/\/www.redacteur.com\/blog\/definition\/link-building\/","title":{"rendered":"Link building"},"content":{"rendered":"<p>Le <strong>link building<\/strong> est un outil permettant d\u2019am\u00e9liorer le <a href=\"https:\/\/www.redacteur.com\/blog\/definition\/referencement-naturel\/\">r\u00e9f\u00e9rencement<\/a> <a href=\"https:\/\/www.redacteur.com\/blog\/definition\/seo\/\">SEO<\/a> en cr\u00e9ant un r\u00e9seau tout autour de votre site web. En effet, les <a href=\"https:\/\/www.redacteur.com\/blog\/definition\/backlink\/\">liens entrants<\/a> sont tr\u00e8s appr\u00e9ci\u00e9s par les robots de Google, c\u2019est pourquoi il est essentiel d\u2019int\u00e9grer cet outil dans votre strat\u00e9gie de r\u00e9f\u00e9rencement.<\/p>\n<p>&nbsp;<\/p>\n<h2>Le Link building&nbsp;: qu\u2019est-ce que c\u2019est&nbsp;?<\/h2>\n<p>Le <strong>link building<\/strong>, c\u2019est tout simplement l\u2019int\u00e9gration de liens entrants et sortants sur votre site web. La strat\u00e9gie consiste \u00e0 l\u2019\u00e9laboration d\u2019un r\u00e9seau coh\u00e9rent entre les diff\u00e9rentes pages <strong>via ces liens<\/strong>. La multiplication de ces liens, qu\u2019ils soient sous forme brute, hypertexte ou d\u2019un bouton par exemple vont ensuite conduire le visiteur vers une nouvelle page qui peut \u00eatre <a href=\"https:\/\/www.redacteur.com\/blog\/definition\/netlinking\/\">interne<\/a>, c&#8217;est-\u00e0-dire qu\u2019elle renvoie vers une nouvelle page de votre site, ou externe, dans ce cas le visiteur quitte votre site pour aller sur un autre site que vous aurez mis en lien dans votre contenu.<\/p>\n<figure id=\"attachment_30527\" aria-describedby=\"caption-attachment-30527\" style=\"width: 700px\" class=\"wp-caption aligncenter\"><img decoding=\"async\" class=\"size-full wp-image-30527\" src=\"https:\/\/www.redacteur.com\/blog\/wp-content\/uploads\/2022\/02\/site-inernet-maillage-interne.jpg\" alt=\"Un maillage interne site internet\" width=\"700\" height=\"429\" srcset=\"https:\/\/www.redacteur.com\/blog\/wp-content\/uploads\/sites\/6\/2022\/02\/site-inernet-maillage-interne.jpg 700w, https:\/\/www.redacteur.com\/blog\/wp-content\/uploads\/sites\/6\/2022\/02\/site-inernet-maillage-interne-300x184.jpg 300w, https:\/\/www.redacteur.com\/blog\/wp-content\/uploads\/sites\/6\/2022\/02\/site-inernet-maillage-interne-60x37.jpg 60w, https:\/\/www.redacteur.com\/blog\/wp-content\/uploads\/sites\/6\/2022\/02\/site-inernet-maillage-interne-370x227.jpg 370w, https:\/\/www.redacteur.com\/blog\/wp-content\/uploads\/sites\/6\/2022\/02\/site-inernet-maillage-interne-270x165.jpg 270w, https:\/\/www.redacteur.com\/blog\/wp-content\/uploads\/sites\/6\/2022\/02\/site-inernet-maillage-interne-570x349.jpg 570w\" sizes=\"(max-width: 700px) 100vw, 700px\" \/><figcaption id=\"caption-attachment-30527\" class=\"wp-caption-text\">Source: freepik.com<\/figcaption><\/figure>\n<h2>Quelle est l\u2019utilit\u00e9 du link building<\/h2>\n<p>Le <strong>linkbuilding<\/strong> pr\u00e9sente de nombreux avantages. Tout d\u2019abord, cette strat\u00e9gie permet de cr\u00e9er une arborescence dans votre site web \u00e0 travers tous les liens que vous allez int\u00e9grer. Gr\u00e2ce \u00e0 ces liens, vous allez faciliter le travail de r\u00e9f\u00e9rencement des <a href=\"https:\/\/www.redacteur.com\/blog\/definition\/crawler\/\">robots<\/a> de Google, et m\u00eame les guider \u00e0 travers une suite logique qu\u2019ils pourront mieux comprendre. Des liens bien \u00e9tablis permettent de donner la direction aux moteurs de recherche afin qu\u2019ils analysent l\u2019arborescence de votre site plus facilement. Une <a href=\"https:\/\/www.redacteur.com\/blog\/definition\/budget-crawl\/\">analyse simple et rapide<\/a> pour les robots de Google signifie un meilleur r\u00e9f\u00e9rencement pour vous et donc plus de visibilit\u00e9.<\/p>\n<p>Autre avantage des liens internes, ceux-ci vous permettent de maintenir votre <a href=\"https:\/\/www.redacteur.com\/blog\/definition\/taux-de-rebond\/\">audience plus longtemps sur votre site web<\/a>. En effet, le link building permet \u00e9galement de cr\u00e9er un <a href=\"https:\/\/www.redacteur.com\/blog\/definition\/maillage-interne\/\">maillage interne<\/a> afin de faire d\u00e9placer votre cible de pages en page \u00e0 travers votre site. Une strat\u00e9gie tr\u00e8s efficace qui permet d\u2019amener vos prospects \u00e0 travers un tunnel de vente par exemple ou tout simplement pour les amener vers d\u2019autres articles qui pourraient les int\u00e9resser.<\/p>\n<h2>Nos conseils pour appliquer le link building \u00e0 votre site web<\/h2>\n<p>&nbsp;<\/p>\n<p>Bien que le <strong>link building<\/strong> permettra d\u2019am\u00e9liorer son r\u00e9f\u00e9rencement efficacement, celui-ci sera plus ou moins efficace en fonction de certains param\u00e8tres.<\/p>\n<p>Tout d\u2019abord, le site doit \u00eatre \u00e9quilibr\u00e9 entre le nombre de liens entrants et sortants. Vous devez donc mettre en place des liens qui renvoient vers vos pages, mais aussi d\u2019autres qui renvoient vers d\u2019autres sites.<\/p>\n<p>Les robots des moteurs de recherche pr\u00eatent une attention toute particuli\u00e8re \u00e0 ce que votre site soit dans l&#8217;int\u00e9r\u00eat des visiteurs et qu\u2019il leur apporte ce dont ils ont besoin. Un site qui ne travaille que son maillage en interne sera donc p\u00e9nalis\u00e9.<\/p>\n<p>Autre facteur, la qualit\u00e9 des liens que vous int\u00e9grez dans votre site web. R\u00e9aliser des liens c\u2019est bien , mais des liens qui portent vers des sites reconnus et approuv\u00e9s des moteurs de recherche, c\u2019est mieux. Vous devez donc pr\u00eater \u00e0 attention \u00e0 la qualit\u00e9 de vos liens sortants pour un r\u00e9f\u00e9rencement optimal.<\/p>\n<p>Dernier point pour une strat\u00e9gie de <strong>link building<\/strong> efficace et certainement le plus important, multipliez les liens entrants. Pour se faire, il faut que d\u2019autres sites web int\u00e9grants des liens qui pointent vers vous. La mise en place de ces liens peut \u00eatre r\u00e9alis\u00e9e au travers d\u2019un partenariat entre deux sites ou de fa\u00e7on sponsoris\u00e9e en r\u00e9mun\u00e9rant certains sites pour r\u00e9aliser des publications. Attention tout de m\u00eame \u00e0 prendre des sites avec un haut niveau d\u2019autorit\u00e9, car les professionnels qui multiplient les annonces sponsoris\u00e9es perdent en cr\u00e9dibilit\u00e9 aupr\u00e8s des moteurs de recherche et votre lien aura par cons\u00e9quent moins de retomb\u00e9es sur votre r\u00e9f\u00e9rencement.<\/p>\n","protected":false},"excerpt":{"rendered":"<p>Le link building est un outil permettant d\u2019am\u00e9liorer le r\u00e9f\u00e9rencement SEO en cr\u00e9ant un r\u00e9seau tout autour de votre site web. En effet, les liens entrants sont tr\u00e8s appr\u00e9ci\u00e9s par les robots de Google, c\u2019est pourquoi il est essentiel d\u2019int\u00e9grer cet outil dans votre strat\u00e9gie de r\u00e9f\u00e9rencement. &nbsp; Le Link building&nbsp;: qu\u2019est-ce que c\u2019est&nbsp;? Le [&hellip;]<\/p>\n","protected":false},"author":1,"featured_media":0,"parent":29730,"menu_order":0,"comment_status":"closed","ping_status":"closed","template":"","meta":{"_acf_changed":false,"inline_featured_image":false,"footnotes":""},"class_list":["post-30646","page","type-page","status-publish","hentry"],"acf":[],"yoast_head":"<!-- This site is optimized with the Yoast SEO plugin v25.9 - https:\/\/yoast.com\/wordpress\/plugins\/seo\/ -->\n<title>Qu&#039;est-ce que le link building ? D\u00e9finition - Redacteur.com<\/title>\n<meta name=\"description\" content=\"Le link building est un outil permettant d\u2019am\u00e9liorer le r\u00e9f\u00e9rencement SEO en cr\u00e9ant un r\u00e9seau tout autour de votre site web. En effet, les liens entrants\" \/>\n<meta name=\"robots\" content=\"index, follow, max-snippet:-1, max-image-preview:large, max-video-preview:-1\" \/>\n<link rel=\"canonical\" href=\"https:\/\/www.redacteur.com\/blog\/definition\/link-building\/\" \/>\n<meta property=\"og:locale\" content=\"fr_FR\" \/>\n<meta property=\"og:type\" content=\"article\" \/>\n<meta property=\"og:title\" content=\"Qu&#039;est-ce que le link building ? D\u00e9finition - Redacteur.com\" \/>\n<meta property=\"og:description\" content=\"Le link building est un outil permettant d\u2019am\u00e9liorer le r\u00e9f\u00e9rencement SEO en cr\u00e9ant un r\u00e9seau tout autour de votre site web. En effet, les liens entrants\" \/>\n<meta property=\"og:url\" content=\"https:\/\/www.redacteur.com\/blog\/definition\/link-building\/\" \/>\n<meta property=\"og:site_name\" content=\"Redacteur.com\" \/>\n<meta property=\"article:publisher\" content=\"https:\/\/www.facebook.com\/redacteurcom\" \/>\n<meta property=\"og:image\" content=\"https:\/\/www.redacteur.com\/blog\/wp-content\/uploads\/2022\/02\/site-inernet-maillage-interne.jpg\" \/>\n<meta name=\"twitter:card\" content=\"summary_large_image\" \/>\n<meta name=\"twitter:site\" content=\"@Redacteurcom\" \/>\n<meta name=\"twitter:label1\" content=\"Dur\u00e9e de lecture estim\u00e9e\" \/>\n\t<meta name=\"twitter:data1\" content=\"4 minutes\" \/>\n<script type=\"application\/ld+json\" class=\"yoast-schema-graph\">{\"@context\":\"https:\/\/schema.org\",\"@graph\":[{\"@type\":\"WebPage\",\"@id\":\"https:\/\/www.redacteur.com\/blog\/definition\/link-building\/\",\"url\":\"https:\/\/www.redacteur.com\/blog\/definition\/link-building\/\",\"name\":\"Qu'est-ce que le link building ? D\u00e9finition - Redacteur.com\",\"isPartOf\":{\"@id\":\"https:\/\/www.redacteur.com\/blog\/#website\"},\"primaryImageOfPage\":{\"@id\":\"https:\/\/www.redacteur.com\/blog\/definition\/link-building\/#primaryimage\"},\"image\":{\"@id\":\"https:\/\/www.redacteur.com\/blog\/definition\/link-building\/#primaryimage\"},\"thumbnailUrl\":\"https:\/\/www.redacteur.com\/blog\/wp-content\/uploads\/2022\/02\/site-inernet-maillage-interne.jpg\",\"datePublished\":\"2022-03-01T15:42:35+00:00\",\"description\":\"Le link building est un outil permettant d\u2019am\u00e9liorer le r\u00e9f\u00e9rencement SEO en cr\u00e9ant un r\u00e9seau tout autour de votre site web. En effet, les liens entrants\",\"breadcrumb\":{\"@id\":\"https:\/\/www.redacteur.com\/blog\/definition\/link-building\/#breadcrumb\"},\"inLanguage\":\"fr-FR\",\"potentialAction\":[{\"@type\":\"ReadAction\",\"target\":[\"https:\/\/www.redacteur.com\/blog\/definition\/link-building\/\"]}]},{\"@type\":\"ImageObject\",\"inLanguage\":\"fr-FR\",\"@id\":\"https:\/\/www.redacteur.com\/blog\/definition\/link-building\/#primaryimage\",\"url\":\"https:\/\/www.redacteur.com\/blog\/wp-content\/uploads\/2022\/02\/site-inernet-maillage-interne.jpg\",\"contentUrl\":\"https:\/\/www.redacteur.com\/blog\/wp-content\/uploads\/2022\/02\/site-inernet-maillage-interne.jpg\"},{\"@type\":\"BreadcrumbList\",\"@id\":\"https:\/\/www.redacteur.com\/blog\/definition\/link-building\/#breadcrumb\",\"itemListElement\":[{\"@type\":\"ListItem\",\"position\":1,\"name\":\"Blog\",\"item\":\"https:\/\/www.redacteur.com\/blog\/\"},{\"@type\":\"ListItem\",\"position\":2,\"name\":\"Lexique SEO\",\"item\":\"https:\/\/www.redacteur.com\/blog\/definition\/\"},{\"@type\":\"ListItem\",\"position\":3,\"name\":\"Link building\"}]},{\"@type\":\"WebSite\",\"@id\":\"https:\/\/www.redacteur.com\/blog\/#website\",\"url\":\"https:\/\/www.redacteur.com\/blog\/\",\"name\":\"Redacteur.com\",\"description\":\"redacteur\",\"publisher\":{\"@id\":\"https:\/\/www.redacteur.com\/blog\/#organization\"},\"potentialAction\":[{\"@type\":\"SearchAction\",\"target\":{\"@type\":\"EntryPoint\",\"urlTemplate\":\"https:\/\/www.redacteur.com\/blog\/?s={search_term_string}\"},\"query-input\":{\"@type\":\"PropertyValueSpecification\",\"valueRequired\":true,\"valueName\":\"search_term_string\"}}],\"inLanguage\":\"fr-FR\"},{\"@type\":\"Organization\",\"@id\":\"https:\/\/www.redacteur.com\/blog\/#organization\",\"name\":\"Redacteur.com\",\"url\":\"https:\/\/www.redacteur.com\/blog\/\",\"logo\":{\"@type\":\"ImageObject\",\"inLanguage\":\"fr-FR\",\"@id\":\"https:\/\/www.redacteur.com\/blog\/#\/schema\/logo\/image\/\",\"url\":\"https:\/\/www.redacteur.com\/blog\/wp-content\/uploads\/sites\/6\/2022\/10\/logo-redacteur-blog.svg\",\"contentUrl\":\"https:\/\/www.redacteur.com\/blog\/wp-content\/uploads\/sites\/6\/2022\/10\/logo-redacteur-blog.svg\",\"width\":1,\"height\":1,\"caption\":\"Redacteur.com\"},\"image\":{\"@id\":\"https:\/\/www.redacteur.com\/blog\/#\/schema\/logo\/image\/\"},\"sameAs\":[\"https:\/\/www.facebook.com\/redacteurcom\",\"https:\/\/x.com\/Redacteurcom\",\"https:\/\/www.linkedin.com\/company\/redacteur-com\",\"https:\/\/www.youtube.com\/channel\/UCgj9ySM9xy3gdL8qBafl9Uw\/\"]}]}<\/script>\n<!-- \/ Yoast SEO plugin. -->","yoast_head_json":{"title":"Qu'est-ce que le link building ? D\u00e9finition - Redacteur.com","description":"Le link building est un outil permettant d\u2019am\u00e9liorer le r\u00e9f\u00e9rencement SEO en cr\u00e9ant un r\u00e9seau tout autour de votre site web. En effet, les liens entrants","robots":{"index":"index","follow":"follow","max-snippet":"max-snippet:-1","max-image-preview":"max-image-preview:large","max-video-preview":"max-video-preview:-1"},"canonical":"https:\/\/www.redacteur.com\/blog\/definition\/link-building\/","og_locale":"fr_FR","og_type":"article","og_title":"Qu'est-ce que le link building ? D\u00e9finition - Redacteur.com","og_description":"Le link building est un outil permettant d\u2019am\u00e9liorer le r\u00e9f\u00e9rencement SEO en cr\u00e9ant un r\u00e9seau tout autour de votre site web. En effet, les liens entrants","og_url":"https:\/\/www.redacteur.com\/blog\/definition\/link-building\/","og_site_name":"Redacteur.com","article_publisher":"https:\/\/www.facebook.com\/redacteurcom","og_image":[{"url":"https:\/\/www.redacteur.com\/blog\/wp-content\/uploads\/2022\/02\/site-inernet-maillage-interne.jpg","type":"","width":"","height":""}],"twitter_card":"summary_large_image","twitter_site":"@Redacteurcom","twitter_misc":{"Dur\u00e9e de lecture estim\u00e9e":"4 minutes"},"schema":{"@context":"https:\/\/schema.org","@graph":[{"@type":"WebPage","@id":"https:\/\/www.redacteur.com\/blog\/definition\/link-building\/","url":"https:\/\/www.redacteur.com\/blog\/definition\/link-building\/","name":"Qu'est-ce que le link building ? D\u00e9finition - Redacteur.com","isPartOf":{"@id":"https:\/\/www.redacteur.com\/blog\/#website"},"primaryImageOfPage":{"@id":"https:\/\/www.redacteur.com\/blog\/definition\/link-building\/#primaryimage"},"image":{"@id":"https:\/\/www.redacteur.com\/blog\/definition\/link-building\/#primaryimage"},"thumbnailUrl":"https:\/\/www.redacteur.com\/blog\/wp-content\/uploads\/2022\/02\/site-inernet-maillage-interne.jpg","datePublished":"2022-03-01T15:42:35+00:00","description":"Le link building est un outil permettant d\u2019am\u00e9liorer le r\u00e9f\u00e9rencement SEO en cr\u00e9ant un r\u00e9seau tout autour de votre site web. En effet, les liens entrants","breadcrumb":{"@id":"https:\/\/www.redacteur.com\/blog\/definition\/link-building\/#breadcrumb"},"inLanguage":"fr-FR","potentialAction":[{"@type":"ReadAction","target":["https:\/\/www.redacteur.com\/blog\/definition\/link-building\/"]}]},{"@type":"ImageObject","inLanguage":"fr-FR","@id":"https:\/\/www.redacteur.com\/blog\/definition\/link-building\/#primaryimage","url":"https:\/\/www.redacteur.com\/blog\/wp-content\/uploads\/2022\/02\/site-inernet-maillage-interne.jpg","contentUrl":"https:\/\/www.redacteur.com\/blog\/wp-content\/uploads\/2022\/02\/site-inernet-maillage-interne.jpg"},{"@type":"BreadcrumbList","@id":"https:\/\/www.redacteur.com\/blog\/definition\/link-building\/#breadcrumb","itemListElement":[{"@type":"ListItem","position":1,"name":"Blog","item":"https:\/\/www.redacteur.com\/blog\/"},{"@type":"ListItem","position":2,"name":"Lexique SEO","item":"https:\/\/www.redacteur.com\/blog\/definition\/"},{"@type":"ListItem","position":3,"name":"Link building"}]},{"@type":"WebSite","@id":"https:\/\/www.redacteur.com\/blog\/#website","url":"https:\/\/www.redacteur.com\/blog\/","name":"Redacteur.com","description":"redacteur","publisher":{"@id":"https:\/\/www.redacteur.com\/blog\/#organization"},"potentialAction":[{"@type":"SearchAction","target":{"@type":"EntryPoint","urlTemplate":"https:\/\/www.redacteur.com\/blog\/?s={search_term_string}"},"query-input":{"@type":"PropertyValueSpecification","valueRequired":true,"valueName":"search_term_string"}}],"inLanguage":"fr-FR"},{"@type":"Organization","@id":"https:\/\/www.redacteur.com\/blog\/#organization","name":"Redacteur.com","url":"https:\/\/www.redacteur.com\/blog\/","logo":{"@type":"ImageObject","inLanguage":"fr-FR","@id":"https:\/\/www.redacteur.com\/blog\/#\/schema\/logo\/image\/","url":"https:\/\/www.redacteur.com\/blog\/wp-content\/uploads\/sites\/6\/2022\/10\/logo-redacteur-blog.svg","contentUrl":"https:\/\/www.redacteur.com\/blog\/wp-content\/uploads\/sites\/6\/2022\/10\/logo-redacteur-blog.svg","width":1,"height":1,"caption":"Redacteur.com"},"image":{"@id":"https:\/\/www.redacteur.com\/blog\/#\/schema\/logo\/image\/"},"sameAs":["https:\/\/www.facebook.com\/redacteurcom","https:\/\/x.com\/Redacteurcom","https:\/\/www.linkedin.com\/company\/redacteur-com","https:\/\/www.youtube.com\/channel\/UCgj9ySM9xy3gdL8qBafl9Uw\/"]}]}},"_links":{"self":[{"href":"https:\/\/www.redacteur.com\/blog\/wp-json\/wp\/v2\/pages\/30646","targetHints":{"allow":["GET"]}}],"collection":[{"href":"https:\/\/www.redacteur.com\/blog\/wp-json\/wp\/v2\/pages"}],"about":[{"href":"https:\/\/www.redacteur.com\/blog\/wp-json\/wp\/v2\/types\/page"}],"author":[{"embeddable":true,"href":"https:\/\/www.redacteur.com\/blog\/wp-json\/wp\/v2\/users\/1"}],"replies":[{"embeddable":true,"href":"https:\/\/www.redacteur.com\/blog\/wp-json\/wp\/v2\/comments?post=30646"}],"version-history":[{"count":0,"href":"https:\/\/www.redacteur.com\/blog\/wp-json\/wp\/v2\/pages\/30646\/revisions"}],"up":[{"embeddable":true,"href":"https:\/\/www.redacteur.com\/blog\/wp-json\/wp\/v2\/pages\/29730"}],"wp:attachment":[{"href":"https:\/\/www.redacteur.com\/blog\/wp-json\/wp\/v2\/media?parent=30646"}],"curies":[{"name":"wp","href":"https:\/\/api.w.org\/{rel}","templated":true}]}}