{"id":30648,"date":"2022-03-01T17:02:15","date_gmt":"2022-03-01T16:02:15","guid":{"rendered":"https:\/\/www.redacteur.com\/blog\/?page_id=30648"},"modified":"2022-03-01T17:02:15","modified_gmt":"2022-03-01T16:02:15","slug":"seo-on-page","status":"publish","type":"page","link":"https:\/\/www.redacteur.com\/blog\/definition\/seo-on-page\/","title":{"rendered":"SEO on-page"},"content":{"rendered":"<p>Les strat\u00e9gies et les termes de <a href=\"https:\/\/www.redacteur.com\/blog\/definition\/seo\/\">SEO<\/a> se multiplient et ne cessent de changer. \u00c0 tel point qu\u2019il est parfois difficile de suivre la cadence. Dans cet article, nous allons nous pencher sur le <strong>SEO on-page<\/strong>, un terme qui regroupe un ensemble d\u2019outils bien pr\u00e9cis. Vous trouverez tout ce que vous avez besoin de savoir sur le <strong>SEO on-page<\/strong> un peu plus bas.<\/p>\n<p>&nbsp;<\/p>\n<h2>Qu\u2019est-ce que le SEO on-page&nbsp;?<\/h2>\n<p><img decoding=\"async\" class=\"aligncenter size-full wp-image-29866\" src=\"https:\/\/www.redacteur.com\/blog\/wp-content\/uploads\/2022\/01\/Flat-color-Modern-Isometric-Illustration-design-Seo.jpg\" alt=\"Audit SEO\" width=\"700\" height=\"700\" srcset=\"https:\/\/www.redacteur.com\/blog\/wp-content\/uploads\/sites\/6\/2022\/01\/Flat-color-Modern-Isometric-Illustration-design-Seo.jpg 700w, https:\/\/www.redacteur.com\/blog\/wp-content\/uploads\/sites\/6\/2022\/01\/Flat-color-Modern-Isometric-Illustration-design-Seo-300x300.jpg 300w, https:\/\/www.redacteur.com\/blog\/wp-content\/uploads\/sites\/6\/2022\/01\/Flat-color-Modern-Isometric-Illustration-design-Seo-150x150.jpg 150w, https:\/\/www.redacteur.com\/blog\/wp-content\/uploads\/sites\/6\/2022\/01\/Flat-color-Modern-Isometric-Illustration-design-Seo-60x60.jpg 60w, https:\/\/www.redacteur.com\/blog\/wp-content\/uploads\/sites\/6\/2022\/01\/Flat-color-Modern-Isometric-Illustration-design-Seo-370x370.jpg 370w, https:\/\/www.redacteur.com\/blog\/wp-content\/uploads\/sites\/6\/2022\/01\/Flat-color-Modern-Isometric-Illustration-design-Seo-270x270.jpg 270w, https:\/\/www.redacteur.com\/blog\/wp-content\/uploads\/sites\/6\/2022\/01\/Flat-color-Modern-Isometric-Illustration-design-Seo-570x570.jpg 570w\" sizes=\"(max-width: 700px) 100vw, 700px\" \/><\/p>\n<p>Le <strong>SEO on-page<\/strong> rassemble toutes les pratiques d\u2019optimisation du <a href=\"https:\/\/www.redacteur.com\/blog\/definition\/referencement-naturel\/\">r\u00e9f\u00e9rencement<\/a> qui sont directement visible sur les contenus pr\u00e9sents sur vos pages web. Il est donc le compl\u00e9ment direct d\u2019un autre groupe SEO, le <strong>SEO off-page<\/strong>. Gr\u00e2ce au <strong>SEO on-page<\/strong>, vous allez pouvoir r\u00e9aliser l\u2019optimisation de tous les contenus qui sont visibles et qui apportent donc de la valeur au lecteur. Ce type de r\u00e9f\u00e9rencement est le plus connu et le plus mis en place puisque les CMS l&#8217;int\u00e8grent directement dans leurs plateformes. Des champs sont en effet pr\u00e9d\u00e9finis pour que vous puissiez y ajouter des <a href=\"https:\/\/www.redacteur.com\/blog\/definition\/meta-description\/\">descriptions<\/a>, des mots-cl\u00e9s, des <a href=\"https:\/\/www.redacteur.com\/blog\/definition\/balise-meta\/\">balises<\/a> et tout ce dont vous aurez besoin pour que vos pages web soient bien r\u00e9f\u00e9renc\u00e9es.<\/p>\n<p>Gr\u00e2ce \u00e0 ces outils d\u00e9j\u00e0 int\u00e9gr\u00e9s, il est possible d\u2019optimiser certaines pages de mani\u00e8re automatique et d\u00e8s leurs cr\u00e9ations. Il faut cependant qu\u2019elles aient un format caract\u00e9ristique bien d\u00e9fini. Ce peut \u00eatre le cas pour les pages produits par exemple qui vont conserver le m\u00eame format, peu importe le produit. En pr\u00e9parant une optimisation automatique du r\u00e9f\u00e9rencement, cela vous \u00e9vite de devoir refaire tout le travail d\u2019optimisation \u00e0 chaque page. Un avantage qui se r\u00e9v\u00e8le tr\u00e8s pratique, surtout sur les sites qui veulent mettre en avant des centaines, si ce n\u2019est des milliers de produits.<\/p>\n<p>Parmi les principaux \u00e9l\u00e9ments d\u2019optimisation qui sont disponibles dans le <strong>SEO on-page<\/strong>, on retrouve&nbsp;:<\/p>\n<ul>\n<li>la <a href=\"https:\/\/www.redacteur.com\/blog\/definition\/balise-title\/\">balise title<\/a> que va permettre de d\u00e9finir le titre de l\u2019article en y ins\u00e9rant des mots-cl\u00e9s en relation avec le sujet de l\u2019article<\/li>\n<li>Les <a href=\"https:\/\/www.redacteur.com\/blog\/definition\/balise-html\/\">balises<\/a> H1,H2,H3,&#8230; qui permettent de d\u00e9finir la structure de l&#8217;article et de rendre le contenu plus facile \u00e0 lire, aussi bien pour vos visiteurs que pour les <a href=\"https:\/\/www.redacteur.com\/blog\/definition\/crawler\/\">robots<\/a> des moteurs de recherche qui se basent souvent sur les titres pour d\u00e9finir le sujet principal de vos contenus.<\/li>\n<li>Les balises alt-text afin de permettre d\u2019afficher du texte en cas de probl\u00e8me d\u2019affichage d\u2019une image. Les moteurs de recherches s\u2019en servent \u00e9galement pour savoir ce qui est repr\u00e9sent\u00e9 sur l\u2019image.<\/li>\n<li>La mise en forme&nbsp;: le gras, le texte italique, etc.<\/li>\n<li>Mais aussi l\u2019url rewriting, la densit\u00e9 du mot cl\u00e9 et bien plus.<\/li>\n<\/ul>\n<h2>Nos conseils pour optimiser votre r\u00e9f\u00e9rencement en utilisant le SEO on-page<\/h2>\n<p>Le <strong>SEO on-page<\/strong> est la partie du r\u00e9f\u00e9rencement la plus simple \u00e0 mettre en place lorsque l\u2019on ne dispose pas des comp\u00e9tences techniques n\u00e9cessaires pour aller plus loin. Cependant, il est important de bien comprendre les r\u00e8gles du r\u00e9f\u00e9rencement avant de se lancer dans l\u2019optimisation des pages web. Assurez-vous donc de vous former \u00e0 chacune des pratiques pour vous assurer que vos actions auront un impact.<\/p>\n<p>Si vous n\u2019avez pas le temps de r\u00e9aliser votre r\u00e9f\u00e9rencement, vous pouvez <a href=\"https:\/\/www.redacteur.com\/packs-strategie-contenu-seo\/index.html\">faire appel \u00e0 une agence sp\u00e9cialis\u00e9e<\/a> afin qu\u2019elle puisse vous accompagner dans votre strat\u00e9gie. L\u2019avantage est que vous \u00eates certains du <strong>r\u00e9sultat avec ce genre de services<\/strong>.<\/p>\n<p>Pensez avant tout \u00e0 vos mots-cl\u00e9s et \u00e0 l\u2019optimisation de vos contenus. En effet, il est primordial que les moteurs de recherches cernent bien de quoi parle vos contenus afin que ceux-ci ne soient pas r\u00e9f\u00e9renc\u00e9s dans une mauvaise cat\u00e9gorie. Vous pourrez ainsi adresser votre message aux personnes que vous ciblez et c\u2019est d\u00e9j\u00e0 l\u2019essentiel.<\/p>\n","protected":false},"excerpt":{"rendered":"<p>Les strat\u00e9gies et les termes de SEO se multiplient et ne cessent de changer. \u00c0 tel point qu\u2019il est parfois difficile de suivre la cadence. Dans cet article, nous allons nous pencher sur le SEO on-page, un terme qui regroupe un ensemble d\u2019outils bien pr\u00e9cis. Vous trouverez tout ce que vous avez besoin de savoir [&hellip;]<\/p>\n","protected":false},"author":1,"featured_media":0,"parent":29730,"menu_order":0,"comment_status":"closed","ping_status":"closed","template":"","meta":{"_acf_changed":false,"inline_featured_image":false,"footnotes":""},"class_list":["post-30648","page","type-page","status-publish","hentry"],"acf":[],"yoast_head":"<!-- This site is optimized with the Yoast SEO plugin v25.9 - https:\/\/yoast.com\/wordpress\/plugins\/seo\/ -->\n<title>Qu&#039;est-ce que le SEO on-page ? D\u00e9finition - Redacteur.com<\/title>\n<meta name=\"description\" content=\"Les strat\u00e9gies et les termes de SEO se multiplient et ne cessent de changer. \u00c0 tel point qu\u2019il est parfois difficile de suivre la cadence. Dans cet\" \/>\n<meta name=\"robots\" content=\"index, follow, max-snippet:-1, max-image-preview:large, max-video-preview:-1\" \/>\n<link rel=\"canonical\" href=\"https:\/\/www.redacteur.com\/blog\/definition\/seo-on-page\/\" \/>\n<meta property=\"og:locale\" content=\"fr_FR\" \/>\n<meta property=\"og:type\" content=\"article\" \/>\n<meta property=\"og:title\" content=\"Qu&#039;est-ce que le SEO on-page ? D\u00e9finition - Redacteur.com\" \/>\n<meta property=\"og:description\" content=\"Les strat\u00e9gies et les termes de SEO se multiplient et ne cessent de changer. \u00c0 tel point qu\u2019il est parfois difficile de suivre la cadence. Dans cet\" \/>\n<meta property=\"og:url\" content=\"https:\/\/www.redacteur.com\/blog\/definition\/seo-on-page\/\" \/>\n<meta property=\"og:site_name\" content=\"Redacteur.com\" \/>\n<meta property=\"article:publisher\" content=\"https:\/\/www.facebook.com\/redacteurcom\" \/>\n<meta property=\"og:image\" content=\"https:\/\/www.redacteur.com\/blog\/wp-content\/uploads\/2022\/01\/Flat-color-Modern-Isometric-Illustration-design-Seo.jpg\" \/>\n<meta name=\"twitter:card\" content=\"summary_large_image\" \/>\n<meta name=\"twitter:site\" content=\"@Redacteurcom\" \/>\n<meta name=\"twitter:label1\" content=\"Dur\u00e9e de lecture estim\u00e9e\" \/>\n\t<meta name=\"twitter:data1\" content=\"3 minutes\" \/>\n<script type=\"application\/ld+json\" class=\"yoast-schema-graph\">{\"@context\":\"https:\/\/schema.org\",\"@graph\":[{\"@type\":\"WebPage\",\"@id\":\"https:\/\/www.redacteur.com\/blog\/definition\/seo-on-page\/\",\"url\":\"https:\/\/www.redacteur.com\/blog\/definition\/seo-on-page\/\",\"name\":\"Qu'est-ce que le SEO on-page ? D\u00e9finition - Redacteur.com\",\"isPartOf\":{\"@id\":\"https:\/\/www.redacteur.com\/blog\/#website\"},\"primaryImageOfPage\":{\"@id\":\"https:\/\/www.redacteur.com\/blog\/definition\/seo-on-page\/#primaryimage\"},\"image\":{\"@id\":\"https:\/\/www.redacteur.com\/blog\/definition\/seo-on-page\/#primaryimage\"},\"thumbnailUrl\":\"https:\/\/www.redacteur.com\/blog\/wp-content\/uploads\/2022\/01\/Flat-color-Modern-Isometric-Illustration-design-Seo.jpg\",\"datePublished\":\"2022-03-01T16:02:15+00:00\",\"description\":\"Les strat\u00e9gies et les termes de SEO se multiplient et ne cessent de changer. \u00c0 tel point qu\u2019il est parfois difficile de suivre la cadence. Dans cet\",\"breadcrumb\":{\"@id\":\"https:\/\/www.redacteur.com\/blog\/definition\/seo-on-page\/#breadcrumb\"},\"inLanguage\":\"fr-FR\",\"potentialAction\":[{\"@type\":\"ReadAction\",\"target\":[\"https:\/\/www.redacteur.com\/blog\/definition\/seo-on-page\/\"]}]},{\"@type\":\"ImageObject\",\"inLanguage\":\"fr-FR\",\"@id\":\"https:\/\/www.redacteur.com\/blog\/definition\/seo-on-page\/#primaryimage\",\"url\":\"https:\/\/www.redacteur.com\/blog\/wp-content\/uploads\/sites\/6\/2022\/01\/Flat-color-Modern-Isometric-Illustration-design-Seo.jpg\",\"contentUrl\":\"https:\/\/www.redacteur.com\/blog\/wp-content\/uploads\/sites\/6\/2022\/01\/Flat-color-Modern-Isometric-Illustration-design-Seo.jpg\",\"width\":700,\"height\":700,\"caption\":\"Audit SEO\"},{\"@type\":\"BreadcrumbList\",\"@id\":\"https:\/\/www.redacteur.com\/blog\/definition\/seo-on-page\/#breadcrumb\",\"itemListElement\":[{\"@type\":\"ListItem\",\"position\":1,\"name\":\"Blog\",\"item\":\"https:\/\/www.redacteur.com\/blog\/\"},{\"@type\":\"ListItem\",\"position\":2,\"name\":\"Lexique SEO\",\"item\":\"https:\/\/www.redacteur.com\/blog\/definition\/\"},{\"@type\":\"ListItem\",\"position\":3,\"name\":\"SEO on-page\"}]},{\"@type\":\"WebSite\",\"@id\":\"https:\/\/www.redacteur.com\/blog\/#website\",\"url\":\"https:\/\/www.redacteur.com\/blog\/\",\"name\":\"Redacteur.com\",\"description\":\"redacteur\",\"publisher\":{\"@id\":\"https:\/\/www.redacteur.com\/blog\/#organization\"},\"potentialAction\":[{\"@type\":\"SearchAction\",\"target\":{\"@type\":\"EntryPoint\",\"urlTemplate\":\"https:\/\/www.redacteur.com\/blog\/?s={search_term_string}\"},\"query-input\":{\"@type\":\"PropertyValueSpecification\",\"valueRequired\":true,\"valueName\":\"search_term_string\"}}],\"inLanguage\":\"fr-FR\"},{\"@type\":\"Organization\",\"@id\":\"https:\/\/www.redacteur.com\/blog\/#organization\",\"name\":\"Redacteur.com\",\"url\":\"https:\/\/www.redacteur.com\/blog\/\",\"logo\":{\"@type\":\"ImageObject\",\"inLanguage\":\"fr-FR\",\"@id\":\"https:\/\/www.redacteur.com\/blog\/#\/schema\/logo\/image\/\",\"url\":\"https:\/\/www.redacteur.com\/blog\/wp-content\/uploads\/sites\/6\/2022\/10\/logo-redacteur-blog.svg\",\"contentUrl\":\"https:\/\/www.redacteur.com\/blog\/wp-content\/uploads\/sites\/6\/2022\/10\/logo-redacteur-blog.svg\",\"width\":1,\"height\":1,\"caption\":\"Redacteur.com\"},\"image\":{\"@id\":\"https:\/\/www.redacteur.com\/blog\/#\/schema\/logo\/image\/\"},\"sameAs\":[\"https:\/\/www.facebook.com\/redacteurcom\",\"https:\/\/x.com\/Redacteurcom\",\"https:\/\/www.linkedin.com\/company\/redacteur-com\",\"https:\/\/www.youtube.com\/channel\/UCgj9ySM9xy3gdL8qBafl9Uw\/\"]}]}<\/script>\n<!-- \/ Yoast SEO plugin. -->","yoast_head_json":{"title":"Qu'est-ce que le SEO on-page ? D\u00e9finition - Redacteur.com","description":"Les strat\u00e9gies et les termes de SEO se multiplient et ne cessent de changer. \u00c0 tel point qu\u2019il est parfois difficile de suivre la cadence. Dans cet","robots":{"index":"index","follow":"follow","max-snippet":"max-snippet:-1","max-image-preview":"max-image-preview:large","max-video-preview":"max-video-preview:-1"},"canonical":"https:\/\/www.redacteur.com\/blog\/definition\/seo-on-page\/","og_locale":"fr_FR","og_type":"article","og_title":"Qu'est-ce que le SEO on-page ? D\u00e9finition - Redacteur.com","og_description":"Les strat\u00e9gies et les termes de SEO se multiplient et ne cessent de changer. \u00c0 tel point qu\u2019il est parfois difficile de suivre la cadence. Dans cet","og_url":"https:\/\/www.redacteur.com\/blog\/definition\/seo-on-page\/","og_site_name":"Redacteur.com","article_publisher":"https:\/\/www.facebook.com\/redacteurcom","og_image":[{"url":"https:\/\/www.redacteur.com\/blog\/wp-content\/uploads\/2022\/01\/Flat-color-Modern-Isometric-Illustration-design-Seo.jpg","type":"","width":"","height":""}],"twitter_card":"summary_large_image","twitter_site":"@Redacteurcom","twitter_misc":{"Dur\u00e9e de lecture estim\u00e9e":"3 minutes"},"schema":{"@context":"https:\/\/schema.org","@graph":[{"@type":"WebPage","@id":"https:\/\/www.redacteur.com\/blog\/definition\/seo-on-page\/","url":"https:\/\/www.redacteur.com\/blog\/definition\/seo-on-page\/","name":"Qu'est-ce que le SEO on-page ? D\u00e9finition - Redacteur.com","isPartOf":{"@id":"https:\/\/www.redacteur.com\/blog\/#website"},"primaryImageOfPage":{"@id":"https:\/\/www.redacteur.com\/blog\/definition\/seo-on-page\/#primaryimage"},"image":{"@id":"https:\/\/www.redacteur.com\/blog\/definition\/seo-on-page\/#primaryimage"},"thumbnailUrl":"https:\/\/www.redacteur.com\/blog\/wp-content\/uploads\/2022\/01\/Flat-color-Modern-Isometric-Illustration-design-Seo.jpg","datePublished":"2022-03-01T16:02:15+00:00","description":"Les strat\u00e9gies et les termes de SEO se multiplient et ne cessent de changer. \u00c0 tel point qu\u2019il est parfois difficile de suivre la cadence. Dans cet","breadcrumb":{"@id":"https:\/\/www.redacteur.com\/blog\/definition\/seo-on-page\/#breadcrumb"},"inLanguage":"fr-FR","potentialAction":[{"@type":"ReadAction","target":["https:\/\/www.redacteur.com\/blog\/definition\/seo-on-page\/"]}]},{"@type":"ImageObject","inLanguage":"fr-FR","@id":"https:\/\/www.redacteur.com\/blog\/definition\/seo-on-page\/#primaryimage","url":"https:\/\/www.redacteur.com\/blog\/wp-content\/uploads\/sites\/6\/2022\/01\/Flat-color-Modern-Isometric-Illustration-design-Seo.jpg","contentUrl":"https:\/\/www.redacteur.com\/blog\/wp-content\/uploads\/sites\/6\/2022\/01\/Flat-color-Modern-Isometric-Illustration-design-Seo.jpg","width":700,"height":700,"caption":"Audit SEO"},{"@type":"BreadcrumbList","@id":"https:\/\/www.redacteur.com\/blog\/definition\/seo-on-page\/#breadcrumb","itemListElement":[{"@type":"ListItem","position":1,"name":"Blog","item":"https:\/\/www.redacteur.com\/blog\/"},{"@type":"ListItem","position":2,"name":"Lexique SEO","item":"https:\/\/www.redacteur.com\/blog\/definition\/"},{"@type":"ListItem","position":3,"name":"SEO on-page"}]},{"@type":"WebSite","@id":"https:\/\/www.redacteur.com\/blog\/#website","url":"https:\/\/www.redacteur.com\/blog\/","name":"Redacteur.com","description":"redacteur","publisher":{"@id":"https:\/\/www.redacteur.com\/blog\/#organization"},"potentialAction":[{"@type":"SearchAction","target":{"@type":"EntryPoint","urlTemplate":"https:\/\/www.redacteur.com\/blog\/?s={search_term_string}"},"query-input":{"@type":"PropertyValueSpecification","valueRequired":true,"valueName":"search_term_string"}}],"inLanguage":"fr-FR"},{"@type":"Organization","@id":"https:\/\/www.redacteur.com\/blog\/#organization","name":"Redacteur.com","url":"https:\/\/www.redacteur.com\/blog\/","logo":{"@type":"ImageObject","inLanguage":"fr-FR","@id":"https:\/\/www.redacteur.com\/blog\/#\/schema\/logo\/image\/","url":"https:\/\/www.redacteur.com\/blog\/wp-content\/uploads\/sites\/6\/2022\/10\/logo-redacteur-blog.svg","contentUrl":"https:\/\/www.redacteur.com\/blog\/wp-content\/uploads\/sites\/6\/2022\/10\/logo-redacteur-blog.svg","width":1,"height":1,"caption":"Redacteur.com"},"image":{"@id":"https:\/\/www.redacteur.com\/blog\/#\/schema\/logo\/image\/"},"sameAs":["https:\/\/www.facebook.com\/redacteurcom","https:\/\/x.com\/Redacteurcom","https:\/\/www.linkedin.com\/company\/redacteur-com","https:\/\/www.youtube.com\/channel\/UCgj9ySM9xy3gdL8qBafl9Uw\/"]}]}},"_links":{"self":[{"href":"https:\/\/www.redacteur.com\/blog\/wp-json\/wp\/v2\/pages\/30648","targetHints":{"allow":["GET"]}}],"collection":[{"href":"https:\/\/www.redacteur.com\/blog\/wp-json\/wp\/v2\/pages"}],"about":[{"href":"https:\/\/www.redacteur.com\/blog\/wp-json\/wp\/v2\/types\/page"}],"author":[{"embeddable":true,"href":"https:\/\/www.redacteur.com\/blog\/wp-json\/wp\/v2\/users\/1"}],"replies":[{"embeddable":true,"href":"https:\/\/www.redacteur.com\/blog\/wp-json\/wp\/v2\/comments?post=30648"}],"version-history":[{"count":0,"href":"https:\/\/www.redacteur.com\/blog\/wp-json\/wp\/v2\/pages\/30648\/revisions"}],"up":[{"embeddable":true,"href":"https:\/\/www.redacteur.com\/blog\/wp-json\/wp\/v2\/pages\/29730"}],"wp:attachment":[{"href":"https:\/\/www.redacteur.com\/blog\/wp-json\/wp\/v2\/media?parent=30648"}],"curies":[{"name":"wp","href":"https:\/\/api.w.org\/{rel}","templated":true}]}}